{"id":272,"date":"2015-12-02T07:02:45","date_gmt":"2015-12-02T07:02:45","guid":{"rendered":"http:\/\/sportfyziofit.cz\/?page_id=272"},"modified":"2015-12-09T10:40:12","modified_gmt":"2015-12-09T10:40:12","slug":"fyzioterapeuticka-masaz","status":"publish","type":"page","link":"http:\/\/sportfyziofit.cz\/cs\/fyzioterapeuticka-masaz\/","title":{"rendered":"Fyzioterapeutick\u00e1 mas\u00e1\u017e"},"content":{"rendered":"<p><div id=\"attachment_299\" style=\"width: 500px\" class=\"wp-caption aligncenter\"><a href=\"http:\/\/sportfyziofit.cz\/wp-content\/uploads\/2015\/12\/physioone.png\"><img aria-describedby=\"caption-attachment-299\" decoding=\"async\" loading=\"lazy\" class=\"wp-image-299 size-full\" src=\"http:\/\/sportfyziofit.cz\/wp-content\/uploads\/2015\/12\/physioone.png\" alt=\"Fyzioterapeutick\u00e1 mas\u00e1\u017e\" width=\"490\" height=\"333\" srcset=\"http:\/\/sportfyziofit.cz\/wp-content\/uploads\/2015\/12\/physioone.png 490w, http:\/\/sportfyziofit.cz\/wp-content\/uploads\/2015\/12\/physioone-300x204.png 300w\" sizes=\"(max-width: 490px) 100vw, 490px\" \/><\/a><p id=\"caption-attachment-299\" class=\"wp-caption-text\">Fyzioterapeutick\u00e1 mas\u00e1\u017e<\/p><\/div><\/p>\n<h2 style=\"text-align: justify;\">Fyzioterapeutick\u00e1 mas\u00e1\u017e<\/h2>\n<p style=\"text-align: justify;\">Fyzioterapeutick\u00e1 mas\u00e1\u017e oproti b\u011b\u017en\u00fdm, zn\u00e1m\u00fdm mas\u00e1\u017e\u00edm (relaxa\u010dn\u00ed, regenera\u010dn\u00ed, sportovn\u00ed, \u0161v\u00e9dsk\u00e1) jde o mas\u00e1\u017e velice hloubkovou. P\u0159i pr\u00e1ci s probl\u00e9mov\u00fdmi partiemi m\u016f\u017eete poci\u0165ovat velk\u00fd tlak, v problematick\u00fdch parti\u00edch m\u016f\u017eete uc\u00edtit i bolest. V mnoha p\u0159\u00edpadech je pot\u0159eba spolupr\u00e1ce klienty- prod\u00fdch\u00e1n\u00ed, c\u00edlen\u00e1 relaxace partie, s kterou terapeut pracuje. Bolest vn\u00edm\u00e1 a sn\u00e1\u0161\u00ed ka\u017ed\u00fd \u010dlov\u011bk jinak, souhra terapeuta s klientem zajist\u00ed, aby p\u0159\u00edpadn\u00e1 bolest byla p\u0159\u00edjemn\u00e1, \u00falevn\u00e1, snesiteln\u00e1.<br \/>\nFyzioterapeutick\u00e1 mas\u00e1\u017e je vyu\u017e\u00edv\u00e1na jako preventivn\u00ed prost\u0159edek p\u0159ed vznikem bolest\u00ed p\u00e1te\u0159e, svalov\u00fdch a kloubn\u00edch bolest\u00ed, ale i jin\u00fdch zdravotn\u00edch obt\u00ed\u017e\u00ed. Dok\u00e1\u017ee kompenzovat jak\u00e9koli p\u0159et\u00ed\u017een\u00ed \u010di jednostrann\u00e9 zat\u00ed\u017een\u00ed jedince.<\/p>\n<p style=\"text-align: justify;\">Struktura mas\u00e1\u017ee za\u010dala vnikat a\u017e po 11 letech vlastn\u00edch zku\u0161enost\u00ed s mas\u00e1\u017eemi jako reflexn\u00ed mas\u00e1\u017e\u00ed, sportovn\u00ed mas\u00e1\u017e\u00ed, regenera\u010dn\u00ed mas\u00e1\u017e\u00ed, fyzioterapi\u00ed a rehabilitaci profesion\u00e1ln\u00edch sportovc\u016f.<br \/>\n<strong>Mas\u00e1\u017e prob\u00edh\u00e1 individu\u00e1ln\u011b,<\/strong> je v\u017edy p\u0159izp\u016fsobena moment\u00e1ln\u00edm specifick\u00fdm obt\u00ed\u017e\u00edm klienta, jeho \u017eivotn\u00edmu stylu a aktu\u00e1ln\u00edm pohybov\u00fdm stereotyp\u016fm klienta.<br \/>\nP\u0159i fyzioterapeutick\u00e9 mas\u00e1\u017ei zohled\u0148ujeme stav sval\u016f, kloub\u016f, c\u00e9vn\u00edho a lymfatick\u00e9ho syst\u00e9mu, stav vnit\u0159n\u00edch org\u00e1n\u016f, jak\u00e9koli jin\u00e9 zdravotn\u00ed obt\u00ed\u017ee jedince, prod\u011blan\u00e9 \u00farazy, operace, psychick\u00fd stav klienta.<\/p>\n<p style=\"text-align: justify;\">Fyzioterapeutick\u00e1 mas\u00e1\u017e danou jasnou strukturu a postup &#8211; tedy postupn\u011b pracuje se v\u0161emi tk\u00e1n\u011bmi. P\u0159esto prob\u00edh\u00e1 individu\u00e1ln\u011b. Je v\u017edy p\u0159izp\u016fsobena specifick\u00fdm bolestem a probl\u00e9m\u016fm, kter\u00fdmi klient trp\u00ed.<br \/>\nFyzioterapeutick\u00e1 mas\u00e1\u017e je c\u00edlen\u00e1 anatomick\u00e1 mas\u00e1\u017e, kter\u00e1 uvoln\u00ed svaly, kter\u00e9 mohou b\u00fdt p\u0159et\u00ed\u017een\u00e9 pohybov\u00fdmi stereotypy, svaly sta\u017een\u00e9 dr\u00e1\u017ed\u011bn\u00edm ko\u0159enov\u00fdch nerv\u016f, \u00farazem, \u010di je somatick\u00fdm projevem psychiky jedince.<\/p>\n<p style=\"text-align: justify;\">Oproti b\u011b\u017en\u00fdm mas\u00e1\u017e\u00edm pracuje nejen s povrchov\u00fdmi svaly, ale pracujeme se t\u0159emi svalov\u00fdmi vrstvami. Uvol\u0148uje svaly sta\u017een\u00e9 n\u00e1sledkem dr\u00e1\u017ed\u011bn\u00ed ko\u0159enov\u00fdch nerv\u016f. Nebo sta\u017een\u00e9m vlivem nervov\u00fdch imlups\u016f, kter\u00e9 jsou vys\u00edl\u00e1ny z mozku, tedy jak\u00e9koli psychick\u00e9 stresov\u00e9 a traumatick\u00e9 pro\u017eitky jedince.<br \/>\nD\u00e1le pracuje s kloubn\u00edmi spojen\u00edmi. C\u00edlen\u011b uvol\u0148uje ve\u0161ker\u00e9 \u0161lachy i svalov\u00e9 \u00fapony ovliv\u0148uj\u00edc\u00ed funkci dan\u00fdch kloub\u016f. Krom\u011b mas\u00e1\u017ee pou\u017e\u00edv\u00e1me k uvoln\u011bn\u00ed sval\u016f i v t\u00e9to terapeutick\u00e9 mas\u00e1\u017ei trak\u010dn\u00ed, mobiliza\u010dn\u00ed i reflexn\u00ed metody. Pak m\u016f\u017ee doch\u00e1zet k bezbolestn\u00e9mu pohybu kloub\u016f a p\u00e1te\u0159e a m\u016f\u017ee tak\u00e9 napom\u00e1hat u pot\u00ed\u017e\u00ed s artr\u00f3zou kloub\u016f kde trakce zv\u011bt\u0161uje mezi kloubn\u00ed prostory a zm\u00edr\u0148uje bolest.<\/p>\n<p style=\"text-align: justify;\">V\u00edce informac\u00ed se dozv\u00edte tak\u00e9 na port\u00e1lu o <a href=\"http:\/\/www.maseri.cz\/katalog\/maseri\/jihomoravsky\/znojmo\/id=44018&amp;m=sport-fyzio-fit.html\" target=\"_blank\">mas\u00e9rstv\u00ed<\/a><\/p>\n<p><\/p>","protected":false},"excerpt":{"rendered":"<p>Fyzioterapeutick\u00e1 mas\u00e1\u017e Fyzioterapeutick\u00e1 mas\u00e1\u017e oproti b\u011b\u017en\u00fdm, zn\u00e1m\u00fdm mas\u00e1\u017e\u00edm (relaxa\u010dn\u00ed, regenera\u010dn\u00ed, sportovn\u00ed, \u0161v\u00e9dsk\u00e1) jde o mas\u00e1\u017e velice hloubkovou. P\u0159i pr\u00e1ci s probl\u00e9mov\u00fdmi partiemi m\u016f\u017eete poci\u0165ovat velk\u00fd tlak, v problematick\u00fdch parti\u00edch m\u016f\u017eete uc\u00edtit i bolest. V mnoha p\u0159\u00edpadech je pot\u0159eba spolupr\u00e1ce klienty- prod\u00fdch\u00e1n\u00ed, c\u00edlen\u00e1 relaxace partie, s kterou terapeut pracuje. Bolest vn\u00edm\u00e1 a sn\u00e1\u0161\u00ed ka\u017ed\u00fd \u010dlov\u011bk jinak, [&hellip;]<\/p>\n","protected":false},"author":2,"featured_media":0,"parent":0,"menu_order":0,"comment_status":"closed","ping_status":"closed","template":"","meta":[],"yoast_head":"<!-- This site is optimized with the Yoast SEO plugin v19.11 - https:\/\/yoast.com\/wordpress\/plugins\/seo\/ -->\n<title>Fyzioterapeutick\u00e1 mas\u00e1\u017e &ndash; sportfyziofit.cz<\/title>\n<meta name=\"description\" content=\"Fyzioterapeutick\u00e1 mas\u00e1\u017e v \u0160atove u Znojma prob\u00edh\u00e1 individu\u00e1ln\u011b, je v\u017edy p\u0159izp\u016fsobena moment\u00e1ln\u00edm specifick\u00fdm obt\u00ed\u017e\u00edm klienta.\u00a0\" \/>\n<meta name=\"robots\" content=\"index, follow, max-snippet:-1, max-image-preview:large, max-video-preview:-1\" \/>\n<link rel=\"canonical\" href=\"https:\/\/sportfyziofit.cz\/en\/fyzioterapeuticka-masaz\/\" \/>\n<meta property=\"og:locale\" content=\"en_US\" \/>\n<meta property=\"og:type\" content=\"article\" \/>\n<meta property=\"og:title\" content=\"[:cs]Fyzioterapeutick\u00e1 mas\u00e1\u017e[:en]Physiotherapy massage[:de]Physiotherapie Massage[:] &ndash; sportfyziofit.cz\" \/>\n<meta property=\"og:description\" content=\"Fyzioterapeutick\u00e1 mas\u00e1\u017e v \u0160atove u Znojma prob\u00edh\u00e1 individu\u00e1ln\u011b, je v\u017edy p\u0159izp\u016fsobena moment\u00e1ln\u00edm specifick\u00fdm obt\u00ed\u017e\u00edm klienta.\u00a0\" \/>\n<meta property=\"og:url\" content=\"https:\/\/sportfyziofit.cz\/en\/fyzioterapeuticka-masaz\/\" \/>\n<meta property=\"og:site_name\" content=\"sportfyziofit.cz\" \/>\n<meta property=\"article:publisher\" content=\"https:\/\/www.facebook.com\/sportfyziofit\" \/>\n<meta property=\"article:modified_time\" content=\"2015-12-09T10:40:12+00:00\" \/>\n<meta property=\"og:image\" content=\"http:\/\/sportfyziofit.cz\/wp-content\/uploads\/2015\/12\/physioone.png\" \/>\n<meta name=\"twitter:card\" content=\"summary_large_image\" \/>\n<meta name=\"twitter:site\" content=\"@SportFyzioFit\" \/>\n<meta name=\"twitter:label1\" content=\"Est. reading time\" \/>\n\t<meta name=\"twitter:data1\" content=\"6 minutes\" \/>\n<script type=\"application\/ld+json\" class=\"yoast-schema-graph\">{\"@context\":\"https:\/\/schema.org\",\"@graph\":[{\"@type\":\"WebPage\",\"@id\":\"https:\/\/sportfyziofit.cz\/en\/fyzioterapeuticka-masaz\/\",\"url\":\"https:\/\/sportfyziofit.cz\/en\/fyzioterapeuticka-masaz\/\",\"name\":\"[:cs]Fyzioterapeutick\u00e1 mas\u00e1\u017e[:en]Physiotherapy massage[:de]Physiotherapie Massage[:] &ndash; sportfyziofit.cz\",\"isPartOf\":{\"@id\":\"http:\/\/sportfyziofit.cz\/cs\/#website\"},\"datePublished\":\"2015-12-02T07:02:45+00:00\",\"dateModified\":\"2015-12-09T10:40:12+00:00\",\"description\":\"Fyzioterapeutick\u00e1 mas\u00e1\u017e v \u0160atove u Znojma prob\u00edh\u00e1 individu\u00e1ln\u011b, je v\u017edy p\u0159izp\u016fsobena moment\u00e1ln\u00edm specifick\u00fdm obt\u00ed\u017e\u00edm klienta.\u00a0\",\"breadcrumb\":{\"@id\":\"https:\/\/sportfyziofit.cz\/en\/fyzioterapeuticka-masaz\/#breadcrumb\"},\"inLanguage\":\"cz\",\"potentialAction\":[{\"@type\":\"ReadAction\",\"target\":[\"https:\/\/sportfyziofit.cz\/en\/fyzioterapeuticka-masaz\/\"]}]},{\"@type\":\"BreadcrumbList\",\"@id\":\"https:\/\/sportfyziofit.cz\/en\/fyzioterapeuticka-masaz\/#breadcrumb\",\"itemListElement\":[{\"@type\":\"ListItem\",\"position\":1,\"name\":\"Home\",\"item\":\"http:\/\/sportfyziofit.cz\/cs\/\"},{\"@type\":\"ListItem\",\"position\":2,\"name\":\"Physiotherapy massage\"}]},{\"@type\":\"WebSite\",\"@id\":\"http:\/\/sportfyziofit.cz\/cs\/#website\",\"url\":\"http:\/\/sportfyziofit.cz\/cs\/\",\"name\":\"sportfyziofit.cz\",\"description\":\"... v\u00edtejte na str\u00e1nk\u00e1ch zam\u011b\u0159uj\u00edc\u00edch se na sportovn\u00ed mas\u00e1\u017ee, reflexn\u00ed mas\u00e1\u017ee, relaxa\u010dn\u00ed mas\u00e1\u017ee, po\u00farazov\u00e9 mas\u00e1\u017ee i muskuloskelet\u00e1ln\u00ed poradenstv\u00ed ...\",\"potentialAction\":[{\"@type\":\"SearchAction\",\"target\":{\"@type\":\"EntryPoint\",\"urlTemplate\":\"http:\/\/sportfyziofit.cz\/cs\/?s={search_term_string}\"},\"query-input\":\"required name=search_term_string\"}],\"inLanguage\":\"cz\"}]}<\/script>\n<!-- \/ Yoast SEO plugin. -->","yoast_head_json":{"title":"[:cs]Fyzioterapeutick\u00e1 mas\u00e1\u017e[:en]Physiotherapy massage[:de]Physiotherapie Massage[:] &ndash; sportfyziofit.cz","description":"Fyzioterapeutick\u00e1 mas\u00e1\u017e v \u0160atove u Znojma prob\u00edh\u00e1 individu\u00e1ln\u011b, je v\u017edy p\u0159izp\u016fsobena moment\u00e1ln\u00edm specifick\u00fdm obt\u00ed\u017e\u00edm klienta.\u00a0","robots":{"index":"index","follow":"follow","max-snippet":"max-snippet:-1","max-image-preview":"max-image-preview:large","max-video-preview":"max-video-preview:-1"},"canonical":"https:\/\/sportfyziofit.cz\/en\/fyzioterapeuticka-masaz\/","og_locale":"en_US","og_type":"article","og_title":"[:cs]Fyzioterapeutick\u00e1 mas\u00e1\u017e[:en]Physiotherapy massage[:de]Physiotherapie Massage[:] &ndash; sportfyziofit.cz","og_description":"Fyzioterapeutick\u00e1 mas\u00e1\u017e v \u0160atove u Znojma prob\u00edh\u00e1 individu\u00e1ln\u011b, je v\u017edy p\u0159izp\u016fsobena moment\u00e1ln\u00edm specifick\u00fdm obt\u00ed\u017e\u00edm klienta.\u00a0","og_url":"https:\/\/sportfyziofit.cz\/en\/fyzioterapeuticka-masaz\/","og_site_name":"sportfyziofit.cz","article_publisher":"https:\/\/www.facebook.com\/sportfyziofit","article_modified_time":"2015-12-09T10:40:12+00:00","og_image":[{"url":"http:\/\/sportfyziofit.cz\/wp-content\/uploads\/2015\/12\/physioone.png"}],"twitter_card":"summary_large_image","twitter_site":"@SportFyzioFit","twitter_misc":{"Est. reading time":"6 minutes"},"schema":{"@context":"https:\/\/schema.org","@graph":[{"@type":"WebPage","@id":"https:\/\/sportfyziofit.cz\/en\/fyzioterapeuticka-masaz\/","url":"https:\/\/sportfyziofit.cz\/en\/fyzioterapeuticka-masaz\/","name":"[:cs]Fyzioterapeutick\u00e1 mas\u00e1\u017e[:en]Physiotherapy massage[:de]Physiotherapie Massage[:] &ndash; sportfyziofit.cz","isPartOf":{"@id":"http:\/\/sportfyziofit.cz\/cs\/#website"},"datePublished":"2015-12-02T07:02:45+00:00","dateModified":"2015-12-09T10:40:12+00:00","description":"Fyzioterapeutick\u00e1 mas\u00e1\u017e v \u0160atove u Znojma prob\u00edh\u00e1 individu\u00e1ln\u011b, je v\u017edy p\u0159izp\u016fsobena moment\u00e1ln\u00edm specifick\u00fdm obt\u00ed\u017e\u00edm klienta.\u00a0","breadcrumb":{"@id":"https:\/\/sportfyziofit.cz\/en\/fyzioterapeuticka-masaz\/#breadcrumb"},"inLanguage":"cz","potentialAction":[{"@type":"ReadAction","target":["https:\/\/sportfyziofit.cz\/en\/fyzioterapeuticka-masaz\/"]}]},{"@type":"BreadcrumbList","@id":"https:\/\/sportfyziofit.cz\/en\/fyzioterapeuticka-masaz\/#breadcrumb","itemListElement":[{"@type":"ListItem","position":1,"name":"Home","item":"http:\/\/sportfyziofit.cz\/cs\/"},{"@type":"ListItem","position":2,"name":"Physiotherapy massage"}]},{"@type":"WebSite","@id":"http:\/\/sportfyziofit.cz\/cs\/#website","url":"http:\/\/sportfyziofit.cz\/cs\/","name":"sportfyziofit.cz","description":"... v\u00edtejte na str\u00e1nk\u00e1ch zam\u011b\u0159uj\u00edc\u00edch se na sportovn\u00ed mas\u00e1\u017ee, reflexn\u00ed mas\u00e1\u017ee, relaxa\u010dn\u00ed mas\u00e1\u017ee, po\u00farazov\u00e9 mas\u00e1\u017ee i muskuloskelet\u00e1ln\u00ed poradenstv\u00ed ...","potentialAction":[{"@type":"SearchAction","target":{"@type":"EntryPoint","urlTemplate":"http:\/\/sportfyziofit.cz\/cs\/?s={search_term_string}"},"query-input":"required name=search_term_string"}],"inLanguage":"cz"}]}},"_links":{"self":[{"href":"http:\/\/sportfyziofit.cz\/cs\/wp-json\/wp\/v2\/pages\/272"}],"collection":[{"href":"http:\/\/sportfyziofit.cz\/cs\/wp-json\/wp\/v2\/pages"}],"about":[{"href":"http:\/\/sportfyziofit.cz\/cs\/wp-json\/wp\/v2\/types\/page"}],"author":[{"embeddable":true,"href":"http:\/\/sportfyziofit.cz\/cs\/wp-json\/wp\/v2\/users\/2"}],"replies":[{"embeddable":true,"href":"http:\/\/sportfyziofit.cz\/cs\/wp-json\/wp\/v2\/comments?post=272"}],"version-history":[{"count":13,"href":"http:\/\/sportfyziofit.cz\/cs\/wp-json\/wp\/v2\/pages\/272\/revisions"}],"predecessor-version":[{"id":541,"href":"http:\/\/sportfyziofit.cz\/cs\/wp-json\/wp\/v2\/pages\/272\/revisions\/541"}],"wp:attachment":[{"href":"http:\/\/sportfyziofit.cz\/cs\/wp-json\/wp\/v2\/media?parent=272"}],"curies":[{"name":"wp","href":"https:\/\/api.w.org\/{rel}","templated":true}]}}