{"id":272,"date":"2015-12-02T07:02:45","date_gmt":"2015-12-02T07:02:45","guid":{"rendered":"http:\/\/sportfyziofit.cz\/?page_id=272"},"modified":"2015-12-09T10:40:12","modified_gmt":"2015-12-09T10:40:12","slug":"fyzioterapeuticka-masaz","status":"publish","type":"page","link":"http:\/\/sportfyziofit.cz\/de\/fyzioterapeuticka-masaz\/","title":{"rendered":"Physiotherapie Massage"},"content":{"rendered":"<p><div id=\"attachment_299\" style=\"width: 500px\" class=\"wp-caption aligncenter\"><a href=\"http:\/\/sportfyziofit.cz\/wp-content\/uploads\/2015\/12\/physioone.png\"><img aria-describedby=\"caption-attachment-299\" decoding=\"async\" loading=\"lazy\" class=\"wp-image-299 size-full\" src=\"http:\/\/sportfyziofit.cz\/wp-content\/uploads\/2015\/12\/physioone.png\" alt=\"Physiotherapie Massage\" width=\"490\" height=\"333\" srcset=\"http:\/\/sportfyziofit.cz\/wp-content\/uploads\/2015\/12\/physioone.png 490w, http:\/\/sportfyziofit.cz\/wp-content\/uploads\/2015\/12\/physioone-300x204.png 300w\" sizes=\"(max-width: 490px) 100vw, 490px\" \/><\/a><p id=\"caption-attachment-299\" class=\"wp-caption-text\">Physiotherapie Massage<\/p><\/div><\/p>\n<h2 style=\"text-align: justify;\">Physiotherapie Massage<\/h2>\n<p style=\"text-align: justify;\">Physiotherapie Massage im Vergleich zu herk\u00f6mmlichen, bekannten Massage (Entspannung, Regeneration, Sport, Schwedisch) ist es eine sehr tiefe Massage. Bei der Arbeit mit unruhigen Teilen Sie m\u00f6glicherweise eine Menge Druck auf Problembereiche zu f\u00fchlen, k\u00f6nnen Sie den Schmerz f\u00fchlen. In vielen F\u00e4llen wird die Notwendigkeit der Zusammenarbeit klienty- prod\u00fdch\u00e1n\u00ed, gezielte Entspannung Spiel, mit dem Therapeuten Werke. Schmerzen empfindet und vertr\u00e4gt alle anderen, Teamwork Therapeuten mit dem Kunden, um sicherzustellen, dass jeder Schmerz war angenehm, Seufzern, ertr\u00e4glich.<\/p>\n<p style=\"text-align: justify;\">Physiotherapie Massage wird als vorbeugende Ma\u00dfnahme vor dem Auftreten von R\u00fcckenschmerzen, Muskel- und Gelenkschmerzen, sowie andere Gesundheitsprobleme eingesetzt. Kann jede \u00dcberlast oder einseitige Belastung einzelner kompensieren.<\/p>\n<p style=\"text-align: justify;\">Die Struktur der Massage begann, 11 Jahre pers\u00f6nliche Erfahrung mit Massagen wie Reflexzonenmassage, Sportmassage, erholsame Massage, Physiotherapie und Rehabilitation f\u00fcr Profisportler bis dringen.<br \/>\nMassage ist individuell, immer augen zugeschnitten auf die spezifischen Probleme des Kunden, seinen Lebensstil und der tats\u00e4chlichen Bewegungsstereotypen Client.<br \/>\nWenn wir den Zustand der Physiotherapie Massage Muskeln, Gelenke, Gef\u00e4\u00df- und Lymphsystem zu ber\u00fccksichtigen, wird der Zustand der inneren Organe, irgendwelche anderen gesundheitlichen Bedenken eines Individuums, eine Geschichte von Verletzungen, Operationen, psychischen Zustand des Clients.<\/p>\n<p style=\"text-align: justify;\">Physiotherapie Massage gegeben eine klare Struktur und Prozess &#8211; die nach und nach ist arbeitet mit allen Geweben. Noch einzeln durchgef\u00fchrt. Es ist immer auf die spezifische Schmerzen und Probleme, die der Client leidet zugeschnitten.<br \/>\nPhysiotherapie Massage wird gezielte anatomische Massage, die Muskeln, die Bewegungsstereotypen \u00fcberladen werden kann entspannt, Zerrungen Irritation der Nervenwurzel, Verletzungen oder einen somatischen Ausdruck der individuellen Psyche.<\/p>\n<p style=\"text-align: justify;\">Im Vergleich zu herk\u00f6mmlichen Massage arbeitet nicht nur mit oberfl\u00e4chlichen Muskeln, aber wir sind mit drei Muskelschichten arbeiten. Er entspannt die Muskeln infolge der Reizung der Nervenwurzel zur\u00fcckgezogen. Oder R\u00fccknahmen aufgrund von Nerven imlups\u016f, die aus dem Gehirn, wodurch jeder psychischen Stress und traumatischen Erfahrungen des Einzelnen \u00fcbertragen werden.<br \/>\nEs funktioniert auch mit Gelenkverbindungen. Absichtlich freisetz alle Sehnen und Muskelans\u00e4tze die Funktion der Gelenke beeinflussen. Dar\u00fcber hinaus verwenden wir Massage, die Muskeln in diesem therapeutische Massage, Traktion, Mobilisation und Reflexionsmethoden entspannen. Dann kann es zu schmerzfreie Bewegung der Gelenke und der Wirbels\u00e4ule und kann auch bei Problemen mit Arthritis der Gelenke, die die Traktion zwischen dem Gelenkspalt erh\u00f6ht und lindert Schmerzen helfen.<\/p>\n<p style=\"text-align: justify;\">Weitere Informationen finden Sie auch auf der <a href=\"http:\/\/Physiotherapie Massage\" target=\"_blank\">Website<\/a> gefunden werden<\/p>\n<p><\/p>","protected":false},"excerpt":{"rendered":"<p>Physiotherapie Massage Physiotherapie Massage im Vergleich zu herk\u00f6mmlichen, bekannten Massage (Entspannung, Regeneration, Sport, Schwedisch) ist es eine sehr tiefe Massage. Bei der Arbeit mit unruhigen Teilen Sie m\u00f6glicherweise eine Menge Druck auf Problembereiche zu f\u00fchlen, k\u00f6nnen Sie den Schmerz f\u00fchlen. In vielen F\u00e4llen wird die Notwendigkeit der Zusammenarbeit klienty- prod\u00fdch\u00e1n\u00ed, gezielte Entspannung Spiel, mit dem [&hellip;]<\/p>\n","protected":false},"author":2,"featured_media":0,"parent":0,"menu_order":0,"comment_status":"closed","ping_status":"closed","template":"","meta":[],"yoast_head":"<!-- This site is optimized with the Yoast SEO plugin v19.11 - https:\/\/yoast.com\/wordpress\/plugins\/seo\/ -->\n<title>Physiotherapie Massage &ndash; sportfyziofit.cz<\/title>\n<meta name=\"description\" content=\"Fyzioterapeutick\u00e1 mas\u00e1\u017e v \u0160atove u Znojma prob\u00edh\u00e1 individu\u00e1ln\u011b, je v\u017edy p\u0159izp\u016fsobena moment\u00e1ln\u00edm specifick\u00fdm obt\u00ed\u017e\u00edm klienta.\u00a0\" \/>\n<meta name=\"robots\" content=\"index, follow, max-snippet:-1, max-image-preview:large, max-video-preview:-1\" \/>\n<link rel=\"canonical\" href=\"http:\/\/sportfyziofit.cz\/en\/fyzioterapeuticka-masaz\/\" \/>\n<meta property=\"og:locale\" content=\"de_DE\" \/>\n<meta property=\"og:type\" content=\"article\" \/>\n<meta property=\"og:title\" content=\"[:cs]Fyzioterapeutick\u00e1 mas\u00e1\u017e[:en]Physiotherapy massage[:de]Physiotherapie Massage[:] &ndash; sportfyziofit.cz\" \/>\n<meta property=\"og:description\" content=\"Fyzioterapeutick\u00e1 mas\u00e1\u017e v \u0160atove u Znojma prob\u00edh\u00e1 individu\u00e1ln\u011b, je v\u017edy p\u0159izp\u016fsobena moment\u00e1ln\u00edm specifick\u00fdm obt\u00ed\u017e\u00edm klienta.\u00a0\" \/>\n<meta property=\"og:url\" content=\"http:\/\/sportfyziofit.cz\/en\/fyzioterapeuticka-masaz\/\" \/>\n<meta property=\"og:site_name\" content=\"sportfyziofit.cz\" \/>\n<meta property=\"article:publisher\" content=\"https:\/\/www.facebook.com\/sportfyziofit\" \/>\n<meta property=\"article:modified_time\" content=\"2015-12-09T10:40:12+00:00\" \/>\n<meta property=\"og:image\" content=\"http:\/\/sportfyziofit.cz\/wp-content\/uploads\/2015\/12\/physioone.png\" \/>\n<meta name=\"twitter:card\" content=\"summary_large_image\" \/>\n<meta name=\"twitter:site\" content=\"@SportFyzioFit\" \/>\n<meta name=\"twitter:label1\" content=\"Gesch\u00e4tzte Lesezeit\" \/>\n\t<meta name=\"twitter:data1\" content=\"6\u00a0Minuten\" \/>\n<script type=\"application\/ld+json\" class=\"yoast-schema-graph\">{\"@context\":\"https:\/\/schema.org\",\"@graph\":[{\"@type\":\"WebPage\",\"@id\":\"http:\/\/sportfyziofit.cz\/en\/fyzioterapeuticka-masaz\/\",\"url\":\"http:\/\/sportfyziofit.cz\/en\/fyzioterapeuticka-masaz\/\",\"name\":\"[:cs]Fyzioterapeutick\u00e1 mas\u00e1\u017e[:en]Physiotherapy massage[:de]Physiotherapie Massage[:] &ndash; sportfyziofit.cz\",\"isPartOf\":{\"@id\":\"http:\/\/sportfyziofit.cz\/cs\/#website\"},\"datePublished\":\"2015-12-02T07:02:45+00:00\",\"dateModified\":\"2015-12-09T10:40:12+00:00\",\"description\":\"Fyzioterapeutick\u00e1 mas\u00e1\u017e v \u0160atove u Znojma prob\u00edh\u00e1 individu\u00e1ln\u011b, je v\u017edy p\u0159izp\u016fsobena moment\u00e1ln\u00edm specifick\u00fdm obt\u00ed\u017e\u00edm klienta.\u00a0\",\"breadcrumb\":{\"@id\":\"http:\/\/sportfyziofit.cz\/en\/fyzioterapeuticka-masaz\/#breadcrumb\"},\"inLanguage\":\"de\",\"potentialAction\":[{\"@type\":\"ReadAction\",\"target\":[\"http:\/\/sportfyziofit.cz\/en\/fyzioterapeuticka-masaz\/\"]}]},{\"@type\":\"BreadcrumbList\",\"@id\":\"http:\/\/sportfyziofit.cz\/en\/fyzioterapeuticka-masaz\/#breadcrumb\",\"itemListElement\":[{\"@type\":\"ListItem\",\"position\":1,\"name\":\"Home\",\"item\":\"http:\/\/sportfyziofit.cz\/cs\/\"},{\"@type\":\"ListItem\",\"position\":2,\"name\":\"Physiotherapy massage\"}]},{\"@type\":\"WebSite\",\"@id\":\"http:\/\/sportfyziofit.cz\/cs\/#website\",\"url\":\"http:\/\/sportfyziofit.cz\/cs\/\",\"name\":\"sportfyziofit.cz\",\"description\":\"... Willkommen auf der Webseite mit Schwerpunkt auf Sport-Massage, Reflexzonenmassage , Entspannungsmassage, Massage-und Muskel-Skelett-Trauma-Beratung ...\",\"potentialAction\":[{\"@type\":\"SearchAction\",\"target\":{\"@type\":\"EntryPoint\",\"urlTemplate\":\"http:\/\/sportfyziofit.cz\/cs\/?s={search_term_string}\"},\"query-input\":\"required name=search_term_string\"}],\"inLanguage\":\"de\"}]}<\/script>\n<!-- \/ Yoast SEO plugin. -->","yoast_head_json":{"title":"[:cs]Fyzioterapeutick\u00e1 mas\u00e1\u017e[:en]Physiotherapy massage[:de]Physiotherapie Massage[:] &ndash; sportfyziofit.cz","description":"Fyzioterapeutick\u00e1 mas\u00e1\u017e v \u0160atove u Znojma prob\u00edh\u00e1 individu\u00e1ln\u011b, je v\u017edy p\u0159izp\u016fsobena moment\u00e1ln\u00edm specifick\u00fdm obt\u00ed\u017e\u00edm klienta.\u00a0","robots":{"index":"index","follow":"follow","max-snippet":"max-snippet:-1","max-image-preview":"max-image-preview:large","max-video-preview":"max-video-preview:-1"},"canonical":"http:\/\/sportfyziofit.cz\/en\/fyzioterapeuticka-masaz\/","og_locale":"de_DE","og_type":"article","og_title":"[:cs]Fyzioterapeutick\u00e1 mas\u00e1\u017e[:en]Physiotherapy massage[:de]Physiotherapie Massage[:] &ndash; sportfyziofit.cz","og_description":"Fyzioterapeutick\u00e1 mas\u00e1\u017e v \u0160atove u Znojma prob\u00edh\u00e1 individu\u00e1ln\u011b, je v\u017edy p\u0159izp\u016fsobena moment\u00e1ln\u00edm specifick\u00fdm obt\u00ed\u017e\u00edm klienta.\u00a0","og_url":"http:\/\/sportfyziofit.cz\/en\/fyzioterapeuticka-masaz\/","og_site_name":"sportfyziofit.cz","article_publisher":"https:\/\/www.facebook.com\/sportfyziofit","article_modified_time":"2015-12-09T10:40:12+00:00","og_image":[{"url":"http:\/\/sportfyziofit.cz\/wp-content\/uploads\/2015\/12\/physioone.png"}],"twitter_card":"summary_large_image","twitter_site":"@SportFyzioFit","twitter_misc":{"Gesch\u00e4tzte Lesezeit":"6\u00a0Minuten"},"schema":{"@context":"https:\/\/schema.org","@graph":[{"@type":"WebPage","@id":"http:\/\/sportfyziofit.cz\/en\/fyzioterapeuticka-masaz\/","url":"http:\/\/sportfyziofit.cz\/en\/fyzioterapeuticka-masaz\/","name":"[:cs]Fyzioterapeutick\u00e1 mas\u00e1\u017e[:en]Physiotherapy massage[:de]Physiotherapie Massage[:] &ndash; sportfyziofit.cz","isPartOf":{"@id":"http:\/\/sportfyziofit.cz\/cs\/#website"},"datePublished":"2015-12-02T07:02:45+00:00","dateModified":"2015-12-09T10:40:12+00:00","description":"Fyzioterapeutick\u00e1 mas\u00e1\u017e v \u0160atove u Znojma prob\u00edh\u00e1 individu\u00e1ln\u011b, je v\u017edy p\u0159izp\u016fsobena moment\u00e1ln\u00edm specifick\u00fdm obt\u00ed\u017e\u00edm klienta.\u00a0","breadcrumb":{"@id":"http:\/\/sportfyziofit.cz\/en\/fyzioterapeuticka-masaz\/#breadcrumb"},"inLanguage":"de","potentialAction":[{"@type":"ReadAction","target":["http:\/\/sportfyziofit.cz\/en\/fyzioterapeuticka-masaz\/"]}]},{"@type":"BreadcrumbList","@id":"http:\/\/sportfyziofit.cz\/en\/fyzioterapeuticka-masaz\/#breadcrumb","itemListElement":[{"@type":"ListItem","position":1,"name":"Home","item":"http:\/\/sportfyziofit.cz\/cs\/"},{"@type":"ListItem","position":2,"name":"Physiotherapy massage"}]},{"@type":"WebSite","@id":"http:\/\/sportfyziofit.cz\/cs\/#website","url":"http:\/\/sportfyziofit.cz\/cs\/","name":"sportfyziofit.cz","description":"... Willkommen auf der Webseite mit Schwerpunkt auf Sport-Massage, Reflexzonenmassage , Entspannungsmassage, Massage-und Muskel-Skelett-Trauma-Beratung ...","potentialAction":[{"@type":"SearchAction","target":{"@type":"EntryPoint","urlTemplate":"http:\/\/sportfyziofit.cz\/cs\/?s={search_term_string}"},"query-input":"required name=search_term_string"}],"inLanguage":"de"}]}},"_links":{"self":[{"href":"http:\/\/sportfyziofit.cz\/de\/wp-json\/wp\/v2\/pages\/272"}],"collection":[{"href":"http:\/\/sportfyziofit.cz\/de\/wp-json\/wp\/v2\/pages"}],"about":[{"href":"http:\/\/sportfyziofit.cz\/de\/wp-json\/wp\/v2\/types\/page"}],"author":[{"embeddable":true,"href":"http:\/\/sportfyziofit.cz\/de\/wp-json\/wp\/v2\/users\/2"}],"replies":[{"embeddable":true,"href":"http:\/\/sportfyziofit.cz\/de\/wp-json\/wp\/v2\/comments?post=272"}],"version-history":[{"count":5,"href":"http:\/\/sportfyziofit.cz\/de\/wp-json\/wp\/v2\/pages\/272\/revisions"}],"predecessor-version":[{"id":541,"href":"http:\/\/sportfyziofit.cz\/de\/wp-json\/wp\/v2\/pages\/272\/revisions\/541"}],"wp:attachment":[{"href":"http:\/\/sportfyziofit.cz\/de\/wp-json\/wp\/v2\/media?parent=272"}],"curies":[{"name":"wp","href":"https:\/\/api.w.org\/{rel}","templated":true}]}}