{"id":325,"date":"2015-12-02T09:05:18","date_gmt":"2015-12-02T09:05:18","guid":{"rendered":"http:\/\/sportfyziofit.cz\/?page_id=325"},"modified":"2015-12-09T10:46:48","modified_gmt":"2015-12-09T10:46:48","slug":"masaze-pro-seniory","status":"publish","type":"page","link":"http:\/\/sportfyziofit.cz\/de\/masaze-pro-seniory\/","title":{"rendered":"Massage f\u00fcr Senioren"},"content":{"rendered":"<p><div id=\"attachment_328\" style=\"width: 617px\" class=\"wp-caption aligncenter\"><a href=\"http:\/\/sportfyziofit.cz\/wp-content\/uploads\/2015\/12\/senior3.png\"><img aria-describedby=\"caption-attachment-328\" decoding=\"async\" loading=\"lazy\" class=\"wp-image-328 size-full\" src=\"http:\/\/sportfyziofit.cz\/wp-content\/uploads\/2015\/12\/senior3.png\" alt=\"Massage f\u00fcr Senioren\" width=\"607\" height=\"257\" srcset=\"http:\/\/sportfyziofit.cz\/wp-content\/uploads\/2015\/12\/senior3.png 607w, http:\/\/sportfyziofit.cz\/wp-content\/uploads\/2015\/12\/senior3-300x127.png 300w\" sizes=\"(max-width: 607px) 100vw, 607px\" \/><\/a><p id=\"caption-attachment-328\" class=\"wp-caption-text\">Massage f\u00fcr Senioren<\/p><\/div><\/p>\n<h2>Massage f\u00fcr Senioren<\/h2>\n<p>Massage f\u00fcr \u00e4ltere Menschen ist eine Massagetechnik, die ihre eigenen Besonderheiten hat. Angesichts der Ver\u00e4nderungen in den Knochen und Gelenken durch Alter verursacht wird, ist es notwendig, die meisten r\u00fccksichtsvoll und sanfte Form der Massage zu w\u00e4hlen. Diese Massage wird individuell nach den aktuellen Bed\u00fcrfnisse und Anforderungen in Bezug auf den Gesundheitszustand, und so Impulse vorbereitet. Regenerative Massage speziell auf Senioren ausgerichtet bringt Linderung von Schmerzen und vor allem regelm\u00e4\u00dfig Massage hat pr\u00e4ventive Wirkung, bevor Gebrechen des Alters.<\/p>\n<p>Massage bringt Frieden und die Ruhe, reduziert Stress, lindert Stress, reduziert Probleme mit Schlaflosigkeit, stellt allgemeine St\u00e4rke von K\u00f6rper und Seele, harmonisiert und vervollst\u00e4ndigt die Lebensenergie wird \u00fcber die Freigabe der Skelettmuskel-System arbeiten, beseitigt die steifen Stellen, lindert Muskel Schmerz.<\/p>\n<p>Diese Massage wird viel freundlicher als in den j\u00fcngeren Altersgruppen durchgef\u00fchrt, vor allem, um tiefe Kneten und tepac\u00edm hmat\u016fm und Vibrationen zu vermeiden. Es ist individuell nach den aktuellen Bed\u00fcrfnisse und Anforderungen des Kunden in Bezug auf den Gesundheitszustand, und so Impulse Client montiert.<\/p>\n<p>MASSAGE bringt Frieden und die Ruhe, reduziert Stress, lindert Stress, reduziert Probleme mit Schlaflosigkeit, stellt allgemeine St\u00e4rke von K\u00f6rper und Seele, harmonisiert und vervollst\u00e4ndigt die Lebensenergie wird \u00fcber die Freigabe der Skelettmuskel-System arbeiten, beseitigt die steifen Stellen, lindert Muskel Schmerz.<\/p>\n<p>In Kombination mit w\u00e4rme Torfpackung die Wirkung der Massage multiplizieren vorerhitzten Muskeln sind biegsamer und ist viel effizienter Massageeffekt.<\/p>\n<ul>\n<li>Entspannung, Linderung von Muskel- und Gelenkschmerzen, Entriegelung, Erw\u00e4rmung des K\u00f6rpers in \u00dcbereinstimmung mit Sound und Entspannung Prozess der Entspannung und Kuren f\u00fcr die Altersgruppe der &#8222;Senior&#8220;.<\/li>\n<li>Langsam und sanft Freilassung des K\u00f6rpers, die die Kombination von Reflexzonenmassage und Aromatherapie-Massage-Techniken erm\u00f6glicht wird, indem man seine eigenen Regenerationsf\u00e4higkeit des Organismus erreicht.<\/li>\n<li>Hochwirksame und v\u00f6llig nat\u00fcrliche K\u00f6rperpflege Senioren.<\/li>\n<\/ul>\n<p>Weitere Informationen finden Sie auch auf der <a href=\"http:\/\/www.maseri.cz\/katalog\/maseri\/jihomoravsky\/znojmo\/id=44018&amp;m=sport-fyzio-fit.html\" target=\"_blank\">Website<\/a> gefunden werden<\/p>","protected":false},"excerpt":{"rendered":"<p>Massage f\u00fcr Senioren Massage f\u00fcr \u00e4ltere Menschen ist eine Massagetechnik, die ihre eigenen Besonderheiten hat. Angesichts der Ver\u00e4nderungen in den Knochen und Gelenken durch Alter verursacht wird, ist es notwendig, die meisten r\u00fccksichtsvoll und sanfte Form der Massage zu w\u00e4hlen. Diese Massage wird individuell nach den aktuellen Bed\u00fcrfnisse und Anforderungen in Bezug auf den Gesundheitszustand, [&hellip;]<\/p>\n","protected":false},"author":2,"featured_media":0,"parent":0,"menu_order":0,"comment_status":"closed","ping_status":"closed","template":"","meta":[],"yoast_head":"<!-- This site is optimized with the Yoast SEO plugin v19.11 - https:\/\/yoast.com\/wordpress\/plugins\/seo\/ -->\n<title>Massage f\u00fcr Senioren &ndash; sportfyziofit.cz<\/title>\n<meta name=\"description\" content=\"Vzhledem ke zm\u011bn\u00e1m na kostech a kloubech zp\u016fsoben\u00fdch v\u011bkem je nutno zvolit nanejv\u00fd\u0161 \u0161etrnou a jemnou formu mas\u00e1\u017ee pro seniory\" \/>\n<meta name=\"robots\" content=\"index, follow, max-snippet:-1, max-image-preview:large, max-video-preview:-1\" \/>\n<link rel=\"canonical\" href=\"http:\/\/sportfyziofit.cz\/de\/masaze-pro-seniory\/\" \/>\n<meta property=\"og:locale\" content=\"de_DE\" \/>\n<meta property=\"og:type\" content=\"article\" \/>\n<meta property=\"og:title\" content=\"[:cs]Mas\u00e1\u017ee pro seniory [:en]Massage for Seniors[:de]Massage f\u00fcr Senioren[:] &ndash; sportfyziofit.cz\" \/>\n<meta property=\"og:description\" content=\"Vzhledem ke zm\u011bn\u00e1m na kostech a kloubech zp\u016fsoben\u00fdch v\u011bkem je nutno zvolit nanejv\u00fd\u0161 \u0161etrnou a jemnou formu mas\u00e1\u017ee pro seniory\" \/>\n<meta property=\"og:url\" content=\"http:\/\/sportfyziofit.cz\/de\/masaze-pro-seniory\/\" \/>\n<meta property=\"og:site_name\" content=\"sportfyziofit.cz\" \/>\n<meta property=\"article:publisher\" content=\"https:\/\/www.facebook.com\/sportfyziofit\" \/>\n<meta property=\"article:modified_time\" content=\"2015-12-09T10:46:48+00:00\" \/>\n<meta property=\"og:image\" content=\"http:\/\/sportfyziofit.cz\/wp-content\/uploads\/2015\/12\/senior3.png\" \/>\n<meta name=\"twitter:card\" content=\"summary_large_image\" \/>\n<meta name=\"twitter:site\" content=\"@SportFyzioFit\" \/>\n<meta name=\"twitter:label1\" content=\"Gesch\u00e4tzte Lesezeit\" \/>\n\t<meta name=\"twitter:data1\" content=\"5\u00a0Minuten\" \/>\n<script type=\"application\/ld+json\" class=\"yoast-schema-graph\">{\"@context\":\"https:\/\/schema.org\",\"@graph\":[{\"@type\":\"WebPage\",\"@id\":\"http:\/\/sportfyziofit.cz\/de\/masaze-pro-seniory\/\",\"url\":\"http:\/\/sportfyziofit.cz\/de\/masaze-pro-seniory\/\",\"name\":\"[:cs]Mas\u00e1\u017ee pro seniory [:en]Massage for Seniors[:de]Massage f\u00fcr Senioren[:] &ndash; sportfyziofit.cz\",\"isPartOf\":{\"@id\":\"http:\/\/sportfyziofit.cz\/cs\/#website\"},\"datePublished\":\"2015-12-02T09:05:18+00:00\",\"dateModified\":\"2015-12-09T10:46:48+00:00\",\"description\":\"Vzhledem ke zm\u011bn\u00e1m na kostech a kloubech zp\u016fsoben\u00fdch v\u011bkem je nutno zvolit nanejv\u00fd\u0161 \u0161etrnou a jemnou formu mas\u00e1\u017ee pro seniory\",\"breadcrumb\":{\"@id\":\"http:\/\/sportfyziofit.cz\/de\/masaze-pro-seniory\/#breadcrumb\"},\"inLanguage\":\"de\",\"potentialAction\":[{\"@type\":\"ReadAction\",\"target\":[\"http:\/\/sportfyziofit.cz\/de\/masaze-pro-seniory\/\"]}]},{\"@type\":\"BreadcrumbList\",\"@id\":\"http:\/\/sportfyziofit.cz\/de\/masaze-pro-seniory\/#breadcrumb\",\"itemListElement\":[{\"@type\":\"ListItem\",\"position\":1,\"name\":\"Home\",\"item\":\"http:\/\/sportfyziofit.cz\/cs\/\"},{\"@type\":\"ListItem\",\"position\":2,\"name\":\"Massage f\u00fcr Senioren\"}]},{\"@type\":\"WebSite\",\"@id\":\"http:\/\/sportfyziofit.cz\/cs\/#website\",\"url\":\"http:\/\/sportfyziofit.cz\/cs\/\",\"name\":\"sportfyziofit.cz\",\"description\":\"... Willkommen auf der Webseite mit Schwerpunkt auf Sport-Massage, Reflexzonenmassage , Entspannungsmassage, Massage-und Muskel-Skelett-Trauma-Beratung ...\",\"potentialAction\":[{\"@type\":\"SearchAction\",\"target\":{\"@type\":\"EntryPoint\",\"urlTemplate\":\"http:\/\/sportfyziofit.cz\/cs\/?s={search_term_string}\"},\"query-input\":\"required name=search_term_string\"}],\"inLanguage\":\"de\"}]}<\/script>\n<!-- \/ Yoast SEO plugin. -->","yoast_head_json":{"title":"[:cs]Mas\u00e1\u017ee pro seniory [:en]Massage for Seniors[:de]Massage f\u00fcr Senioren[:] &ndash; sportfyziofit.cz","description":"Vzhledem ke zm\u011bn\u00e1m na kostech a kloubech zp\u016fsoben\u00fdch v\u011bkem je nutno zvolit nanejv\u00fd\u0161 \u0161etrnou a jemnou formu mas\u00e1\u017ee pro seniory","robots":{"index":"index","follow":"follow","max-snippet":"max-snippet:-1","max-image-preview":"max-image-preview:large","max-video-preview":"max-video-preview:-1"},"canonical":"http:\/\/sportfyziofit.cz\/de\/masaze-pro-seniory\/","og_locale":"de_DE","og_type":"article","og_title":"[:cs]Mas\u00e1\u017ee pro seniory [:en]Massage for Seniors[:de]Massage f\u00fcr Senioren[:] &ndash; sportfyziofit.cz","og_description":"Vzhledem ke zm\u011bn\u00e1m na kostech a kloubech zp\u016fsoben\u00fdch v\u011bkem je nutno zvolit nanejv\u00fd\u0161 \u0161etrnou a jemnou formu mas\u00e1\u017ee pro seniory","og_url":"http:\/\/sportfyziofit.cz\/de\/masaze-pro-seniory\/","og_site_name":"sportfyziofit.cz","article_publisher":"https:\/\/www.facebook.com\/sportfyziofit","article_modified_time":"2015-12-09T10:46:48+00:00","og_image":[{"url":"http:\/\/sportfyziofit.cz\/wp-content\/uploads\/2015\/12\/senior3.png"}],"twitter_card":"summary_large_image","twitter_site":"@SportFyzioFit","twitter_misc":{"Gesch\u00e4tzte Lesezeit":"5\u00a0Minuten"},"schema":{"@context":"https:\/\/schema.org","@graph":[{"@type":"WebPage","@id":"http:\/\/sportfyziofit.cz\/de\/masaze-pro-seniory\/","url":"http:\/\/sportfyziofit.cz\/de\/masaze-pro-seniory\/","name":"[:cs]Mas\u00e1\u017ee pro seniory [:en]Massage for Seniors[:de]Massage f\u00fcr Senioren[:] &ndash; sportfyziofit.cz","isPartOf":{"@id":"http:\/\/sportfyziofit.cz\/cs\/#website"},"datePublished":"2015-12-02T09:05:18+00:00","dateModified":"2015-12-09T10:46:48+00:00","description":"Vzhledem ke zm\u011bn\u00e1m na kostech a kloubech zp\u016fsoben\u00fdch v\u011bkem je nutno zvolit nanejv\u00fd\u0161 \u0161etrnou a jemnou formu mas\u00e1\u017ee pro seniory","breadcrumb":{"@id":"http:\/\/sportfyziofit.cz\/de\/masaze-pro-seniory\/#breadcrumb"},"inLanguage":"de","potentialAction":[{"@type":"ReadAction","target":["http:\/\/sportfyziofit.cz\/de\/masaze-pro-seniory\/"]}]},{"@type":"BreadcrumbList","@id":"http:\/\/sportfyziofit.cz\/de\/masaze-pro-seniory\/#breadcrumb","itemListElement":[{"@type":"ListItem","position":1,"name":"Home","item":"http:\/\/sportfyziofit.cz\/cs\/"},{"@type":"ListItem","position":2,"name":"Massage f\u00fcr Senioren"}]},{"@type":"WebSite","@id":"http:\/\/sportfyziofit.cz\/cs\/#website","url":"http:\/\/sportfyziofit.cz\/cs\/","name":"sportfyziofit.cz","description":"... Willkommen auf der Webseite mit Schwerpunkt auf Sport-Massage, Reflexzonenmassage , Entspannungsmassage, Massage-und Muskel-Skelett-Trauma-Beratung ...","potentialAction":[{"@type":"SearchAction","target":{"@type":"EntryPoint","urlTemplate":"http:\/\/sportfyziofit.cz\/cs\/?s={search_term_string}"},"query-input":"required name=search_term_string"}],"inLanguage":"de"}]}},"_links":{"self":[{"href":"http:\/\/sportfyziofit.cz\/de\/wp-json\/wp\/v2\/pages\/325"}],"collection":[{"href":"http:\/\/sportfyziofit.cz\/de\/wp-json\/wp\/v2\/pages"}],"about":[{"href":"http:\/\/sportfyziofit.cz\/de\/wp-json\/wp\/v2\/types\/page"}],"author":[{"embeddable":true,"href":"http:\/\/sportfyziofit.cz\/de\/wp-json\/wp\/v2\/users\/2"}],"replies":[{"embeddable":true,"href":"http:\/\/sportfyziofit.cz\/de\/wp-json\/wp\/v2\/comments?post=325"}],"version-history":[{"count":1,"href":"http:\/\/sportfyziofit.cz\/de\/wp-json\/wp\/v2\/pages\/325\/revisions"}],"predecessor-version":[{"id":530,"href":"http:\/\/sportfyziofit.cz\/de\/wp-json\/wp\/v2\/pages\/325\/revisions\/530"}],"wp:attachment":[{"href":"http:\/\/sportfyziofit.cz\/de\/wp-json\/wp\/v2\/media?parent=325"}],"curies":[{"name":"wp","href":"https:\/\/api.w.org\/{rel}","templated":true}]}}