{"id":330,"date":"2015-12-02T09:25:26","date_gmt":"2015-12-02T09:25:26","guid":{"rendered":"http:\/\/sportfyziofit.cz\/?page_id=330"},"modified":"2015-12-09T10:41:43","modified_gmt":"2015-12-09T10:41:43","slug":"pourazova-masaz","status":"publish","type":"page","link":"http:\/\/sportfyziofit.cz\/de\/pourazova-masaz\/","title":{"rendered":"Posttraumatische Massage"},"content":{"rendered":"<p><div id=\"attachment_335\" style=\"width: 660px\" class=\"wp-caption aligncenter\"><a href=\"http:\/\/sportfyziofit.cz\/wp-content\/uploads\/2015\/12\/injury3.jpg\"><img aria-describedby=\"caption-attachment-335\" decoding=\"async\" loading=\"lazy\" class=\"wp-image-335 size-full\" src=\"http:\/\/sportfyziofit.cz\/wp-content\/uploads\/2015\/12\/injury3.jpg\" alt=\"Posttraumatische Massage\" width=\"650\" height=\"246\" srcset=\"http:\/\/sportfyziofit.cz\/wp-content\/uploads\/2015\/12\/injury3.jpg 650w, http:\/\/sportfyziofit.cz\/wp-content\/uploads\/2015\/12\/injury3-300x114.jpg 300w\" sizes=\"(max-width: 650px) 100vw, 650px\" \/><\/a><p id=\"caption-attachment-335\" class=\"wp-caption-text\">Posttraumatische Massage<\/p><\/div><\/p>\n<h2 style=\"text-align: justify;\">Posttraumatische Massage<\/h2>\n<p style=\"text-align: justify;\">Traumatische Massage zielt komplexen posttraumatischem Therapie ist, um Schmerzen zu vermeiden und um eine maximale Bewegungsbereich des betroffenen K\u00f6rpersegments zu erm\u00f6glichen. Dies erreichen wir, indem weiche Techniken, Reibungen, subtilen Noten, um die Durchblutung zu f\u00f6rdern und die Verringerung der Schwellung des Teams, werden wir reflektierenden Ver\u00e4nderungen in der umgebenden Weichgewebe und reduziert Bewegungsbereich des betroffenen Gelenks zu machen.<\/p>\n<h4 style=\"text-align: justify;\">\u00d6dem:<\/h4>\n<p style=\"text-align: justify;\">Schwellung entwickelt sich allm\u00e4hlich \u00fcber die Verletzung. Multiplikation erfolgt in den Gewebefl\u00fcssigkeiten und verringert allm\u00e4hlich den Blutfluss beeintr\u00e4chtigt den Stoffwechsel von Geweben. Schwellungen ist die Notwendigkeit, zu verringern, weil es schr\u00e4nkt die Bewegung der betroffenen K\u00f6rperteile reflexartig abgeschreckt Muskeln in der Gegend und kann eine Quelle der Schmerzen.<\/p>\n<h4 style=\"text-align: justify;\">Ver\u00e4nderungen in den umgebenden Weichteile:<\/h4>\n<p style=\"text-align: justify;\">Die Weichteile, die wegen der Verletzung betroffen sein k\u00f6nnen, sind: Haut und Unterhaut, Faszien, Muskeln, B\u00e4nder und Gelenkkapsel. Die Behandlung mit Stoffwechselaktivierung innerhalb von Geweben wiederherzustellen Blutfluss zum Muskel in Spasmus, osetrime lokalen Reflexver\u00e4nderungen, und zu erneuern posunlivost Weichgewebe und damit Vergr\u00f6\u00dferung der Beweglichkeit der betroffenen Segment. Einzeln behandeln wir die Narben, die erheblich einschr\u00e4nken kann posunlivost Weichgewebe und werden die Quelle der Schmerzen.<\/p>\n<h4 style=\"text-align: justify;\">Einschr\u00e4nkungen der Bewegungsfreiheit der betroffenen K\u00f6rperteil:<\/h4>\n<p style=\"text-align: justify;\">Die h\u00e4ufigste Ursache f\u00fcr Einschr\u00e4nkungen der Bewegungsfreiheit sind strukturelle oder traumatischen Ver\u00e4nderungen der Gelenk und die umliegenden Weichteile. W\u00e4hrend der Therapie werden wir versuchen, die gleiche Strecke der Bewegung zu erreichen, wie es vor dem Unfall war. Ein wichtiger Teil der Aufw\u00e4rm Bereich der Bewegung wird auch stabilisierende \u00dcbungen mit weichen Techniken, Triggerpunkte Massage, Stretching, isometrische Entspannung und viele andere Methoden, die wir individuell w\u00e4hlen f\u00fcr den Kunden. W\u00e4hrend des Trainings aktiviert Propriozeptoren, die Stabilit\u00e4t zu verbessern und die Aktivierung Mitte des K\u00f6rpers, und die Aktivierung der tiefen Stabilisierungsmuskeln.<\/p>\n<p style=\"text-align: justify;\">Erfolgreich rehabilitiert Zust\u00e4nde nach Operationen Gelenke und der Wirbels\u00e4ule. Zum Beispiel, nach plastischer Chirurgie Knieb\u00e4nder, Bandscheibenchirurgie, plastische Chirurgie Rotatorenmanschette Schultergelenke und anderen orthop\u00e4dischen und neurochirurgischen Operationen. Post-Verletzungen Rehabilitation konzentriert sich auf alle Zust\u00e4nde nach Verletzungen an Kn\u00f6chel, Knie, Stei\u00dfbein, Wirbels\u00e4ule (R\u00fccken), Schultern, Ellbogen, Handgelenke und H\u00e4nde (Frakturen, Gelenk- und Muskelverletzungen).<\/p>\n<p style=\"text-align: justify;\">Wir verwenden eine Vielzahl von Verfahren, entweder kombiniert oder w\u00e4hrend der Behandlung variiert in Abh\u00e4ngigkeit vom Entwicklungsstand des Patienten abh\u00e4ngig. Hier verwenden wir beide Techniken Mitteilung (Massage, Mobilisation, Stretching, elekroterapii und thermische Verfahren) und Stimulationstechniken (St\u00e4rkung, elekroterapii und verschiedene Arten von sensomotorischen und Reflextechniken). Die Dauer der Rehabilitation ist sehr vielf\u00e4ltig und alle Staaten verlangen die aktive Teilnahme des Patienten in Form von Hausaufgaben.<\/p>\n<p style=\"text-align: justify;\">Weitere Informationen finden Sie auch auf der <a href=\"http:\/\/www.maseri.cz\/katalog\/maseri\/jihomoravsky\/znojmo\/id=44018&amp;m=sport-fyzio-fit.html\" target=\"_blank\">Website<\/a> gefunden werden<\/p>\n<p><\/p>","protected":false},"excerpt":{"rendered":"<p>Posttraumatische Massage Traumatische Massage zielt komplexen posttraumatischem Therapie ist, um Schmerzen zu vermeiden und um eine maximale Bewegungsbereich des betroffenen K\u00f6rpersegments zu erm\u00f6glichen. Dies erreichen wir, indem weiche Techniken, Reibungen, subtilen Noten, um die Durchblutung zu f\u00f6rdern und die Verringerung der Schwellung des Teams, werden wir reflektierenden Ver\u00e4nderungen in der umgebenden Weichgewebe und reduziert Bewegungsbereich [&hellip;]<\/p>\n","protected":false},"author":2,"featured_media":0,"parent":0,"menu_order":0,"comment_status":"closed","ping_status":"closed","template":"","meta":[],"yoast_head":"<!-- This site is optimized with the Yoast SEO plugin v19.11 - https:\/\/yoast.com\/wordpress\/plugins\/seo\/ -->\n<title>Posttraumatische Massage &ndash; sportfyziofit.cz<\/title>\n<meta name=\"description\" content=\"Po\u00farazov\u00e1 mas\u00e1\u017e je \u00a0komplexn\u00ed po\u00farazov\u00e9 terapie je odstran\u011bn\u00ed bolesti a umo\u017en\u011bn\u00ed maxim\u00e1ln\u00edho rozsahu pohybu posti\u017een\u00e9ho segmentu t\u011bla.\" \/>\n<meta name=\"robots\" content=\"index, follow, max-snippet:-1, max-image-preview:large, max-video-preview:-1\" \/>\n<link rel=\"canonical\" href=\"https:\/\/sportfyziofit.cz\/cs\/pourazova-masaz\/\" \/>\n<meta property=\"og:locale\" content=\"de_DE\" \/>\n<meta property=\"og:type\" content=\"article\" \/>\n<meta property=\"og:title\" content=\"[:cs]Po\u00farazov\u00e1 mas\u00e1\u017e[:en]Post-traumatic massage[:de]Posttraumatische Massage[:] &ndash; sportfyziofit.cz\" \/>\n<meta property=\"og:description\" content=\"Po\u00farazov\u00e1 mas\u00e1\u017e je \u00a0komplexn\u00ed po\u00farazov\u00e9 terapie je odstran\u011bn\u00ed bolesti a umo\u017en\u011bn\u00ed maxim\u00e1ln\u00edho rozsahu pohybu posti\u017een\u00e9ho segmentu t\u011bla.\" \/>\n<meta property=\"og:url\" content=\"https:\/\/sportfyziofit.cz\/cs\/pourazova-masaz\/\" \/>\n<meta property=\"og:site_name\" content=\"sportfyziofit.cz\" \/>\n<meta property=\"article:publisher\" content=\"https:\/\/www.facebook.com\/sportfyziofit\" \/>\n<meta property=\"article:modified_time\" content=\"2015-12-09T10:41:43+00:00\" \/>\n<meta property=\"og:image\" content=\"http:\/\/sportfyziofit.cz\/wp-content\/uploads\/2015\/12\/injury3.jpg\" \/>\n<meta name=\"twitter:card\" content=\"summary_large_image\" \/>\n<meta name=\"twitter:site\" content=\"@SportFyzioFit\" \/>\n<meta name=\"twitter:label1\" content=\"Gesch\u00e4tzte Lesezeit\" \/>\n\t<meta name=\"twitter:data1\" content=\"7\u00a0Minuten\" \/>\n<script type=\"application\/ld+json\" class=\"yoast-schema-graph\">{\"@context\":\"https:\/\/schema.org\",\"@graph\":[{\"@type\":\"WebPage\",\"@id\":\"https:\/\/sportfyziofit.cz\/cs\/pourazova-masaz\/\",\"url\":\"https:\/\/sportfyziofit.cz\/cs\/pourazova-masaz\/\",\"name\":\"[:cs]Po\u00farazov\u00e1 mas\u00e1\u017e[:en]Post-traumatic massage[:de]Posttraumatische Massage[:] &ndash; sportfyziofit.cz\",\"isPartOf\":{\"@id\":\"http:\/\/sportfyziofit.cz\/cs\/#website\"},\"datePublished\":\"2015-12-02T09:25:26+00:00\",\"dateModified\":\"2015-12-09T10:41:43+00:00\",\"description\":\"Po\u00farazov\u00e1 mas\u00e1\u017e je \u00a0komplexn\u00ed po\u00farazov\u00e9 terapie je odstran\u011bn\u00ed bolesti a umo\u017en\u011bn\u00ed maxim\u00e1ln\u00edho rozsahu pohybu posti\u017een\u00e9ho segmentu t\u011bla.\",\"breadcrumb\":{\"@id\":\"https:\/\/sportfyziofit.cz\/cs\/pourazova-masaz\/#breadcrumb\"},\"inLanguage\":\"de\",\"potentialAction\":[{\"@type\":\"ReadAction\",\"target\":[\"https:\/\/sportfyziofit.cz\/cs\/pourazova-masaz\/\"]}]},{\"@type\":\"BreadcrumbList\",\"@id\":\"https:\/\/sportfyziofit.cz\/cs\/pourazova-masaz\/#breadcrumb\",\"itemListElement\":[{\"@type\":\"ListItem\",\"position\":1,\"name\":\"Home\",\"item\":\"http:\/\/sportfyziofit.cz\/cs\/\"},{\"@type\":\"ListItem\",\"position\":2,\"name\":\"Po\u00farazov\u00e1 mas\u00e1\u017e\"}]},{\"@type\":\"WebSite\",\"@id\":\"http:\/\/sportfyziofit.cz\/cs\/#website\",\"url\":\"http:\/\/sportfyziofit.cz\/cs\/\",\"name\":\"sportfyziofit.cz\",\"description\":\"... Willkommen auf der Webseite mit Schwerpunkt auf Sport-Massage, Reflexzonenmassage , Entspannungsmassage, Massage-und Muskel-Skelett-Trauma-Beratung ...\",\"potentialAction\":[{\"@type\":\"SearchAction\",\"target\":{\"@type\":\"EntryPoint\",\"urlTemplate\":\"http:\/\/sportfyziofit.cz\/cs\/?s={search_term_string}\"},\"query-input\":\"required name=search_term_string\"}],\"inLanguage\":\"de\"}]}<\/script>\n<!-- \/ Yoast SEO plugin. -->","yoast_head_json":{"title":"[:cs]Po\u00farazov\u00e1 mas\u00e1\u017e[:en]Post-traumatic massage[:de]Posttraumatische Massage[:] &ndash; sportfyziofit.cz","description":"Po\u00farazov\u00e1 mas\u00e1\u017e je \u00a0komplexn\u00ed po\u00farazov\u00e9 terapie je odstran\u011bn\u00ed bolesti a umo\u017en\u011bn\u00ed maxim\u00e1ln\u00edho rozsahu pohybu posti\u017een\u00e9ho segmentu t\u011bla.","robots":{"index":"index","follow":"follow","max-snippet":"max-snippet:-1","max-image-preview":"max-image-preview:large","max-video-preview":"max-video-preview:-1"},"canonical":"https:\/\/sportfyziofit.cz\/cs\/pourazova-masaz\/","og_locale":"de_DE","og_type":"article","og_title":"[:cs]Po\u00farazov\u00e1 mas\u00e1\u017e[:en]Post-traumatic massage[:de]Posttraumatische Massage[:] &ndash; sportfyziofit.cz","og_description":"Po\u00farazov\u00e1 mas\u00e1\u017e je \u00a0komplexn\u00ed po\u00farazov\u00e9 terapie je odstran\u011bn\u00ed bolesti a umo\u017en\u011bn\u00ed maxim\u00e1ln\u00edho rozsahu pohybu posti\u017een\u00e9ho segmentu t\u011bla.","og_url":"https:\/\/sportfyziofit.cz\/cs\/pourazova-masaz\/","og_site_name":"sportfyziofit.cz","article_publisher":"https:\/\/www.facebook.com\/sportfyziofit","article_modified_time":"2015-12-09T10:41:43+00:00","og_image":[{"url":"http:\/\/sportfyziofit.cz\/wp-content\/uploads\/2015\/12\/injury3.jpg"}],"twitter_card":"summary_large_image","twitter_site":"@SportFyzioFit","twitter_misc":{"Gesch\u00e4tzte Lesezeit":"7\u00a0Minuten"},"schema":{"@context":"https:\/\/schema.org","@graph":[{"@type":"WebPage","@id":"https:\/\/sportfyziofit.cz\/cs\/pourazova-masaz\/","url":"https:\/\/sportfyziofit.cz\/cs\/pourazova-masaz\/","name":"[:cs]Po\u00farazov\u00e1 mas\u00e1\u017e[:en]Post-traumatic massage[:de]Posttraumatische Massage[:] &ndash; sportfyziofit.cz","isPartOf":{"@id":"http:\/\/sportfyziofit.cz\/cs\/#website"},"datePublished":"2015-12-02T09:25:26+00:00","dateModified":"2015-12-09T10:41:43+00:00","description":"Po\u00farazov\u00e1 mas\u00e1\u017e je \u00a0komplexn\u00ed po\u00farazov\u00e9 terapie je odstran\u011bn\u00ed bolesti a umo\u017en\u011bn\u00ed maxim\u00e1ln\u00edho rozsahu pohybu posti\u017een\u00e9ho segmentu t\u011bla.","breadcrumb":{"@id":"https:\/\/sportfyziofit.cz\/cs\/pourazova-masaz\/#breadcrumb"},"inLanguage":"de","potentialAction":[{"@type":"ReadAction","target":["https:\/\/sportfyziofit.cz\/cs\/pourazova-masaz\/"]}]},{"@type":"BreadcrumbList","@id":"https:\/\/sportfyziofit.cz\/cs\/pourazova-masaz\/#breadcrumb","itemListElement":[{"@type":"ListItem","position":1,"name":"Home","item":"http:\/\/sportfyziofit.cz\/cs\/"},{"@type":"ListItem","position":2,"name":"Po\u00farazov\u00e1 mas\u00e1\u017e"}]},{"@type":"WebSite","@id":"http:\/\/sportfyziofit.cz\/cs\/#website","url":"http:\/\/sportfyziofit.cz\/cs\/","name":"sportfyziofit.cz","description":"... Willkommen auf der Webseite mit Schwerpunkt auf Sport-Massage, Reflexzonenmassage , Entspannungsmassage, Massage-und Muskel-Skelett-Trauma-Beratung ...","potentialAction":[{"@type":"SearchAction","target":{"@type":"EntryPoint","urlTemplate":"http:\/\/sportfyziofit.cz\/cs\/?s={search_term_string}"},"query-input":"required name=search_term_string"}],"inLanguage":"de"}]}},"_links":{"self":[{"href":"http:\/\/sportfyziofit.cz\/de\/wp-json\/wp\/v2\/pages\/330"}],"collection":[{"href":"http:\/\/sportfyziofit.cz\/de\/wp-json\/wp\/v2\/pages"}],"about":[{"href":"http:\/\/sportfyziofit.cz\/de\/wp-json\/wp\/v2\/types\/page"}],"author":[{"embeddable":true,"href":"http:\/\/sportfyziofit.cz\/de\/wp-json\/wp\/v2\/users\/2"}],"replies":[{"embeddable":true,"href":"http:\/\/sportfyziofit.cz\/de\/wp-json\/wp\/v2\/comments?post=330"}],"version-history":[{"count":4,"href":"http:\/\/sportfyziofit.cz\/de\/wp-json\/wp\/v2\/pages\/330\/revisions"}],"predecessor-version":[{"id":546,"href":"http:\/\/sportfyziofit.cz\/de\/wp-json\/wp\/v2\/pages\/330\/revisions\/546"}],"wp:attachment":[{"href":"http:\/\/sportfyziofit.cz\/de\/wp-json\/wp\/v2\/media?parent=330"}],"curies":[{"name":"wp","href":"https:\/\/api.w.org\/{rel}","templated":true}]}}