{"id":604,"date":"2015-12-10T12:05:24","date_gmt":"2015-12-10T12:05:24","guid":{"rendered":"http:\/\/sportfyziofit.cz\/?page_id=604"},"modified":"2015-12-10T13:37:22","modified_gmt":"2015-12-10T13:37:22","slug":"profesionalni-masaze-znojmo","status":"publish","type":"page","link":"http:\/\/sportfyziofit.cz\/de\/profesionalni-masaze-znojmo\/","title":{"rendered":"(Czech) Profesion\u00e1ln\u00ed mas\u00e1\u017ee Znojmo"},"content":{"rendered":"<p class=\"qtranxs-available-languages-message qtranxs-available-languages-message-de\">Leider ist der Eintrag nur auf <a href=\"http:\/\/sportfyziofit.cz\/cs\/wp-json\/wp\/v2\/pages\/604\" class=\"qtranxs-available-language-link qtranxs-available-language-link-cs\" title=\"Czech\">Czech<\/a> verf\u00fcgbar.<\/p>","protected":false},"excerpt":{"rendered":"<p>Leider ist der Eintrag nur auf Czech verf\u00fcgbar.<\/p>\n","protected":false},"author":2,"featured_media":0,"parent":0,"menu_order":0,"comment_status":"closed","ping_status":"closed","template":"","meta":[],"yoast_head":"<!-- This site is optimized with the Yoast SEO plugin v19.11 - https:\/\/yoast.com\/wordpress\/plugins\/seo\/ -->\n<title><\/title>\n<meta name=\"description\" content=\"Profesion\u00e1ln\u00ed mas\u00e1\u017ee Znojmo a Sport Fyzio Fit od profesion\u00e1lky z Anglick\u00e9 fotbalov\u00e9 premier league a z d\u011btsk\u00e9 l\u00e9\u010debny Vesna z Jansk\u00fdch L\u00e1zn\u00ed.\u00a0\" \/>\n<meta name=\"robots\" content=\"index, follow, max-snippet:-1, max-image-preview:large, max-video-preview:-1\" \/>\n<link rel=\"canonical\" href=\"http:\/\/sportfyziofit.cz\/de\/profesionalni-masaze-znojmo\/\" \/>\n<meta property=\"og:locale\" content=\"de_DE\" \/>\n<meta property=\"og:type\" content=\"article\" \/>\n<meta property=\"og:title\" content=\"[:cs]Profesion\u00e1ln\u00ed mas\u00e1\u017ee Znojmo[:] &ndash; sportfyziofit.cz\" \/>\n<meta property=\"og:description\" content=\"Profesion\u00e1ln\u00ed mas\u00e1\u017ee Znojmo a Sport Fyzio Fit od profesion\u00e1lky z Anglick\u00e9 fotbalov\u00e9 premier league a z d\u011btsk\u00e9 l\u00e9\u010debny Vesna z Jansk\u00fdch L\u00e1zn\u00ed.\u00a0\" \/>\n<meta property=\"og:url\" content=\"http:\/\/sportfyziofit.cz\/de\/profesionalni-masaze-znojmo\/\" \/>\n<meta property=\"og:site_name\" content=\"sportfyziofit.cz\" \/>\n<meta property=\"article:publisher\" content=\"https:\/\/www.facebook.com\/sportfyziofit\" \/>\n<meta property=\"article:modified_time\" content=\"2015-12-10T13:37:22+00:00\" \/>\n<meta property=\"og:image\" content=\"http:\/\/sportfyziofit.cz\/wp-content\/uploads\/2015\/12\/physioone.png\" \/>\n<meta name=\"twitter:card\" content=\"summary_large_image\" \/>\n<meta name=\"twitter:site\" content=\"@SportFyzioFit\" \/>\n<meta name=\"twitter:label1\" content=\"Gesch\u00e4tzte Lesezeit\" \/>\n\t<meta name=\"twitter:data1\" content=\"3\u00a0Minuten\" \/>\n<script type=\"application\/ld+json\" class=\"yoast-schema-graph\">{\"@context\":\"https:\/\/schema.org\",\"@graph\":[{\"@type\":\"WebPage\",\"@id\":\"http:\/\/sportfyziofit.cz\/de\/profesionalni-masaze-znojmo\/\",\"url\":\"http:\/\/sportfyziofit.cz\/de\/profesionalni-masaze-znojmo\/\",\"name\":\"[:cs]Profesion\u00e1ln\u00ed mas\u00e1\u017ee Znojmo[:] &ndash; sportfyziofit.cz\",\"isPartOf\":{\"@id\":\"https:\/\/sportfyziofit.cz\/cs\/#website\"},\"datePublished\":\"2015-12-10T12:05:24+00:00\",\"dateModified\":\"2015-12-10T13:37:22+00:00\",\"description\":\"Profesion\u00e1ln\u00ed mas\u00e1\u017ee Znojmo a Sport Fyzio Fit od profesion\u00e1lky z Anglick\u00e9 fotbalov\u00e9 premier league a z d\u011btsk\u00e9 l\u00e9\u010debny Vesna z Jansk\u00fdch L\u00e1zn\u00ed.\u00a0\",\"breadcrumb\":{\"@id\":\"http:\/\/sportfyziofit.cz\/de\/profesionalni-masaze-znojmo\/#breadcrumb\"},\"inLanguage\":\"de\",\"potentialAction\":[{\"@type\":\"ReadAction\",\"target\":[\"http:\/\/sportfyziofit.cz\/de\/profesionalni-masaze-znojmo\/\"]}]},{\"@type\":\"BreadcrumbList\",\"@id\":\"http:\/\/sportfyziofit.cz\/de\/profesionalni-masaze-znojmo\/#breadcrumb\",\"itemListElement\":[{\"@type\":\"ListItem\",\"position\":1,\"name\":\"Home\",\"item\":\"https:\/\/sportfyziofit.cz\/cs\/\"},{\"@type\":\"ListItem\",\"position\":2,\"name\":\"(Czech) Profesion\u00e1ln\u00ed mas\u00e1\u017ee Znojmo\"}]},{\"@type\":\"WebSite\",\"@id\":\"https:\/\/sportfyziofit.cz\/cs\/#website\",\"url\":\"https:\/\/sportfyziofit.cz\/cs\/\",\"name\":\"sportfyziofit.cz\",\"description\":\"... Willkommen auf der Webseite mit Schwerpunkt auf Sport-Massage, Reflexzonenmassage , Entspannungsmassage, Massage-und Muskel-Skelett-Trauma-Beratung ...\",\"potentialAction\":[{\"@type\":\"SearchAction\",\"target\":{\"@type\":\"EntryPoint\",\"urlTemplate\":\"https:\/\/sportfyziofit.cz\/cs\/?s={search_term_string}\"},\"query-input\":\"required name=search_term_string\"}],\"inLanguage\":\"de\"}]}<\/script>\n<!-- \/ Yoast SEO plugin. -->","yoast_head_json":{"title":"[:cs]Profesion\u00e1ln\u00ed mas\u00e1\u017ee Znojmo[:] &ndash; sportfyziofit.cz","description":"Profesion\u00e1ln\u00ed mas\u00e1\u017ee Znojmo a Sport Fyzio Fit od profesion\u00e1lky z Anglick\u00e9 fotbalov\u00e9 premier league a z d\u011btsk\u00e9 l\u00e9\u010debny Vesna z Jansk\u00fdch L\u00e1zn\u00ed.\u00a0","robots":{"index":"index","follow":"follow","max-snippet":"max-snippet:-1","max-image-preview":"max-image-preview:large","max-video-preview":"max-video-preview:-1"},"canonical":"http:\/\/sportfyziofit.cz\/de\/profesionalni-masaze-znojmo\/","og_locale":"de_DE","og_type":"article","og_title":"[:cs]Profesion\u00e1ln\u00ed mas\u00e1\u017ee Znojmo[:] &ndash; sportfyziofit.cz","og_description":"Profesion\u00e1ln\u00ed mas\u00e1\u017ee Znojmo a Sport Fyzio Fit od profesion\u00e1lky z Anglick\u00e9 fotbalov\u00e9 premier league a z d\u011btsk\u00e9 l\u00e9\u010debny Vesna z Jansk\u00fdch L\u00e1zn\u00ed.\u00a0","og_url":"http:\/\/sportfyziofit.cz\/de\/profesionalni-masaze-znojmo\/","og_site_name":"sportfyziofit.cz","article_publisher":"https:\/\/www.facebook.com\/sportfyziofit","article_modified_time":"2015-12-10T13:37:22+00:00","og_image":[{"url":"http:\/\/sportfyziofit.cz\/wp-content\/uploads\/2015\/12\/physioone.png"}],"twitter_card":"summary_large_image","twitter_site":"@SportFyzioFit","twitter_misc":{"Gesch\u00e4tzte Lesezeit":"3\u00a0Minuten"},"schema":{"@context":"https:\/\/schema.org","@graph":[{"@type":"WebPage","@id":"http:\/\/sportfyziofit.cz\/de\/profesionalni-masaze-znojmo\/","url":"http:\/\/sportfyziofit.cz\/de\/profesionalni-masaze-znojmo\/","name":"[:cs]Profesion\u00e1ln\u00ed mas\u00e1\u017ee Znojmo[:] &ndash; sportfyziofit.cz","isPartOf":{"@id":"https:\/\/sportfyziofit.cz\/cs\/#website"},"datePublished":"2015-12-10T12:05:24+00:00","dateModified":"2015-12-10T13:37:22+00:00","description":"Profesion\u00e1ln\u00ed mas\u00e1\u017ee Znojmo a Sport Fyzio Fit od profesion\u00e1lky z Anglick\u00e9 fotbalov\u00e9 premier league a z d\u011btsk\u00e9 l\u00e9\u010debny Vesna z Jansk\u00fdch L\u00e1zn\u00ed.\u00a0","breadcrumb":{"@id":"http:\/\/sportfyziofit.cz\/de\/profesionalni-masaze-znojmo\/#breadcrumb"},"inLanguage":"de","potentialAction":[{"@type":"ReadAction","target":["http:\/\/sportfyziofit.cz\/de\/profesionalni-masaze-znojmo\/"]}]},{"@type":"BreadcrumbList","@id":"http:\/\/sportfyziofit.cz\/de\/profesionalni-masaze-znojmo\/#breadcrumb","itemListElement":[{"@type":"ListItem","position":1,"name":"Home","item":"https:\/\/sportfyziofit.cz\/cs\/"},{"@type":"ListItem","position":2,"name":"(Czech) Profesion\u00e1ln\u00ed mas\u00e1\u017ee Znojmo"}]},{"@type":"WebSite","@id":"https:\/\/sportfyziofit.cz\/cs\/#website","url":"https:\/\/sportfyziofit.cz\/cs\/","name":"sportfyziofit.cz","description":"... Willkommen auf der Webseite mit Schwerpunkt auf Sport-Massage, Reflexzonenmassage , Entspannungsmassage, Massage-und Muskel-Skelett-Trauma-Beratung ...","potentialAction":[{"@type":"SearchAction","target":{"@type":"EntryPoint","urlTemplate":"https:\/\/sportfyziofit.cz\/cs\/?s={search_term_string}"},"query-input":"required name=search_term_string"}],"inLanguage":"de"}]}},"_links":{"self":[{"href":"http:\/\/sportfyziofit.cz\/de\/wp-json\/wp\/v2\/pages\/604"}],"collection":[{"href":"http:\/\/sportfyziofit.cz\/de\/wp-json\/wp\/v2\/pages"}],"about":[{"href":"http:\/\/sportfyziofit.cz\/de\/wp-json\/wp\/v2\/types\/page"}],"author":[{"embeddable":true,"href":"http:\/\/sportfyziofit.cz\/de\/wp-json\/wp\/v2\/users\/2"}],"replies":[{"embeddable":true,"href":"http:\/\/sportfyziofit.cz\/de\/wp-json\/wp\/v2\/comments?post=604"}],"version-history":[{"count":0,"href":"http:\/\/sportfyziofit.cz\/de\/wp-json\/wp\/v2\/pages\/604\/revisions"}],"wp:attachment":[{"href":"http:\/\/sportfyziofit.cz\/de\/wp-json\/wp\/v2\/media?parent=604"}],"curies":[{"name":"wp","href":"https:\/\/api.w.org\/{rel}","templated":true}]}}