{"id":628,"date":"2015-12-10T14:45:51","date_gmt":"2015-12-10T14:45:51","guid":{"rendered":"http:\/\/sportfyziofit.cz\/?page_id=628"},"modified":"2015-12-10T14:48:10","modified_gmt":"2015-12-10T14:48:10","slug":"entspannende-massage-znojmo","status":"publish","type":"page","link":"http:\/\/sportfyziofit.cz\/de\/entspannende-massage-znojmo\/","title":{"rendered":"Entspannende massage Znojmo"},"content":{"rendered":"<p><div id=\"attachment_601\" style=\"width: 510px\" class=\"wp-caption aligncenter\"><a href=\"http:\/\/sportfyziofit.cz\/wp-content\/uploads\/2015\/12\/lkjs.png\"><img aria-describedby=\"caption-attachment-601\" decoding=\"async\" loading=\"lazy\" class=\"wp-image-601\" src=\"http:\/\/sportfyziofit.cz\/wp-content\/uploads\/2015\/12\/lkjs.png\" alt=\"Entspannende massage Znojmo\" width=\"500\" height=\"252\" srcset=\"http:\/\/sportfyziofit.cz\/wp-content\/uploads\/2015\/12\/lkjs.png 661w, http:\/\/sportfyziofit.cz\/wp-content\/uploads\/2015\/12\/lkjs-300x151.png 300w\" sizes=\"(max-width: 500px) 100vw, 500px\" \/><\/a><p id=\"caption-attachment-601\" class=\"wp-caption-text\">Entspannende massage Znojmo<\/p><\/div><\/p>\n<h2>Entspannende massage Znojmo<\/h2>\n<p>Relax-Massage ist in der heutigen schnelllebigen Welt, wo Stress gilt als eine der Hauptursachen f\u00fcr viele k\u00f6rperliche und psychische Probleme besonders wichtig. Die Technik der Massage kann den Schmerz, Spannung steif und schmerzende Muskeln helfen und hilft f\u00f6rdern die Durchblutung und des Lymphsystems und beseitigt Giftstoffe aus dem K\u00f6rper. Sie sind in den zarten und langsame Ber\u00fchrungen evozieren verwendet Ruhe und Frieden.<\/p>\n<p>Es ist eine Entspannung von K\u00f6rper und Seele. Lang und langsam Schliff geben dem Kunden die M\u00f6glichkeit, unerw\u00fcnschte Stress des Alltags zu entlasten. Diese Massage hilft Druck (zumindest vor\u00fcbergehend) zu reduzieren, verbessert die Durchblutung in den Vororten, verbessert die Hautstraffheit und Aussehen. Einige Ber\u00fchrungen hilft, die Spannung rund um die Wirbels\u00e4ule und dadurch Kopfschmerzen zu reduzieren. Ferner f\u00fchrt dies zu einer Verbesserung der Symptome, die mit Stress verbunden und hilft, das Immunsystem durch regelm\u00e4\u00dfige Anwendung des Massage aktivieren.<\/p>\n<p>Touch ist eines der Sinne, die das erste wir die Welt wahrnehmen und schon vor der Geburt ist. Es ist sehr wichtig Sensation in stressigen Spannung, denn wir arbeiten mit einem Hauch Nervensystem und ist die wichtigste Bedeutung der Massagen. Massage kann \u201estreicheln\u201c nicht nur den K\u00f6rper sondern auch die Seele.<\/p>\n<p>Der menschliche K\u00f6rper braucht eine menschliche Note, die heilende Kraft baut Stress ab und gibt ein Gef\u00fchl von positiven gesundheitlichen. Klassische Massage hilft bei Ersch\u00f6pfung, Stress, Schlaflosigkeit und Schmerzen.<\/p>\n<p>Klassische Erholung (Regeneration) massiert Massage entspannt die Muskeln, regt die Durchblutung, das Blut mit Sauerstoff angereichert wird, verbessert die Ern\u00e4hrung der Zellen und erh\u00f6ht die Muskelelastizit\u00e4t. Auf der Ebene der geistigen Massage hat eine positive Wirkung auf das Nervensystem und die allgemeine positive Wirkung auf den geistigen Zustand einer Person.<\/p>\n<p>Entfernt M\u00fcdigkeit, Stress, Schlaflosigkeit, Kopfschmerzen, weckt angenehme Gef\u00fchle und sieht sehr entspannend. Klassische Massage wird auf den ganzen K\u00f6rper oder nur an ausgew\u00e4hlte Teile (R\u00fccken, Nacken, Hals, Arme und Beine \u2026) durchgef\u00fchrt. Klassische Massage eignet sich f\u00fcr die \u00dcberarbeitung, Stress und R\u00fcckenschmerzen.<br \/>\nBei dieser Massage verwendet eine gro\u00dfe Vielzahl von Techniken und Bewegungen, die eine positive Wirkung auf die massiert haben. Tr\u00e4gt in erster Linie f\u00fcr die Gesundheit und das ordnungsgem\u00e4\u00dfe Funktionieren der Muskeln und Gelenke wiederherzustellen.<\/p>\n<p>Entspannungsmassage wird als eine regelm\u00e4\u00dfige Anwendung empfohlen (1-2 mal pro Woche), denn es ist sehr stimulierende Wirkung auf die Durchblutung, Stoffwechsel, Ausscheidungsorgane und des Zentralnervensystems.<br \/>\nKlassische Massage spielt eine besonders wichtige Rolle bei der Verhinderung von vielen Krankheiten der Bewegung, sondern auch w\u00e4hrend der Influenza. Es hat eine sehr vorteilhafte entspannende Wirkung, wie eine Massage massiert sehr angenehm locker und wirkt somit auf die Psyche massiert. Wir empfehlen dringend, regelm\u00e4\u00dfige Verwendung von Massage.<\/p>\n<p>Weitere Informationen finden Sie auch auf der <a href=\"http:\/\/www.maseri.cz\/katalog\/maseri\/jihomoravsky\/znojmo\/id=44018&amp;m=sport-fyzio-fit.html\">Website<\/a> in Bezug auf Massagen finden<\/p>","protected":false},"excerpt":{"rendered":"<p>Entspannende massage Znojmo Relax-Massage ist in der heutigen schnelllebigen Welt, wo Stress gilt als eine der Hauptursachen f\u00fcr viele k\u00f6rperliche und psychische Probleme besonders wichtig. Die Technik der Massage kann den Schmerz, Spannung steif und schmerzende Muskeln helfen und hilft f\u00f6rdern die Durchblutung und des Lymphsystems und beseitigt Giftstoffe aus dem K\u00f6rper. Sie sind in [&hellip;]<\/p>\n","protected":false},"author":2,"featured_media":0,"parent":0,"menu_order":0,"comment_status":"closed","ping_status":"closed","template":"","meta":[],"yoast_head":"<!-- This site is optimized with the Yoast SEO plugin v19.11 - https:\/\/yoast.com\/wordpress\/plugins\/seo\/ -->\n<title>Entspannende massage Znojmo &ndash; sportfyziofit.cz<\/title>\n<meta name=\"description\" content=\"Entspannende massage Znojmo von professionellen Physiotherapeuten mit langj\u00e4hrigen Berufserfahrung zu ausgezeichneten Preisen\" \/>\n<meta name=\"robots\" content=\"index, follow, max-snippet:-1, max-image-preview:large, max-video-preview:-1\" \/>\n<link rel=\"canonical\" href=\"http:\/\/sportfyziofit.cz\/de\/entspannende-massage-znojmo\/\" \/>\n<meta property=\"og:locale\" content=\"de_DE\" \/>\n<meta property=\"og:type\" content=\"article\" \/>\n<meta property=\"og:title\" content=\"[:cs]Entspannende massage Znojmo[:de]Entspannende massage Znojmo[:] &ndash; sportfyziofit.cz\" \/>\n<meta property=\"og:description\" content=\"Entspannende massage Znojmo von professionellen Physiotherapeuten mit langj\u00e4hrigen Berufserfahrung zu ausgezeichneten Preisen\" \/>\n<meta property=\"og:url\" content=\"http:\/\/sportfyziofit.cz\/de\/entspannende-massage-znojmo\/\" \/>\n<meta property=\"og:site_name\" content=\"sportfyziofit.cz\" \/>\n<meta property=\"article:publisher\" content=\"https:\/\/www.facebook.com\/sportfyziofit\" \/>\n<meta property=\"article:modified_time\" content=\"2015-12-10T14:48:10+00:00\" \/>\n<meta property=\"og:image\" content=\"http:\/\/sportfyziofit.cz\/wp-content\/uploads\/2015\/12\/lkjs.png\" \/>\n<meta name=\"twitter:card\" content=\"summary_large_image\" \/>\n<meta name=\"twitter:site\" content=\"@SportFyzioFit\" \/>\n<meta name=\"twitter:label1\" content=\"Gesch\u00e4tzte Lesezeit\" \/>\n\t<meta name=\"twitter:data1\" content=\"5\u00a0Minuten\" \/>\n<script type=\"application\/ld+json\" class=\"yoast-schema-graph\">{\"@context\":\"https:\/\/schema.org\",\"@graph\":[{\"@type\":\"WebPage\",\"@id\":\"http:\/\/sportfyziofit.cz\/de\/entspannende-massage-znojmo\/\",\"url\":\"http:\/\/sportfyziofit.cz\/de\/entspannende-massage-znojmo\/\",\"name\":\"[:cs]Entspannende massage Znojmo[:de]Entspannende massage Znojmo[:] &ndash; sportfyziofit.cz\",\"isPartOf\":{\"@id\":\"https:\/\/sportfyziofit.cz\/en\/#website\"},\"datePublished\":\"2015-12-10T14:45:51+00:00\",\"dateModified\":\"2015-12-10T14:48:10+00:00\",\"description\":\"Entspannende massage Znojmo von professionellen Physiotherapeuten mit langj\u00e4hrigen Berufserfahrung zu ausgezeichneten Preisen\",\"breadcrumb\":{\"@id\":\"http:\/\/sportfyziofit.cz\/de\/entspannende-massage-znojmo\/#breadcrumb\"},\"inLanguage\":\"de\",\"potentialAction\":[{\"@type\":\"ReadAction\",\"target\":[\"http:\/\/sportfyziofit.cz\/de\/entspannende-massage-znojmo\/\"]}]},{\"@type\":\"BreadcrumbList\",\"@id\":\"http:\/\/sportfyziofit.cz\/de\/entspannende-massage-znojmo\/#breadcrumb\",\"itemListElement\":[{\"@type\":\"ListItem\",\"position\":1,\"name\":\"Home\",\"item\":\"https:\/\/sportfyziofit.cz\/en\/\"},{\"@type\":\"ListItem\",\"position\":2,\"name\":\"Entspannende massage Znojmo\"}]},{\"@type\":\"WebSite\",\"@id\":\"https:\/\/sportfyziofit.cz\/en\/#website\",\"url\":\"https:\/\/sportfyziofit.cz\/en\/\",\"name\":\"sportfyziofit.cz\",\"description\":\"... Willkommen auf der Webseite mit Schwerpunkt auf Sport-Massage, Reflexzonenmassage , Entspannungsmassage, Massage-und Muskel-Skelett-Trauma-Beratung ...\",\"potentialAction\":[{\"@type\":\"SearchAction\",\"target\":{\"@type\":\"EntryPoint\",\"urlTemplate\":\"https:\/\/sportfyziofit.cz\/en\/?s={search_term_string}\"},\"query-input\":\"required name=search_term_string\"}],\"inLanguage\":\"de\"}]}<\/script>\n<!-- \/ Yoast SEO plugin. -->","yoast_head_json":{"title":"[:cs]Entspannende massage Znojmo[:de]Entspannende massage Znojmo[:] &ndash; sportfyziofit.cz","description":"Entspannende massage Znojmo von professionellen Physiotherapeuten mit langj\u00e4hrigen Berufserfahrung zu ausgezeichneten Preisen","robots":{"index":"index","follow":"follow","max-snippet":"max-snippet:-1","max-image-preview":"max-image-preview:large","max-video-preview":"max-video-preview:-1"},"canonical":"http:\/\/sportfyziofit.cz\/de\/entspannende-massage-znojmo\/","og_locale":"de_DE","og_type":"article","og_title":"[:cs]Entspannende massage Znojmo[:de]Entspannende massage Znojmo[:] &ndash; sportfyziofit.cz","og_description":"Entspannende massage Znojmo von professionellen Physiotherapeuten mit langj\u00e4hrigen Berufserfahrung zu ausgezeichneten Preisen","og_url":"http:\/\/sportfyziofit.cz\/de\/entspannende-massage-znojmo\/","og_site_name":"sportfyziofit.cz","article_publisher":"https:\/\/www.facebook.com\/sportfyziofit","article_modified_time":"2015-12-10T14:48:10+00:00","og_image":[{"url":"http:\/\/sportfyziofit.cz\/wp-content\/uploads\/2015\/12\/lkjs.png"}],"twitter_card":"summary_large_image","twitter_site":"@SportFyzioFit","twitter_misc":{"Gesch\u00e4tzte Lesezeit":"5\u00a0Minuten"},"schema":{"@context":"https:\/\/schema.org","@graph":[{"@type":"WebPage","@id":"http:\/\/sportfyziofit.cz\/de\/entspannende-massage-znojmo\/","url":"http:\/\/sportfyziofit.cz\/de\/entspannende-massage-znojmo\/","name":"[:cs]Entspannende massage Znojmo[:de]Entspannende massage Znojmo[:] &ndash; sportfyziofit.cz","isPartOf":{"@id":"https:\/\/sportfyziofit.cz\/en\/#website"},"datePublished":"2015-12-10T14:45:51+00:00","dateModified":"2015-12-10T14:48:10+00:00","description":"Entspannende massage Znojmo von professionellen Physiotherapeuten mit langj\u00e4hrigen Berufserfahrung zu ausgezeichneten Preisen","breadcrumb":{"@id":"http:\/\/sportfyziofit.cz\/de\/entspannende-massage-znojmo\/#breadcrumb"},"inLanguage":"de","potentialAction":[{"@type":"ReadAction","target":["http:\/\/sportfyziofit.cz\/de\/entspannende-massage-znojmo\/"]}]},{"@type":"BreadcrumbList","@id":"http:\/\/sportfyziofit.cz\/de\/entspannende-massage-znojmo\/#breadcrumb","itemListElement":[{"@type":"ListItem","position":1,"name":"Home","item":"https:\/\/sportfyziofit.cz\/en\/"},{"@type":"ListItem","position":2,"name":"Entspannende massage Znojmo"}]},{"@type":"WebSite","@id":"https:\/\/sportfyziofit.cz\/en\/#website","url":"https:\/\/sportfyziofit.cz\/en\/","name":"sportfyziofit.cz","description":"... Willkommen auf der Webseite mit Schwerpunkt auf Sport-Massage, Reflexzonenmassage , Entspannungsmassage, Massage-und Muskel-Skelett-Trauma-Beratung ...","potentialAction":[{"@type":"SearchAction","target":{"@type":"EntryPoint","urlTemplate":"https:\/\/sportfyziofit.cz\/en\/?s={search_term_string}"},"query-input":"required name=search_term_string"}],"inLanguage":"de"}]}},"_links":{"self":[{"href":"http:\/\/sportfyziofit.cz\/de\/wp-json\/wp\/v2\/pages\/628"}],"collection":[{"href":"http:\/\/sportfyziofit.cz\/de\/wp-json\/wp\/v2\/pages"}],"about":[{"href":"http:\/\/sportfyziofit.cz\/de\/wp-json\/wp\/v2\/types\/page"}],"author":[{"embeddable":true,"href":"http:\/\/sportfyziofit.cz\/de\/wp-json\/wp\/v2\/users\/2"}],"replies":[{"embeddable":true,"href":"http:\/\/sportfyziofit.cz\/de\/wp-json\/wp\/v2\/comments?post=628"}],"version-history":[{"count":3,"href":"http:\/\/sportfyziofit.cz\/de\/wp-json\/wp\/v2\/pages\/628\/revisions"}],"predecessor-version":[{"id":631,"href":"http:\/\/sportfyziofit.cz\/de\/wp-json\/wp\/v2\/pages\/628\/revisions\/631"}],"wp:attachment":[{"href":"http:\/\/sportfyziofit.cz\/de\/wp-json\/wp\/v2\/media?parent=628"}],"curies":[{"name":"wp","href":"https:\/\/api.w.org\/{rel}","templated":true}]}}