{"id":88,"date":"2015-11-16T10:08:10","date_gmt":"2015-11-16T10:08:10","guid":{"rendered":"http:\/\/sportfyziofit.cz\/?page_id=88"},"modified":"2016-01-10T15:38:04","modified_gmt":"2016-01-10T15:38:04","slug":"sportovni-masaze","status":"publish","type":"page","link":"http:\/\/sportfyziofit.cz\/de\/sportovni-masaze\/","title":{"rendered":"Sports massage"},"content":{"rendered":"<p><div id=\"attachment_156\" style=\"width: 427px\" class=\"wp-caption aligncenter\"><a href=\"http:\/\/sportfyziofit.cz\/wp-content\/uploads\/2015\/11\/ajaj.png\"><img aria-describedby=\"caption-attachment-156\" decoding=\"async\" loading=\"lazy\" class=\"wp-image-156\" src=\"http:\/\/sportfyziofit.cz\/wp-content\/uploads\/2015\/11\/ajaj.png\" alt=\"Sports massage\" width=\"417\" height=\"285\" srcset=\"http:\/\/sportfyziofit.cz\/wp-content\/uploads\/2015\/11\/ajaj.png 479w, http:\/\/sportfyziofit.cz\/wp-content\/uploads\/2015\/11\/ajaj-300x205.png 300w\" sizes=\"(max-width: 417px) 100vw, 417px\" \/><\/a><p id=\"caption-attachment-156\" class=\"wp-caption-text\">Sports massage<\/p><\/div><\/p>\n<h2 style=\"text-align: justify;\">Sports massage<\/h2>\n<p style=\"text-align: justify;\">Sports massage Es besteht aus mehreren Arten, die entsprechend ihrer Funktion klassifiziert sind. Sport-Massage bietet eine strukturierte Sammlung von geeigneten Massage Ber\u00fchrungen, die die Aufgabe der Vorbereitung Athleten f\u00fcr k\u00f6rperliche Anstrengung und die anschlie\u00dfende Einreichung von bestimmten sportlichen Leistung. Ihre Aufgabe ist es, um Muskelerm\u00fcdung zu entlasten und induzieren richtige Regeneration von Muskelgewebe.<\/p>\n<h4 style=\"text-align: justify;\">Massage Vorbereitungs<\/h4>\n<p style=\"text-align: justify;\">Unterst\u00fctzt die Verbesserung der Fitness-Sportler<br \/>\nEs hilft bei der eine Vielzahl von funktionellen Symptomen (z. Schlechte Haltung, verk\u00fcrzte Sehnen, Muskeln schlaff)<br \/>\nKann als Massage und Fitness-Training zu kennzeichnen<\/p>\n<h4 style=\"text-align: justify;\">Notfall-Massage<\/h4>\n<p style=\"text-align: justify;\">Bereiten Athleten f\u00fcr maximale Leistung ist oft Teil des Warm-up vor der k\u00f6rperlichen Aktivit\u00e4t<br \/>\nNach sportlichen Aktivit\u00e4ten wie Massage kann reizend oder beruhigend<br \/>\nReizt die F\u00f6rderung Athleten sind hart und schnell<br \/>\nWohltuende Massage beruhigt den Stress des Rennens (Nervosit\u00e4t, Ungeduld) ist eine sanfte und langsame<br \/>\nMassagen in den Pausen zwischen den Darbietungen<\/p>\n<p style=\"text-align: justify;\">Geeignet nur f\u00fcr Spiele und Wettbewerbe. Es ist wesentlich f\u00fcr Athleten, die Leistungen in einem kleineren Zeitbereich hat, zum Beispiel. Decathlon Turnier, das mehrere Wochen dauert<br \/>\nIn diesen F\u00e4llen ist es wichtig, um Unf\u00e4lle zu verhindern und induzieren Muskelrelaxation ein solches Ausma\u00df, dass der Muskel konnte k\u00f6rperlicher Aktivit\u00e4t als vor Erm\u00fcdung wiederholen<\/p>\n<h4 style=\"text-align: justify;\">Therapeutische Sport massage<\/h4>\n<p style=\"text-align: justify;\">Pflege und Behandlung von verschiedenen Sportverletzungen<br \/>\nDiese Phase sollte immer bewusst Arzt<br \/>\nFussreflexzonenmassage Massage aktiviert Energiepunkte an den F\u00fc\u00dfen, H\u00e4nden und R\u00fccken.<\/p>\n<h4 style=\"text-align: justify;\">Tiefentladung und Sport<\/h4>\n<p style=\"text-align: justify;\">Verbessert die sportlichen Leistungen, f\u00f6rdert die Entspannung und Regeneration der Muskulatur nach der erh\u00f6hten Aktivit\u00e4t. Was sind die entsprechende Massage, wenn Sie nicht \u00fcber irgendwelche Schmerzen? Massage Ber\u00fchrungen (touch) betrifft nicht nur unseren K\u00f6rper sondern auch die Seele und f\u00fchrt zur Auswaschung von Hormone wie Endorphine, Oxytocin, Serotonin und Dopamin damit. Diese Hormone zu reduzieren Schmerzempfindlichkeit und tragen zu einer guten Stimmung und Gelassenheit. Aus medizinischer Sicht Massagen stellen einen unersetzlichen Teil des Regenerationsprozesses im K\u00f6rper.<\/p>\n<p style=\"text-align: justify;\">Eine gute Massage kann die Regeneration beschleunigen und f\u00fchren zu einer Beschleunigung von Heilungsprozessen. Ist der alternativen Medizin und diejenigen, die sie anwenden regelm\u00e4\u00dfig, ihre Gesundheit an der Spitze zu halten.<\/p>\n<p style=\"text-align: justify;\">Kopfschmerz: Massage kann verringern oder diese Beschwerden vollst\u00e4ndig zu eliminieren. Dies kann durch eine niedrige Serotoninspiegel verursacht werden, und es ist vielleicht angebracht und qualifizierte Verst\u00e4rkung der Massageintensit\u00e4t. Diese Hormone wie Morphin wirken dann und damit auch der Schmerz nachlie\u00df.<\/p>\n<p style=\"text-align: justify;\">M\u00fcdigkeit nach einer Massage: Warum sind Sie m\u00fcde nach einer professionellen Massage? Wie in der Turnhalle, und nach der Massage Zeit wird intensiv den Stoffwechsel und die massiven Durchblutung sein. Muscle bekommt bewegen, mas\u00e9rsk\u00e9mu ber\u00fchren dank der Muskelgruppen verwendet werden, und deshalb ist es m\u00f6glich, sich m\u00fcde f\u00fchlen.<\/p>\n<h4 style=\"text-align: justify;\">Wie kann man einen guten Physiotherapeuten erkennen?<\/h4>\n<ul style=\"text-align: justify;\">\n<li>Praxis und Erfahrung<\/li>\n<li>Sehen Sie, was st\u00f6rt den Patienten, und w\u00e4hlen Sie die richtige Technologie beste und schnellste Weg, um zu helfen<\/li>\n<li>Referenz<\/li>\n<\/ul>\n<p style=\"text-align: justify;\">Weitere Informationen finden Sie auch auf der Website in Bezug auf <a href=\"http:\/\/www.maseri.cz\/katalog\/maseri\/jihomoravsky\/znojmo\/id=44018&amp;m=sport-fyzio-fit.html\" target=\"_blank\">Massagen finden<\/a><\/p>\n<p><\/p>","protected":false},"excerpt":{"rendered":"<p>Sports massage Sports massage Es besteht aus mehreren Arten, die entsprechend ihrer Funktion klassifiziert sind. Sport-Massage bietet eine strukturierte Sammlung von geeigneten Massage Ber\u00fchrungen, die die Aufgabe der Vorbereitung Athleten f\u00fcr k\u00f6rperliche Anstrengung und die anschlie\u00dfende Einreichung von bestimmten sportlichen Leistung. Ihre Aufgabe ist es, um Muskelerm\u00fcdung zu entlasten und induzieren richtige Regeneration von Muskelgewebe. [&hellip;]<\/p>\n","protected":false},"author":2,"featured_media":0,"parent":0,"menu_order":0,"comment_status":"closed","ping_status":"closed","template":"","meta":[],"yoast_head":"<!-- This site is optimized with the Yoast SEO plugin v19.11 - https:\/\/yoast.com\/wordpress\/plugins\/seo\/ -->\n<title>Sports massage &ndash; sportfyziofit.cz<\/title>\n<meta name=\"description\" content=\"Sportovn\u00ed mas\u00e1\u017ee V\u00e1m nab\u00edz\u00ed uspo\u0159\u00e1dan\u00fd soubor vhodn\u00fdch mas\u00e9rsk\u00fdch hmat\u016f, kter\u00e9 maj\u00ed za \u00falohu p\u0159ipravit sportovce k n\u00e1sledn\u00e9 fyzick\u00e9 n\u00e1maze\" \/>\n<meta name=\"robots\" content=\"index, follow, max-snippet:-1, max-image-preview:large, max-video-preview:-1\" \/>\n<link rel=\"canonical\" href=\"http:\/\/sportfyziofit.cz\/cs\/sportovni-masaze\/\" \/>\n<meta property=\"og:locale\" content=\"de_DE\" \/>\n<meta property=\"og:type\" content=\"article\" \/>\n<meta property=\"og:title\" content=\"[:cs]Sportovn\u00ed mas\u00e1\u017ee[:en]Sports massage[:de]Sports massage[:] &ndash; sportfyziofit.cz\" \/>\n<meta property=\"og:description\" content=\"Sportovn\u00ed mas\u00e1\u017ee V\u00e1m nab\u00edz\u00ed uspo\u0159\u00e1dan\u00fd soubor vhodn\u00fdch mas\u00e9rsk\u00fdch hmat\u016f, kter\u00e9 maj\u00ed za \u00falohu p\u0159ipravit sportovce k n\u00e1sledn\u00e9 fyzick\u00e9 n\u00e1maze\" \/>\n<meta property=\"og:url\" content=\"http:\/\/sportfyziofit.cz\/cs\/sportovni-masaze\/\" \/>\n<meta property=\"og:site_name\" content=\"sportfyziofit.cz\" \/>\n<meta property=\"article:publisher\" content=\"https:\/\/www.facebook.com\/sportfyziofit\" \/>\n<meta property=\"article:modified_time\" content=\"2016-01-10T15:38:04+00:00\" \/>\n<meta property=\"og:image\" content=\"http:\/\/sportfyziofit.cz\/wp-content\/uploads\/2015\/11\/ajaj.png\" \/>\n<meta name=\"twitter:card\" content=\"summary_large_image\" \/>\n<meta name=\"twitter:site\" content=\"@SportFyzioFit\" \/>\n<meta name=\"twitter:label1\" content=\"Gesch\u00e4tzte Lesezeit\" \/>\n\t<meta name=\"twitter:data1\" content=\"8\u00a0Minuten\" \/>\n<script type=\"application\/ld+json\" class=\"yoast-schema-graph\">{\"@context\":\"https:\/\/schema.org\",\"@graph\":[{\"@type\":\"WebPage\",\"@id\":\"http:\/\/sportfyziofit.cz\/cs\/sportovni-masaze\/\",\"url\":\"http:\/\/sportfyziofit.cz\/cs\/sportovni-masaze\/\",\"name\":\"[:cs]Sportovn\u00ed mas\u00e1\u017ee[:en]Sports massage[:de]Sports massage[:] &ndash; sportfyziofit.cz\",\"isPartOf\":{\"@id\":\"http:\/\/sportfyziofit.cz\/cs\/#website\"},\"datePublished\":\"2015-11-16T10:08:10+00:00\",\"dateModified\":\"2016-01-10T15:38:04+00:00\",\"description\":\"Sportovn\u00ed mas\u00e1\u017ee V\u00e1m nab\u00edz\u00ed uspo\u0159\u00e1dan\u00fd soubor vhodn\u00fdch mas\u00e9rsk\u00fdch hmat\u016f, kter\u00e9 maj\u00ed za \u00falohu p\u0159ipravit sportovce k n\u00e1sledn\u00e9 fyzick\u00e9 n\u00e1maze\",\"breadcrumb\":{\"@id\":\"http:\/\/sportfyziofit.cz\/cs\/sportovni-masaze\/#breadcrumb\"},\"inLanguage\":\"de\",\"potentialAction\":[{\"@type\":\"ReadAction\",\"target\":[\"http:\/\/sportfyziofit.cz\/cs\/sportovni-masaze\/\"]}]},{\"@type\":\"BreadcrumbList\",\"@id\":\"http:\/\/sportfyziofit.cz\/cs\/sportovni-masaze\/#breadcrumb\",\"itemListElement\":[{\"@type\":\"ListItem\",\"position\":1,\"name\":\"Home\",\"item\":\"http:\/\/sportfyziofit.cz\/cs\/\"},{\"@type\":\"ListItem\",\"position\":2,\"name\":\"Sportovn\u00ed mas\u00e1\u017ee\"}]},{\"@type\":\"WebSite\",\"@id\":\"http:\/\/sportfyziofit.cz\/cs\/#website\",\"url\":\"http:\/\/sportfyziofit.cz\/cs\/\",\"name\":\"sportfyziofit.cz\",\"description\":\"... Willkommen auf der Webseite mit Schwerpunkt auf Sport-Massage, Reflexzonenmassage , Entspannungsmassage, Massage-und Muskel-Skelett-Trauma-Beratung ...\",\"potentialAction\":[{\"@type\":\"SearchAction\",\"target\":{\"@type\":\"EntryPoint\",\"urlTemplate\":\"http:\/\/sportfyziofit.cz\/cs\/?s={search_term_string}\"},\"query-input\":\"required name=search_term_string\"}],\"inLanguage\":\"de\"}]}<\/script>\n<!-- \/ Yoast SEO plugin. -->","yoast_head_json":{"title":"[:cs]Sportovn\u00ed mas\u00e1\u017ee[:en]Sports massage[:de]Sports massage[:] &ndash; sportfyziofit.cz","description":"Sportovn\u00ed mas\u00e1\u017ee V\u00e1m nab\u00edz\u00ed uspo\u0159\u00e1dan\u00fd soubor vhodn\u00fdch mas\u00e9rsk\u00fdch hmat\u016f, kter\u00e9 maj\u00ed za \u00falohu p\u0159ipravit sportovce k n\u00e1sledn\u00e9 fyzick\u00e9 n\u00e1maze","robots":{"index":"index","follow":"follow","max-snippet":"max-snippet:-1","max-image-preview":"max-image-preview:large","max-video-preview":"max-video-preview:-1"},"canonical":"http:\/\/sportfyziofit.cz\/cs\/sportovni-masaze\/","og_locale":"de_DE","og_type":"article","og_title":"[:cs]Sportovn\u00ed mas\u00e1\u017ee[:en]Sports massage[:de]Sports massage[:] &ndash; sportfyziofit.cz","og_description":"Sportovn\u00ed mas\u00e1\u017ee V\u00e1m nab\u00edz\u00ed uspo\u0159\u00e1dan\u00fd soubor vhodn\u00fdch mas\u00e9rsk\u00fdch hmat\u016f, kter\u00e9 maj\u00ed za \u00falohu p\u0159ipravit sportovce k n\u00e1sledn\u00e9 fyzick\u00e9 n\u00e1maze","og_url":"http:\/\/sportfyziofit.cz\/cs\/sportovni-masaze\/","og_site_name":"sportfyziofit.cz","article_publisher":"https:\/\/www.facebook.com\/sportfyziofit","article_modified_time":"2016-01-10T15:38:04+00:00","og_image":[{"url":"http:\/\/sportfyziofit.cz\/wp-content\/uploads\/2015\/11\/ajaj.png"}],"twitter_card":"summary_large_image","twitter_site":"@SportFyzioFit","twitter_misc":{"Gesch\u00e4tzte Lesezeit":"8\u00a0Minuten"},"schema":{"@context":"https:\/\/schema.org","@graph":[{"@type":"WebPage","@id":"http:\/\/sportfyziofit.cz\/cs\/sportovni-masaze\/","url":"http:\/\/sportfyziofit.cz\/cs\/sportovni-masaze\/","name":"[:cs]Sportovn\u00ed mas\u00e1\u017ee[:en]Sports massage[:de]Sports massage[:] &ndash; sportfyziofit.cz","isPartOf":{"@id":"http:\/\/sportfyziofit.cz\/cs\/#website"},"datePublished":"2015-11-16T10:08:10+00:00","dateModified":"2016-01-10T15:38:04+00:00","description":"Sportovn\u00ed mas\u00e1\u017ee V\u00e1m nab\u00edz\u00ed uspo\u0159\u00e1dan\u00fd soubor vhodn\u00fdch mas\u00e9rsk\u00fdch hmat\u016f, kter\u00e9 maj\u00ed za \u00falohu p\u0159ipravit sportovce k n\u00e1sledn\u00e9 fyzick\u00e9 n\u00e1maze","breadcrumb":{"@id":"http:\/\/sportfyziofit.cz\/cs\/sportovni-masaze\/#breadcrumb"},"inLanguage":"de","potentialAction":[{"@type":"ReadAction","target":["http:\/\/sportfyziofit.cz\/cs\/sportovni-masaze\/"]}]},{"@type":"BreadcrumbList","@id":"http:\/\/sportfyziofit.cz\/cs\/sportovni-masaze\/#breadcrumb","itemListElement":[{"@type":"ListItem","position":1,"name":"Home","item":"http:\/\/sportfyziofit.cz\/cs\/"},{"@type":"ListItem","position":2,"name":"Sportovn\u00ed mas\u00e1\u017ee"}]},{"@type":"WebSite","@id":"http:\/\/sportfyziofit.cz\/cs\/#website","url":"http:\/\/sportfyziofit.cz\/cs\/","name":"sportfyziofit.cz","description":"... Willkommen auf der Webseite mit Schwerpunkt auf Sport-Massage, Reflexzonenmassage , Entspannungsmassage, Massage-und Muskel-Skelett-Trauma-Beratung ...","potentialAction":[{"@type":"SearchAction","target":{"@type":"EntryPoint","urlTemplate":"http:\/\/sportfyziofit.cz\/cs\/?s={search_term_string}"},"query-input":"required name=search_term_string"}],"inLanguage":"de"}]}},"_links":{"self":[{"href":"http:\/\/sportfyziofit.cz\/de\/wp-json\/wp\/v2\/pages\/88"}],"collection":[{"href":"http:\/\/sportfyziofit.cz\/de\/wp-json\/wp\/v2\/pages"}],"about":[{"href":"http:\/\/sportfyziofit.cz\/de\/wp-json\/wp\/v2\/types\/page"}],"author":[{"embeddable":true,"href":"http:\/\/sportfyziofit.cz\/de\/wp-json\/wp\/v2\/users\/2"}],"replies":[{"embeddable":true,"href":"http:\/\/sportfyziofit.cz\/de\/wp-json\/wp\/v2\/comments?post=88"}],"version-history":[{"count":23,"href":"http:\/\/sportfyziofit.cz\/de\/wp-json\/wp\/v2\/pages\/88\/revisions"}],"predecessor-version":[{"id":645,"href":"http:\/\/sportfyziofit.cz\/de\/wp-json\/wp\/v2\/pages\/88\/revisions\/645"}],"wp:attachment":[{"href":"http:\/\/sportfyziofit.cz\/de\/wp-json\/wp\/v2\/media?parent=88"}],"curies":[{"name":"wp","href":"https:\/\/api.w.org\/{rel}","templated":true}]}}