{"id":106,"date":"2015-11-16T11:04:43","date_gmt":"2015-11-16T11:04:43","guid":{"rendered":"http:\/\/sportfyziofit.cz\/?page_id=106"},"modified":"2019-07-09T14:25:20","modified_gmt":"2019-07-09T14:25:20","slug":"kontakt-2","status":"publish","type":"page","link":"http:\/\/sportfyziofit.cz\/en\/kontakt-2\/","title":{"rendered":"Contact"},"content":{"rendered":"<p><\/p>\n<p style=\"text-align: left;\"><a href=\"http:\/\/sportfyziofit.cz\/wp-content\/uploads\/2015\/11\/logofyzio1.png\"><img decoding=\"async\" loading=\"lazy\" class=\"size-full wp-image-79 alignnone\" src=\"http:\/\/sportfyziofit.cz\/wp-content\/uploads\/2015\/11\/logofyzio1.png\" alt=\"logofyzio\" width=\"304\" height=\"164\" srcset=\"http:\/\/sportfyziofit.cz\/wp-content\/uploads\/2015\/11\/logofyzio1.png 304w, http:\/\/sportfyziofit.cz\/wp-content\/uploads\/2015\/11\/logofyzio1-300x162.png 300w\" sizes=\"(max-width: 304px) 100vw, 304px\" \/><\/a><\/p>\n<p style=\"text-align: left;\"><strong>DiS. Zuzana Lorencov\u00e1, BA (Hons)<\/strong><\/p>\n<p style=\"text-align: left;\"><strong>\u0160atov 180<\/strong><br \/>\n<strong>671 22<\/strong><br \/>\n<strong>info@sportfyziofit.cz<\/strong><br \/>\n<strong>+420 731 494 048<\/strong><\/p>\n<p style=\"text-align: left;\"><strong>Bank account number:\u00a08795948001\/5500 \u00a0I\u010cO:04207114<\/strong><\/p>\n<p style=\"text-align: left;\">        <script type=\"text\/javascript\">\n         function cp_contactformtoemail_pform_doValidate_2(form)\n         {\n            document.cp_contactformtoemail_pform_2.cp_ref_page.value = document.location;\n            $dexQuery = jQuery.noConflict();            if (document.cp_contactformtoemail_pform_2.hdcaptcha_cp_contactformtoemail_post.value == '') { setTimeout( \"cp_contactformtoemail_cerror_2()\", 100); return false; }\n            var result = $dexQuery.ajax({ type: \"GET\", url: \"\/en\/?ps=_2&cp_contactformtoemail_pform_process=2&cp_contactformtoemail_id=1&inAdmin=1&ps=_2&hdcaptcha_cp_contactformtoemail_post=\"+document.cp_contactformtoemail_pform_2.hdcaptcha_cp_contactformtoemail_post.value, async: false }).responseText;\n            if (result.indexOf(\"captchafailed\") != -1) {\n                $dexQuery(\"#captchaimg_2\").attr('src', $dexQuery(\"#captchaimg_2\").attr('src')+'&'+Math.floor((Math.random() * 99999) + 1));\n                setTimeout( \"cp_contactformtoemail_cerror_2()\", 100);\n                return false;\n            } else             {\n                var cpefb_error = 0;\n                $dexQuery(\"#cp_contactformtoemail_pform_2\").find(\".cpefb_error\").each(function(index){\n                    if ($dexQuery(this).css(\"display\")!=\"none\")\n                        cpefb_error++;\n                    });\n                if (cpefb_error) return false;\n                if (document.cp_contactformtoemail_pform_2.cp_contactformtoemail_pform_status.value != '0')\n                           return false;\n                document.getElementById(\"refpage_2\").value = document.location;\n                cfte_blink(\".pbSubmit\");\n                document.cp_contactformtoemail_pform_2.cp_contactformtoemail_pform_status.value = '2';return true;            }\n         }\n         function cfte_blink(selector){\n                 try {\n                     $dexQuery = jQuery.noConflict();\n                     $dexQuery(selector).fadeOut(700, function(){\n                         $dexQuery(this).fadeIn(700, function(){\n                             try {\n                                 if (document.cp_contactformtoemail_pform_2.cp_contactformtoemail_pform_status.value != '0')\n                                     cfte_blink(this);\n                             } catch (e) {}\n                         });\n                     });\n                 } catch (e) {}\n         }\n         function cp_contactformtoemail_cerror_2(){$dexQuery = jQuery.noConflict();$dexQuery(\"#hdcaptcha_error_2\").css('top',$dexQuery(\"#hdcaptcha_cp_contactformtoemail_post_2\").outerHeight());$dexQuery(\"#hdcaptcha_error_2\").css(\"display\",\"inline\");}\n        <\/script>\n        <div id=\"cftedialog\" style=\"display:none;\"><\/div>\n        <form class=\"cpp_form\" name=\"cp_contactformtoemail_pform_2\" id=\"cp_contactformtoemail_pform_2\" action=\"\" method=\"post\" enctype=\"multipart\/form-data\" onsubmit=\"return cp_contactformtoemail_pform_doValidate_2(this);\"><input type=\"hidden\" name=\"cp_pform_psequence\" value=\"_2\" \/><input type=\"hidden\" name=\"cp_contactformtoemail_pform_process\" value=\"1\" \/><input type=\"hidden\" name=\"cp_contactformtoemail_id\" value=\"1\" \/><input type=\"hidden\" name=\"cp_ref_page\" value=\"\" \/><input type=\"hidden\" name=\"form_structure_2\" id=\"form_structure_2\" size=\"180\" value=\"[[{&quot;name&quot;:&quot;fieldname1&quot;,&quot;index&quot;:0,&quot;title&quot;:&quot;Jm\\u00e9no a P\\u0159\\u00edjmen\\u00ed&quot;,&quot;shortlabel&quot;:&quot;&quot;,&quot;ftype&quot;:&quot;ftext&quot;,&quot;userhelp&quot;:&quot;&quot;,&quot;userhelpTooltip&quot;:&quot;&quot;,&quot;csslayout&quot;:&quot;&quot;,&quot;predefined&quot;:&quot;&quot;,&quot;predefinedClick&quot;:false,&quot;required&quot;:false,&quot;size&quot;:&quot;medium&quot;,&quot;minlength&quot;:&quot;&quot;,&quot;maxlength&quot;:&quot;&quot;,&quot;equalTo&quot;:&quot;&quot;},{&quot;name&quot;:&quot;fieldname2&quot;,&quot;index&quot;:1,&quot;title&quot;:&quot;Telefon&quot;,&quot;shortlabel&quot;:&quot;&quot;,&quot;ftype&quot;:&quot;ftext&quot;,&quot;userhelp&quot;:&quot;&quot;,&quot;userhelpTooltip&quot;:&quot;&quot;,&quot;csslayout&quot;:&quot;&quot;,&quot;predefined&quot;:&quot;&quot;,&quot;predefinedClick&quot;:false,&quot;required&quot;:false,&quot;size&quot;:&quot;medium&quot;,&quot;minlength&quot;:&quot;&quot;,&quot;maxlength&quot;:&quot;&quot;,&quot;equalTo&quot;:&quot;&quot;},{&quot;name&quot;:&quot;email&quot;,&quot;index&quot;:2,&quot;title&quot;:&quot;Email&quot;,&quot;ftype&quot;:&quot;femail&quot;,&quot;userhelp&quot;:&quot;&quot;,&quot;csslayout&quot;:&quot;&quot;,&quot;required&quot;:true,&quot;predefined&quot;:&quot;&quot;,&quot;size&quot;:&quot;medium&quot;,&quot;shortlabel&quot;:&quot;&quot;,&quot;userhelpTooltip&quot;:&quot;&quot;,&quot;predefinedClick&quot;:false,&quot;equalTo&quot;:&quot;&quot;},{&quot;name&quot;:&quot;subject&quot;,&quot;index&quot;:3,&quot;title&quot;:&quot;P\\u0159edm\\u011bt&quot;,&quot;required&quot;:true,&quot;ftype&quot;:&quot;ftext&quot;,&quot;userhelp&quot;:&quot;&quot;,&quot;csslayout&quot;:&quot;&quot;,&quot;predefined&quot;:&quot;&quot;,&quot;size&quot;:&quot;medium&quot;,&quot;shortlabel&quot;:&quot;&quot;,&quot;userhelpTooltip&quot;:&quot;&quot;,&quot;predefinedClick&quot;:false,&quot;minlength&quot;:&quot;&quot;,&quot;maxlength&quot;:&quot;&quot;,&quot;equalTo&quot;:&quot;&quot;},{&quot;name&quot;:&quot;message&quot;,&quot;index&quot;:4,&quot;size&quot;:&quot;medium&quot;,&quot;required&quot;:true,&quot;title&quot;:&quot;Zpr\\u00e1va&quot;,&quot;ftype&quot;:&quot;ftextarea&quot;,&quot;userhelp&quot;:&quot;&quot;,&quot;csslayout&quot;:&quot;&quot;,&quot;predefined&quot;:&quot;&quot;,&quot;shortlabel&quot;:&quot;&quot;,&quot;userhelpTooltip&quot;:&quot;&quot;,&quot;predefinedClick&quot;:false,&quot;minlength&quot;:&quot;&quot;,&quot;maxlength&quot;:&quot;&quot;}],[{&quot;title&quot;:&quot;Kontaktn\\u00ed dotazn\\u00edk&quot;,&quot;description&quot;:&quot;&quot;,&quot;formlayout&quot;:&quot;top_aligned&quot;}]]\" \/><input type=\"hidden\" name=\"refpage_2\" id=\"refpage_2\" value=\"\"><input type=\"hidden\" name=\"cp_contactformtoemail_pform_status\" value=\"0\" \/><input name=\"anonce\" type=\"hidden\" value=\"f7cd72be4a\"\/><input name=\"cftehp\" id=\"cftehp_2\" type=\"hidden\" value=\"1\"\/>\r\n<div id=\"fbuilder\">    \r\n    <div id=\"fbuilder_2\">\r\n        <div id=\"formheader_2\"><\/div>\r\n        <div id=\"fieldlist_2\"><\/div>\r\n    <\/div>\r\n<\/div>    \r\n<div style=\"display:none\">\r\n<input name=\"cftecontrolmessage\" type=\"text\" value=\"\"\/> \r\n<div id=\"cpcaptchalayer_2\" class=\"cpcaptchalayer\">\r\n  Security Code:<br \/>\r\n  <img src=\"\/en\/?cp_contactformtoemail_captcha=captcha&ps=_2&inAdmin=1&width=180&height=65&letter_count=5&min_size=25&max_size=35&noise=190&noiselength=4&bcolor=ffffff&border=000000&font=font1\"  id=\"captchaimg_2\" alt=\"security code\" border=\"0\" class=\"skip-lazy\"  \/>\r\n  <br \/>Please enter the security code:<br \/>\r\n  <div class=\"dfield\"><input type=\"text\" size=\"20\" name=\"hdcaptcha_cp_contactformtoemail_post\" id=\"hdcaptcha_cp_contactformtoemail_post_2\" value=\"\" \/>\r\n  <div class=\"cpefb_error message\" id=\"hdcaptcha_error_2\" generated=\"true\" style=\"display:none;position: absolute; left: 0px; top: 25px;\">Please enter a valid captcha code.<\/div>\r\n  <\/div><br \/>  \r\n<\/div>\r\n<\/div>\r\n<div id=\"cp_subbtn_2\" class=\"cp_subbtn\">Odeslat<\/div>\r\n<\/form>\r\n<script>\r\ntry{document.getElementById(\"cftehp_2\").value=\"25\";}catch(e){}\r\n<\/script>\r\n<script>\r\nsetInterval('cfte_2()',2000);\r\nfunction cfte_2() {\r\ndocument.cp_contactformtoemail_pform_2.onsubmit = function(){ return cp_contactformtoemail_pform_doValidate_2(this);};\r\n}\r\n<\/script>\r\n<\/p>\n<hr \/>\n<h4>Where to find me:<\/h4>\n<p style=\"text-align: left;\"><iframe loading=\"lazy\" src=\"https:\/\/www.google.com\/maps\/embed?pb=!1m18!1m12!1m3!1d916.2700782876256!2d16.005071679951342!3d48.794689306623546!2m3!1f0!2f0!3f0!3m2!1i1024!2i768!4f13.1!3m3!1m2!1s0x476d564228a9e795%3A0xdb6e8ec958b33fbd!2zxaBhdG92IDE4MCwgNjcxIDIyIMWgYXRvdg!5e1!3m2!1sen!2scz!4v1447672138906\" width=\"600\" height=\"450\" frameborder=\"0\" allowfullscreen=\"allowfullscreen\"><\/iframe><\/p>\n<p><\/p>","protected":false},"excerpt":{"rendered":"<p>DiS. Zuzana Lorencov\u00e1, BA (Hons) \u0160atov 180 671 22 info@sportfyziofit.cz +420 731 494 048 Bank account number:\u00a08795948001\/5500 \u00a0I\u010cO:04207114 Where to find me:<\/p>\n","protected":false},"author":2,"featured_media":0,"parent":0,"menu_order":0,"comment_status":"closed","ping_status":"closed","template":"","meta":[],"yoast_head":"<!-- This site is optimized with the Yoast SEO plugin v19.11 - https:\/\/yoast.com\/wordpress\/plugins\/seo\/ -->\n<title>Contact &ndash; sportfyziofit.cz<\/title>\n<meta name=\"description\" content=\"Sportovn\u00ed a relaxa\u010dn\u00ed mas\u00e1\u017ee\" \/>\n<meta name=\"robots\" content=\"index, follow, max-snippet:-1, max-image-preview:large, max-video-preview:-1\" \/>\n<link rel=\"canonical\" href=\"http:\/\/sportfyziofit.cz\/en\/kontakt-2\/\" \/>\n<meta property=\"og:locale\" content=\"en_US\" \/>\n<meta property=\"og:type\" content=\"article\" \/>\n<meta property=\"og:title\" content=\"[:cs]Kontakt[:en]Contact[:de]Kontakt[:] &ndash; sportfyziofit.cz\" \/>\n<meta property=\"og:description\" content=\"Sportovn\u00ed a relaxa\u010dn\u00ed mas\u00e1\u017ee\" \/>\n<meta property=\"og:url\" content=\"http:\/\/sportfyziofit.cz\/en\/kontakt-2\/\" \/>\n<meta property=\"og:site_name\" content=\"sportfyziofit.cz\" \/>\n<meta property=\"article:publisher\" content=\"https:\/\/www.facebook.com\/sportfyziofit\" \/>\n<meta property=\"article:modified_time\" content=\"2019-07-09T14:25:20+00:00\" \/>\n<meta property=\"og:image\" content=\"http:\/\/sportfyziofit.cz\/wp-content\/uploads\/2015\/11\/logofyzio1-300x162.png\" \/>\n<meta name=\"twitter:card\" content=\"summary_large_image\" \/>\n<meta name=\"twitter:site\" content=\"@SportFyzioFit\" \/>\n<script type=\"application\/ld+json\" class=\"yoast-schema-graph\">{\"@context\":\"https:\/\/schema.org\",\"@graph\":[{\"@type\":\"WebPage\",\"@id\":\"http:\/\/sportfyziofit.cz\/en\/kontakt-2\/\",\"url\":\"http:\/\/sportfyziofit.cz\/en\/kontakt-2\/\",\"name\":\"[:cs]Kontakt[:en]Contact[:de]Kontakt[:] &ndash; sportfyziofit.cz\",\"isPartOf\":{\"@id\":\"https:\/\/sportfyziofit.cz\/cs\/#website\"},\"datePublished\":\"2015-11-16T11:04:43+00:00\",\"dateModified\":\"2019-07-09T14:25:20+00:00\",\"description\":\"Sportovn\u00ed a relaxa\u010dn\u00ed mas\u00e1\u017ee\",\"breadcrumb\":{\"@id\":\"http:\/\/sportfyziofit.cz\/en\/kontakt-2\/#breadcrumb\"},\"inLanguage\":\"en-US\",\"potentialAction\":[{\"@type\":\"ReadAction\",\"target\":[\"http:\/\/sportfyziofit.cz\/en\/kontakt-2\/\"]}]},{\"@type\":\"BreadcrumbList\",\"@id\":\"http:\/\/sportfyziofit.cz\/en\/kontakt-2\/#breadcrumb\",\"itemListElement\":[{\"@type\":\"ListItem\",\"position\":1,\"name\":\"Home\",\"item\":\"https:\/\/sportfyziofit.cz\/cs\/\"},{\"@type\":\"ListItem\",\"position\":2,\"name\":\"Contact\"}]},{\"@type\":\"WebSite\",\"@id\":\"https:\/\/sportfyziofit.cz\/cs\/#website\",\"url\":\"https:\/\/sportfyziofit.cz\/cs\/\",\"name\":\"sportfyziofit.cz\",\"description\":\"... Welcome to the site focusing on sports massage, reflexology massage, relaxation massage, massage and musculoskeletal trauma counseling ...\",\"potentialAction\":[{\"@type\":\"SearchAction\",\"target\":{\"@type\":\"EntryPoint\",\"urlTemplate\":\"https:\/\/sportfyziofit.cz\/cs\/?s={search_term_string}\"},\"query-input\":\"required name=search_term_string\"}],\"inLanguage\":\"en-US\"}]}<\/script>\n<!-- \/ Yoast SEO plugin. -->","yoast_head_json":{"title":"[:cs]Kontakt[:en]Contact[:de]Kontakt[:] &ndash; sportfyziofit.cz","description":"Sportovn\u00ed a relaxa\u010dn\u00ed mas\u00e1\u017ee","robots":{"index":"index","follow":"follow","max-snippet":"max-snippet:-1","max-image-preview":"max-image-preview:large","max-video-preview":"max-video-preview:-1"},"canonical":"http:\/\/sportfyziofit.cz\/en\/kontakt-2\/","og_locale":"en_US","og_type":"article","og_title":"[:cs]Kontakt[:en]Contact[:de]Kontakt[:] &ndash; sportfyziofit.cz","og_description":"Sportovn\u00ed a relaxa\u010dn\u00ed mas\u00e1\u017ee","og_url":"http:\/\/sportfyziofit.cz\/en\/kontakt-2\/","og_site_name":"sportfyziofit.cz","article_publisher":"https:\/\/www.facebook.com\/sportfyziofit","article_modified_time":"2019-07-09T14:25:20+00:00","og_image":[{"url":"http:\/\/sportfyziofit.cz\/wp-content\/uploads\/2015\/11\/logofyzio1-300x162.png"}],"twitter_card":"summary_large_image","twitter_site":"@SportFyzioFit","schema":{"@context":"https:\/\/schema.org","@graph":[{"@type":"WebPage","@id":"http:\/\/sportfyziofit.cz\/en\/kontakt-2\/","url":"http:\/\/sportfyziofit.cz\/en\/kontakt-2\/","name":"[:cs]Kontakt[:en]Contact[:de]Kontakt[:] &ndash; sportfyziofit.cz","isPartOf":{"@id":"https:\/\/sportfyziofit.cz\/cs\/#website"},"datePublished":"2015-11-16T11:04:43+00:00","dateModified":"2019-07-09T14:25:20+00:00","description":"Sportovn\u00ed a relaxa\u010dn\u00ed mas\u00e1\u017ee","breadcrumb":{"@id":"http:\/\/sportfyziofit.cz\/en\/kontakt-2\/#breadcrumb"},"inLanguage":"en-US","potentialAction":[{"@type":"ReadAction","target":["http:\/\/sportfyziofit.cz\/en\/kontakt-2\/"]}]},{"@type":"BreadcrumbList","@id":"http:\/\/sportfyziofit.cz\/en\/kontakt-2\/#breadcrumb","itemListElement":[{"@type":"ListItem","position":1,"name":"Home","item":"https:\/\/sportfyziofit.cz\/cs\/"},{"@type":"ListItem","position":2,"name":"Contact"}]},{"@type":"WebSite","@id":"https:\/\/sportfyziofit.cz\/cs\/#website","url":"https:\/\/sportfyziofit.cz\/cs\/","name":"sportfyziofit.cz","description":"... Welcome to the site focusing on sports massage, reflexology massage, relaxation massage, massage and musculoskeletal trauma counseling ...","potentialAction":[{"@type":"SearchAction","target":{"@type":"EntryPoint","urlTemplate":"https:\/\/sportfyziofit.cz\/cs\/?s={search_term_string}"},"query-input":"required name=search_term_string"}],"inLanguage":"en-US"}]}},"_links":{"self":[{"href":"http:\/\/sportfyziofit.cz\/en\/wp-json\/wp\/v2\/pages\/106"}],"collection":[{"href":"http:\/\/sportfyziofit.cz\/en\/wp-json\/wp\/v2\/pages"}],"about":[{"href":"http:\/\/sportfyziofit.cz\/en\/wp-json\/wp\/v2\/types\/page"}],"author":[{"embeddable":true,"href":"http:\/\/sportfyziofit.cz\/en\/wp-json\/wp\/v2\/users\/2"}],"replies":[{"embeddable":true,"href":"http:\/\/sportfyziofit.cz\/en\/wp-json\/wp\/v2\/comments?post=106"}],"version-history":[{"count":53,"href":"http:\/\/sportfyziofit.cz\/en\/wp-json\/wp\/v2\/pages\/106\/revisions"}],"predecessor-version":[{"id":661,"href":"http:\/\/sportfyziofit.cz\/en\/wp-json\/wp\/v2\/pages\/106\/revisions\/661"}],"wp:attachment":[{"href":"http:\/\/sportfyziofit.cz\/en\/wp-json\/wp\/v2\/media?parent=106"}],"curies":[{"name":"wp","href":"https:\/\/api.w.org\/{rel}","templated":true}]}}