{"id":277,"date":"2015-12-02T07:07:44","date_gmt":"2015-12-02T07:07:44","guid":{"rendered":"http:\/\/sportfyziofit.cz\/?page_id=277"},"modified":"2015-12-09T10:42:21","modified_gmt":"2015-12-09T10:42:21","slug":"kinezio-taping","status":"publish","type":"page","link":"http:\/\/sportfyziofit.cz\/en\/kinezio-taping\/","title":{"rendered":"Kinezio taping"},"content":{"rendered":"<p><div id=\"attachment_284\" style=\"width: 593px\" class=\"wp-caption aligncenter\"><a href=\"http:\/\/sportfyziofit.cz\/wp-content\/uploads\/2015\/12\/tejp.png\"><img aria-describedby=\"caption-attachment-284\" decoding=\"async\" loading=\"lazy\" class=\"wp-image-284\" src=\"http:\/\/sportfyziofit.cz\/wp-content\/uploads\/2015\/12\/tejp.png\" alt=\"Kineziotaping\" width=\"583\" height=\"241\" srcset=\"http:\/\/sportfyziofit.cz\/wp-content\/uploads\/2015\/12\/tejp.png 847w, http:\/\/sportfyziofit.cz\/wp-content\/uploads\/2015\/12\/tejp-300x124.png 300w\" sizes=\"(max-width: 583px) 100vw, 583px\" \/><\/a><p id=\"caption-attachment-284\" class=\"wp-caption-text\">Kineziotaping<\/p><\/div><\/p>\n<h2 style=\"text-align: justify;\">Kineziotaping<\/h2>\n<p style=\"text-align: justify;\">Kineziotaping is revolutionary and very popular technology in recovery and rehabilitation. His very gentle and mild increases the therapeutic and healing process and prolongs the effect of relaxing massage targeted focus on problematic areas such as muscles, ligaments, tendons and the like.<br \/>\nToday&#8217;s sports world is no longer kineziotapingu not do. Kineziotaping developed at the end of the second half of the twentieth century in Japan physician Kenzo Kase. Over the coming years kineziotaping spread throughout the world.<br \/>\nKineziotapingu main advantage is a simple application speed and instantaneous effectiveness of therapy.<br \/>\nTechniques kineziotapingu<br \/>\nMuscle: It is a technique in which the skin has been glued an elastic band with flexibility corresponding to the human skin, when the skin tape crimps thereby allowing increased blood flow lasting and lymph. This prolongs the muscle relaxant effect and lymphatic drainage massage and activate the healing process.<br \/>\nLigament: It is a technique to stabilize the individual ligaments transition portions of the spine, acupuncture points or trigger.<br \/>\nFasciov\u00e1: This technique normalizes muscle tone.<br \/>\nLymphatic: Lymphatic technique prevents the repeated formation of lymphoedema. Increasing lymph flow removes toxins from the superficial tissues.<br \/>\nScar correction: It helps to reduce the release and older, active and keloid scars.<br \/>\nMechanical engineering Correction: Adjusts the incorrect position of the muscles, joints and bones, for example after injury or bad posture. (eg, flat foot, valgus inch)<\/p>\n<h4 style=\"text-align: justify;\">Application of \u00a0kineziotaping<\/h4>\n<ul style=\"text-align: justify;\">\n<li>pains in the spine, joints, tendons and muscles<\/li>\n<li>in sport<\/li>\n<li>extends the effects of massage<\/li>\n<li>compensates for incorrect posture<\/li>\n<li>stabilizes released blockade<\/li>\n<li>activates healing processes<\/li>\n<li>improves blood flow<\/li>\n<li>It helps to carpal tunnel syndrome and overload extensors hand<\/li>\n<li>after accidents, in convalescence and rehabilitation<\/li>\n<\/ul>\n<h4 style=\"text-align: justify;\">It is not appropriate to apply the tape?<\/h4>\n<ul style=\"text-align: justify;\">\n<li>in acute thrombosis<\/li>\n<li>when rashes, eczema<\/li>\n<li>on the top layer of damaged skin<\/li>\n<li>open wounds<\/li>\n<li>on warts<\/li>\n<li>in feverish conditions<\/li>\n<li>malignant melanoma of the skin<\/li>\n<\/ul>\n<p style=\"text-align: justify;\">It is best to keep Tape applied by the expert that best reveal the cause of your pain and consider which type of the tape and how to use it or edit. Tape with trims in various shapes to meet the purpose kineziotapingu.<br \/>\nIt is important to realize that lay kineziotaping carries risks because the layman is not fully able to distinguish muscle from the tendon, ligament and fascia. If you decide to stick to tape yourself with illustrative images, videos or &#8220;okouk\u00e1n\u00edm&#8221;, it is recommended to do so only in minor health problems, which is necessary to ensure precise compliance with the procedure. For more serious health problems always seek expert.<br \/>\nIf the tape is applied properly, it has a surprisingly positive effect and in short time can be totally non-invasive way to relieve pain.<\/p>\n<p style=\"text-align: justify;\">More information can be found also on the <a href=\"http:\/\/www.maseri.cz\/katalog\/maseri\/jihomoravsky\/znojmo\/id=44018&amp;m=sport-fyzio-fit.html\" target=\"_blank\">website<\/a><\/p>\n<p><\/p>","protected":false},"excerpt":{"rendered":"<p>Kineziotaping Kineziotaping is revolutionary and very popular technology in recovery and rehabilitation. His very gentle and mild increases the therapeutic and healing process and prolongs the effect of relaxing massage targeted focus on problematic areas such as muscles, ligaments, tendons and the like. Today&#8217;s sports world is no longer kineziotapingu not do. Kineziotaping developed at [&hellip;]<\/p>\n","protected":false},"author":2,"featured_media":0,"parent":0,"menu_order":0,"comment_status":"closed","ping_status":"closed","template":"","meta":[],"yoast_head":"<!-- This site is optimized with the Yoast SEO plugin v19.11 - https:\/\/yoast.com\/wordpress\/plugins\/seo\/ -->\n<title>Kinezio taping &ndash; sportfyziofit.cz<\/title>\n<meta name=\"description\" content=\"Kinezio taping je p\u0159evratn\u00e1 a velice vyhled\u00e1van\u00e1 technika v regeneraci a rehabilitaci. To v\u0161e od profesion\u00e1la v \u0160atove u Znojma\" \/>\n<meta name=\"robots\" content=\"index, follow, max-snippet:-1, max-image-preview:large, max-video-preview:-1\" \/>\n<link rel=\"canonical\" href=\"https:\/\/sportfyziofit.cz\/en\/kinezio-taping\/\" \/>\n<meta property=\"og:locale\" content=\"en_US\" \/>\n<meta property=\"og:type\" content=\"article\" \/>\n<meta property=\"og:title\" content=\"[:cs]Kinezio taping[:en]Kinezio taping[:de]Kineziotaping[:] &ndash; sportfyziofit.cz\" \/>\n<meta property=\"og:description\" content=\"Kinezio taping je p\u0159evratn\u00e1 a velice vyhled\u00e1van\u00e1 technika v regeneraci a rehabilitaci. To v\u0161e od profesion\u00e1la v \u0160atove u Znojma\" \/>\n<meta property=\"og:url\" content=\"https:\/\/sportfyziofit.cz\/en\/kinezio-taping\/\" \/>\n<meta property=\"og:site_name\" content=\"sportfyziofit.cz\" \/>\n<meta property=\"article:publisher\" content=\"https:\/\/www.facebook.com\/sportfyziofit\" \/>\n<meta property=\"article:modified_time\" content=\"2015-12-09T10:42:21+00:00\" \/>\n<meta property=\"og:image\" content=\"http:\/\/sportfyziofit.cz\/wp-content\/uploads\/2015\/12\/tejp.png\" \/>\n<meta name=\"twitter:card\" content=\"summary_large_image\" \/>\n<meta name=\"twitter:site\" content=\"@SportFyzioFit\" \/>\n<meta name=\"twitter:label1\" content=\"Est. reading time\" \/>\n\t<meta name=\"twitter:data1\" content=\"8 minutes\" \/>\n<script type=\"application\/ld+json\" class=\"yoast-schema-graph\">{\"@context\":\"https:\/\/schema.org\",\"@graph\":[{\"@type\":\"WebPage\",\"@id\":\"https:\/\/sportfyziofit.cz\/en\/kinezio-taping\/\",\"url\":\"https:\/\/sportfyziofit.cz\/en\/kinezio-taping\/\",\"name\":\"[:cs]Kinezio taping[:en]Kinezio taping[:de]Kineziotaping[:] &ndash; sportfyziofit.cz\",\"isPartOf\":{\"@id\":\"https:\/\/sportfyziofit.cz\/en\/#website\"},\"datePublished\":\"2015-12-02T07:07:44+00:00\",\"dateModified\":\"2015-12-09T10:42:21+00:00\",\"description\":\"Kinezio taping je p\u0159evratn\u00e1 a velice vyhled\u00e1van\u00e1 technika v regeneraci a rehabilitaci. To v\u0161e od profesion\u00e1la v \u0160atove u Znojma\",\"breadcrumb\":{\"@id\":\"https:\/\/sportfyziofit.cz\/en\/kinezio-taping\/#breadcrumb\"},\"inLanguage\":\"en-US\",\"potentialAction\":[{\"@type\":\"ReadAction\",\"target\":[\"https:\/\/sportfyziofit.cz\/en\/kinezio-taping\/\"]}]},{\"@type\":\"BreadcrumbList\",\"@id\":\"https:\/\/sportfyziofit.cz\/en\/kinezio-taping\/#breadcrumb\",\"itemListElement\":[{\"@type\":\"ListItem\",\"position\":1,\"name\":\"Home\",\"item\":\"https:\/\/sportfyziofit.cz\/en\/\"},{\"@type\":\"ListItem\",\"position\":2,\"name\":\"Kinezio taping\"}]},{\"@type\":\"WebSite\",\"@id\":\"https:\/\/sportfyziofit.cz\/en\/#website\",\"url\":\"https:\/\/sportfyziofit.cz\/en\/\",\"name\":\"sportfyziofit.cz\",\"description\":\"... Welcome to the site focusing on sports massage, reflexology massage, relaxation massage, massage and musculoskeletal trauma counseling ...\",\"potentialAction\":[{\"@type\":\"SearchAction\",\"target\":{\"@type\":\"EntryPoint\",\"urlTemplate\":\"https:\/\/sportfyziofit.cz\/en\/?s={search_term_string}\"},\"query-input\":\"required name=search_term_string\"}],\"inLanguage\":\"en-US\"}]}<\/script>\n<!-- \/ Yoast SEO plugin. -->","yoast_head_json":{"title":"[:cs]Kinezio taping[:en]Kinezio taping[:de]Kineziotaping[:] &ndash; sportfyziofit.cz","description":"Kinezio taping je p\u0159evratn\u00e1 a velice vyhled\u00e1van\u00e1 technika v regeneraci a rehabilitaci. To v\u0161e od profesion\u00e1la v \u0160atove u Znojma","robots":{"index":"index","follow":"follow","max-snippet":"max-snippet:-1","max-image-preview":"max-image-preview:large","max-video-preview":"max-video-preview:-1"},"canonical":"https:\/\/sportfyziofit.cz\/en\/kinezio-taping\/","og_locale":"en_US","og_type":"article","og_title":"[:cs]Kinezio taping[:en]Kinezio taping[:de]Kineziotaping[:] &ndash; sportfyziofit.cz","og_description":"Kinezio taping je p\u0159evratn\u00e1 a velice vyhled\u00e1van\u00e1 technika v regeneraci a rehabilitaci. To v\u0161e od profesion\u00e1la v \u0160atove u Znojma","og_url":"https:\/\/sportfyziofit.cz\/en\/kinezio-taping\/","og_site_name":"sportfyziofit.cz","article_publisher":"https:\/\/www.facebook.com\/sportfyziofit","article_modified_time":"2015-12-09T10:42:21+00:00","og_image":[{"url":"http:\/\/sportfyziofit.cz\/wp-content\/uploads\/2015\/12\/tejp.png"}],"twitter_card":"summary_large_image","twitter_site":"@SportFyzioFit","twitter_misc":{"Est. reading time":"8 minutes"},"schema":{"@context":"https:\/\/schema.org","@graph":[{"@type":"WebPage","@id":"https:\/\/sportfyziofit.cz\/en\/kinezio-taping\/","url":"https:\/\/sportfyziofit.cz\/en\/kinezio-taping\/","name":"[:cs]Kinezio taping[:en]Kinezio taping[:de]Kineziotaping[:] &ndash; sportfyziofit.cz","isPartOf":{"@id":"https:\/\/sportfyziofit.cz\/en\/#website"},"datePublished":"2015-12-02T07:07:44+00:00","dateModified":"2015-12-09T10:42:21+00:00","description":"Kinezio taping je p\u0159evratn\u00e1 a velice vyhled\u00e1van\u00e1 technika v regeneraci a rehabilitaci. To v\u0161e od profesion\u00e1la v \u0160atove u Znojma","breadcrumb":{"@id":"https:\/\/sportfyziofit.cz\/en\/kinezio-taping\/#breadcrumb"},"inLanguage":"en-US","potentialAction":[{"@type":"ReadAction","target":["https:\/\/sportfyziofit.cz\/en\/kinezio-taping\/"]}]},{"@type":"BreadcrumbList","@id":"https:\/\/sportfyziofit.cz\/en\/kinezio-taping\/#breadcrumb","itemListElement":[{"@type":"ListItem","position":1,"name":"Home","item":"https:\/\/sportfyziofit.cz\/en\/"},{"@type":"ListItem","position":2,"name":"Kinezio taping"}]},{"@type":"WebSite","@id":"https:\/\/sportfyziofit.cz\/en\/#website","url":"https:\/\/sportfyziofit.cz\/en\/","name":"sportfyziofit.cz","description":"... Welcome to the site focusing on sports massage, reflexology massage, relaxation massage, massage and musculoskeletal trauma counseling ...","potentialAction":[{"@type":"SearchAction","target":{"@type":"EntryPoint","urlTemplate":"https:\/\/sportfyziofit.cz\/en\/?s={search_term_string}"},"query-input":"required name=search_term_string"}],"inLanguage":"en-US"}]}},"_links":{"self":[{"href":"http:\/\/sportfyziofit.cz\/en\/wp-json\/wp\/v2\/pages\/277"}],"collection":[{"href":"http:\/\/sportfyziofit.cz\/en\/wp-json\/wp\/v2\/pages"}],"about":[{"href":"http:\/\/sportfyziofit.cz\/en\/wp-json\/wp\/v2\/types\/page"}],"author":[{"embeddable":true,"href":"http:\/\/sportfyziofit.cz\/en\/wp-json\/wp\/v2\/users\/2"}],"replies":[{"embeddable":true,"href":"http:\/\/sportfyziofit.cz\/en\/wp-json\/wp\/v2\/comments?post=277"}],"version-history":[{"count":5,"href":"http:\/\/sportfyziofit.cz\/en\/wp-json\/wp\/v2\/pages\/277\/revisions"}],"predecessor-version":[{"id":549,"href":"http:\/\/sportfyziofit.cz\/en\/wp-json\/wp\/v2\/pages\/277\/revisions\/549"}],"wp:attachment":[{"href":"http:\/\/sportfyziofit.cz\/en\/wp-json\/wp\/v2\/media?parent=277"}],"curies":[{"name":"wp","href":"https:\/\/api.w.org\/{rel}","templated":true}]}}