{"id":308,"date":"2015-12-02T08:39:42","date_gmt":"2015-12-02T08:39:42","guid":{"rendered":"http:\/\/sportfyziofit.cz\/?page_id=308"},"modified":"2015-12-09T10:47:50","modified_gmt":"2015-12-09T10:47:50","slug":"masaze-pro-sedave-zamestnani","status":"publish","type":"page","link":"http:\/\/sportfyziofit.cz\/en\/masaze-pro-sedave-zamestnani\/","title":{"rendered":"Massage for a sedentary job"},"content":{"rendered":"<p><div id=\"attachment_312\" style=\"width: 662px\" class=\"wp-caption aligncenter\"><a href=\"http:\/\/sportfyziofit.cz\/wp-content\/uploads\/2015\/12\/office3.png\"><img aria-describedby=\"caption-attachment-312\" decoding=\"async\" loading=\"lazy\" class=\"wp-image-312 size-full\" src=\"http:\/\/sportfyziofit.cz\/wp-content\/uploads\/2015\/12\/office3.png\" alt=\"Massage for a sedentary job\" width=\"652\" height=\"282\" srcset=\"http:\/\/sportfyziofit.cz\/wp-content\/uploads\/2015\/12\/office3.png 652w, http:\/\/sportfyziofit.cz\/wp-content\/uploads\/2015\/12\/office3-300x130.png 300w\" sizes=\"(max-width: 652px) 100vw, 652px\" \/><\/a><p id=\"caption-attachment-312\" class=\"wp-caption-text\">Massage for a sedentary job<\/p><\/div><\/p>\n<h2 style=\"text-align: justify;\">Massage for a sedentary job<\/h2>\n<p style=\"text-align: justify;\">A sedentary job is a strain on the body. Sitting in classrooms does not stop there. The recruitment is mandatory breaks gradually reduce and often disappear completely. A sedentary job is not only for the onslaught of back, neck and eyes, but also for the cardiovascular system and heart. The whole metabolism slows down, stops circulation of lipase (an enzyme decomposing fats) and thus inter alia reducing the system&#8217;s ability to get rid of toxic substances, and thereby regeneration of the muscular system.<\/p>\n<p style=\"text-align: justify;\">Proper massage can reduce stress from work, body aches associated with dull-day posture and re-induce relaxation and regeneration loaded parts of the body. A sedentary job, long drive and the current trend accelerated life allows little time for relaxation and regeneration, which is essential for our body. Can indulge in massages regenerate body and mind simultaneously massage relieves overburdened motion system and it leads to increased workload because it promotes blood circulation and improves the cardiovascular system.<\/p>\n<p style=\"text-align: justify;\">Often it back hurts, but it can prevent proper massage.<br \/>\nA very important aspect is the choice of quality and qualified masseur. Improper procedure because you can hurt. Masseur you must always be the first visit to consult your current health condition. In some cases, especially if a person is not completely healthy, can be unprofessional massage hurt. For some ailment massage directly contraindications. These include cases where the patient is suffering from phlebitis, infectious disease, neurological diseases and some skin infections. There are countless types of massages, which can have a stimulating or calming effect. Most of them improves blood circulation in the muscles and connective tissues, reduce their stiffness and relieving pain.<\/p>\n<p style=\"text-align: justify;\">When you have a sedentary job and bothers me, stiffness and back pain, which occurs normally in sedentary jobs, is the worst rigid and often unnatural posture. The risk parti\u00edm include cervical spine, shoulders, forearms, and then the muscles ligaments in the elbow, wrist and fingers. Difficulties may worsen the pain may add tingling or numbness in the upper extremities. Often appearing pain throughout the spine to the lumbar region. Your body will relieve short breaks that will allow you to refresh and stretch stiff muscles and unilaterally loaded. Very relaxing work stretching back bent and the back-and propnut\u00fdmi arms.<\/p>\n<p style=\"text-align: justify;\">More information can be found also on the <a href=\"http:\/\/www.maseri.cz\/katalog\/maseri\/jihomoravsky\/znojmo\/id=44018&amp;m=sport-fyzio-fit.html\" target=\"_blank\">website<\/a><\/p>\n<p><\/p>","protected":false},"excerpt":{"rendered":"<p>Massage for a sedentary job A sedentary job is a strain on the body. Sitting in classrooms does not stop there. The recruitment is mandatory breaks gradually reduce and often disappear completely. A sedentary job is not only for the onslaught of back, neck and eyes, but also for the cardiovascular system and heart. The [&hellip;]<\/p>\n","protected":false},"author":2,"featured_media":0,"parent":0,"menu_order":0,"comment_status":"closed","ping_status":"closed","template":"","meta":[],"yoast_head":"<!-- This site is optimized with the Yoast SEO plugin v19.11 - https:\/\/yoast.com\/wordpress\/plugins\/seo\/ -->\n<title>Massage for a sedentary job &ndash; sportfyziofit.cz<\/title>\n<meta name=\"description\" content=\"Mas\u00e1\u017ee pro sedav\u00e9 zam\u011bstn\u00e1n\u00ed umo\u017e\u0148uj\u00ed odbourat stres ze zam\u011bstn\u00e1n\u00ed, bolesti t\u011bla spojen\u00e9 s jednotv\u00e1rn\u00ed celodenn\u00ed polohou t\u011bla\" \/>\n<meta name=\"robots\" content=\"index, follow, max-snippet:-1, max-image-preview:large, max-video-preview:-1\" \/>\n<link rel=\"canonical\" href=\"http:\/\/sportfyziofit.cz\/en\/masaze-pro-sedave-zamestnani\/\" \/>\n<meta property=\"og:locale\" content=\"en_US\" \/>\n<meta property=\"og:type\" content=\"article\" \/>\n<meta property=\"og:title\" content=\"[:cs]Mas\u00e1\u017ee pro sedav\u00e9 zam\u011bstn\u00e1n\u00ed[:en]Massage for a sedentary job[:de]Massage f\u00fcr eine sitzende T\u00e4tigkeit[:] &ndash; sportfyziofit.cz\" \/>\n<meta property=\"og:description\" content=\"Mas\u00e1\u017ee pro sedav\u00e9 zam\u011bstn\u00e1n\u00ed umo\u017e\u0148uj\u00ed odbourat stres ze zam\u011bstn\u00e1n\u00ed, bolesti t\u011bla spojen\u00e9 s jednotv\u00e1rn\u00ed celodenn\u00ed polohou t\u011bla\" \/>\n<meta property=\"og:url\" content=\"http:\/\/sportfyziofit.cz\/en\/masaze-pro-sedave-zamestnani\/\" \/>\n<meta property=\"og:site_name\" content=\"sportfyziofit.cz\" \/>\n<meta property=\"article:publisher\" content=\"https:\/\/www.facebook.com\/sportfyziofit\" \/>\n<meta property=\"article:modified_time\" content=\"2015-12-09T10:47:50+00:00\" \/>\n<meta property=\"og:image\" content=\"http:\/\/sportfyziofit.cz\/wp-content\/uploads\/2015\/12\/office3.png\" \/>\n<meta name=\"twitter:card\" content=\"summary_large_image\" \/>\n<meta name=\"twitter:site\" content=\"@SportFyzioFit\" \/>\n<meta name=\"twitter:label1\" content=\"Est. reading time\" \/>\n\t<meta name=\"twitter:data1\" content=\"7 minutes\" \/>\n<script type=\"application\/ld+json\" class=\"yoast-schema-graph\">{\"@context\":\"https:\/\/schema.org\",\"@graph\":[{\"@type\":\"WebPage\",\"@id\":\"http:\/\/sportfyziofit.cz\/en\/masaze-pro-sedave-zamestnani\/\",\"url\":\"http:\/\/sportfyziofit.cz\/en\/masaze-pro-sedave-zamestnani\/\",\"name\":\"[:cs]Mas\u00e1\u017ee pro sedav\u00e9 zam\u011bstn\u00e1n\u00ed[:en]Massage for a sedentary job[:de]Massage f\u00fcr eine sitzende T\u00e4tigkeit[:] &ndash; sportfyziofit.cz\",\"isPartOf\":{\"@id\":\"https:\/\/sportfyziofit.cz\/cs\/#website\"},\"datePublished\":\"2015-12-02T08:39:42+00:00\",\"dateModified\":\"2015-12-09T10:47:50+00:00\",\"description\":\"Mas\u00e1\u017ee pro sedav\u00e9 zam\u011bstn\u00e1n\u00ed umo\u017e\u0148uj\u00ed odbourat stres ze zam\u011bstn\u00e1n\u00ed, bolesti t\u011bla spojen\u00e9 s jednotv\u00e1rn\u00ed celodenn\u00ed polohou t\u011bla\",\"breadcrumb\":{\"@id\":\"http:\/\/sportfyziofit.cz\/en\/masaze-pro-sedave-zamestnani\/#breadcrumb\"},\"inLanguage\":\"en-US\",\"potentialAction\":[{\"@type\":\"ReadAction\",\"target\":[\"http:\/\/sportfyziofit.cz\/en\/masaze-pro-sedave-zamestnani\/\"]}]},{\"@type\":\"BreadcrumbList\",\"@id\":\"http:\/\/sportfyziofit.cz\/en\/masaze-pro-sedave-zamestnani\/#breadcrumb\",\"itemListElement\":[{\"@type\":\"ListItem\",\"position\":1,\"name\":\"Home\",\"item\":\"https:\/\/sportfyziofit.cz\/cs\/\"},{\"@type\":\"ListItem\",\"position\":2,\"name\":\"Massage for a sedentary job\"}]},{\"@type\":\"WebSite\",\"@id\":\"https:\/\/sportfyziofit.cz\/cs\/#website\",\"url\":\"https:\/\/sportfyziofit.cz\/cs\/\",\"name\":\"sportfyziofit.cz\",\"description\":\"... Welcome to the site focusing on sports massage, reflexology massage, relaxation massage, massage and musculoskeletal trauma counseling ...\",\"potentialAction\":[{\"@type\":\"SearchAction\",\"target\":{\"@type\":\"EntryPoint\",\"urlTemplate\":\"https:\/\/sportfyziofit.cz\/cs\/?s={search_term_string}\"},\"query-input\":\"required name=search_term_string\"}],\"inLanguage\":\"en-US\"}]}<\/script>\n<!-- \/ Yoast SEO plugin. -->","yoast_head_json":{"title":"[:cs]Mas\u00e1\u017ee pro sedav\u00e9 zam\u011bstn\u00e1n\u00ed[:en]Massage for a sedentary job[:de]Massage f\u00fcr eine sitzende T\u00e4tigkeit[:] &ndash; sportfyziofit.cz","description":"Mas\u00e1\u017ee pro sedav\u00e9 zam\u011bstn\u00e1n\u00ed umo\u017e\u0148uj\u00ed odbourat stres ze zam\u011bstn\u00e1n\u00ed, bolesti t\u011bla spojen\u00e9 s jednotv\u00e1rn\u00ed celodenn\u00ed polohou t\u011bla","robots":{"index":"index","follow":"follow","max-snippet":"max-snippet:-1","max-image-preview":"max-image-preview:large","max-video-preview":"max-video-preview:-1"},"canonical":"http:\/\/sportfyziofit.cz\/en\/masaze-pro-sedave-zamestnani\/","og_locale":"en_US","og_type":"article","og_title":"[:cs]Mas\u00e1\u017ee pro sedav\u00e9 zam\u011bstn\u00e1n\u00ed[:en]Massage for a sedentary job[:de]Massage f\u00fcr eine sitzende T\u00e4tigkeit[:] &ndash; sportfyziofit.cz","og_description":"Mas\u00e1\u017ee pro sedav\u00e9 zam\u011bstn\u00e1n\u00ed umo\u017e\u0148uj\u00ed odbourat stres ze zam\u011bstn\u00e1n\u00ed, bolesti t\u011bla spojen\u00e9 s jednotv\u00e1rn\u00ed celodenn\u00ed polohou t\u011bla","og_url":"http:\/\/sportfyziofit.cz\/en\/masaze-pro-sedave-zamestnani\/","og_site_name":"sportfyziofit.cz","article_publisher":"https:\/\/www.facebook.com\/sportfyziofit","article_modified_time":"2015-12-09T10:47:50+00:00","og_image":[{"url":"http:\/\/sportfyziofit.cz\/wp-content\/uploads\/2015\/12\/office3.png"}],"twitter_card":"summary_large_image","twitter_site":"@SportFyzioFit","twitter_misc":{"Est. reading time":"7 minutes"},"schema":{"@context":"https:\/\/schema.org","@graph":[{"@type":"WebPage","@id":"http:\/\/sportfyziofit.cz\/en\/masaze-pro-sedave-zamestnani\/","url":"http:\/\/sportfyziofit.cz\/en\/masaze-pro-sedave-zamestnani\/","name":"[:cs]Mas\u00e1\u017ee pro sedav\u00e9 zam\u011bstn\u00e1n\u00ed[:en]Massage for a sedentary job[:de]Massage f\u00fcr eine sitzende T\u00e4tigkeit[:] &ndash; sportfyziofit.cz","isPartOf":{"@id":"https:\/\/sportfyziofit.cz\/cs\/#website"},"datePublished":"2015-12-02T08:39:42+00:00","dateModified":"2015-12-09T10:47:50+00:00","description":"Mas\u00e1\u017ee pro sedav\u00e9 zam\u011bstn\u00e1n\u00ed umo\u017e\u0148uj\u00ed odbourat stres ze zam\u011bstn\u00e1n\u00ed, bolesti t\u011bla spojen\u00e9 s jednotv\u00e1rn\u00ed celodenn\u00ed polohou t\u011bla","breadcrumb":{"@id":"http:\/\/sportfyziofit.cz\/en\/masaze-pro-sedave-zamestnani\/#breadcrumb"},"inLanguage":"en-US","potentialAction":[{"@type":"ReadAction","target":["http:\/\/sportfyziofit.cz\/en\/masaze-pro-sedave-zamestnani\/"]}]},{"@type":"BreadcrumbList","@id":"http:\/\/sportfyziofit.cz\/en\/masaze-pro-sedave-zamestnani\/#breadcrumb","itemListElement":[{"@type":"ListItem","position":1,"name":"Home","item":"https:\/\/sportfyziofit.cz\/cs\/"},{"@type":"ListItem","position":2,"name":"Massage for a sedentary job"}]},{"@type":"WebSite","@id":"https:\/\/sportfyziofit.cz\/cs\/#website","url":"https:\/\/sportfyziofit.cz\/cs\/","name":"sportfyziofit.cz","description":"... Welcome to the site focusing on sports massage, reflexology massage, relaxation massage, massage and musculoskeletal trauma counseling ...","potentialAction":[{"@type":"SearchAction","target":{"@type":"EntryPoint","urlTemplate":"https:\/\/sportfyziofit.cz\/cs\/?s={search_term_string}"},"query-input":"required name=search_term_string"}],"inLanguage":"en-US"}]}},"_links":{"self":[{"href":"http:\/\/sportfyziofit.cz\/en\/wp-json\/wp\/v2\/pages\/308"}],"collection":[{"href":"http:\/\/sportfyziofit.cz\/en\/wp-json\/wp\/v2\/pages"}],"about":[{"href":"http:\/\/sportfyziofit.cz\/en\/wp-json\/wp\/v2\/types\/page"}],"author":[{"embeddable":true,"href":"http:\/\/sportfyziofit.cz\/en\/wp-json\/wp\/v2\/users\/2"}],"replies":[{"embeddable":true,"href":"http:\/\/sportfyziofit.cz\/en\/wp-json\/wp\/v2\/comments?post=308"}],"version-history":[{"count":6,"href":"http:\/\/sportfyziofit.cz\/en\/wp-json\/wp\/v2\/pages\/308\/revisions"}],"predecessor-version":[{"id":567,"href":"http:\/\/sportfyziofit.cz\/en\/wp-json\/wp\/v2\/pages\/308\/revisions\/567"}],"wp:attachment":[{"href":"http:\/\/sportfyziofit.cz\/en\/wp-json\/wp\/v2\/media?parent=308"}],"curies":[{"name":"wp","href":"https:\/\/api.w.org\/{rel}","templated":true}]}}