{"id":325,"date":"2015-12-02T09:05:18","date_gmt":"2015-12-02T09:05:18","guid":{"rendered":"http:\/\/sportfyziofit.cz\/?page_id=325"},"modified":"2015-12-09T10:46:48","modified_gmt":"2015-12-09T10:46:48","slug":"masaze-pro-seniory","status":"publish","type":"page","link":"http:\/\/sportfyziofit.cz\/en\/masaze-pro-seniory\/","title":{"rendered":"Massage for Seniors"},"content":{"rendered":"<p><div id=\"attachment_328\" style=\"width: 617px\" class=\"wp-caption aligncenter\"><a href=\"http:\/\/sportfyziofit.cz\/wp-content\/uploads\/2015\/12\/senior3.png\"><img aria-describedby=\"caption-attachment-328\" decoding=\"async\" loading=\"lazy\" class=\"wp-image-328 size-full\" src=\"http:\/\/sportfyziofit.cz\/wp-content\/uploads\/2015\/12\/senior3.png\" alt=\"Massage for Seniors\" width=\"607\" height=\"257\" srcset=\"http:\/\/sportfyziofit.cz\/wp-content\/uploads\/2015\/12\/senior3.png 607w, http:\/\/sportfyziofit.cz\/wp-content\/uploads\/2015\/12\/senior3-300x127.png 300w\" sizes=\"(max-width: 607px) 100vw, 607px\" \/><\/a><p id=\"caption-attachment-328\" class=\"wp-caption-text\">Massage for Seniors<\/p><\/div><\/p>\n<h2>Massage for Seniors<\/h2>\n<p>Massage for the elderly is a massage technique that has its own specifics. Given the changes in the bones and joints caused by age, it is necessary to choose the most considerate and gentle form of massage. This massage is prepared individually according to current needs and requirements with regard to health status, and so momentum. Regenerative massage focused specifically on seniors brings relief from pain and especially at regular intervals massage has preventative effects before infirmities of old age.<\/p>\n<p>Massage brings peace and tranquility, reduces stress, relieves stress, reduces problems with insomnia, restores overall strength of body and soul, harmonizes and completes the life energy, is working on the release of skeletal-muscle system, eliminates the stiff places, alleviates muscle pain.<\/p>\n<p>This massage is performed much more friendly than in younger age groups, especially to avoid deep kneading and tepac\u00edm hmat\u016fm and vibration. It is assembled individually according to current needs and requirements of the client, with regard to health status, and so momentum client.<\/p>\n<p>MASSAGE brings peace and tranquility, reduces stress, relieves stress, reduces problems with insomnia, restores overall strength of body and soul, harmonizes and completes the life energy, is working on the release of skeletal-muscle system, eliminates the stiff places, alleviates muscle pain.<\/p>\n<p>In combination with heat-peat wrap the effects of massage multiply preheated muscles are more pliable and is much more efficient massage effect.<\/p>\n<ul>\n<li>Relaxation, relief from muscle and joint pains, unlocking, warming the body in accordance with sound and relaxation process of relaxation and spa care for the age group of &#8220;senior&#8221;.<\/li>\n<li>Slow and gentle release of the body, which allows the combination of reflexology and aromatherapy massage techniques is achieved by starting its own regenerative capabilities of the organism.<\/li>\n<li>Highly effective and completely natural body care seniors.<\/li>\n<\/ul>\n<p>More information can be found also on the <a href=\"http:\/\/www.maseri.cz\/katalog\/maseri\/jihomoravsky\/znojmo\/id=44018&amp;m=sport-fyzio-fit.html\" target=\"_blank\">website<\/a><\/p>","protected":false},"excerpt":{"rendered":"<p>Massage for Seniors Massage for the elderly is a massage technique that has its own specifics. Given the changes in the bones and joints caused by age, it is necessary to choose the most considerate and gentle form of massage. This massage is prepared individually according to current needs and requirements with regard to health [&hellip;]<\/p>\n","protected":false},"author":2,"featured_media":0,"parent":0,"menu_order":0,"comment_status":"closed","ping_status":"closed","template":"","meta":[],"yoast_head":"<!-- This site is optimized with the Yoast SEO plugin v19.11 - https:\/\/yoast.com\/wordpress\/plugins\/seo\/ -->\n<title>Massage for Seniors &ndash; sportfyziofit.cz<\/title>\n<meta name=\"description\" content=\"Vzhledem ke zm\u011bn\u00e1m na kostech a kloubech zp\u016fsoben\u00fdch v\u011bkem je nutno zvolit nanejv\u00fd\u0161 \u0161etrnou a jemnou formu mas\u00e1\u017ee pro seniory\" \/>\n<meta name=\"robots\" content=\"index, follow, max-snippet:-1, max-image-preview:large, max-video-preview:-1\" \/>\n<link rel=\"canonical\" href=\"http:\/\/sportfyziofit.cz\/en\/masaze-pro-seniory\/\" \/>\n<meta property=\"og:locale\" content=\"en_US\" \/>\n<meta property=\"og:type\" content=\"article\" \/>\n<meta property=\"og:title\" content=\"[:cs]Mas\u00e1\u017ee pro seniory [:en]Massage for Seniors[:de]Massage f\u00fcr Senioren[:] &ndash; sportfyziofit.cz\" \/>\n<meta property=\"og:description\" content=\"Vzhledem ke zm\u011bn\u00e1m na kostech a kloubech zp\u016fsoben\u00fdch v\u011bkem je nutno zvolit nanejv\u00fd\u0161 \u0161etrnou a jemnou formu mas\u00e1\u017ee pro seniory\" \/>\n<meta property=\"og:url\" content=\"http:\/\/sportfyziofit.cz\/en\/masaze-pro-seniory\/\" \/>\n<meta property=\"og:site_name\" content=\"sportfyziofit.cz\" \/>\n<meta property=\"article:publisher\" content=\"https:\/\/www.facebook.com\/sportfyziofit\" \/>\n<meta property=\"article:modified_time\" content=\"2015-12-09T10:46:48+00:00\" \/>\n<meta property=\"og:image\" content=\"http:\/\/sportfyziofit.cz\/wp-content\/uploads\/2015\/12\/senior3.png\" \/>\n<meta name=\"twitter:card\" content=\"summary_large_image\" \/>\n<meta name=\"twitter:site\" content=\"@SportFyzioFit\" \/>\n<meta name=\"twitter:label1\" content=\"Est. reading time\" \/>\n\t<meta name=\"twitter:data1\" content=\"5 minutes\" \/>\n<script type=\"application\/ld+json\" class=\"yoast-schema-graph\">{\"@context\":\"https:\/\/schema.org\",\"@graph\":[{\"@type\":\"WebPage\",\"@id\":\"http:\/\/sportfyziofit.cz\/en\/masaze-pro-seniory\/\",\"url\":\"http:\/\/sportfyziofit.cz\/en\/masaze-pro-seniory\/\",\"name\":\"[:cs]Mas\u00e1\u017ee pro seniory [:en]Massage for Seniors[:de]Massage f\u00fcr Senioren[:] &ndash; sportfyziofit.cz\",\"isPartOf\":{\"@id\":\"https:\/\/sportfyziofit.cz\/cs\/#website\"},\"datePublished\":\"2015-12-02T09:05:18+00:00\",\"dateModified\":\"2015-12-09T10:46:48+00:00\",\"description\":\"Vzhledem ke zm\u011bn\u00e1m na kostech a kloubech zp\u016fsoben\u00fdch v\u011bkem je nutno zvolit nanejv\u00fd\u0161 \u0161etrnou a jemnou formu mas\u00e1\u017ee pro seniory\",\"breadcrumb\":{\"@id\":\"http:\/\/sportfyziofit.cz\/en\/masaze-pro-seniory\/#breadcrumb\"},\"inLanguage\":\"en-US\",\"potentialAction\":[{\"@type\":\"ReadAction\",\"target\":[\"http:\/\/sportfyziofit.cz\/en\/masaze-pro-seniory\/\"]}]},{\"@type\":\"BreadcrumbList\",\"@id\":\"http:\/\/sportfyziofit.cz\/en\/masaze-pro-seniory\/#breadcrumb\",\"itemListElement\":[{\"@type\":\"ListItem\",\"position\":1,\"name\":\"Home\",\"item\":\"https:\/\/sportfyziofit.cz\/cs\/\"},{\"@type\":\"ListItem\",\"position\":2,\"name\":\"Massage for Seniors\"}]},{\"@type\":\"WebSite\",\"@id\":\"https:\/\/sportfyziofit.cz\/cs\/#website\",\"url\":\"https:\/\/sportfyziofit.cz\/cs\/\",\"name\":\"sportfyziofit.cz\",\"description\":\"... Welcome to the site focusing on sports massage, reflexology massage, relaxation massage, massage and musculoskeletal trauma counseling ...\",\"potentialAction\":[{\"@type\":\"SearchAction\",\"target\":{\"@type\":\"EntryPoint\",\"urlTemplate\":\"https:\/\/sportfyziofit.cz\/cs\/?s={search_term_string}\"},\"query-input\":\"required name=search_term_string\"}],\"inLanguage\":\"en-US\"}]}<\/script>\n<!-- \/ Yoast SEO plugin. -->","yoast_head_json":{"title":"[:cs]Mas\u00e1\u017ee pro seniory [:en]Massage for Seniors[:de]Massage f\u00fcr Senioren[:] &ndash; sportfyziofit.cz","description":"Vzhledem ke zm\u011bn\u00e1m na kostech a kloubech zp\u016fsoben\u00fdch v\u011bkem je nutno zvolit nanejv\u00fd\u0161 \u0161etrnou a jemnou formu mas\u00e1\u017ee pro seniory","robots":{"index":"index","follow":"follow","max-snippet":"max-snippet:-1","max-image-preview":"max-image-preview:large","max-video-preview":"max-video-preview:-1"},"canonical":"http:\/\/sportfyziofit.cz\/en\/masaze-pro-seniory\/","og_locale":"en_US","og_type":"article","og_title":"[:cs]Mas\u00e1\u017ee pro seniory [:en]Massage for Seniors[:de]Massage f\u00fcr Senioren[:] &ndash; sportfyziofit.cz","og_description":"Vzhledem ke zm\u011bn\u00e1m na kostech a kloubech zp\u016fsoben\u00fdch v\u011bkem je nutno zvolit nanejv\u00fd\u0161 \u0161etrnou a jemnou formu mas\u00e1\u017ee pro seniory","og_url":"http:\/\/sportfyziofit.cz\/en\/masaze-pro-seniory\/","og_site_name":"sportfyziofit.cz","article_publisher":"https:\/\/www.facebook.com\/sportfyziofit","article_modified_time":"2015-12-09T10:46:48+00:00","og_image":[{"url":"http:\/\/sportfyziofit.cz\/wp-content\/uploads\/2015\/12\/senior3.png"}],"twitter_card":"summary_large_image","twitter_site":"@SportFyzioFit","twitter_misc":{"Est. reading time":"5 minutes"},"schema":{"@context":"https:\/\/schema.org","@graph":[{"@type":"WebPage","@id":"http:\/\/sportfyziofit.cz\/en\/masaze-pro-seniory\/","url":"http:\/\/sportfyziofit.cz\/en\/masaze-pro-seniory\/","name":"[:cs]Mas\u00e1\u017ee pro seniory [:en]Massage for Seniors[:de]Massage f\u00fcr Senioren[:] &ndash; sportfyziofit.cz","isPartOf":{"@id":"https:\/\/sportfyziofit.cz\/cs\/#website"},"datePublished":"2015-12-02T09:05:18+00:00","dateModified":"2015-12-09T10:46:48+00:00","description":"Vzhledem ke zm\u011bn\u00e1m na kostech a kloubech zp\u016fsoben\u00fdch v\u011bkem je nutno zvolit nanejv\u00fd\u0161 \u0161etrnou a jemnou formu mas\u00e1\u017ee pro seniory","breadcrumb":{"@id":"http:\/\/sportfyziofit.cz\/en\/masaze-pro-seniory\/#breadcrumb"},"inLanguage":"en-US","potentialAction":[{"@type":"ReadAction","target":["http:\/\/sportfyziofit.cz\/en\/masaze-pro-seniory\/"]}]},{"@type":"BreadcrumbList","@id":"http:\/\/sportfyziofit.cz\/en\/masaze-pro-seniory\/#breadcrumb","itemListElement":[{"@type":"ListItem","position":1,"name":"Home","item":"https:\/\/sportfyziofit.cz\/cs\/"},{"@type":"ListItem","position":2,"name":"Massage for Seniors"}]},{"@type":"WebSite","@id":"https:\/\/sportfyziofit.cz\/cs\/#website","url":"https:\/\/sportfyziofit.cz\/cs\/","name":"sportfyziofit.cz","description":"... Welcome to the site focusing on sports massage, reflexology massage, relaxation massage, massage and musculoskeletal trauma counseling ...","potentialAction":[{"@type":"SearchAction","target":{"@type":"EntryPoint","urlTemplate":"https:\/\/sportfyziofit.cz\/cs\/?s={search_term_string}"},"query-input":"required name=search_term_string"}],"inLanguage":"en-US"}]}},"_links":{"self":[{"href":"http:\/\/sportfyziofit.cz\/en\/wp-json\/wp\/v2\/pages\/325"}],"collection":[{"href":"http:\/\/sportfyziofit.cz\/en\/wp-json\/wp\/v2\/pages"}],"about":[{"href":"http:\/\/sportfyziofit.cz\/en\/wp-json\/wp\/v2\/types\/page"}],"author":[{"embeddable":true,"href":"http:\/\/sportfyziofit.cz\/en\/wp-json\/wp\/v2\/users\/2"}],"replies":[{"embeddable":true,"href":"http:\/\/sportfyziofit.cz\/en\/wp-json\/wp\/v2\/comments?post=325"}],"version-history":[{"count":3,"href":"http:\/\/sportfyziofit.cz\/en\/wp-json\/wp\/v2\/pages\/325\/revisions"}],"predecessor-version":[{"id":530,"href":"http:\/\/sportfyziofit.cz\/en\/wp-json\/wp\/v2\/pages\/325\/revisions\/530"}],"wp:attachment":[{"href":"http:\/\/sportfyziofit.cz\/en\/wp-json\/wp\/v2\/media?parent=325"}],"curies":[{"name":"wp","href":"https:\/\/api.w.org\/{rel}","templated":true}]}}