{"id":330,"date":"2015-12-02T09:25:26","date_gmt":"2015-12-02T09:25:26","guid":{"rendered":"http:\/\/sportfyziofit.cz\/?page_id=330"},"modified":"2015-12-09T10:41:43","modified_gmt":"2015-12-09T10:41:43","slug":"pourazova-masaz","status":"publish","type":"page","link":"http:\/\/sportfyziofit.cz\/en\/pourazova-masaz\/","title":{"rendered":"Post-traumatic massage"},"content":{"rendered":"<p><div id=\"attachment_335\" style=\"width: 660px\" class=\"wp-caption aligncenter\"><a href=\"http:\/\/sportfyziofit.cz\/wp-content\/uploads\/2015\/12\/injury3.jpg\"><img aria-describedby=\"caption-attachment-335\" decoding=\"async\" loading=\"lazy\" class=\"wp-image-335 size-full\" src=\"http:\/\/sportfyziofit.cz\/wp-content\/uploads\/2015\/12\/injury3.jpg\" alt=\"Post-traumatic massage\" width=\"650\" height=\"246\" srcset=\"http:\/\/sportfyziofit.cz\/wp-content\/uploads\/2015\/12\/injury3.jpg 650w, http:\/\/sportfyziofit.cz\/wp-content\/uploads\/2015\/12\/injury3-300x114.jpg 300w\" sizes=\"(max-width: 650px) 100vw, 650px\" \/><\/a><p id=\"caption-attachment-335\" class=\"wp-caption-text\">Post-traumatic massage<\/p><\/div><\/p>\n<h2 style=\"text-align: justify;\">Post-traumatic massage<\/h2>\n<p style=\"text-align: justify;\">Traumatical massage aims complex posttraumatic therapy is to eliminate pain and to allow maximum range of motion of the affected body segment. We achieve this by using soft techniques, frictions, subtle touches to promote blood circulation and reducing swelling of the team, we will make reflective changes in the surrounding soft tissue and reduced range of motion of the affected joint.<\/p>\n<h4 style=\"text-align: justify;\">Edema:<\/h4>\n<p style=\"text-align: justify;\">Swelling develops gradually over the injury. Multiplication occurs in the tissue fluids and gradually reduces blood flow which adversely affects the metabolism of tissues. Swelling is the need to reduce, because it restricts the movement of the affected body parts reflexively quenched muscles in the area and can be a source of pain.<\/p>\n<h4 style=\"text-align: justify;\">Changes in the surrounding soft tissues:<\/h4>\n<p style=\"text-align: justify;\">The soft tissues that may be affected due to injury are: skin and subcutaneous tissue, fascia, muscles, ligaments and joint capsule. Treatment with metabolic activation within tissues restore blood flow to muscle in spasm, osetrime local reflex changes, and renew posunlivost soft tissues and thereby enlarge the mobility of the affected segment. Individually we treat the scars that may significantly restrict posunlivost soft tissue and be the source of pain.<\/p>\n<h4 style=\"text-align: justify;\">Restrictions on the movement of the affected body part:<\/h4>\n<p style=\"text-align: justify;\">The most common cause of restrictions on movement are structural or traumatic changes of the joint and surrounding soft tissues. During the therapy, we are trying to achieve the same range of motion as it was before the accident. An important part of the warm-up range of motion is also stabilizing exercises using soft techniques, trigger points massage, stretching, isometric relaxation and many other methods that we choose for client individually. During exercise activates proprioceptors, improve stability and activation center of the body, and activating the deep stabilization muscles.<\/p>\n<p style=\"text-align: justify;\">Successfully rehabilitates conditions after surgeries joints and spine. For example, after plastic surgery knee ligaments, intervertebral disc surgery, plastic surgery rotator cuff shoulder joints and other orthopedic and neurosurgical operations. Post-injury rehabilitation focuses on all states after injuries to ankles, knees, coccyx, spine (back), shoulders, elbows, wrists and hands (fractures, joint and muscle injuries).<\/p>\n<p style=\"text-align: justify;\">We use a wide variety of methods to either combine or during treatment varies depending on the development status of the patient. Here we use both techniques release (massage, mobilization, stretching, elekroterapii and thermal procedures) and stimulation techniques (strengthening, elekroterapii and various kinds of sensory-motor and reflex techniques). The duration of rehabilitation is very diverse and all states require the active participation of the patient in the form of homework.<\/p>\n<p style=\"text-align: justify;\">More information can be found also on the <a href=\"http:\/\/www.maseri.cz\/katalog\/maseri\/jihomoravsky\/znojmo\/id=44018&amp;m=sport-fyzio-fit.html\" target=\"_blank\">website<\/a><\/p>\n<p><\/p>","protected":false},"excerpt":{"rendered":"<p>Post-traumatic massage Traumatical massage aims complex posttraumatic therapy is to eliminate pain and to allow maximum range of motion of the affected body segment. We achieve this by using soft techniques, frictions, subtle touches to promote blood circulation and reducing swelling of the team, we will make reflective changes in the surrounding soft tissue and [&hellip;]<\/p>\n","protected":false},"author":2,"featured_media":0,"parent":0,"menu_order":0,"comment_status":"closed","ping_status":"closed","template":"","meta":[],"yoast_head":"<!-- This site is optimized with the Yoast SEO plugin v19.11 - https:\/\/yoast.com\/wordpress\/plugins\/seo\/ -->\n<title>Post-traumatic massage &ndash; sportfyziofit.cz<\/title>\n<meta name=\"description\" content=\"Po\u00farazov\u00e1 mas\u00e1\u017e je \u00a0komplexn\u00ed po\u00farazov\u00e9 terapie je odstran\u011bn\u00ed bolesti a umo\u017en\u011bn\u00ed maxim\u00e1ln\u00edho rozsahu pohybu posti\u017een\u00e9ho segmentu t\u011bla.\" \/>\n<meta name=\"robots\" content=\"index, follow, max-snippet:-1, max-image-preview:large, max-video-preview:-1\" \/>\n<link rel=\"canonical\" href=\"https:\/\/sportfyziofit.cz\/cs\/pourazova-masaz\/\" \/>\n<meta property=\"og:locale\" content=\"en_US\" \/>\n<meta property=\"og:type\" content=\"article\" \/>\n<meta property=\"og:title\" content=\"[:cs]Po\u00farazov\u00e1 mas\u00e1\u017e[:en]Post-traumatic massage[:de]Posttraumatische Massage[:] &ndash; sportfyziofit.cz\" \/>\n<meta property=\"og:description\" content=\"Po\u00farazov\u00e1 mas\u00e1\u017e je \u00a0komplexn\u00ed po\u00farazov\u00e9 terapie je odstran\u011bn\u00ed bolesti a umo\u017en\u011bn\u00ed maxim\u00e1ln\u00edho rozsahu pohybu posti\u017een\u00e9ho segmentu t\u011bla.\" \/>\n<meta property=\"og:url\" content=\"https:\/\/sportfyziofit.cz\/cs\/pourazova-masaz\/\" \/>\n<meta property=\"og:site_name\" content=\"sportfyziofit.cz\" \/>\n<meta property=\"article:publisher\" content=\"https:\/\/www.facebook.com\/sportfyziofit\" \/>\n<meta property=\"article:modified_time\" content=\"2015-12-09T10:41:43+00:00\" \/>\n<meta property=\"og:image\" content=\"http:\/\/sportfyziofit.cz\/wp-content\/uploads\/2015\/12\/injury3.jpg\" \/>\n<meta name=\"twitter:card\" content=\"summary_large_image\" \/>\n<meta name=\"twitter:site\" content=\"@SportFyzioFit\" \/>\n<meta name=\"twitter:label1\" content=\"Est. reading time\" \/>\n\t<meta name=\"twitter:data1\" content=\"7 minutes\" \/>\n<script type=\"application\/ld+json\" class=\"yoast-schema-graph\">{\"@context\":\"https:\/\/schema.org\",\"@graph\":[{\"@type\":\"WebPage\",\"@id\":\"https:\/\/sportfyziofit.cz\/cs\/pourazova-masaz\/\",\"url\":\"https:\/\/sportfyziofit.cz\/cs\/pourazova-masaz\/\",\"name\":\"[:cs]Po\u00farazov\u00e1 mas\u00e1\u017e[:en]Post-traumatic massage[:de]Posttraumatische Massage[:] &ndash; sportfyziofit.cz\",\"isPartOf\":{\"@id\":\"http:\/\/sportfyziofit.cz\/cs\/#website\"},\"datePublished\":\"2015-12-02T09:25:26+00:00\",\"dateModified\":\"2015-12-09T10:41:43+00:00\",\"description\":\"Po\u00farazov\u00e1 mas\u00e1\u017e je \u00a0komplexn\u00ed po\u00farazov\u00e9 terapie je odstran\u011bn\u00ed bolesti a umo\u017en\u011bn\u00ed maxim\u00e1ln\u00edho rozsahu pohybu posti\u017een\u00e9ho segmentu t\u011bla.\",\"breadcrumb\":{\"@id\":\"https:\/\/sportfyziofit.cz\/cs\/pourazova-masaz\/#breadcrumb\"},\"inLanguage\":\"en-US\",\"potentialAction\":[{\"@type\":\"ReadAction\",\"target\":[\"https:\/\/sportfyziofit.cz\/cs\/pourazova-masaz\/\"]}]},{\"@type\":\"BreadcrumbList\",\"@id\":\"https:\/\/sportfyziofit.cz\/cs\/pourazova-masaz\/#breadcrumb\",\"itemListElement\":[{\"@type\":\"ListItem\",\"position\":1,\"name\":\"Home\",\"item\":\"http:\/\/sportfyziofit.cz\/cs\/\"},{\"@type\":\"ListItem\",\"position\":2,\"name\":\"Po\u00farazov\u00e1 mas\u00e1\u017e\"}]},{\"@type\":\"WebSite\",\"@id\":\"http:\/\/sportfyziofit.cz\/cs\/#website\",\"url\":\"http:\/\/sportfyziofit.cz\/cs\/\",\"name\":\"sportfyziofit.cz\",\"description\":\"... Welcome to the site focusing on sports massage, reflexology massage, relaxation massage, massage and musculoskeletal trauma counseling ...\",\"potentialAction\":[{\"@type\":\"SearchAction\",\"target\":{\"@type\":\"EntryPoint\",\"urlTemplate\":\"http:\/\/sportfyziofit.cz\/cs\/?s={search_term_string}\"},\"query-input\":\"required name=search_term_string\"}],\"inLanguage\":\"en-US\"}]}<\/script>\n<!-- \/ Yoast SEO plugin. -->","yoast_head_json":{"title":"[:cs]Po\u00farazov\u00e1 mas\u00e1\u017e[:en]Post-traumatic massage[:de]Posttraumatische Massage[:] &ndash; sportfyziofit.cz","description":"Po\u00farazov\u00e1 mas\u00e1\u017e je \u00a0komplexn\u00ed po\u00farazov\u00e9 terapie je odstran\u011bn\u00ed bolesti a umo\u017en\u011bn\u00ed maxim\u00e1ln\u00edho rozsahu pohybu posti\u017een\u00e9ho segmentu t\u011bla.","robots":{"index":"index","follow":"follow","max-snippet":"max-snippet:-1","max-image-preview":"max-image-preview:large","max-video-preview":"max-video-preview:-1"},"canonical":"https:\/\/sportfyziofit.cz\/cs\/pourazova-masaz\/","og_locale":"en_US","og_type":"article","og_title":"[:cs]Po\u00farazov\u00e1 mas\u00e1\u017e[:en]Post-traumatic massage[:de]Posttraumatische Massage[:] &ndash; sportfyziofit.cz","og_description":"Po\u00farazov\u00e1 mas\u00e1\u017e je \u00a0komplexn\u00ed po\u00farazov\u00e9 terapie je odstran\u011bn\u00ed bolesti a umo\u017en\u011bn\u00ed maxim\u00e1ln\u00edho rozsahu pohybu posti\u017een\u00e9ho segmentu t\u011bla.","og_url":"https:\/\/sportfyziofit.cz\/cs\/pourazova-masaz\/","og_site_name":"sportfyziofit.cz","article_publisher":"https:\/\/www.facebook.com\/sportfyziofit","article_modified_time":"2015-12-09T10:41:43+00:00","og_image":[{"url":"http:\/\/sportfyziofit.cz\/wp-content\/uploads\/2015\/12\/injury3.jpg"}],"twitter_card":"summary_large_image","twitter_site":"@SportFyzioFit","twitter_misc":{"Est. reading time":"7 minutes"},"schema":{"@context":"https:\/\/schema.org","@graph":[{"@type":"WebPage","@id":"https:\/\/sportfyziofit.cz\/cs\/pourazova-masaz\/","url":"https:\/\/sportfyziofit.cz\/cs\/pourazova-masaz\/","name":"[:cs]Po\u00farazov\u00e1 mas\u00e1\u017e[:en]Post-traumatic massage[:de]Posttraumatische Massage[:] &ndash; sportfyziofit.cz","isPartOf":{"@id":"http:\/\/sportfyziofit.cz\/cs\/#website"},"datePublished":"2015-12-02T09:25:26+00:00","dateModified":"2015-12-09T10:41:43+00:00","description":"Po\u00farazov\u00e1 mas\u00e1\u017e je \u00a0komplexn\u00ed po\u00farazov\u00e9 terapie je odstran\u011bn\u00ed bolesti a umo\u017en\u011bn\u00ed maxim\u00e1ln\u00edho rozsahu pohybu posti\u017een\u00e9ho segmentu t\u011bla.","breadcrumb":{"@id":"https:\/\/sportfyziofit.cz\/cs\/pourazova-masaz\/#breadcrumb"},"inLanguage":"en-US","potentialAction":[{"@type":"ReadAction","target":["https:\/\/sportfyziofit.cz\/cs\/pourazova-masaz\/"]}]},{"@type":"BreadcrumbList","@id":"https:\/\/sportfyziofit.cz\/cs\/pourazova-masaz\/#breadcrumb","itemListElement":[{"@type":"ListItem","position":1,"name":"Home","item":"http:\/\/sportfyziofit.cz\/cs\/"},{"@type":"ListItem","position":2,"name":"Po\u00farazov\u00e1 mas\u00e1\u017e"}]},{"@type":"WebSite","@id":"http:\/\/sportfyziofit.cz\/cs\/#website","url":"http:\/\/sportfyziofit.cz\/cs\/","name":"sportfyziofit.cz","description":"... Welcome to the site focusing on sports massage, reflexology massage, relaxation massage, massage and musculoskeletal trauma counseling ...","potentialAction":[{"@type":"SearchAction","target":{"@type":"EntryPoint","urlTemplate":"http:\/\/sportfyziofit.cz\/cs\/?s={search_term_string}"},"query-input":"required name=search_term_string"}],"inLanguage":"en-US"}]}},"_links":{"self":[{"href":"http:\/\/sportfyziofit.cz\/en\/wp-json\/wp\/v2\/pages\/330"}],"collection":[{"href":"http:\/\/sportfyziofit.cz\/en\/wp-json\/wp\/v2\/pages"}],"about":[{"href":"http:\/\/sportfyziofit.cz\/en\/wp-json\/wp\/v2\/types\/page"}],"author":[{"embeddable":true,"href":"http:\/\/sportfyziofit.cz\/en\/wp-json\/wp\/v2\/users\/2"}],"replies":[{"embeddable":true,"href":"http:\/\/sportfyziofit.cz\/en\/wp-json\/wp\/v2\/comments?post=330"}],"version-history":[{"count":5,"href":"http:\/\/sportfyziofit.cz\/en\/wp-json\/wp\/v2\/pages\/330\/revisions"}],"predecessor-version":[{"id":546,"href":"http:\/\/sportfyziofit.cz\/en\/wp-json\/wp\/v2\/pages\/330\/revisions\/546"}],"wp:attachment":[{"href":"http:\/\/sportfyziofit.cz\/en\/wp-json\/wp\/v2\/media?parent=330"}],"curies":[{"name":"wp","href":"https:\/\/api.w.org\/{rel}","templated":true}]}}