{"id":337,"date":"2015-12-02T09:36:37","date_gmt":"2015-12-02T09:36:37","guid":{"rendered":"http:\/\/sportfyziofit.cz\/?page_id=337"},"modified":"2015-12-09T10:42:58","modified_gmt":"2015-12-09T10:42:58","slug":"mobilizace-patere-zeber","status":"publish","type":"page","link":"http:\/\/sportfyziofit.cz\/en\/mobilizace-patere-zeber\/","title":{"rendered":"Mobilization of spine"},"content":{"rendered":"<p><div id=\"attachment_342\" style=\"width: 614px\" class=\"wp-caption aligncenter\"><a href=\"http:\/\/sportfyziofit.cz\/wp-content\/uploads\/2015\/12\/spine2.png\"><img aria-describedby=\"caption-attachment-342\" decoding=\"async\" loading=\"lazy\" class=\"wp-image-342 size-full\" src=\"http:\/\/sportfyziofit.cz\/wp-content\/uploads\/2015\/12\/spine2.png\" alt=\"Mobilization of spine\" width=\"604\" height=\"244\" srcset=\"http:\/\/sportfyziofit.cz\/wp-content\/uploads\/2015\/12\/spine2.png 604w, http:\/\/sportfyziofit.cz\/wp-content\/uploads\/2015\/12\/spine2-300x121.png 300w\" sizes=\"(max-width: 604px) 100vw, 604px\" \/><\/a><p id=\"caption-attachment-342\" class=\"wp-caption-text\">Mobilization of spine<\/p><\/div><\/p>\n<h2 style=\"text-align: justify;\">Mobilization of spine<\/h2>\n<p style=\"text-align: justify;\">Mobilization of spine and ribs needs to be done after its indicated for limited joint mobility and spinal motion segment. Most often they are mobilized joints with limited mobility, ie. The functional blockade.<\/p>\n<p style=\"text-align: justify;\">Mobilization eliminates prolonged chest pain, headaches, neck, back, upper limbs, headache, difficulty breathing, dizziness, light-headedness, nausea (feeling sick), paresthesia, tachycardia, anxiety disorder (anxiety), fear of death, etc.<\/p>\n<p style=\"text-align: justify;\">Combining techniques and delicate soft tissue mobilization is usually achieved much better results than using impact techniques. Crash techniques are now recommended by many therapists and practice of handling rapid absorption has been waived. Especially should never cause harm to the patient.<\/p>\n<p style=\"text-align: justify;\">Mobilization of spine and ribs are used to eliminate non-violent joint blocks on the basis of accurate diagnosis and localization problem. It is a gentle movement and directed the movement segment, which restores joint mobility. These joint blocks disrupt function of the spine, and other joints are often the source of pain conditions.<\/p>\n<ul style=\"text-align: justify;\">\n<li>In the cervical spine are joint blockage often associated with headaches, dizziness, nausea, may projection of pain and tingling in the arms and upper extremities.<\/li>\n<li>In the thoracic spine and ribs can be a pain in the chest, in the blades, breathing difficulties associated with anxiety.<\/li>\n<li>In the lumbar spine as a result of blockages pain localized in the lower back, but may also radiate to the buttocks, legs, usually numbness, or difficulty in movement.<\/li>\n<\/ul>\n<p style=\"text-align: justify;\">Mobilization of the spine, peripheral joints and joint ribs gradually indicate the correct position by spontaneous (as opposed to manipulation, when involving severe single event and is now dispensed from it due to the risk of stretching or tearing of the ligaments and other serious damage).<\/p>\n<p style=\"text-align: justify;\">Mobilization eliminates prolonged chest pain, headaches, neck, back, upper limbs, headache, difficulty breathing, dizziness, light-headedness, nausea (feeling sick), paresthesia, tachycardia, anxiety disorder (anxiety), fear of death, etc.<\/p>\n<p style=\"text-align: justify;\">Nowadays more and more people complaining of back pain and weight-bearing joints. One of the main causes of pain is altered our way of life, which leads to a condition called. Akinetic disease. This system symptoms that arise from the lack of movement and which are reflected by the total muscle weakening. Akinetic disease is characterized by limitation of physical activity, which leads to a reduction in the muscular function of the system, which then affects the whole metabolism insufficiently. Chudost movement causes uneven loading of articular and muscular system. Low physical activity and physical impoverishment comes into the central nervous system (brain) lack of information, which along with other factors involved in the formation of false stereotypes and muscle imbalances.<\/p>\n<p style=\"text-align: justify;\">More information can be found also on the <a href=\"http:\/\/www.maseri.cz\/katalog\/maseri\/jihomoravsky\/znojmo\/id=44018&amp;m=sport-fyzio-fit.html\" target=\"_blank\">website<\/a><\/p>\n<p><\/p>","protected":false},"excerpt":{"rendered":"<p>Mobilization of spine Mobilization of spine and ribs needs to be done after its indicated for limited joint mobility and spinal motion segment. Most often they are mobilized joints with limited mobility, ie. The functional blockade. Mobilization eliminates prolonged chest pain, headaches, neck, back, upper limbs, headache, difficulty breathing, dizziness, light-headedness, nausea (feeling sick), paresthesia, [&hellip;]<\/p>\n","protected":false},"author":2,"featured_media":0,"parent":0,"menu_order":0,"comment_status":"closed","ping_status":"closed","template":"","meta":[],"yoast_head":"<!-- This site is optimized with the Yoast SEO plugin v19.11 - https:\/\/yoast.com\/wordpress\/plugins\/seo\/ -->\n<title>Mobilization of spine &ndash; sportfyziofit.cz<\/title>\n<meta name=\"description\" content=\"Mobilizace p\u00e1te\u0159e a \u017eeber je l\u00e9\u010dba indikov\u00e1na p\u0159i omezen\u00e9 pohyblivosti kloub\u016f nebo pohybov\u00e9ho segmentu p\u00e1te\u0159e. To v\u0161e u profesion\u00e1la ze \u0160atova\" \/>\n<meta name=\"robots\" content=\"index, follow, max-snippet:-1, max-image-preview:large, max-video-preview:-1\" \/>\n<link rel=\"canonical\" href=\"http:\/\/sportfyziofit.cz\/en\/mobilizace-patere-zeber\/\" \/>\n<meta property=\"og:locale\" content=\"en_US\" \/>\n<meta property=\"og:type\" content=\"article\" \/>\n<meta property=\"og:title\" content=\"[:cs]Mobilizace p\u00e1te\u0159e[:en]Mobilization of spine[:de]Mobilisierung der Wirbels\u00e4ule[:] &ndash; sportfyziofit.cz\" \/>\n<meta property=\"og:description\" content=\"Mobilizace p\u00e1te\u0159e a \u017eeber je l\u00e9\u010dba indikov\u00e1na p\u0159i omezen\u00e9 pohyblivosti kloub\u016f nebo pohybov\u00e9ho segmentu p\u00e1te\u0159e. To v\u0161e u profesion\u00e1la ze \u0160atova\" \/>\n<meta property=\"og:url\" content=\"http:\/\/sportfyziofit.cz\/en\/mobilizace-patere-zeber\/\" \/>\n<meta property=\"og:site_name\" content=\"sportfyziofit.cz\" \/>\n<meta property=\"article:publisher\" content=\"https:\/\/www.facebook.com\/sportfyziofit\" \/>\n<meta property=\"article:modified_time\" content=\"2015-12-09T10:42:58+00:00\" \/>\n<meta property=\"og:image\" content=\"http:\/\/sportfyziofit.cz\/wp-content\/uploads\/2015\/12\/spine2.png\" \/>\n<meta name=\"twitter:card\" content=\"summary_large_image\" \/>\n<meta name=\"twitter:site\" content=\"@SportFyzioFit\" \/>\n<meta name=\"twitter:label1\" content=\"Est. reading time\" \/>\n\t<meta name=\"twitter:data1\" content=\"8 minutes\" \/>\n<script type=\"application\/ld+json\" class=\"yoast-schema-graph\">{\"@context\":\"https:\/\/schema.org\",\"@graph\":[{\"@type\":\"WebPage\",\"@id\":\"http:\/\/sportfyziofit.cz\/en\/mobilizace-patere-zeber\/\",\"url\":\"http:\/\/sportfyziofit.cz\/en\/mobilizace-patere-zeber\/\",\"name\":\"[:cs]Mobilizace p\u00e1te\u0159e[:en]Mobilization of spine[:de]Mobilisierung der Wirbels\u00e4ule[:] &ndash; sportfyziofit.cz\",\"isPartOf\":{\"@id\":\"https:\/\/sportfyziofit.cz\/cs\/#website\"},\"datePublished\":\"2015-12-02T09:36:37+00:00\",\"dateModified\":\"2015-12-09T10:42:58+00:00\",\"description\":\"Mobilizace p\u00e1te\u0159e a \u017eeber je l\u00e9\u010dba indikov\u00e1na p\u0159i omezen\u00e9 pohyblivosti kloub\u016f nebo pohybov\u00e9ho segmentu p\u00e1te\u0159e. To v\u0161e u profesion\u00e1la ze \u0160atova\",\"breadcrumb\":{\"@id\":\"http:\/\/sportfyziofit.cz\/en\/mobilizace-patere-zeber\/#breadcrumb\"},\"inLanguage\":\"en-US\",\"potentialAction\":[{\"@type\":\"ReadAction\",\"target\":[\"http:\/\/sportfyziofit.cz\/en\/mobilizace-patere-zeber\/\"]}]},{\"@type\":\"BreadcrumbList\",\"@id\":\"http:\/\/sportfyziofit.cz\/en\/mobilizace-patere-zeber\/#breadcrumb\",\"itemListElement\":[{\"@type\":\"ListItem\",\"position\":1,\"name\":\"Home\",\"item\":\"https:\/\/sportfyziofit.cz\/cs\/\"},{\"@type\":\"ListItem\",\"position\":2,\"name\":\"Mobilization of spine\"}]},{\"@type\":\"WebSite\",\"@id\":\"https:\/\/sportfyziofit.cz\/cs\/#website\",\"url\":\"https:\/\/sportfyziofit.cz\/cs\/\",\"name\":\"sportfyziofit.cz\",\"description\":\"... Welcome to the site focusing on sports massage, reflexology massage, relaxation massage, massage and musculoskeletal trauma counseling ...\",\"potentialAction\":[{\"@type\":\"SearchAction\",\"target\":{\"@type\":\"EntryPoint\",\"urlTemplate\":\"https:\/\/sportfyziofit.cz\/cs\/?s={search_term_string}\"},\"query-input\":\"required name=search_term_string\"}],\"inLanguage\":\"en-US\"}]}<\/script>\n<!-- \/ Yoast SEO plugin. -->","yoast_head_json":{"title":"[:cs]Mobilizace p\u00e1te\u0159e[:en]Mobilization of spine[:de]Mobilisierung der Wirbels\u00e4ule[:] &ndash; sportfyziofit.cz","description":"Mobilizace p\u00e1te\u0159e a \u017eeber je l\u00e9\u010dba indikov\u00e1na p\u0159i omezen\u00e9 pohyblivosti kloub\u016f nebo pohybov\u00e9ho segmentu p\u00e1te\u0159e. To v\u0161e u profesion\u00e1la ze \u0160atova","robots":{"index":"index","follow":"follow","max-snippet":"max-snippet:-1","max-image-preview":"max-image-preview:large","max-video-preview":"max-video-preview:-1"},"canonical":"http:\/\/sportfyziofit.cz\/en\/mobilizace-patere-zeber\/","og_locale":"en_US","og_type":"article","og_title":"[:cs]Mobilizace p\u00e1te\u0159e[:en]Mobilization of spine[:de]Mobilisierung der Wirbels\u00e4ule[:] &ndash; sportfyziofit.cz","og_description":"Mobilizace p\u00e1te\u0159e a \u017eeber je l\u00e9\u010dba indikov\u00e1na p\u0159i omezen\u00e9 pohyblivosti kloub\u016f nebo pohybov\u00e9ho segmentu p\u00e1te\u0159e. To v\u0161e u profesion\u00e1la ze \u0160atova","og_url":"http:\/\/sportfyziofit.cz\/en\/mobilizace-patere-zeber\/","og_site_name":"sportfyziofit.cz","article_publisher":"https:\/\/www.facebook.com\/sportfyziofit","article_modified_time":"2015-12-09T10:42:58+00:00","og_image":[{"url":"http:\/\/sportfyziofit.cz\/wp-content\/uploads\/2015\/12\/spine2.png"}],"twitter_card":"summary_large_image","twitter_site":"@SportFyzioFit","twitter_misc":{"Est. reading time":"8 minutes"},"schema":{"@context":"https:\/\/schema.org","@graph":[{"@type":"WebPage","@id":"http:\/\/sportfyziofit.cz\/en\/mobilizace-patere-zeber\/","url":"http:\/\/sportfyziofit.cz\/en\/mobilizace-patere-zeber\/","name":"[:cs]Mobilizace p\u00e1te\u0159e[:en]Mobilization of spine[:de]Mobilisierung der Wirbels\u00e4ule[:] &ndash; sportfyziofit.cz","isPartOf":{"@id":"https:\/\/sportfyziofit.cz\/cs\/#website"},"datePublished":"2015-12-02T09:36:37+00:00","dateModified":"2015-12-09T10:42:58+00:00","description":"Mobilizace p\u00e1te\u0159e a \u017eeber je l\u00e9\u010dba indikov\u00e1na p\u0159i omezen\u00e9 pohyblivosti kloub\u016f nebo pohybov\u00e9ho segmentu p\u00e1te\u0159e. To v\u0161e u profesion\u00e1la ze \u0160atova","breadcrumb":{"@id":"http:\/\/sportfyziofit.cz\/en\/mobilizace-patere-zeber\/#breadcrumb"},"inLanguage":"en-US","potentialAction":[{"@type":"ReadAction","target":["http:\/\/sportfyziofit.cz\/en\/mobilizace-patere-zeber\/"]}]},{"@type":"BreadcrumbList","@id":"http:\/\/sportfyziofit.cz\/en\/mobilizace-patere-zeber\/#breadcrumb","itemListElement":[{"@type":"ListItem","position":1,"name":"Home","item":"https:\/\/sportfyziofit.cz\/cs\/"},{"@type":"ListItem","position":2,"name":"Mobilization of spine"}]},{"@type":"WebSite","@id":"https:\/\/sportfyziofit.cz\/cs\/#website","url":"https:\/\/sportfyziofit.cz\/cs\/","name":"sportfyziofit.cz","description":"... Welcome to the site focusing on sports massage, reflexology massage, relaxation massage, massage and musculoskeletal trauma counseling ...","potentialAction":[{"@type":"SearchAction","target":{"@type":"EntryPoint","urlTemplate":"https:\/\/sportfyziofit.cz\/cs\/?s={search_term_string}"},"query-input":"required name=search_term_string"}],"inLanguage":"en-US"}]}},"_links":{"self":[{"href":"http:\/\/sportfyziofit.cz\/en\/wp-json\/wp\/v2\/pages\/337"}],"collection":[{"href":"http:\/\/sportfyziofit.cz\/en\/wp-json\/wp\/v2\/pages"}],"about":[{"href":"http:\/\/sportfyziofit.cz\/en\/wp-json\/wp\/v2\/types\/page"}],"author":[{"embeddable":true,"href":"http:\/\/sportfyziofit.cz\/en\/wp-json\/wp\/v2\/users\/2"}],"replies":[{"embeddable":true,"href":"http:\/\/sportfyziofit.cz\/en\/wp-json\/wp\/v2\/comments?post=337"}],"version-history":[{"count":5,"href":"http:\/\/sportfyziofit.cz\/en\/wp-json\/wp\/v2\/pages\/337\/revisions"}],"predecessor-version":[{"id":551,"href":"http:\/\/sportfyziofit.cz\/en\/wp-json\/wp\/v2\/pages\/337\/revisions\/551"}],"wp:attachment":[{"href":"http:\/\/sportfyziofit.cz\/en\/wp-json\/wp\/v2\/media?parent=337"}],"curies":[{"name":"wp","href":"https:\/\/api.w.org\/{rel}","templated":true}]}}