{"id":472,"date":"2015-12-07T11:21:54","date_gmt":"2015-12-07T11:21:54","guid":{"rendered":"http:\/\/sportfyziofit.cz\/?page_id=472"},"modified":"2015-12-09T10:44:52","modified_gmt":"2015-12-09T10:44:52","slug":"elektroterapie","status":"publish","type":"page","link":"http:\/\/sportfyziofit.cz\/en\/elektroterapie\/","title":{"rendered":"Electrotherapy"},"content":{"rendered":"<p><div id=\"attachment_476\" style=\"width: 619px\" class=\"wp-caption aligncenter\"><a href=\"http:\/\/sportfyziofit.cz\/wp-content\/uploads\/2015\/12\/elektro3.png\"><img aria-describedby=\"caption-attachment-476\" decoding=\"async\" loading=\"lazy\" class=\"wp-image-476 size-full\" src=\"http:\/\/sportfyziofit.cz\/wp-content\/uploads\/2015\/12\/elektro3.png\" alt=\"Electrotherapy\" width=\"609\" height=\"243\" srcset=\"http:\/\/sportfyziofit.cz\/wp-content\/uploads\/2015\/12\/elektro3.png 609w, http:\/\/sportfyziofit.cz\/wp-content\/uploads\/2015\/12\/elektro3-300x120.png 300w\" sizes=\"(max-width: 609px) 100vw, 609px\" \/><\/a><p id=\"caption-attachment-476\" class=\"wp-caption-text\">Electrotherapy<\/p><\/div><\/p>\n<h2 style=\"text-align: justify;\">Electrotherapy<\/h2>\n<p style=\"text-align: justify;\">Electrotherapy is a popular therapy that uses various kinds of electric currents which enhance the blood circulation, relieve muscle tension, or on the contrary, strengthen it. Acts against pain and inflammation. Type electrotherapy treatment is selected according to the prevailing type of disease. It is possible to treat musculoskeletal disorders, circulatory disorders, inflammatory and degenerative diseases, post-operative states, skin problems like.<br \/>\nElectrotherapy has been used since ancient times. Roman physicians treated gout stoking a live electric eel on the affected limb. Currently, electrotherapy widespread rehabilitation method that is practiced and offered in a range of rehabilitation and spa facilities. It offers a wide range of treatment methods, using various forms of electrical current &#8211; direct current, alternating current low or medium frequency or high-frequency current pulses with differently shaped. Generally speaking, the electro act especially against pain (analgesic effect has), increased muscle tension (muscle-relaxant effect), increases blood circulation and tissue metabolism, has a beneficial effect on reducing edema. Electrotherapy is therefore useful in diseases of the musculoskeletal system, especially in chronic and degenerative diseases, the postoperative, traumatic conditions, chronic gynecological and urological inflammations, in diseases of the digestive and respiratory tract, skin diseases and others.<\/p>\n<h3 style=\"text-align: justify;\">Types of electrotherapy<\/h3>\n<h4 style=\"text-align: justify;\">TENS (transcutaneous nerve stimulation)<\/h4>\n<p style=\"text-align: justify;\">This method is based on the observation that keeping noxious sensations and the perception of pain can be alleviated to suppress the stimulation of nerve fibers at different levels of the nervous system. These methods affect pain and relax muscle spasms and stiffness. During the actual electrical stimulation occurs in the brain tissue to secrete endorphins (opiate pain dampening). It is used to treat a variety of painful conditions such as pain in the spine, joints and tendons, headaches, post-traumatic pain, musculoskeletal system, phantom pain (pain after amputation), and others.<\/p>\n<h4 style=\"text-align: justify;\">Iontophoresis<\/h4>\n<p style=\"text-align: justify;\">Iontophoresis is a method of electrotherapy, which allows electrolytic effect of galvanic current into the surface layers of the skin or mucous membranes of the drug as with other electrotherapy. They then act directly on the spot according to their specific effects. Thus, the incorporation into the affected areas e.g. calcium, potassium, procaine, mesocain, hyaluronidase, histamine, salicylates, and other substances, which are applied e.g. its anesthetic, anti-inflammatory, or another type of action. It is used e.g. in allergic manifestations (localized urticaria), for the treatment of cutaneous scars, including keloid (raised scar), chronic degenerative joint processes, neuralgia and root pain, muscle pain, lymph edema, and others.<\/p>\n<h4 style=\"text-align: justify;\">Galvanization<\/h4>\n<p style=\"text-align: justify;\">Electroplating is electrotherapy and therapeutic use of direct current, eg. Galvanic current with constant intensity. In tissues interchange of cations and anions between the electrodes, the leaching of ions from the cells and increase the local metabolism in the skin, subcutaneous tissue and other tissues, congestion of the area with an increase in capillary permeability, mobilize edema, sprains and inflammatory exudate with accelerating their absorption, leaching combustion products of metabolism, stimulating normal regulatory mechanisms and repair, suppressing pain, reduce muscle tension. This application takes about 20 minutes every other day treatment is 6x-10x. Application the patient can feel tingling, prickling and slight warmth.<br \/>\nMost frequently used in the treatment of these conditions: traumatic conditions of local tissue shock, inflammation of connective tissue musculoskeletal disorders, inflammation of tendons, tendon insertions (entesopathy), tendon sheaths, fascia, joint capsules, neuralgia (including neuralgia after herpes zoster), neuritis (inflammation nerve), myalgia (muscle pain), root syndromes, circulatory disorders (Raynaud&#8217;s disease, acrocyanosis), arthritis, Sudeck syndrome, and others.<\/p>\n<h4 style=\"text-align: justify;\">Diadynamic currents<\/h4>\n<p style=\"text-align: justify;\">They have analgetic effects, when this method is applied to direct the low-frequency electric current through the electrode attached to the affected area. Between the electrode and the patient&#8217;s body is a contact material, through which flow takes place. The intensity is selected according to subjective tolerance of the patient. This treatment increases blood circulation in the affected area, relaxes muscles, is used in a number of painful conditions. The main indications are the traumatic conditions (bruising and muscle strain, dislocation of joints, etc.), Musculoskeletal diseases (backache, cervicocranial and cervicobrachial syndrome, arthritis), neuralgia, neuritis, circulatory disorders (Raynaud&#8217;s disease, varicose veins, phlebitis, chilblains, peripheral arterial disease). The most common application time in one place is about 3-5 min. Total application time does not exceed 12 minutes. Generally speaking, the process is more acute, the shorter the current application. Duration increases depending on the area you are trying to influence the process and at depth in tissue. Acute conditions applies mostly 1x daily maintenance therapy during 1 week. A total of 5-10 applications.<\/p>\n<h4 style=\"text-align: justify;\">Interference currents<\/h4>\n<p style=\"text-align: justify;\">Electrotherapy as a method utilizing the application of current via electrodes. Treatment is based on the interference of two st\u0159edn\u011bfrekven\u010dn\u00edch currents within the tissue. To increase the effect is used so. Vacuum electrodes, application time is then shorter, the intensity of the current is chosen according to subjective tolerance of the patient. Treatment affects blood flow of the affected area, improves the nutrition field causes the muscles to relax and reduces pain. It acts directly on the muscles, nerves and affects the metabolism of cells. Interfere\u010dn\u00ed jets are more often applied in chronic processes, while diadynamic currents for acute conditions. The indications are mainly chronic inflammatory and degenerative musculoskeletal diseases, diseases of the muscles, tendons and bursae, fractures and other bone diseases, bruises, sprains, joint pain, arthritis, spondylosis, ankylosing spondylitis, back pain, neuralgia, neuritis, vascular diseases, gynecological inflammations, abdominal adhesions, asthma and others. Application takes most 15 minutes, at more acute irritant conditions and the application time is shorter in chronic diseases and in patients less sensitive to current application is extended. Generally, the length of application ranges from 3-20 minutes. The number of treatments is usually 9 to 12 during 3 weeks.<\/p>\n<h4 style=\"text-align: justify;\">Tr\u00e4bert currents<\/h4>\n<p style=\"text-align: justify;\">Low-frequency pulse streams having a pronounced analgesic action, are used similarly to the above method, particularly after trauma, pain of spine, are useful in degenerative diseases of the small and large joints, chronic inflammatory rheumatic diseases affecting the joints, for relieving nerve and muscle pain.<\/p>\n<h4 style=\"text-align: justify;\">Electrostimulation (impulzoterapie)<\/h4>\n<p style=\"text-align: justify;\">This method utilizes the irritating effects of low-frequency currents. The indication for use is to prevent muscle weakness from inactivity (fractures, post-operative conditions), the stimulation of the muscles of legs and abdomen for bedridden patients.<\/p>\n<p style=\"text-align: justify;\">More information can be found also on the <a href=\"http:\/\/www.maseri.cz\/katalog\/maseri\/jihomoravsky\/znojmo\/id=44018&amp;m=sport-fyzio-fit.html\" target=\"_blank\">website<\/a><\/p>\n<p><\/p>","protected":false},"excerpt":{"rendered":"<p>Electrotherapy Electrotherapy is a popular therapy that uses various kinds of electric currents which enhance the blood circulation, relieve muscle tension, or on the contrary, strengthen it. Acts against pain and inflammation. Type electrotherapy treatment is selected according to the prevailing type of disease. It is possible to treat musculoskeletal disorders, circulatory disorders, inflammatory and [&hellip;]<\/p>\n","protected":false},"author":2,"featured_media":0,"parent":0,"menu_order":0,"comment_status":"closed","ping_status":"closed","template":"","meta":[],"yoast_head":"<!-- This site is optimized with the Yoast SEO plugin v19.11 - https:\/\/yoast.com\/wordpress\/plugins\/seo\/ -->\n<title>Electrotherapy &ndash; sportfyziofit.cz<\/title>\n<meta name=\"description\" content=\"Elektroterapie je obl\u00edben\u00e1 terapie, jen\u017e vyu\u017e\u00edv\u00e1 r\u016fzn\u00e9 druhy elektrick\u00fdch proud\u016f, kter\u00e9 zlep\u0161uj\u00ed prokrven\u00ed tk\u00e1n\u00ed, uvol\u0148uj\u00ed nap\u011bt\u00ed sval\u016f nebo je posiluj\u00ed\" \/>\n<meta name=\"robots\" content=\"index, follow, max-snippet:-1, max-image-preview:large, max-video-preview:-1\" \/>\n<link rel=\"canonical\" href=\"http:\/\/sportfyziofit.cz\/en\/elektroterapie\/\" \/>\n<meta property=\"og:locale\" content=\"en_US\" \/>\n<meta property=\"og:type\" content=\"article\" \/>\n<meta property=\"og:title\" content=\"[:cs]Elektroterapie[:en]Electrotherapy[:de]Elektrotherapie[:] &ndash; sportfyziofit.cz\" \/>\n<meta property=\"og:description\" content=\"Elektroterapie je obl\u00edben\u00e1 terapie, jen\u017e vyu\u017e\u00edv\u00e1 r\u016fzn\u00e9 druhy elektrick\u00fdch proud\u016f, kter\u00e9 zlep\u0161uj\u00ed prokrven\u00ed tk\u00e1n\u00ed, uvol\u0148uj\u00ed nap\u011bt\u00ed sval\u016f nebo je posiluj\u00ed\" \/>\n<meta property=\"og:url\" content=\"http:\/\/sportfyziofit.cz\/en\/elektroterapie\/\" \/>\n<meta property=\"og:site_name\" content=\"sportfyziofit.cz\" \/>\n<meta property=\"article:publisher\" content=\"https:\/\/www.facebook.com\/sportfyziofit\" \/>\n<meta property=\"article:modified_time\" content=\"2015-12-09T10:44:52+00:00\" \/>\n<meta property=\"og:image\" content=\"http:\/\/sportfyziofit.cz\/wp-content\/uploads\/2015\/12\/elektro3.png\" \/>\n<meta name=\"twitter:card\" content=\"summary_large_image\" \/>\n<meta name=\"twitter:site\" content=\"@SportFyzioFit\" \/>\n<meta name=\"twitter:label1\" content=\"Est. reading time\" \/>\n\t<meta name=\"twitter:data1\" content=\"17 minutes\" \/>\n<script type=\"application\/ld+json\" class=\"yoast-schema-graph\">{\"@context\":\"https:\/\/schema.org\",\"@graph\":[{\"@type\":\"WebPage\",\"@id\":\"http:\/\/sportfyziofit.cz\/en\/elektroterapie\/\",\"url\":\"http:\/\/sportfyziofit.cz\/en\/elektroterapie\/\",\"name\":\"[:cs]Elektroterapie[:en]Electrotherapy[:de]Elektrotherapie[:] &ndash; sportfyziofit.cz\",\"isPartOf\":{\"@id\":\"https:\/\/sportfyziofit.cz\/cs\/#website\"},\"datePublished\":\"2015-12-07T11:21:54+00:00\",\"dateModified\":\"2015-12-09T10:44:52+00:00\",\"description\":\"Elektroterapie je obl\u00edben\u00e1 terapie, jen\u017e vyu\u017e\u00edv\u00e1 r\u016fzn\u00e9 druhy elektrick\u00fdch proud\u016f, kter\u00e9 zlep\u0161uj\u00ed prokrven\u00ed tk\u00e1n\u00ed, uvol\u0148uj\u00ed nap\u011bt\u00ed sval\u016f nebo je posiluj\u00ed\",\"breadcrumb\":{\"@id\":\"http:\/\/sportfyziofit.cz\/en\/elektroterapie\/#breadcrumb\"},\"inLanguage\":\"en-US\",\"potentialAction\":[{\"@type\":\"ReadAction\",\"target\":[\"http:\/\/sportfyziofit.cz\/en\/elektroterapie\/\"]}]},{\"@type\":\"BreadcrumbList\",\"@id\":\"http:\/\/sportfyziofit.cz\/en\/elektroterapie\/#breadcrumb\",\"itemListElement\":[{\"@type\":\"ListItem\",\"position\":1,\"name\":\"Home\",\"item\":\"https:\/\/sportfyziofit.cz\/cs\/\"},{\"@type\":\"ListItem\",\"position\":2,\"name\":\"Electrotherapy\"}]},{\"@type\":\"WebSite\",\"@id\":\"https:\/\/sportfyziofit.cz\/cs\/#website\",\"url\":\"https:\/\/sportfyziofit.cz\/cs\/\",\"name\":\"sportfyziofit.cz\",\"description\":\"... Welcome to the site focusing on sports massage, reflexology massage, relaxation massage, massage and musculoskeletal trauma counseling ...\",\"potentialAction\":[{\"@type\":\"SearchAction\",\"target\":{\"@type\":\"EntryPoint\",\"urlTemplate\":\"https:\/\/sportfyziofit.cz\/cs\/?s={search_term_string}\"},\"query-input\":\"required name=search_term_string\"}],\"inLanguage\":\"en-US\"}]}<\/script>\n<!-- \/ Yoast SEO plugin. -->","yoast_head_json":{"title":"[:cs]Elektroterapie[:en]Electrotherapy[:de]Elektrotherapie[:] &ndash; sportfyziofit.cz","description":"Elektroterapie je obl\u00edben\u00e1 terapie, jen\u017e vyu\u017e\u00edv\u00e1 r\u016fzn\u00e9 druhy elektrick\u00fdch proud\u016f, kter\u00e9 zlep\u0161uj\u00ed prokrven\u00ed tk\u00e1n\u00ed, uvol\u0148uj\u00ed nap\u011bt\u00ed sval\u016f nebo je posiluj\u00ed","robots":{"index":"index","follow":"follow","max-snippet":"max-snippet:-1","max-image-preview":"max-image-preview:large","max-video-preview":"max-video-preview:-1"},"canonical":"http:\/\/sportfyziofit.cz\/en\/elektroterapie\/","og_locale":"en_US","og_type":"article","og_title":"[:cs]Elektroterapie[:en]Electrotherapy[:de]Elektrotherapie[:] &ndash; sportfyziofit.cz","og_description":"Elektroterapie je obl\u00edben\u00e1 terapie, jen\u017e vyu\u017e\u00edv\u00e1 r\u016fzn\u00e9 druhy elektrick\u00fdch proud\u016f, kter\u00e9 zlep\u0161uj\u00ed prokrven\u00ed tk\u00e1n\u00ed, uvol\u0148uj\u00ed nap\u011bt\u00ed sval\u016f nebo je posiluj\u00ed","og_url":"http:\/\/sportfyziofit.cz\/en\/elektroterapie\/","og_site_name":"sportfyziofit.cz","article_publisher":"https:\/\/www.facebook.com\/sportfyziofit","article_modified_time":"2015-12-09T10:44:52+00:00","og_image":[{"url":"http:\/\/sportfyziofit.cz\/wp-content\/uploads\/2015\/12\/elektro3.png"}],"twitter_card":"summary_large_image","twitter_site":"@SportFyzioFit","twitter_misc":{"Est. reading time":"17 minutes"},"schema":{"@context":"https:\/\/schema.org","@graph":[{"@type":"WebPage","@id":"http:\/\/sportfyziofit.cz\/en\/elektroterapie\/","url":"http:\/\/sportfyziofit.cz\/en\/elektroterapie\/","name":"[:cs]Elektroterapie[:en]Electrotherapy[:de]Elektrotherapie[:] &ndash; sportfyziofit.cz","isPartOf":{"@id":"https:\/\/sportfyziofit.cz\/cs\/#website"},"datePublished":"2015-12-07T11:21:54+00:00","dateModified":"2015-12-09T10:44:52+00:00","description":"Elektroterapie je obl\u00edben\u00e1 terapie, jen\u017e vyu\u017e\u00edv\u00e1 r\u016fzn\u00e9 druhy elektrick\u00fdch proud\u016f, kter\u00e9 zlep\u0161uj\u00ed prokrven\u00ed tk\u00e1n\u00ed, uvol\u0148uj\u00ed nap\u011bt\u00ed sval\u016f nebo je posiluj\u00ed","breadcrumb":{"@id":"http:\/\/sportfyziofit.cz\/en\/elektroterapie\/#breadcrumb"},"inLanguage":"en-US","potentialAction":[{"@type":"ReadAction","target":["http:\/\/sportfyziofit.cz\/en\/elektroterapie\/"]}]},{"@type":"BreadcrumbList","@id":"http:\/\/sportfyziofit.cz\/en\/elektroterapie\/#breadcrumb","itemListElement":[{"@type":"ListItem","position":1,"name":"Home","item":"https:\/\/sportfyziofit.cz\/cs\/"},{"@type":"ListItem","position":2,"name":"Electrotherapy"}]},{"@type":"WebSite","@id":"https:\/\/sportfyziofit.cz\/cs\/#website","url":"https:\/\/sportfyziofit.cz\/cs\/","name":"sportfyziofit.cz","description":"... Welcome to the site focusing on sports massage, reflexology massage, relaxation massage, massage and musculoskeletal trauma counseling ...","potentialAction":[{"@type":"SearchAction","target":{"@type":"EntryPoint","urlTemplate":"https:\/\/sportfyziofit.cz\/cs\/?s={search_term_string}"},"query-input":"required name=search_term_string"}],"inLanguage":"en-US"}]}},"_links":{"self":[{"href":"http:\/\/sportfyziofit.cz\/en\/wp-json\/wp\/v2\/pages\/472"}],"collection":[{"href":"http:\/\/sportfyziofit.cz\/en\/wp-json\/wp\/v2\/pages"}],"about":[{"href":"http:\/\/sportfyziofit.cz\/en\/wp-json\/wp\/v2\/types\/page"}],"author":[{"embeddable":true,"href":"http:\/\/sportfyziofit.cz\/en\/wp-json\/wp\/v2\/users\/2"}],"replies":[{"embeddable":true,"href":"http:\/\/sportfyziofit.cz\/en\/wp-json\/wp\/v2\/comments?post=472"}],"version-history":[{"count":8,"href":"http:\/\/sportfyziofit.cz\/en\/wp-json\/wp\/v2\/pages\/472\/revisions"}],"predecessor-version":[{"id":559,"href":"http:\/\/sportfyziofit.cz\/en\/wp-json\/wp\/v2\/pages\/472\/revisions\/559"}],"wp:attachment":[{"href":"http:\/\/sportfyziofit.cz\/en\/wp-json\/wp\/v2\/media?parent=472"}],"curies":[{"name":"wp","href":"https:\/\/api.w.org\/{rel}","templated":true}]}}