{"id":88,"date":"2015-11-16T10:08:10","date_gmt":"2015-11-16T10:08:10","guid":{"rendered":"http:\/\/sportfyziofit.cz\/?page_id=88"},"modified":"2016-01-10T15:38:04","modified_gmt":"2016-01-10T15:38:04","slug":"sportovni-masaze","status":"publish","type":"page","link":"http:\/\/sportfyziofit.cz\/en\/sportovni-masaze\/","title":{"rendered":"Sports massage"},"content":{"rendered":"<p><div id=\"attachment_156\" style=\"width: 427px\" class=\"wp-caption aligncenter\"><a href=\"http:\/\/sportfyziofit.cz\/wp-content\/uploads\/2015\/11\/ajaj.png\"><img aria-describedby=\"caption-attachment-156\" decoding=\"async\" loading=\"lazy\" class=\"wp-image-156\" src=\"http:\/\/sportfyziofit.cz\/wp-content\/uploads\/2015\/11\/ajaj.png\" alt=\"Sports massage\" width=\"417\" height=\"285\" srcset=\"http:\/\/sportfyziofit.cz\/wp-content\/uploads\/2015\/11\/ajaj.png 479w, http:\/\/sportfyziofit.cz\/wp-content\/uploads\/2015\/11\/ajaj-300x205.png 300w\" sizes=\"(max-width: 417px) 100vw, 417px\" \/><\/a><p id=\"caption-attachment-156\" class=\"wp-caption-text\">Sports massage<\/p><\/div><\/p>\n<h2 style=\"text-align: justify;\">Sports massage<\/h2>\n<p style=\"text-align: justify;\">It consists of several types which are classified according to their role. Sports Massage offers a structured set of suitable massage touches which have the task of preparing athletes for physical exertion and subsequent submission of certain sporting performance. Their role is to to relieve muscle fatigue and induce proper regeneration of muscle tissue.<\/p>\n<h4 style=\"text-align: justify;\">Massage preparatory<\/h4>\n<p style=\"text-align: justify;\">Supports the improvement of fitness athletes<br \/>\nIt helps in a wide range of functional symptoms (eg. Poor posture, shortened tendons, muscles flabby)<br \/>\nCan be labeled as massage and fitness training<\/p>\n<h4 style=\"text-align: justify;\">Emergency massage<\/h4>\n<p style=\"text-align: justify;\">Prepare athletes for maximum performance is often part of the warm-up before physical activity<br \/>\nAccording to sports activities such massage can be irritating or soothing<br \/>\nIrritant to encourage athletes are hard and fast<br \/>\nSoothing massage calms the stress of the race (nervousness, impatience) is a gentle and slow<br \/>\nMassages during breaks between performances<\/p>\n<p style=\"text-align: justify;\">Suitable only for matches and competitions. It is essential for athletes who have performances on a smaller time range, for example. Decathlon tournament that lasts several weeks<br \/>\nIn these cases it is important to prevent accidents and induce muscle relaxation such an extent that the muscle was able to repeat physical activity as before fatigue<\/p>\n<h4 style=\"text-align: justify;\">Therapeutic sports massage<\/h4>\n<p style=\"text-align: justify;\">Aftercare and treatment of various sports injuries<br \/>\nThis phase should always be conscious doctor<br \/>\nReflexology massage activates energy points on the feet, hands and back.<\/p>\n<h4 style=\"text-align: justify;\">Recondition and sports massage<\/h4>\n<p style=\"text-align: justify;\">Improves athletic performance, promotes relaxation and muscle regeneration after increased activity. What are the appropriate massage, if you do not have any pain? Massage touches (touch) affects not only our body but also the soul and consequently leads to leaching of hormones, such as endorphins, oxytocin, serotonin and dopamine. These hormones reduce sensitivity to pain and contribute to a good mood and serenity. From a medical perspective massages represent an irreplaceable part of the regeneration process in the body.<\/p>\n<p style=\"text-align: justify;\">A good massage can speed up recovery and lead to an acceleration of healing processes. Is alternative medicine and those who apply it regularly, maintain their health on top.<\/p>\n<p style=\"text-align: justify;\">Headache: massage can reduce or completely eliminate these ailments. This may be caused by low serotonin levels, and it is perhaps appropriate and qualified massage increase. These hormones then act as morphine and thus also the pain subsided.<\/p>\n<p style=\"text-align: justify;\">Fatigue after a massage: Why are you tired after a professional massage? As in the gym, and after the massage time will be intense metabolism and massive blood circulation. Muscle gets moving, mas\u00e9rsk\u00e9mu touch thanks to which muscle groups are used, and therefore it is possible to feel tired.<\/p>\n<p style=\"text-align: justify;\"><strong>How do you recognize a good physiotherapist?<\/strong><\/p>\n<ul style=\"text-align: justify;\">\n<li>Practice and experience<\/li>\n<li>See what bothers the patient and choose the right technology best and fastest way to help<\/li>\n<li>Reference<\/li>\n<\/ul>\n<p style=\"text-align: justify;\">More information can be found also on the website regarding\u00a0<a href=\"http:\/\/www.maseri.cz\/katalog\/maseri\/jihomoravsky\/znojmo\/id=44018&amp;m=sport-fyzio-fit.html\" target=\"_blank\">massages<\/a><\/p>\n<p><\/p>","protected":false},"excerpt":{"rendered":"<p>Sports massage It consists of several types which are classified according to their role. Sports Massage offers a structured set of suitable massage touches which have the task of preparing athletes for physical exertion and subsequent submission of certain sporting performance. Their role is to to relieve muscle fatigue and induce proper regeneration of muscle [&hellip;]<\/p>\n","protected":false},"author":2,"featured_media":0,"parent":0,"menu_order":0,"comment_status":"closed","ping_status":"closed","template":"","meta":[],"yoast_head":"<!-- This site is optimized with the Yoast SEO plugin v19.11 - https:\/\/yoast.com\/wordpress\/plugins\/seo\/ -->\n<title>Sports massage &ndash; sportfyziofit.cz<\/title>\n<meta name=\"description\" content=\"Sportovn\u00ed mas\u00e1\u017ee V\u00e1m nab\u00edz\u00ed uspo\u0159\u00e1dan\u00fd soubor vhodn\u00fdch mas\u00e9rsk\u00fdch hmat\u016f, kter\u00e9 maj\u00ed za \u00falohu p\u0159ipravit sportovce k n\u00e1sledn\u00e9 fyzick\u00e9 n\u00e1maze\" \/>\n<meta name=\"robots\" content=\"index, follow, max-snippet:-1, max-image-preview:large, max-video-preview:-1\" \/>\n<link rel=\"canonical\" href=\"http:\/\/sportfyziofit.cz\/cs\/sportovni-masaze\/\" \/>\n<meta property=\"og:locale\" content=\"en_US\" \/>\n<meta property=\"og:type\" content=\"article\" \/>\n<meta property=\"og:title\" content=\"[:cs]Sportovn\u00ed mas\u00e1\u017ee[:en]Sports massage[:de]Sports massage[:] &ndash; sportfyziofit.cz\" \/>\n<meta property=\"og:description\" content=\"Sportovn\u00ed mas\u00e1\u017ee V\u00e1m nab\u00edz\u00ed uspo\u0159\u00e1dan\u00fd soubor vhodn\u00fdch mas\u00e9rsk\u00fdch hmat\u016f, kter\u00e9 maj\u00ed za \u00falohu p\u0159ipravit sportovce k n\u00e1sledn\u00e9 fyzick\u00e9 n\u00e1maze\" \/>\n<meta property=\"og:url\" content=\"http:\/\/sportfyziofit.cz\/cs\/sportovni-masaze\/\" \/>\n<meta property=\"og:site_name\" content=\"sportfyziofit.cz\" \/>\n<meta property=\"article:publisher\" content=\"https:\/\/www.facebook.com\/sportfyziofit\" \/>\n<meta property=\"article:modified_time\" content=\"2016-01-10T15:38:04+00:00\" \/>\n<meta property=\"og:image\" content=\"http:\/\/sportfyziofit.cz\/wp-content\/uploads\/2015\/11\/ajaj.png\" \/>\n<meta name=\"twitter:card\" content=\"summary_large_image\" \/>\n<meta name=\"twitter:site\" content=\"@SportFyzioFit\" \/>\n<meta name=\"twitter:label1\" content=\"Est. reading time\" \/>\n\t<meta name=\"twitter:data1\" content=\"8 minutes\" \/>\n<script type=\"application\/ld+json\" class=\"yoast-schema-graph\">{\"@context\":\"https:\/\/schema.org\",\"@graph\":[{\"@type\":\"WebPage\",\"@id\":\"http:\/\/sportfyziofit.cz\/cs\/sportovni-masaze\/\",\"url\":\"http:\/\/sportfyziofit.cz\/cs\/sportovni-masaze\/\",\"name\":\"[:cs]Sportovn\u00ed mas\u00e1\u017ee[:en]Sports massage[:de]Sports massage[:] &ndash; sportfyziofit.cz\",\"isPartOf\":{\"@id\":\"https:\/\/sportfyziofit.cz\/cs\/#website\"},\"datePublished\":\"2015-11-16T10:08:10+00:00\",\"dateModified\":\"2016-01-10T15:38:04+00:00\",\"description\":\"Sportovn\u00ed mas\u00e1\u017ee V\u00e1m nab\u00edz\u00ed uspo\u0159\u00e1dan\u00fd soubor vhodn\u00fdch mas\u00e9rsk\u00fdch hmat\u016f, kter\u00e9 maj\u00ed za \u00falohu p\u0159ipravit sportovce k n\u00e1sledn\u00e9 fyzick\u00e9 n\u00e1maze\",\"breadcrumb\":{\"@id\":\"http:\/\/sportfyziofit.cz\/cs\/sportovni-masaze\/#breadcrumb\"},\"inLanguage\":\"en-US\",\"potentialAction\":[{\"@type\":\"ReadAction\",\"target\":[\"http:\/\/sportfyziofit.cz\/cs\/sportovni-masaze\/\"]}]},{\"@type\":\"BreadcrumbList\",\"@id\":\"http:\/\/sportfyziofit.cz\/cs\/sportovni-masaze\/#breadcrumb\",\"itemListElement\":[{\"@type\":\"ListItem\",\"position\":1,\"name\":\"Home\",\"item\":\"https:\/\/sportfyziofit.cz\/cs\/\"},{\"@type\":\"ListItem\",\"position\":2,\"name\":\"Sportovn\u00ed mas\u00e1\u017ee\"}]},{\"@type\":\"WebSite\",\"@id\":\"https:\/\/sportfyziofit.cz\/cs\/#website\",\"url\":\"https:\/\/sportfyziofit.cz\/cs\/\",\"name\":\"sportfyziofit.cz\",\"description\":\"... Welcome to the site focusing on sports massage, reflexology massage, relaxation massage, massage and musculoskeletal trauma counseling ...\",\"potentialAction\":[{\"@type\":\"SearchAction\",\"target\":{\"@type\":\"EntryPoint\",\"urlTemplate\":\"https:\/\/sportfyziofit.cz\/cs\/?s={search_term_string}\"},\"query-input\":\"required name=search_term_string\"}],\"inLanguage\":\"en-US\"}]}<\/script>\n<!-- \/ Yoast SEO plugin. -->","yoast_head_json":{"title":"[:cs]Sportovn\u00ed mas\u00e1\u017ee[:en]Sports massage[:de]Sports massage[:] &ndash; sportfyziofit.cz","description":"Sportovn\u00ed mas\u00e1\u017ee V\u00e1m nab\u00edz\u00ed uspo\u0159\u00e1dan\u00fd soubor vhodn\u00fdch mas\u00e9rsk\u00fdch hmat\u016f, kter\u00e9 maj\u00ed za \u00falohu p\u0159ipravit sportovce k n\u00e1sledn\u00e9 fyzick\u00e9 n\u00e1maze","robots":{"index":"index","follow":"follow","max-snippet":"max-snippet:-1","max-image-preview":"max-image-preview:large","max-video-preview":"max-video-preview:-1"},"canonical":"http:\/\/sportfyziofit.cz\/cs\/sportovni-masaze\/","og_locale":"en_US","og_type":"article","og_title":"[:cs]Sportovn\u00ed mas\u00e1\u017ee[:en]Sports massage[:de]Sports massage[:] &ndash; sportfyziofit.cz","og_description":"Sportovn\u00ed mas\u00e1\u017ee V\u00e1m nab\u00edz\u00ed uspo\u0159\u00e1dan\u00fd soubor vhodn\u00fdch mas\u00e9rsk\u00fdch hmat\u016f, kter\u00e9 maj\u00ed za \u00falohu p\u0159ipravit sportovce k n\u00e1sledn\u00e9 fyzick\u00e9 n\u00e1maze","og_url":"http:\/\/sportfyziofit.cz\/cs\/sportovni-masaze\/","og_site_name":"sportfyziofit.cz","article_publisher":"https:\/\/www.facebook.com\/sportfyziofit","article_modified_time":"2016-01-10T15:38:04+00:00","og_image":[{"url":"http:\/\/sportfyziofit.cz\/wp-content\/uploads\/2015\/11\/ajaj.png"}],"twitter_card":"summary_large_image","twitter_site":"@SportFyzioFit","twitter_misc":{"Est. reading time":"8 minutes"},"schema":{"@context":"https:\/\/schema.org","@graph":[{"@type":"WebPage","@id":"http:\/\/sportfyziofit.cz\/cs\/sportovni-masaze\/","url":"http:\/\/sportfyziofit.cz\/cs\/sportovni-masaze\/","name":"[:cs]Sportovn\u00ed mas\u00e1\u017ee[:en]Sports massage[:de]Sports massage[:] &ndash; sportfyziofit.cz","isPartOf":{"@id":"https:\/\/sportfyziofit.cz\/cs\/#website"},"datePublished":"2015-11-16T10:08:10+00:00","dateModified":"2016-01-10T15:38:04+00:00","description":"Sportovn\u00ed mas\u00e1\u017ee V\u00e1m nab\u00edz\u00ed uspo\u0159\u00e1dan\u00fd soubor vhodn\u00fdch mas\u00e9rsk\u00fdch hmat\u016f, kter\u00e9 maj\u00ed za \u00falohu p\u0159ipravit sportovce k n\u00e1sledn\u00e9 fyzick\u00e9 n\u00e1maze","breadcrumb":{"@id":"http:\/\/sportfyziofit.cz\/cs\/sportovni-masaze\/#breadcrumb"},"inLanguage":"en-US","potentialAction":[{"@type":"ReadAction","target":["http:\/\/sportfyziofit.cz\/cs\/sportovni-masaze\/"]}]},{"@type":"BreadcrumbList","@id":"http:\/\/sportfyziofit.cz\/cs\/sportovni-masaze\/#breadcrumb","itemListElement":[{"@type":"ListItem","position":1,"name":"Home","item":"https:\/\/sportfyziofit.cz\/cs\/"},{"@type":"ListItem","position":2,"name":"Sportovn\u00ed mas\u00e1\u017ee"}]},{"@type":"WebSite","@id":"https:\/\/sportfyziofit.cz\/cs\/#website","url":"https:\/\/sportfyziofit.cz\/cs\/","name":"sportfyziofit.cz","description":"... Welcome to the site focusing on sports massage, reflexology massage, relaxation massage, massage and musculoskeletal trauma counseling ...","potentialAction":[{"@type":"SearchAction","target":{"@type":"EntryPoint","urlTemplate":"https:\/\/sportfyziofit.cz\/cs\/?s={search_term_string}"},"query-input":"required name=search_term_string"}],"inLanguage":"en-US"}]}},"_links":{"self":[{"href":"http:\/\/sportfyziofit.cz\/en\/wp-json\/wp\/v2\/pages\/88"}],"collection":[{"href":"http:\/\/sportfyziofit.cz\/en\/wp-json\/wp\/v2\/pages"}],"about":[{"href":"http:\/\/sportfyziofit.cz\/en\/wp-json\/wp\/v2\/types\/page"}],"author":[{"embeddable":true,"href":"http:\/\/sportfyziofit.cz\/en\/wp-json\/wp\/v2\/users\/2"}],"replies":[{"embeddable":true,"href":"http:\/\/sportfyziofit.cz\/en\/wp-json\/wp\/v2\/comments?post=88"}],"version-history":[{"count":48,"href":"http:\/\/sportfyziofit.cz\/en\/wp-json\/wp\/v2\/pages\/88\/revisions"}],"predecessor-version":[{"id":645,"href":"http:\/\/sportfyziofit.cz\/en\/wp-json\/wp\/v2\/pages\/88\/revisions\/645"}],"wp:attachment":[{"href":"http:\/\/sportfyziofit.cz\/en\/wp-json\/wp\/v2\/media?parent=88"}],"curies":[{"name":"wp","href":"https:\/\/api.w.org\/{rel}","templated":true}]}}