{"id":90,"date":"2015-11-16T10:09:04","date_gmt":"2015-11-16T10:09:04","guid":{"rendered":"http:\/\/sportfyziofit.cz\/?page_id=90"},"modified":"2016-01-10T15:37:23","modified_gmt":"2016-01-10T15:37:23","slug":"muskuloskeletalni-poradenstvi","status":"publish","type":"page","link":"http:\/\/sportfyziofit.cz\/en\/muskuloskeletalni-poradenstvi\/","title":{"rendered":"Musculoskeletal counseling"},"content":{"rendered":"<p><div id=\"attachment_153\" style=\"width: 310px\" class=\"wp-caption aligncenter\"><a href=\"http:\/\/sportfyziofit.cz\/wp-content\/uploads\/2015\/11\/uvod.jpg\"><img aria-describedby=\"caption-attachment-153\" decoding=\"async\" loading=\"lazy\" class=\"wp-image-153 size-medium\" src=\"http:\/\/sportfyziofit.cz\/wp-content\/uploads\/2015\/11\/uvod-300x295.jpg\" alt=\"Musculoskeletal counseling\" width=\"300\" height=\"295\" srcset=\"http:\/\/sportfyziofit.cz\/wp-content\/uploads\/2015\/11\/uvod-300x295.jpg 300w, http:\/\/sportfyziofit.cz\/wp-content\/uploads\/2015\/11\/uvod.jpg 449w\" sizes=\"(max-width: 300px) 100vw, 300px\" \/><\/a><p id=\"caption-attachment-153\" class=\"wp-caption-text\">Musculoskeletal counseling<\/p><\/div><\/p>\n<h2 style=\"text-align: justify;\">Musculoskeletal counseling<\/h2>\n<p style=\"text-align: justify;\">Musculoskeletal pain and counseling are diseases of the MS system, which mostly include pain from the occupations, such as back pain, spine and upper and lower limbs. On the basis of an overall examination, using motion tests, it is possible to locate these pains and start appropriate therapy. Of course, therapy is an individual with the needs of the client and his daily active mode. Centralization and elimination of pain is a primary goal as well as an early return to a fully functional state.<\/p>\n<p style=\"text-align: justify;\">Musculoskeletal disorders are one of the most common issues associated with work. Affecting millions of workers throughout Europe and cause employers to cost billions of euros. Tackling MSDs is helping to improve the lives of workers, but is also important from a business point of view.<br \/>\nMusculoskeletal disorders usually affect the back, neck, shoulders and upper limbs, but may also cover the legs. This term refers to any damage or disease of the joints and other tissues. Health problems range from minor pain after serious health problems that require absence from work and treatment. In chronic cases can lead to disability and the need to leave the job.<\/p>\n<p style=\"text-align: justify;\">The two main forms of musculoskeletal disorders pain \/ back injury and upper limb disorders related to work (commonly known as &#8220;damage from repetitive strain&#8221;).<\/p>\n<p style=\"text-align: justify;\">After consulting time to uncover false stereotypes (static or motion) that lead to pain, improper posture of the body or compensatory mechanisms in motion or static component normal daily activities.<\/p>\n<p style=\"text-align: justify;\">Most of musculoskeletal disorders related to work evolves over time. Usually there is only one cause of musculoskeletal disorders. Often a combination of different factors.<\/p>\n<h4 style=\"text-align: justify;\">Physical causes and organizational risk factors include:<\/h4>\n<ul style=\"text-align: justify;\">\n<li>handling loads, especially during tilting and throwing torso<\/li>\n<li>repetitive or sudden movements<\/li>\n<li>awkward or static position<\/li>\n<li>vibration, poor lighting or cold working environments<\/li>\n<li>Work at a fast pace<\/li>\n<li>long sitting or standing in the same position<\/li>\n<\/ul>\n<p style=\"text-align: justify;\">There is growing evidence that musculoskeletal disorders associated with psychosocial risk factors (especially in combination with physical risks) as, in particular:<\/p>\n<ul style=\"text-align: justify;\">\n<li>high job demands and low degree of autonomy<\/li>\n<li>low job satisfaction<\/li>\n<\/ul>\n<p style=\"text-align: justify;\">Based on these findings, we learn either correct stereotypes and corrected with activation of certain muscle groups that were inactive and causing pain. The program can be tailored easily to correct these problems, but only if the exercises done correctly. Each such motion is also the therapy.<\/p>\n<p style=\"text-align: justify;\">More information can be found also on the <a href=\"http:\/\/www.maseri.cz\/katalog\/maseri\/jihomoravsky\/znojmo\/id=44018&amp;m=sport-fyzio-fit.html\" target=\"_blank\">website<\/a><\/p>\n<p><\/p>","protected":false},"excerpt":{"rendered":"<p>Musculoskeletal counseling Musculoskeletal pain and counseling are diseases of the MS system, which mostly include pain from the occupations, such as back pain, spine and upper and lower limbs. On the basis of an overall examination, using motion tests, it is possible to locate these pains and start appropriate therapy. Of course, therapy is an [&hellip;]<\/p>\n","protected":false},"author":2,"featured_media":0,"parent":0,"menu_order":0,"comment_status":"closed","ping_status":"closed","template":"","meta":[],"yoast_head":"<!-- This site is optimized with the Yoast SEO plugin v19.11 - https:\/\/yoast.com\/wordpress\/plugins\/seo\/ -->\n<title>Musculoskeletal counseling &ndash; sportfyziofit.cz<\/title>\n<meta name=\"description\" content=\"Muskuloskelet\u00e1ln\u00ed poradenstv\u00ed jsou bolesti a onemocn\u011bn\u00ed MS syst\u00e9mu kter\u00e9 z nejv\u011bt\u0161\u00ed \u010d\u00e1sti zahrnuj\u00ed bolesti z povol\u00e1n\u00ed, jako jsou bolesti zad a p\u00e1te\u0159e\" \/>\n<meta name=\"robots\" content=\"index, follow, max-snippet:-1, max-image-preview:large, max-video-preview:-1\" \/>\n<link rel=\"canonical\" href=\"http:\/\/sportfyziofit.cz\/en\/muskuloskeletalni-poradenstvi\/\" \/>\n<meta property=\"og:locale\" content=\"en_US\" \/>\n<meta property=\"og:type\" content=\"article\" \/>\n<meta property=\"og:title\" content=\"[:cs]Muskuloskelet\u00e1ln\u00ed poradenstv\u00ed[:en]Musculoskeletal counseling[:de]Muskel-Skelett-Beratung[:] &ndash; sportfyziofit.cz\" \/>\n<meta property=\"og:description\" content=\"Muskuloskelet\u00e1ln\u00ed poradenstv\u00ed jsou bolesti a onemocn\u011bn\u00ed MS syst\u00e9mu kter\u00e9 z nejv\u011bt\u0161\u00ed \u010d\u00e1sti zahrnuj\u00ed bolesti z povol\u00e1n\u00ed, jako jsou bolesti zad a p\u00e1te\u0159e\" \/>\n<meta property=\"og:url\" content=\"http:\/\/sportfyziofit.cz\/en\/muskuloskeletalni-poradenstvi\/\" \/>\n<meta property=\"og:site_name\" content=\"sportfyziofit.cz\" \/>\n<meta property=\"article:publisher\" content=\"https:\/\/www.facebook.com\/sportfyziofit\" \/>\n<meta property=\"article:modified_time\" content=\"2016-01-10T15:37:23+00:00\" \/>\n<meta property=\"og:image\" content=\"http:\/\/sportfyziofit.cz\/wp-content\/uploads\/2015\/11\/uvod-300x295.jpg\" \/>\n<meta name=\"twitter:card\" content=\"summary_large_image\" \/>\n<meta name=\"twitter:site\" content=\"@SportFyzioFit\" \/>\n<meta name=\"twitter:label1\" content=\"Est. reading time\" \/>\n\t<meta name=\"twitter:data1\" content=\"7 minutes\" \/>\n<script type=\"application\/ld+json\" class=\"yoast-schema-graph\">{\"@context\":\"https:\/\/schema.org\",\"@graph\":[{\"@type\":\"WebPage\",\"@id\":\"http:\/\/sportfyziofit.cz\/en\/muskuloskeletalni-poradenstvi\/\",\"url\":\"http:\/\/sportfyziofit.cz\/en\/muskuloskeletalni-poradenstvi\/\",\"name\":\"[:cs]Muskuloskelet\u00e1ln\u00ed poradenstv\u00ed[:en]Musculoskeletal counseling[:de]Muskel-Skelett-Beratung[:] &ndash; sportfyziofit.cz\",\"isPartOf\":{\"@id\":\"http:\/\/sportfyziofit.cz\/cs\/#website\"},\"datePublished\":\"2015-11-16T10:09:04+00:00\",\"dateModified\":\"2016-01-10T15:37:23+00:00\",\"description\":\"Muskuloskelet\u00e1ln\u00ed poradenstv\u00ed jsou bolesti a onemocn\u011bn\u00ed MS syst\u00e9mu kter\u00e9 z nejv\u011bt\u0161\u00ed \u010d\u00e1sti zahrnuj\u00ed bolesti z povol\u00e1n\u00ed, jako jsou bolesti zad a p\u00e1te\u0159e\",\"breadcrumb\":{\"@id\":\"http:\/\/sportfyziofit.cz\/en\/muskuloskeletalni-poradenstvi\/#breadcrumb\"},\"inLanguage\":\"en-US\",\"potentialAction\":[{\"@type\":\"ReadAction\",\"target\":[\"http:\/\/sportfyziofit.cz\/en\/muskuloskeletalni-poradenstvi\/\"]}]},{\"@type\":\"BreadcrumbList\",\"@id\":\"http:\/\/sportfyziofit.cz\/en\/muskuloskeletalni-poradenstvi\/#breadcrumb\",\"itemListElement\":[{\"@type\":\"ListItem\",\"position\":1,\"name\":\"Home\",\"item\":\"http:\/\/sportfyziofit.cz\/cs\/\"},{\"@type\":\"ListItem\",\"position\":2,\"name\":\"Musculoskeletal counseling\"}]},{\"@type\":\"WebSite\",\"@id\":\"http:\/\/sportfyziofit.cz\/cs\/#website\",\"url\":\"http:\/\/sportfyziofit.cz\/cs\/\",\"name\":\"sportfyziofit.cz\",\"description\":\"... Welcome to the site focusing on sports massage, reflexology massage, relaxation massage, massage and musculoskeletal trauma counseling ...\",\"potentialAction\":[{\"@type\":\"SearchAction\",\"target\":{\"@type\":\"EntryPoint\",\"urlTemplate\":\"http:\/\/sportfyziofit.cz\/cs\/?s={search_term_string}\"},\"query-input\":\"required name=search_term_string\"}],\"inLanguage\":\"en-US\"}]}<\/script>\n<!-- \/ Yoast SEO plugin. -->","yoast_head_json":{"title":"[:cs]Muskuloskelet\u00e1ln\u00ed poradenstv\u00ed[:en]Musculoskeletal counseling[:de]Muskel-Skelett-Beratung[:] &ndash; sportfyziofit.cz","description":"Muskuloskelet\u00e1ln\u00ed poradenstv\u00ed jsou bolesti a onemocn\u011bn\u00ed MS syst\u00e9mu kter\u00e9 z nejv\u011bt\u0161\u00ed \u010d\u00e1sti zahrnuj\u00ed bolesti z povol\u00e1n\u00ed, jako jsou bolesti zad a p\u00e1te\u0159e","robots":{"index":"index","follow":"follow","max-snippet":"max-snippet:-1","max-image-preview":"max-image-preview:large","max-video-preview":"max-video-preview:-1"},"canonical":"http:\/\/sportfyziofit.cz\/en\/muskuloskeletalni-poradenstvi\/","og_locale":"en_US","og_type":"article","og_title":"[:cs]Muskuloskelet\u00e1ln\u00ed poradenstv\u00ed[:en]Musculoskeletal counseling[:de]Muskel-Skelett-Beratung[:] &ndash; sportfyziofit.cz","og_description":"Muskuloskelet\u00e1ln\u00ed poradenstv\u00ed jsou bolesti a onemocn\u011bn\u00ed MS syst\u00e9mu kter\u00e9 z nejv\u011bt\u0161\u00ed \u010d\u00e1sti zahrnuj\u00ed bolesti z povol\u00e1n\u00ed, jako jsou bolesti zad a p\u00e1te\u0159e","og_url":"http:\/\/sportfyziofit.cz\/en\/muskuloskeletalni-poradenstvi\/","og_site_name":"sportfyziofit.cz","article_publisher":"https:\/\/www.facebook.com\/sportfyziofit","article_modified_time":"2016-01-10T15:37:23+00:00","og_image":[{"url":"http:\/\/sportfyziofit.cz\/wp-content\/uploads\/2015\/11\/uvod-300x295.jpg"}],"twitter_card":"summary_large_image","twitter_site":"@SportFyzioFit","twitter_misc":{"Est. reading time":"7 minutes"},"schema":{"@context":"https:\/\/schema.org","@graph":[{"@type":"WebPage","@id":"http:\/\/sportfyziofit.cz\/en\/muskuloskeletalni-poradenstvi\/","url":"http:\/\/sportfyziofit.cz\/en\/muskuloskeletalni-poradenstvi\/","name":"[:cs]Muskuloskelet\u00e1ln\u00ed poradenstv\u00ed[:en]Musculoskeletal counseling[:de]Muskel-Skelett-Beratung[:] &ndash; sportfyziofit.cz","isPartOf":{"@id":"http:\/\/sportfyziofit.cz\/cs\/#website"},"datePublished":"2015-11-16T10:09:04+00:00","dateModified":"2016-01-10T15:37:23+00:00","description":"Muskuloskelet\u00e1ln\u00ed poradenstv\u00ed jsou bolesti a onemocn\u011bn\u00ed MS syst\u00e9mu kter\u00e9 z nejv\u011bt\u0161\u00ed \u010d\u00e1sti zahrnuj\u00ed bolesti z povol\u00e1n\u00ed, jako jsou bolesti zad a p\u00e1te\u0159e","breadcrumb":{"@id":"http:\/\/sportfyziofit.cz\/en\/muskuloskeletalni-poradenstvi\/#breadcrumb"},"inLanguage":"en-US","potentialAction":[{"@type":"ReadAction","target":["http:\/\/sportfyziofit.cz\/en\/muskuloskeletalni-poradenstvi\/"]}]},{"@type":"BreadcrumbList","@id":"http:\/\/sportfyziofit.cz\/en\/muskuloskeletalni-poradenstvi\/#breadcrumb","itemListElement":[{"@type":"ListItem","position":1,"name":"Home","item":"http:\/\/sportfyziofit.cz\/cs\/"},{"@type":"ListItem","position":2,"name":"Musculoskeletal counseling"}]},{"@type":"WebSite","@id":"http:\/\/sportfyziofit.cz\/cs\/#website","url":"http:\/\/sportfyziofit.cz\/cs\/","name":"sportfyziofit.cz","description":"... Welcome to the site focusing on sports massage, reflexology massage, relaxation massage, massage and musculoskeletal trauma counseling ...","potentialAction":[{"@type":"SearchAction","target":{"@type":"EntryPoint","urlTemplate":"http:\/\/sportfyziofit.cz\/cs\/?s={search_term_string}"},"query-input":"required name=search_term_string"}],"inLanguage":"en-US"}]}},"_links":{"self":[{"href":"http:\/\/sportfyziofit.cz\/en\/wp-json\/wp\/v2\/pages\/90"}],"collection":[{"href":"http:\/\/sportfyziofit.cz\/en\/wp-json\/wp\/v2\/pages"}],"about":[{"href":"http:\/\/sportfyziofit.cz\/en\/wp-json\/wp\/v2\/types\/page"}],"author":[{"embeddable":true,"href":"http:\/\/sportfyziofit.cz\/en\/wp-json\/wp\/v2\/users\/2"}],"replies":[{"embeddable":true,"href":"http:\/\/sportfyziofit.cz\/en\/wp-json\/wp\/v2\/comments?post=90"}],"version-history":[{"count":18,"href":"http:\/\/sportfyziofit.cz\/en\/wp-json\/wp\/v2\/pages\/90\/revisions"}],"predecessor-version":[{"id":644,"href":"http:\/\/sportfyziofit.cz\/en\/wp-json\/wp\/v2\/pages\/90\/revisions\/644"}],"wp:attachment":[{"href":"http:\/\/sportfyziofit.cz\/en\/wp-json\/wp\/v2\/media?parent=90"}],"curies":[{"name":"wp","href":"https:\/\/api.w.org\/{rel}","templated":true}]}}