{"id":320,"date":"2015-12-02T08:59:20","date_gmt":"2015-12-02T08:59:20","guid":{"rendered":"http:\/\/sportfyziofit.cz\/?page_id=320"},"modified":"2015-12-09T10:45:28","modified_gmt":"2015-12-09T10:45:28","slug":"infra-sauna","status":"publish","type":"page","link":"https:\/\/sportfyziofit.cz\/cs\/infra-sauna\/","title":{"rendered":"Infra Sauna"},"content":{"rendered":"<p><div id=\"attachment_174\" style=\"width: 241px\" class=\"wp-caption aligncenter\"><a href=\"http:\/\/sportfyziofit.cz\/wp-content\/uploads\/2015\/11\/saunicka-e1448357197988.png\"><img aria-describedby=\"caption-attachment-174\" decoding=\"async\" loading=\"lazy\" class=\"wp-image-174\" src=\"http:\/\/sportfyziofit.cz\/wp-content\/uploads\/2015\/11\/saunicka-e1448357197988.png\" alt=\"Infra sauna\" width=\"231\" height=\"386\" \/><\/a><p id=\"caption-attachment-174\" class=\"wp-caption-text\">Infra sauna<\/p><\/div><\/p>\n<h2 style=\"text-align: justify;\">Infra sauna<\/h2>\n<p style=\"text-align: justify;\"><strong>Infra sauna pracuje pomoc\u00ed vyza\u0159ov\u00e1n\u00ed infra\u010derven\u00fdch paprsk\u016f.\u00a0<\/strong>Dlouhovlnn\u00e9 infra\u010derven\u00e9 z\u00e1\u0159en\u00ed pronik\u00e1 rovnou do t\u011blov\u00fdch tk\u00e1n\u00ed. Dostane se a\u017e do hloubky v\u00edce jak 4 cm. V\u0161e prob\u011bhne zcela p\u0159irozen\u011b \u2013 svaly se uvol\u0148uj\u00ed a zklid\u0148uj\u00ed, t\u011blo nen\u00ed zat\u011b\u017eov\u00e1no. Produkov\u00e1n\u00ed potu v infrasaun\u00e1ch je a\u017e t\u0159ikr\u00e1t vy\u0161\u0161\u00ed \u2013 p\u0159i okoln\u00ed teplot\u011b ji\u017e okolo 45 \u2013 60\u00b0C. Infrasauny proh\u0159\u00edvaj\u00ed t\u011blo a prokrvuj\u00ed organismus. Saunov\u00e1n\u00ed posiluje imunitn\u00ed syst\u00e9m, uvol\u0148uje d\u00fdchac\u00ed cesty, vylep\u0161uje nespavost, akn\u00e9, ekz\u00e9m, bolesti v krku a onemocn\u011bn\u00ed u\u0161\u00ed. Podporuje elasticitu k\u016f\u017ee a odstra\u0148uje odum\u0159el\u00e9 bu\u0148ky a ne\u010distoty z k\u016f\u017ee.<\/p>\n<p style=\"text-align: justify;\">Hlavn\u00ed zdravotn\u00ed v\u00fdhodou infrasauny je to, \u017ee ji sm\u011bj\u00ed pou\u017e\u00edvat:<\/p>\n<ul style=\"text-align: justify;\">\n<li>alergici<\/li>\n<li>astmatici<\/li>\n<li>kardiaci<\/li>\n<li>lid\u00e9 s probl\u00e9my s krevn\u00edm tlakem<\/li>\n<\/ul>\n<p style=\"text-align: justify;\">Oby\u010dejnou saunu by tito lid\u00e9 pou\u017e\u00edvat nem\u011bli.<\/p>\n<p style=\"text-align: justify;\"><strong>V\u0160EOBECN\u011a ZN\u00c1M\u00c9 TERAPEUTICK\u00c9 \u00da\u010cINKY<\/strong><\/p>\n<ul style=\"text-align: justify;\">\n<li>Zvy\u0161uje rozp\u00ednavost tk\u00e1n\u011b.<\/li>\n<li>Ihned sni\u017euje ztuhlost kon\u010detin, kloub\u016f a zad.<\/li>\n<li>Sni\u017euje svalov\u00e9 nap\u011bt\u00ed.<\/li>\n<li>M\u00edrn\u00ed bolesti.<\/li>\n<li>Stimuluje krevn\u00ed ob\u011bh.<\/li>\n<li>P\u016fsob\u00ed p\u0159i l\u00e9\u010db\u011b chorobn\u00fdch z\u00e1n\u011btliv\u00fdch proces\u016f k\u016f\u017ee.<\/li>\n<li>Vhodn\u00fd dopln\u011bk pro redukci v\u00e1hy. Za 30 min. sp\u00e1l\u00ed a\u017e 600 cal.<\/li>\n<li>Sou\u010d\u00e1st p\u0159\u00edpravy sportovc\u016f p\u0159ed i po z\u00e1t\u011b\u017ei. (testov\u00e1no na OH v Atlant\u011b)<\/li>\n<li>\u00da\u010dinn\u00e1 relaxace a regenerace organismu.<\/li>\n<\/ul>\n<p style=\"text-align: justify;\"><strong>KONTRAINDIKACE<\/strong><\/p>\n<ul style=\"text-align: justify;\">\n<li>Pokud jste nemocn\u00ed, konzultujte pou\u017eit\u00ed infrasauny se sv\u00fdm l\u00e9ka\u0159em.<\/li>\n<li>Pokud pou\u017e\u00edv\u00e1te jak\u00e9koli l\u00e9ky, konzultujte se sv\u00fdm l\u00e9ka\u0159em jakoukoli mo\u017enou interakci l\u00e9ku s infra\u010derven\u00fdm z\u00e1\u0159en\u00edm.<\/li>\n<li>Nedoporu\u010duje se zv\u00fd\u0161en\u00ed teploty t\u011blov\u00e9ho j\u00e1dra u lid\u00ed s l\u00e9\u010dbou adrenalinem, syst\u00e9mov\u00fdm lupus erytematosus anebo skler\u00f3ze multiplex.<\/li>\n<li>Teplo se nem\u00e1 pou\u017e\u00edvat 48 hodin po akutn\u00edm po\u0161kozen\u00ed kloubn\u00edho pouzdra, anebo do t\u00e9 doby ne\u017e dojde k redukci teploty a otoku kloubu.Pokud jsou otoky kloub\u016f chronick\u00e9ho charakteru, l\u00e9\u010dba jak\u00fdmkoli zvy\u0161ov\u00e1n\u00edm teploty nemus\u00ed reagovat pr\u00e1v\u011b nejl\u00e9pe. Intenzivn\u00ed proh\u0159\u00e1t\u00ed je striktn\u011b kontraindikov\u00e1no p\u0159i infekc\u00edch jak\u00e9hokoli charakteru a v kter\u00e9mkoli m\u00edst\u011b na\u0161eho organismu.<\/li>\n<li>Kovov\u00fd materi\u00e1l, um\u011bl\u00e9 klouby, kosti a jak\u00e9koli jin\u00e9 chirurgick\u00e9 implant\u00e1ty obecn\u011b odr\u00e1\u017eej\u00ed infra\u010derven\u00e9 paprsky, a proto nejsou t\u00edmto syst\u00e9mem<\/li>\n<li>zah\u0159\u00edv\u00e1ny.Nicm\u00e9n\u011b je doporu\u010dena konzultace s l\u00e9ka\u0159em p\u0159ed za\u010d\u00e1tkem pou\u017e\u00edv\u00e1n\u00ed Infra\u010derven\u00e9ho Term\u00e1ln\u00ed Syst\u00e9mu. Samoz\u0159ejm\u011b, pokud by se vyskytly bolesti kdekoli bl\u00edzko implant\u00e1tu, okam\u017eit\u011b p\u0159eru\u0161te pou\u017e\u00edv\u00e1n\u00ed.<\/li>\n<li>Samoz\u0159ejm\u011b kontraindikac\u00ed je jak\u00e9koli dal\u0161\u00ed pou\u017e\u00edv\u00e1n\u00ed infrasauny u lid\u00ed, u kter\u00fdch se jejich zdravotn\u00ed stav zhor\u0161\u00ed.<\/li>\n<li>Lid\u00e9 pou\u017e\u00edv\u00e1n\u00edm Infra\u010derven\u00e9ho Term\u00e1ln\u00edho Syst\u00e9mu nepoci\u0165uj\u00ed bolest a pokud ano, je pou\u017e\u00edv\u00e1n\u00ed kontraindikov\u00e1no, anebo do\u010dasn\u011b nevhodn\u00e9.<\/li>\n<li>Nepokou\u0161ejte se o osobn\u00ed l\u00e9\u010dbu jak\u00e9hokoli onemocn\u011bn\u00ed pomoc\u00ed Infra\u010derven\u00e9ho Term\u00e1ln\u00edho Syst\u00e9mu bez supervize a doporu\u010den\u00ed va\u0161eho l\u00e9ka\u0159e.<\/li>\n<\/ul>\n<p style=\"text-align: justify;\">V\u00edce informac\u00ed se dozv\u00edte tak\u00e9 na port\u00e1lu o <a href=\"http:\/\/www.maseri.cz\/katalog\/maseri\/jihomoravsky\/znojmo\/id=44018&amp;m=sport-fyzio-fit.html\" target=\"_blank\">mas\u00e9rstv\u00ed<\/a><\/p>\n<p><\/p>","protected":false},"excerpt":{"rendered":"<p>Infra sauna Infra sauna pracuje pomoc\u00ed vyza\u0159ov\u00e1n\u00ed infra\u010derven\u00fdch paprsk\u016f.\u00a0Dlouhovlnn\u00e9 infra\u010derven\u00e9 z\u00e1\u0159en\u00ed pronik\u00e1 rovnou do t\u011blov\u00fdch tk\u00e1n\u00ed. Dostane se a\u017e do hloubky v\u00edce jak 4 cm. V\u0161e prob\u011bhne zcela p\u0159irozen\u011b \u2013 svaly se uvol\u0148uj\u00ed a zklid\u0148uj\u00ed, t\u011blo nen\u00ed zat\u011b\u017eov\u00e1no. Produkov\u00e1n\u00ed potu v infrasaun\u00e1ch je a\u017e t\u0159ikr\u00e1t vy\u0161\u0161\u00ed \u2013 p\u0159i okoln\u00ed teplot\u011b ji\u017e okolo 45 \u2013 60\u00b0C. [&hellip;]<\/p>\n","protected":false},"author":2,"featured_media":0,"parent":0,"menu_order":0,"comment_status":"closed","ping_status":"closed","template":"","meta":[],"yoast_head":"<!-- This site is optimized with the Yoast SEO plugin v19.11 - https:\/\/yoast.com\/wordpress\/plugins\/seo\/ -->\n<title>Infra Sauna &ndash; sportfyziofit.cz<\/title>\n<meta name=\"description\" content=\"Infra sauna - produkov\u00e1n\u00ed potu v infrasaun\u00e1ch je a\u017e t\u0159ikr\u00e1t vy\u0161\u0161\u00ed, svaly se uvol\u0148uj\u00ed a zklid\u0148uj\u00ed, t\u011blo nen\u00ed zat\u011b\u017eov\u00e1no, zvy\u0161uje se rozp\u00ednavost tk\u00e1n\u011b.\" \/>\n<meta name=\"robots\" content=\"index, follow, max-snippet:-1, max-image-preview:large, max-video-preview:-1\" \/>\n<link rel=\"canonical\" href=\"http:\/\/sportfyziofit.cz\/de\/infra-sauna\/\" \/>\n<meta property=\"og:locale\" content=\"en_US\" \/>\n<meta property=\"og:type\" content=\"article\" \/>\n<meta property=\"og:title\" content=\"[:cs]Infra Sauna[:en]Infrasauna[:de]Infra sauna[:] &ndash; sportfyziofit.cz\" \/>\n<meta property=\"og:description\" content=\"Infra sauna - produkov\u00e1n\u00ed potu v infrasaun\u00e1ch je a\u017e t\u0159ikr\u00e1t vy\u0161\u0161\u00ed, svaly se uvol\u0148uj\u00ed a zklid\u0148uj\u00ed, t\u011blo nen\u00ed zat\u011b\u017eov\u00e1no, zvy\u0161uje se rozp\u00ednavost tk\u00e1n\u011b.\" \/>\n<meta property=\"og:url\" content=\"http:\/\/sportfyziofit.cz\/de\/infra-sauna\/\" \/>\n<meta property=\"og:site_name\" content=\"sportfyziofit.cz\" \/>\n<meta property=\"article:publisher\" content=\"https:\/\/www.facebook.com\/sportfyziofit\" \/>\n<meta property=\"article:modified_time\" content=\"2015-12-09T10:45:28+00:00\" \/>\n<meta property=\"og:image\" content=\"http:\/\/sportfyziofit.cz\/wp-content\/uploads\/2015\/11\/saunicka-e1448357197988.png\" \/>\n<meta name=\"twitter:card\" content=\"summary_large_image\" \/>\n<meta name=\"twitter:site\" content=\"@SportFyzioFit\" \/>\n<meta name=\"twitter:label1\" content=\"Est. reading time\" \/>\n\t<meta name=\"twitter:data1\" content=\"7 minutes\" \/>\n<script type=\"application\/ld+json\" class=\"yoast-schema-graph\">{\"@context\":\"https:\/\/schema.org\",\"@graph\":[{\"@type\":\"WebPage\",\"@id\":\"http:\/\/sportfyziofit.cz\/de\/infra-sauna\/\",\"url\":\"http:\/\/sportfyziofit.cz\/de\/infra-sauna\/\",\"name\":\"[:cs]Infra Sauna[:en]Infrasauna[:de]Infra sauna[:] &ndash; sportfyziofit.cz\",\"isPartOf\":{\"@id\":\"https:\/\/sportfyziofit.cz\/cs\/#website\"},\"datePublished\":\"2015-12-02T08:59:20+00:00\",\"dateModified\":\"2015-12-09T10:45:28+00:00\",\"description\":\"Infra sauna - produkov\u00e1n\u00ed potu v infrasaun\u00e1ch je a\u017e t\u0159ikr\u00e1t vy\u0161\u0161\u00ed, svaly se uvol\u0148uj\u00ed a zklid\u0148uj\u00ed, t\u011blo nen\u00ed zat\u011b\u017eov\u00e1no, zvy\u0161uje se rozp\u00ednavost tk\u00e1n\u011b.\",\"breadcrumb\":{\"@id\":\"http:\/\/sportfyziofit.cz\/de\/infra-sauna\/#breadcrumb\"},\"inLanguage\":\"cz\",\"potentialAction\":[{\"@type\":\"ReadAction\",\"target\":[\"http:\/\/sportfyziofit.cz\/de\/infra-sauna\/\"]}]},{\"@type\":\"BreadcrumbList\",\"@id\":\"http:\/\/sportfyziofit.cz\/de\/infra-sauna\/#breadcrumb\",\"itemListElement\":[{\"@type\":\"ListItem\",\"position\":1,\"name\":\"Home\",\"item\":\"https:\/\/sportfyziofit.cz\/cs\/\"},{\"@type\":\"ListItem\",\"position\":2,\"name\":\"Infra sauna\"}]},{\"@type\":\"WebSite\",\"@id\":\"https:\/\/sportfyziofit.cz\/cs\/#website\",\"url\":\"https:\/\/sportfyziofit.cz\/cs\/\",\"name\":\"sportfyziofit.cz\",\"description\":\"... v\u00edtejte na str\u00e1nk\u00e1ch zam\u011b\u0159uj\u00edc\u00edch se na sportovn\u00ed mas\u00e1\u017ee, reflexn\u00ed mas\u00e1\u017ee, relaxa\u010dn\u00ed mas\u00e1\u017ee, po\u00farazov\u00e9 mas\u00e1\u017ee i muskuloskelet\u00e1ln\u00ed poradenstv\u00ed ...\",\"potentialAction\":[{\"@type\":\"SearchAction\",\"target\":{\"@type\":\"EntryPoint\",\"urlTemplate\":\"https:\/\/sportfyziofit.cz\/cs\/?s={search_term_string}\"},\"query-input\":\"required name=search_term_string\"}],\"inLanguage\":\"cz\"}]}<\/script>\n<!-- \/ Yoast SEO plugin. -->","yoast_head_json":{"title":"[:cs]Infra Sauna[:en]Infrasauna[:de]Infra sauna[:] &ndash; sportfyziofit.cz","description":"Infra sauna - produkov\u00e1n\u00ed potu v infrasaun\u00e1ch je a\u017e t\u0159ikr\u00e1t vy\u0161\u0161\u00ed, svaly se uvol\u0148uj\u00ed a zklid\u0148uj\u00ed, t\u011blo nen\u00ed zat\u011b\u017eov\u00e1no, zvy\u0161uje se rozp\u00ednavost tk\u00e1n\u011b.","robots":{"index":"index","follow":"follow","max-snippet":"max-snippet:-1","max-image-preview":"max-image-preview:large","max-video-preview":"max-video-preview:-1"},"canonical":"http:\/\/sportfyziofit.cz\/de\/infra-sauna\/","og_locale":"en_US","og_type":"article","og_title":"[:cs]Infra Sauna[:en]Infrasauna[:de]Infra sauna[:] &ndash; sportfyziofit.cz","og_description":"Infra sauna - produkov\u00e1n\u00ed potu v infrasaun\u00e1ch je a\u017e t\u0159ikr\u00e1t vy\u0161\u0161\u00ed, svaly se uvol\u0148uj\u00ed a zklid\u0148uj\u00ed, t\u011blo nen\u00ed zat\u011b\u017eov\u00e1no, zvy\u0161uje se rozp\u00ednavost tk\u00e1n\u011b.","og_url":"http:\/\/sportfyziofit.cz\/de\/infra-sauna\/","og_site_name":"sportfyziofit.cz","article_publisher":"https:\/\/www.facebook.com\/sportfyziofit","article_modified_time":"2015-12-09T10:45:28+00:00","og_image":[{"url":"http:\/\/sportfyziofit.cz\/wp-content\/uploads\/2015\/11\/saunicka-e1448357197988.png"}],"twitter_card":"summary_large_image","twitter_site":"@SportFyzioFit","twitter_misc":{"Est. reading time":"7 minutes"},"schema":{"@context":"https:\/\/schema.org","@graph":[{"@type":"WebPage","@id":"http:\/\/sportfyziofit.cz\/de\/infra-sauna\/","url":"http:\/\/sportfyziofit.cz\/de\/infra-sauna\/","name":"[:cs]Infra Sauna[:en]Infrasauna[:de]Infra sauna[:] &ndash; sportfyziofit.cz","isPartOf":{"@id":"https:\/\/sportfyziofit.cz\/cs\/#website"},"datePublished":"2015-12-02T08:59:20+00:00","dateModified":"2015-12-09T10:45:28+00:00","description":"Infra sauna - produkov\u00e1n\u00ed potu v infrasaun\u00e1ch je a\u017e t\u0159ikr\u00e1t vy\u0161\u0161\u00ed, svaly se uvol\u0148uj\u00ed a zklid\u0148uj\u00ed, t\u011blo nen\u00ed zat\u011b\u017eov\u00e1no, zvy\u0161uje se rozp\u00ednavost tk\u00e1n\u011b.","breadcrumb":{"@id":"http:\/\/sportfyziofit.cz\/de\/infra-sauna\/#breadcrumb"},"inLanguage":"cz","potentialAction":[{"@type":"ReadAction","target":["http:\/\/sportfyziofit.cz\/de\/infra-sauna\/"]}]},{"@type":"BreadcrumbList","@id":"http:\/\/sportfyziofit.cz\/de\/infra-sauna\/#breadcrumb","itemListElement":[{"@type":"ListItem","position":1,"name":"Home","item":"https:\/\/sportfyziofit.cz\/cs\/"},{"@type":"ListItem","position":2,"name":"Infra sauna"}]},{"@type":"WebSite","@id":"https:\/\/sportfyziofit.cz\/cs\/#website","url":"https:\/\/sportfyziofit.cz\/cs\/","name":"sportfyziofit.cz","description":"... v\u00edtejte na str\u00e1nk\u00e1ch zam\u011b\u0159uj\u00edc\u00edch se na sportovn\u00ed mas\u00e1\u017ee, reflexn\u00ed mas\u00e1\u017ee, relaxa\u010dn\u00ed mas\u00e1\u017ee, po\u00farazov\u00e9 mas\u00e1\u017ee i muskuloskelet\u00e1ln\u00ed poradenstv\u00ed ...","potentialAction":[{"@type":"SearchAction","target":{"@type":"EntryPoint","urlTemplate":"https:\/\/sportfyziofit.cz\/cs\/?s={search_term_string}"},"query-input":"required name=search_term_string"}],"inLanguage":"cz"}]}},"_links":{"self":[{"href":"https:\/\/sportfyziofit.cz\/cs\/wp-json\/wp\/v2\/pages\/320"}],"collection":[{"href":"https:\/\/sportfyziofit.cz\/cs\/wp-json\/wp\/v2\/pages"}],"about":[{"href":"https:\/\/sportfyziofit.cz\/cs\/wp-json\/wp\/v2\/types\/page"}],"author":[{"embeddable":true,"href":"https:\/\/sportfyziofit.cz\/cs\/wp-json\/wp\/v2\/users\/2"}],"replies":[{"embeddable":true,"href":"https:\/\/sportfyziofit.cz\/cs\/wp-json\/wp\/v2\/comments?post=320"}],"version-history":[{"count":10,"href":"https:\/\/sportfyziofit.cz\/cs\/wp-json\/wp\/v2\/pages\/320\/revisions"}],"predecessor-version":[{"id":562,"href":"https:\/\/sportfyziofit.cz\/cs\/wp-json\/wp\/v2\/pages\/320\/revisions\/562"}],"wp:attachment":[{"href":"https:\/\/sportfyziofit.cz\/cs\/wp-json\/wp\/v2\/media?parent=320"}],"curies":[{"name":"wp","href":"https:\/\/api.w.org\/{rel}","templated":true}]}}