{"id":325,"date":"2015-12-02T09:05:18","date_gmt":"2015-12-02T09:05:18","guid":{"rendered":"http:\/\/sportfyziofit.cz\/?page_id=325"},"modified":"2015-12-09T10:46:48","modified_gmt":"2015-12-09T10:46:48","slug":"masaze-pro-seniory","status":"publish","type":"page","link":"https:\/\/sportfyziofit.cz\/cs\/masaze-pro-seniory\/","title":{"rendered":"Mas\u00e1\u017ee pro seniory"},"content":{"rendered":"<p><div id=\"attachment_328\" style=\"width: 617px\" class=\"wp-caption aligncenter\"><a href=\"http:\/\/sportfyziofit.cz\/wp-content\/uploads\/2015\/12\/senior3.png\"><img aria-describedby=\"caption-attachment-328\" decoding=\"async\" loading=\"lazy\" class=\"wp-image-328 size-full\" src=\"http:\/\/sportfyziofit.cz\/wp-content\/uploads\/2015\/12\/senior3.png\" alt=\"Mas\u00e1\u017ee pro seniory \" width=\"607\" height=\"257\" srcset=\"https:\/\/sportfyziofit.cz\/wp-content\/uploads\/2015\/12\/senior3.png 607w, https:\/\/sportfyziofit.cz\/wp-content\/uploads\/2015\/12\/senior3-300x127.png 300w\" sizes=\"(max-width: 607px) 100vw, 607px\" \/><\/a><p id=\"caption-attachment-328\" class=\"wp-caption-text\">Mas\u00e1\u017ee pro seniory<\/p><\/div><\/p>\n<h2 style=\"text-align: justify;\">Mas\u00e1\u017ee pro seniory<\/h2>\n<p style=\"text-align: justify;\">Mas\u00e1\u017ee pro seniory je technika mas\u00e1\u017e\u00ed kter\u00e1 m\u00e1 sv\u00e1 specifika. Vzhledem ke zm\u011bn\u00e1m na kostech a kloubech zp\u016fsoben\u00fdch v\u011bkem je nutno zvolit nanejv\u00fd\u0161\u00a0\u0161etrnou a jemnou formu mas\u00e1\u017ee. Tato mas\u00e1\u017e je sestavena individu\u00e1ln\u011b podle moment\u00e1ln\u00edch pot\u0159eb a po\u017eadavk\u016f z\u00e1kazn\u00edka s ohledem na zdravotn\u00ed stav, hybnost apod. Regenera\u010dn\u00ed mas\u00e1\u017ee zam\u011b\u0159en\u00e1 speci\u00e1ln\u011b na seniory p\u0159in\u00e1\u0161\u00ed \u00falevu od bolesti a zvl\u00e1\u0161t\u011b p\u0159i pravideln\u00e9m intervalu m\u00e1 mas\u00e1\u017e preventivn\u00ed \u00fa\u010dinky p\u0159ed neduhy st\u00e1\u0159\u00ed.<\/p>\n<p style=\"text-align: justify;\">Mas\u00e1\u017e navozuje pohodu a klid, sni\u017euje stres, zm\u00edr\u0148uje nap\u011bt\u00ed,\u00a0sni\u017euje probl\u00e9my s nespavost\u00ed, celkov\u011b\u00a0obnovuje s\u00edly \u00a0t\u011bla i du\u0161e, harmonizuje a dopl\u0148uje \u017eivotn\u00ed energie, pracuje na uvoln\u011bn\u00ed kostern\u011b-svalov\u00e9 soustavy, odstra\u0148uje ztuhl\u00e1 m\u00edsta, zm\u00edr\u0148uje svalov\u00e9 bolesti.<\/p>\n<p style=\"text-align: justify;\">Tato mas\u00e1\u017e je prov\u00e1d\u011bna mnohem\u00a0 \u0161etrneji ne\u017e u mlad\u0161\u00edch v\u011bkov\u00fdch skupin, zejm\u00e9na se vyh\u00fdb\u00e1me hlubok\u00fdch hn\u011btac\u00edm a tepac\u00edm hmat\u016fm a vibrac\u00edm. Je sestavena individu\u00e1ln\u011b podle moment\u00e1ln\u00edch pot\u0159eb a po\u017eadavk\u016f klienta, s ohledem na zdravotn\u00ed stav, hybnost klienta apod.<\/p>\n<p>MAS\u00c1\u017d navozuje pohodu a klid, sni\u017euje stres, zm\u00edr\u0148uje nap\u011bt\u00ed,\u00a0sni\u017euje probl\u00e9my s nespavost\u00ed, celkov\u011b\u00a0obnovuje s\u00edly \u00a0t\u011bla i du\u0161e, harmonizuje a dopl\u0148uje \u017eivotn\u00ed energie, pracuje na uvoln\u011bn\u00ed kostern\u011b-svalov\u00e9 soustavy, odstra\u0148uje ztuhl\u00e1 m\u00edsta, zm\u00edr\u0148uje svalov\u00e9 bolesti.<\/p>\n<p>V\u00a0kombinaci s\u00a0tepeln\u00fdm ra\u0161elinov\u00fdm z\u00e1balem se \u00fa\u010dinky mas\u00e1\u017ee zn\u00e1sobuj\u00ed, p\u0159edeh\u0159\u00e1t\u00e9 svalstvo je v\u00edce poddajn\u00e9 a doch\u00e1z\u00ed mnohem efektivn\u011bj\u0161\u00edmu \u00fa\u010dinku mas\u00e1\u017ee.<\/p>\n<ul>\n<li>Odpo\u010dinek, \u00faleva od svalov\u00fdch a kloubn\u00edch bolest\u00ed, odblokov\u00e1n\u00ed, proh\u0159\u00e1t\u00ed organismu v souladu se zdrav\u00fdm a relaxa\u010dn\u00edm procesem relaxace a spa p\u00e9\u010de o v\u011bkovou kategorii \u201esenior&#8221;.<\/li>\n<li>Pozvoln\u00e1 a jemn\u00e1 uvol\u0148ov\u00e1n\u00ed t\u011bla, kterou dovoluje kombinace reflexn\u00ed a aromaterapeutick\u00e9 techniky mas\u00e1\u017e\u00ed se doc\u00edl\u00ed nastartov\u00e1n\u00ed samo regenera\u010dn\u00ed schopnosti organismu.<\/li>\n<li>Vysoce \u00fa\u010dinn\u00e1 a zcela p\u0159\u00edrodn\u00ed p\u00e9\u010de o t\u011blo senior\u016f.<\/li>\n<\/ul>\n<p style=\"text-align: justify;\">V\u00edce informac\u00ed se dozv\u00edte tak\u00e9 na port\u00e1lu o <a href=\"http:\/\/www.maseri.cz\/katalog\/maseri\/jihomoravsky\/znojmo\/id=44018&amp;m=sport-fyzio-fit.html\" target=\"_blank\">mas\u00e9rstv\u00ed<\/a><\/p>\n<p><\/p>","protected":false},"excerpt":{"rendered":"<p>Mas\u00e1\u017ee pro seniory Mas\u00e1\u017ee pro seniory je technika mas\u00e1\u017e\u00ed kter\u00e1 m\u00e1 sv\u00e1 specifika. Vzhledem ke zm\u011bn\u00e1m na kostech a kloubech zp\u016fsoben\u00fdch v\u011bkem je nutno zvolit nanejv\u00fd\u0161\u00a0\u0161etrnou a jemnou formu mas\u00e1\u017ee. Tato mas\u00e1\u017e je sestavena individu\u00e1ln\u011b podle moment\u00e1ln\u00edch pot\u0159eb a po\u017eadavk\u016f z\u00e1kazn\u00edka s ohledem na zdravotn\u00ed stav, hybnost apod. Regenera\u010dn\u00ed mas\u00e1\u017ee zam\u011b\u0159en\u00e1 speci\u00e1ln\u011b na seniory p\u0159in\u00e1\u0161\u00ed [&hellip;]<\/p>\n","protected":false},"author":2,"featured_media":0,"parent":0,"menu_order":0,"comment_status":"closed","ping_status":"closed","template":"","meta":[],"yoast_head":"<!-- This site is optimized with the Yoast SEO plugin v19.11 - https:\/\/yoast.com\/wordpress\/plugins\/seo\/ -->\n<title>Mas\u00e1\u017ee pro seniory  &ndash; sportfyziofit.cz<\/title>\n<meta name=\"description\" content=\"Vzhledem ke zm\u011bn\u00e1m na kostech a kloubech zp\u016fsoben\u00fdch v\u011bkem je nutno zvolit nanejv\u00fd\u0161 \u0161etrnou a jemnou formu mas\u00e1\u017ee pro seniory\" \/>\n<meta name=\"robots\" content=\"index, follow, max-snippet:-1, max-image-preview:large, max-video-preview:-1\" \/>\n<link rel=\"canonical\" href=\"http:\/\/sportfyziofit.cz\/cs\/masaze-pro-seniory\/\" \/>\n<meta property=\"og:locale\" content=\"en_US\" \/>\n<meta property=\"og:type\" content=\"article\" \/>\n<meta property=\"og:title\" content=\"[:cs]Mas\u00e1\u017ee pro seniory [:en]Massage for Seniors[:de]Massage f\u00fcr Senioren[:] &ndash; sportfyziofit.cz\" \/>\n<meta property=\"og:description\" content=\"Vzhledem ke zm\u011bn\u00e1m na kostech a kloubech zp\u016fsoben\u00fdch v\u011bkem je nutno zvolit nanejv\u00fd\u0161 \u0161etrnou a jemnou formu mas\u00e1\u017ee pro seniory\" \/>\n<meta property=\"og:url\" content=\"http:\/\/sportfyziofit.cz\/cs\/masaze-pro-seniory\/\" \/>\n<meta property=\"og:site_name\" content=\"sportfyziofit.cz\" \/>\n<meta property=\"article:publisher\" content=\"https:\/\/www.facebook.com\/sportfyziofit\" \/>\n<meta property=\"article:modified_time\" content=\"2015-12-09T10:46:48+00:00\" \/>\n<meta property=\"og:image\" content=\"http:\/\/sportfyziofit.cz\/wp-content\/uploads\/2015\/12\/senior3.png\" \/>\n<meta name=\"twitter:card\" content=\"summary_large_image\" \/>\n<meta name=\"twitter:site\" content=\"@SportFyzioFit\" \/>\n<meta name=\"twitter:label1\" content=\"Est. reading time\" \/>\n\t<meta name=\"twitter:data1\" content=\"5 minutes\" \/>\n<script type=\"application\/ld+json\" class=\"yoast-schema-graph\">{\"@context\":\"https:\/\/schema.org\",\"@graph\":[{\"@type\":\"WebPage\",\"@id\":\"http:\/\/sportfyziofit.cz\/cs\/masaze-pro-seniory\/\",\"url\":\"http:\/\/sportfyziofit.cz\/cs\/masaze-pro-seniory\/\",\"name\":\"[:cs]Mas\u00e1\u017ee pro seniory [:en]Massage for Seniors[:de]Massage f\u00fcr Senioren[:] &ndash; sportfyziofit.cz\",\"isPartOf\":{\"@id\":\"http:\/\/sportfyziofit.cz\/cs\/#website\"},\"datePublished\":\"2015-12-02T09:05:18+00:00\",\"dateModified\":\"2015-12-09T10:46:48+00:00\",\"description\":\"Vzhledem ke zm\u011bn\u00e1m na kostech a kloubech zp\u016fsoben\u00fdch v\u011bkem je nutno zvolit nanejv\u00fd\u0161 \u0161etrnou a jemnou formu mas\u00e1\u017ee pro seniory\",\"breadcrumb\":{\"@id\":\"http:\/\/sportfyziofit.cz\/cs\/masaze-pro-seniory\/#breadcrumb\"},\"inLanguage\":\"cz\",\"potentialAction\":[{\"@type\":\"ReadAction\",\"target\":[\"http:\/\/sportfyziofit.cz\/cs\/masaze-pro-seniory\/\"]}]},{\"@type\":\"BreadcrumbList\",\"@id\":\"http:\/\/sportfyziofit.cz\/cs\/masaze-pro-seniory\/#breadcrumb\",\"itemListElement\":[{\"@type\":\"ListItem\",\"position\":1,\"name\":\"Home\",\"item\":\"http:\/\/sportfyziofit.cz\/cs\/\"},{\"@type\":\"ListItem\",\"position\":2,\"name\":\"Mas\u00e1\u017ee pro seniory\"}]},{\"@type\":\"WebSite\",\"@id\":\"http:\/\/sportfyziofit.cz\/cs\/#website\",\"url\":\"http:\/\/sportfyziofit.cz\/cs\/\",\"name\":\"sportfyziofit.cz\",\"description\":\"... v\u00edtejte na str\u00e1nk\u00e1ch zam\u011b\u0159uj\u00edc\u00edch se na sportovn\u00ed mas\u00e1\u017ee, reflexn\u00ed mas\u00e1\u017ee, relaxa\u010dn\u00ed mas\u00e1\u017ee, po\u00farazov\u00e9 mas\u00e1\u017ee i muskuloskelet\u00e1ln\u00ed poradenstv\u00ed ...\",\"potentialAction\":[{\"@type\":\"SearchAction\",\"target\":{\"@type\":\"EntryPoint\",\"urlTemplate\":\"http:\/\/sportfyziofit.cz\/cs\/?s={search_term_string}\"},\"query-input\":\"required name=search_term_string\"}],\"inLanguage\":\"cz\"}]}<\/script>\n<!-- \/ Yoast SEO plugin. -->","yoast_head_json":{"title":"[:cs]Mas\u00e1\u017ee pro seniory [:en]Massage for Seniors[:de]Massage f\u00fcr Senioren[:] &ndash; sportfyziofit.cz","description":"Vzhledem ke zm\u011bn\u00e1m na kostech a kloubech zp\u016fsoben\u00fdch v\u011bkem je nutno zvolit nanejv\u00fd\u0161 \u0161etrnou a jemnou formu mas\u00e1\u017ee pro seniory","robots":{"index":"index","follow":"follow","max-snippet":"max-snippet:-1","max-image-preview":"max-image-preview:large","max-video-preview":"max-video-preview:-1"},"canonical":"http:\/\/sportfyziofit.cz\/cs\/masaze-pro-seniory\/","og_locale":"en_US","og_type":"article","og_title":"[:cs]Mas\u00e1\u017ee pro seniory [:en]Massage for Seniors[:de]Massage f\u00fcr Senioren[:] &ndash; sportfyziofit.cz","og_description":"Vzhledem ke zm\u011bn\u00e1m na kostech a kloubech zp\u016fsoben\u00fdch v\u011bkem je nutno zvolit nanejv\u00fd\u0161 \u0161etrnou a jemnou formu mas\u00e1\u017ee pro seniory","og_url":"http:\/\/sportfyziofit.cz\/cs\/masaze-pro-seniory\/","og_site_name":"sportfyziofit.cz","article_publisher":"https:\/\/www.facebook.com\/sportfyziofit","article_modified_time":"2015-12-09T10:46:48+00:00","og_image":[{"url":"http:\/\/sportfyziofit.cz\/wp-content\/uploads\/2015\/12\/senior3.png"}],"twitter_card":"summary_large_image","twitter_site":"@SportFyzioFit","twitter_misc":{"Est. reading time":"5 minutes"},"schema":{"@context":"https:\/\/schema.org","@graph":[{"@type":"WebPage","@id":"http:\/\/sportfyziofit.cz\/cs\/masaze-pro-seniory\/","url":"http:\/\/sportfyziofit.cz\/cs\/masaze-pro-seniory\/","name":"[:cs]Mas\u00e1\u017ee pro seniory [:en]Massage for Seniors[:de]Massage f\u00fcr Senioren[:] &ndash; sportfyziofit.cz","isPartOf":{"@id":"http:\/\/sportfyziofit.cz\/cs\/#website"},"datePublished":"2015-12-02T09:05:18+00:00","dateModified":"2015-12-09T10:46:48+00:00","description":"Vzhledem ke zm\u011bn\u00e1m na kostech a kloubech zp\u016fsoben\u00fdch v\u011bkem je nutno zvolit nanejv\u00fd\u0161 \u0161etrnou a jemnou formu mas\u00e1\u017ee pro seniory","breadcrumb":{"@id":"http:\/\/sportfyziofit.cz\/cs\/masaze-pro-seniory\/#breadcrumb"},"inLanguage":"cz","potentialAction":[{"@type":"ReadAction","target":["http:\/\/sportfyziofit.cz\/cs\/masaze-pro-seniory\/"]}]},{"@type":"BreadcrumbList","@id":"http:\/\/sportfyziofit.cz\/cs\/masaze-pro-seniory\/#breadcrumb","itemListElement":[{"@type":"ListItem","position":1,"name":"Home","item":"http:\/\/sportfyziofit.cz\/cs\/"},{"@type":"ListItem","position":2,"name":"Mas\u00e1\u017ee pro seniory"}]},{"@type":"WebSite","@id":"http:\/\/sportfyziofit.cz\/cs\/#website","url":"http:\/\/sportfyziofit.cz\/cs\/","name":"sportfyziofit.cz","description":"... v\u00edtejte na str\u00e1nk\u00e1ch zam\u011b\u0159uj\u00edc\u00edch se na sportovn\u00ed mas\u00e1\u017ee, reflexn\u00ed mas\u00e1\u017ee, relaxa\u010dn\u00ed mas\u00e1\u017ee, po\u00farazov\u00e9 mas\u00e1\u017ee i muskuloskelet\u00e1ln\u00ed poradenstv\u00ed ...","potentialAction":[{"@type":"SearchAction","target":{"@type":"EntryPoint","urlTemplate":"http:\/\/sportfyziofit.cz\/cs\/?s={search_term_string}"},"query-input":"required name=search_term_string"}],"inLanguage":"cz"}]}},"_links":{"self":[{"href":"https:\/\/sportfyziofit.cz\/cs\/wp-json\/wp\/v2\/pages\/325"}],"collection":[{"href":"https:\/\/sportfyziofit.cz\/cs\/wp-json\/wp\/v2\/pages"}],"about":[{"href":"https:\/\/sportfyziofit.cz\/cs\/wp-json\/wp\/v2\/types\/page"}],"author":[{"embeddable":true,"href":"https:\/\/sportfyziofit.cz\/cs\/wp-json\/wp\/v2\/users\/2"}],"replies":[{"embeddable":true,"href":"https:\/\/sportfyziofit.cz\/cs\/wp-json\/wp\/v2\/comments?post=325"}],"version-history":[{"count":9,"href":"https:\/\/sportfyziofit.cz\/cs\/wp-json\/wp\/v2\/pages\/325\/revisions"}],"predecessor-version":[{"id":530,"href":"https:\/\/sportfyziofit.cz\/cs\/wp-json\/wp\/v2\/pages\/325\/revisions\/530"}],"wp:attachment":[{"href":"https:\/\/sportfyziofit.cz\/cs\/wp-json\/wp\/v2\/media?parent=325"}],"curies":[{"name":"wp","href":"https:\/\/api.w.org\/{rel}","templated":true}]}}