{"id":349,"date":"2015-12-02T10:33:22","date_gmt":"2015-12-02T10:33:22","guid":{"rendered":"http:\/\/sportfyziofit.cz\/?page_id=349"},"modified":"2015-12-09T11:18:18","modified_gmt":"2015-12-09T11:18:18","slug":"darkovy-poukaz","status":"publish","type":"page","link":"https:\/\/sportfyziofit.cz\/cs\/darkovy-poukaz\/","title":{"rendered":"D\u00e1rkov\u00fd poukaz na mas\u00e1\u017ee"},"content":{"rendered":"<p><\/p>\n<h2 style=\"text-align: justify;\"><strong>D\u00e1rkov\u00fd poukaz na mas\u00e1\u017ee: <\/strong><\/h2>\n<p style=\"text-align: justify;\"><strong>Ud\u011blejte radost sv\u00fdm bl\u00edzk\u00fdm a p\u0159\u00e1tel\u016fm<\/strong> a obdarujte je <strong>d\u00e1rkov\u00fdm poukazem na mas\u00e1\u017ee a dal\u0161\u00ed slu\u017eby<\/strong>.<br \/>\nD\u00e1rkov\u00fd poukaz je to prav\u00e9, pokud chcete darovat \u00falevu, relaxaci a\u00a0zlep\u0161it zdravotn\u00ed stav sv\u00fdm bl\u00edzk\u00fdm, a\u0165 u\u017e se jedn\u00e1 o<strong> d\u00e1rek k narozenin\u00e1m, k v\u00fdro\u010d\u00ed, nebo bude pou\u017eit jako v\u00e1no\u010dn\u00ed d\u00e1rkov\u00fd poukaz<\/strong>.<br \/>\nHodnota pouk\u00e1zky bude ur\u010dena V\u00e1mi vybran\u00fdmi slu\u017ebami. Maxim\u00e1ln\u00ed platnost poukazu je 1 rok.<\/p>\n<ul>\n<li style=\"text-align: justify;\">D\u00e1rkov\u00fd poukaz vystavujeme na po\u017eadovanou \u010d\u00e1stku, nebo na p\u0159\u00edmo na seznam mas\u00e1\u017e\u00ed slu\u017eeb pro po\u017eadovan\u00fd po\u010det osob.<\/li>\n<li style=\"text-align: justify;\">D\u00e1rkov\u00fd poukaz se v\u017edy vystavuje na konkr\u00e9tn\u00ed jm\u00e9no (nebo jm\u00e9na).<\/li>\n<li style=\"text-align: justify;\">Term\u00edn mas\u00e1\u017e\u00ed\u00a0nen\u00ed nutn\u00e9 zn\u00e1t p\u0159edem, term\u00edn si m\u016f\u017ee vybrat obdarovan\u00fd po obdr\u017een\u00ed poukazu.<\/li>\n<li style=\"text-align: justify;\">D\u00e1rkov\u00e9 poukazy se vystavuj\u00ed a\u017e po jejich uhrazen\u00ed.<\/li>\n<li style=\"text-align: justify;\">P\u0159\u00edpadn\u011b lze d\u00e1rkov\u00fd poukaz zaslat i na dob\u00edrku.<\/li>\n<\/ul>\n<div id=\"attachment_353\" style=\"width: 521px\" class=\"wp-caption alignleft\"><a href=\"http:\/\/sportfyziofit.cz\/wp-content\/uploads\/2015\/12\/poukaz.png\"><img aria-describedby=\"caption-attachment-353\" decoding=\"async\" loading=\"lazy\" class=\"wp-image-353 size-full\" src=\"http:\/\/sportfyziofit.cz\/wp-content\/uploads\/2015\/12\/poukaz.png\" alt=\"D\u00e1rkov\u00fd poukaz na mas\u00e1\u017ee\" width=\"511\" height=\"722\" srcset=\"https:\/\/sportfyziofit.cz\/wp-content\/uploads\/2015\/12\/poukaz.png 511w, https:\/\/sportfyziofit.cz\/wp-content\/uploads\/2015\/12\/poukaz-212x300.png 212w\" sizes=\"(max-width: 511px) 100vw, 511px\" \/><\/a><p id=\"caption-attachment-353\" class=\"wp-caption-text\">D\u00e1rkov\u00fd poukaz na mas\u00e1\u017ee<\/p><\/div>\n<p>&nbsp;<\/p>\n<p>&nbsp;<\/p>\n<p>&nbsp;<\/p>\n<p>&nbsp;<\/p>\n<p>&nbsp;<\/p>\n<p>&nbsp;<\/p>\n<p>&nbsp;<\/p>\n<p>&nbsp;<\/p>\n<p>&nbsp;<\/p>\n<p>&nbsp;<\/p>\n<p>&nbsp;<\/p>\n<p>&nbsp;<\/p>\n<p>&nbsp;<\/p>\n<p>&nbsp;<\/p>\n<p>&nbsp;<\/p>\n<p>&nbsp;<\/p>\n<p>&nbsp;<\/p>\n<p>&nbsp;<\/p>\n<p>&nbsp;<\/p>\n<hr \/>\n<p>        <script type=\"text\/javascript\">\n         function cp_contactformtoemail_pform_doValidate_1(form)\n         {\n            document.cp_contactformtoemail_pform_1.cp_ref_page.value = document.location;\n            $dexQuery = jQuery.noConflict();            {\n                var cpefb_error = 0;\n                $dexQuery(\"#cp_contactformtoemail_pform_1\").find(\".cpefb_error\").each(function(index){\n                    if ($dexQuery(this).css(\"display\")!=\"none\")\n                        cpefb_error++;\n                    });\n                if (cpefb_error) return false;\n                if (document.cp_contactformtoemail_pform_1.cp_contactformtoemail_pform_status.value != '0')\n                           return false;\n                document.getElementById(\"refpage_1\").value = document.location;\n                cfte_blink(\".pbSubmit\");\n                document.cp_contactformtoemail_pform_1.cp_contactformtoemail_pform_status.value = '2';return true;            }\n         }\n         function cfte_blink(selector){\n                 try {\n                     $dexQuery = jQuery.noConflict();\n                     $dexQuery(selector).fadeOut(700, function(){\n                         $dexQuery(this).fadeIn(700, function(){\n                             try {\n                                 if (document.cp_contactformtoemail_pform_1.cp_contactformtoemail_pform_status.value != '0')\n                                     cfte_blink(this);\n                             } catch (e) {}\n                         });\n                     });\n                 } catch (e) {}\n         }\n         function cp_contactformtoemail_cerror_1(){$dexQuery = jQuery.noConflict();$dexQuery(\"#hdcaptcha_error_1\").css('top',$dexQuery(\"#hdcaptcha_cp_contactformtoemail_post_1\").outerHeight());$dexQuery(\"#hdcaptcha_error_1\").css(\"display\",\"inline\");}\n        <\/script>\n        <div id=\"cftedialog\" style=\"display:none;\"><\/div>\n        <form class=\"cpp_form\" name=\"cp_contactformtoemail_pform_1\" id=\"cp_contactformtoemail_pform_1\" action=\"\" method=\"post\" enctype=\"multipart\/form-data\" onsubmit=\"return cp_contactformtoemail_pform_doValidate_1(this);\"><input type=\"hidden\" name=\"cp_pform_psequence\" value=\"_1\" \/><input type=\"hidden\" name=\"cp_contactformtoemail_pform_process\" value=\"1\" \/><input type=\"hidden\" name=\"cp_contactformtoemail_id\" value=\"2\" \/><input type=\"hidden\" name=\"cp_ref_page\" value=\"\" \/><input type=\"hidden\" name=\"form_structure_1\" id=\"form_structure_1\" size=\"180\" value=\"[[{&quot;name&quot;:&quot;fieldname1&quot;,&quot;index&quot;:0,&quot;title&quot;:&quot;Jm\\u00e9no a p\\u0159\\u00edjmen\\u00ed kupuj\\u00edc\\u00edho&quot;,&quot;shortlabel&quot;:&quot;&quot;,&quot;ftype&quot;:&quot;ftext&quot;,&quot;userhelp&quot;:&quot;&quot;,&quot;userhelpTooltip&quot;:&quot;&quot;,&quot;csslayout&quot;:&quot;&quot;,&quot;predefined&quot;:&quot;&quot;,&quot;predefinedClick&quot;:false,&quot;required&quot;:true,&quot;size&quot;:&quot;medium&quot;,&quot;minlength&quot;:&quot;&quot;,&quot;maxlength&quot;:&quot;&quot;,&quot;equalTo&quot;:&quot;&quot;},{&quot;name&quot;:&quot;fieldname2&quot;,&quot;index&quot;:1,&quot;title&quot;:&quot;Adresa kupuj\\u00edc\\u00edho&quot;,&quot;shortlabel&quot;:&quot;&quot;,&quot;ftype&quot;:&quot;ftext&quot;,&quot;userhelp&quot;:&quot;&quot;,&quot;userhelpTooltip&quot;:&quot;&quot;,&quot;csslayout&quot;:&quot;&quot;,&quot;predefined&quot;:&quot;&quot;,&quot;predefinedClick&quot;:false,&quot;required&quot;:true,&quot;size&quot;:&quot;medium&quot;,&quot;minlength&quot;:&quot;&quot;,&quot;maxlength&quot;:&quot;&quot;,&quot;equalTo&quot;:&quot;&quot;},{&quot;name&quot;:&quot;email&quot;,&quot;index&quot;:2,&quot;title&quot;:&quot;Emailov\\u00e1 adresa kupuj\\u00edc\\u00edho&quot;,&quot;ftype&quot;:&quot;femail&quot;,&quot;userhelp&quot;:&quot;&quot;,&quot;csslayout&quot;:&quot;&quot;,&quot;required&quot;:true,&quot;predefined&quot;:&quot;@&quot;,&quot;size&quot;:&quot;medium&quot;,&quot;shortlabel&quot;:&quot;&quot;,&quot;userhelpTooltip&quot;:&quot;&quot;,&quot;predefinedClick&quot;:false,&quot;equalTo&quot;:&quot;&quot;},{&quot;name&quot;:&quot;fieldname4&quot;,&quot;index&quot;:3,&quot;title&quot;:&quot;Telefon kupuj\\u00edc\\u00edho&quot;,&quot;required&quot;:true,&quot;predefined&quot;:&quot;+420&quot;,&quot;shortlabel&quot;:&quot;&quot;,&quot;ftype&quot;:&quot;ftext&quot;,&quot;userhelp&quot;:&quot;&quot;,&quot;userhelpTooltip&quot;:&quot;&quot;,&quot;csslayout&quot;:&quot;&quot;,&quot;predefinedClick&quot;:false,&quot;size&quot;:&quot;medium&quot;,&quot;minlength&quot;:&quot;&quot;,&quot;maxlength&quot;:&quot;&quot;,&quot;equalTo&quot;:&quot;&quot;},{&quot;name&quot;:&quot;fieldname5&quot;,&quot;index&quot;:4,&quot;title&quot;:&quot;Jm\\u00e9no hosta pro kter\\u00e9ho je mas\\u00e1\\u017e ur\\u010dena&quot;,&quot;shortlabel&quot;:&quot;&quot;,&quot;ftype&quot;:&quot;ftext&quot;,&quot;userhelp&quot;:&quot;&quot;,&quot;userhelpTooltip&quot;:&quot;&quot;,&quot;csslayout&quot;:&quot;&quot;,&quot;predefined&quot;:&quot;&quot;,&quot;predefinedClick&quot;:false,&quot;required&quot;:false,&quot;size&quot;:&quot;medium&quot;,&quot;minlength&quot;:&quot;&quot;,&quot;maxlength&quot;:&quot;&quot;,&quot;equalTo&quot;:&quot;&quot;},{&quot;name&quot;:&quot;fieldname3&quot;,&quot;index&quot;:5,&quot;title&quot;:&quot;Dopl\\u0148uj\\u00edc\\u00ed \\u00fadaje&quot;,&quot;shortlabel&quot;:&quot;&quot;,&quot;ftype&quot;:&quot;ftextarea&quot;,&quot;userhelp&quot;:&quot;&quot;,&quot;userhelpTooltip&quot;:&quot;&quot;,&quot;csslayout&quot;:&quot;&quot;,&quot;predefined&quot;:&quot;&quot;,&quot;predefinedClick&quot;:false,&quot;required&quot;:false,&quot;size&quot;:&quot;medium&quot;,&quot;minlength&quot;:&quot;&quot;,&quot;maxlength&quot;:&quot;&quot;}],[{&quot;title&quot;:&quot;D\\u00e1rkov\\u00fd poukaz&quot;,&quot;description&quot;:&quot;&quot;,&quot;formlayout&quot;:&quot;top_aligned&quot;}]]\" \/><input type=\"hidden\" name=\"refpage_1\" id=\"refpage_1\" value=\"\"><input type=\"hidden\" name=\"cp_contactformtoemail_pform_status\" value=\"0\" \/><input name=\"anonce\" type=\"hidden\" value=\"6ef6928f46\"\/><input name=\"cftehp\" id=\"cftehp_1\" type=\"hidden\" value=\"1\"\/>\r\n<div id=\"fbuilder\">    \r\n    <div id=\"fbuilder_1\">\r\n        <div id=\"formheader_1\"><\/div>\r\n        <div id=\"fieldlist_1\"><\/div>\r\n    <\/div>\r\n<\/div>    \r\n<div style=\"display:none\">\r\n<input name=\"cftecontrolmessage\" type=\"text\" value=\"\"\/> \r\n<div id=\"cpcaptchalayer_1\" class=\"cpcaptchalayer\">\r\n<\/div>\r\n<\/div>\r\n<div id=\"cp_subbtn_1\" class=\"cp_subbtn\">Odeslat<\/div>\r\n<\/form>\r\n<script>\r\ntry{document.getElementById(\"cftehp_1\").value=\"25\";}catch(e){}\r\n<\/script>\r\n<script>\r\nsetInterval('cfte_1()',2000);\r\nfunction cfte_1() {\r\ndocument.cp_contactformtoemail_pform_1.onsubmit = function(){ return cp_contactformtoemail_pform_doValidate_1(this);};\r\n}\r\n<\/script>\r\n<\/p>","protected":false},"excerpt":{"rendered":"<p>D\u00e1rkov\u00fd poukaz na mas\u00e1\u017ee: Ud\u011blejte radost sv\u00fdm bl\u00edzk\u00fdm a p\u0159\u00e1tel\u016fm a obdarujte je d\u00e1rkov\u00fdm poukazem na mas\u00e1\u017ee a dal\u0161\u00ed slu\u017eby. D\u00e1rkov\u00fd poukaz je to prav\u00e9, pokud chcete darovat \u00falevu, relaxaci a\u00a0zlep\u0161it zdravotn\u00ed stav sv\u00fdm bl\u00edzk\u00fdm, a\u0165 u\u017e se jedn\u00e1 o d\u00e1rek k narozenin\u00e1m, k v\u00fdro\u010d\u00ed, nebo bude pou\u017eit jako v\u00e1no\u010dn\u00ed d\u00e1rkov\u00fd poukaz. Hodnota pouk\u00e1zky bude [&hellip;]<\/p>\n","protected":false},"author":2,"featured_media":0,"parent":0,"menu_order":0,"comment_status":"closed","ping_status":"closed","template":"","meta":[],"yoast_head":"<!-- This site is optimized with the Yoast SEO plugin v19.11 - https:\/\/yoast.com\/wordpress\/plugins\/seo\/ -->\n<title>D\u00e1rkov\u00fd poukaz na mas\u00e1\u017ee &ndash; sportfyziofit.cz<\/title>\n<meta name=\"description\" content=\"D\u00e1rkov\u00fd poukaz na mas\u00e1\u017ee ve sport fyzio fit v \u0160atov\u011b - Znojmo od profesion\u00e1ln\u00ed fyzioterapeutky.\" \/>\n<meta name=\"robots\" content=\"index, follow, max-snippet:-1, max-image-preview:large, max-video-preview:-1\" \/>\n<link rel=\"canonical\" href=\"http:\/\/sportfyziofit.cz\/en\/darkovy-poukaz\/\" \/>\n<meta property=\"og:locale\" content=\"en_US\" \/>\n<meta property=\"og:type\" content=\"article\" \/>\n<meta property=\"og:title\" content=\"[:cs]D\u00e1rkov\u00fd poukaz na mas\u00e1\u017ee[:en]Gift Voucher[:de]Geschenkgutschein[:] &ndash; sportfyziofit.cz\" \/>\n<meta property=\"og:description\" content=\"D\u00e1rkov\u00fd poukaz na mas\u00e1\u017ee ve sport fyzio fit v \u0160atov\u011b - Znojmo od profesion\u00e1ln\u00ed fyzioterapeutky.\" \/>\n<meta property=\"og:url\" content=\"http:\/\/sportfyziofit.cz\/en\/darkovy-poukaz\/\" \/>\n<meta property=\"og:site_name\" content=\"sportfyziofit.cz\" \/>\n<meta property=\"article:publisher\" content=\"https:\/\/www.facebook.com\/sportfyziofit\" \/>\n<meta property=\"article:modified_time\" content=\"2015-12-09T11:18:18+00:00\" \/>\n<meta property=\"og:image\" content=\"http:\/\/sportfyziofit.cz\/wp-content\/uploads\/2015\/12\/poukaz.png\" \/>\n<meta name=\"twitter:card\" content=\"summary_large_image\" \/>\n<meta name=\"twitter:site\" content=\"@SportFyzioFit\" \/>\n<meta name=\"twitter:label1\" content=\"Est. reading time\" \/>\n\t<meta name=\"twitter:data1\" content=\"3 minutes\" \/>\n<script type=\"application\/ld+json\" class=\"yoast-schema-graph\">{\"@context\":\"https:\/\/schema.org\",\"@graph\":[{\"@type\":\"WebPage\",\"@id\":\"http:\/\/sportfyziofit.cz\/en\/darkovy-poukaz\/\",\"url\":\"http:\/\/sportfyziofit.cz\/en\/darkovy-poukaz\/\",\"name\":\"[:cs]D\u00e1rkov\u00fd poukaz na mas\u00e1\u017ee[:en]Gift Voucher[:de]Geschenkgutschein[:] &ndash; sportfyziofit.cz\",\"isPartOf\":{\"@id\":\"https:\/\/sportfyziofit.cz\/cs\/#website\"},\"datePublished\":\"2015-12-02T10:33:22+00:00\",\"dateModified\":\"2015-12-09T11:18:18+00:00\",\"description\":\"D\u00e1rkov\u00fd poukaz na mas\u00e1\u017ee ve sport fyzio fit v \u0160atov\u011b - Znojmo od profesion\u00e1ln\u00ed fyzioterapeutky.\",\"breadcrumb\":{\"@id\":\"http:\/\/sportfyziofit.cz\/en\/darkovy-poukaz\/#breadcrumb\"},\"inLanguage\":\"cz\",\"potentialAction\":[{\"@type\":\"ReadAction\",\"target\":[\"http:\/\/sportfyziofit.cz\/en\/darkovy-poukaz\/\"]}]},{\"@type\":\"BreadcrumbList\",\"@id\":\"http:\/\/sportfyziofit.cz\/en\/darkovy-poukaz\/#breadcrumb\",\"itemListElement\":[{\"@type\":\"ListItem\",\"position\":1,\"name\":\"Home\",\"item\":\"https:\/\/sportfyziofit.cz\/cs\/\"},{\"@type\":\"ListItem\",\"position\":2,\"name\":\"Gift Voucher\"}]},{\"@type\":\"WebSite\",\"@id\":\"https:\/\/sportfyziofit.cz\/cs\/#website\",\"url\":\"https:\/\/sportfyziofit.cz\/cs\/\",\"name\":\"sportfyziofit.cz\",\"description\":\"... v\u00edtejte na str\u00e1nk\u00e1ch zam\u011b\u0159uj\u00edc\u00edch se na sportovn\u00ed mas\u00e1\u017ee, reflexn\u00ed mas\u00e1\u017ee, relaxa\u010dn\u00ed mas\u00e1\u017ee, po\u00farazov\u00e9 mas\u00e1\u017ee i muskuloskelet\u00e1ln\u00ed poradenstv\u00ed ...\",\"potentialAction\":[{\"@type\":\"SearchAction\",\"target\":{\"@type\":\"EntryPoint\",\"urlTemplate\":\"https:\/\/sportfyziofit.cz\/cs\/?s={search_term_string}\"},\"query-input\":\"required name=search_term_string\"}],\"inLanguage\":\"cz\"}]}<\/script>\n<!-- \/ Yoast SEO plugin. -->","yoast_head_json":{"title":"[:cs]D\u00e1rkov\u00fd poukaz na mas\u00e1\u017ee[:en]Gift Voucher[:de]Geschenkgutschein[:] &ndash; sportfyziofit.cz","description":"D\u00e1rkov\u00fd poukaz na mas\u00e1\u017ee ve sport fyzio fit v \u0160atov\u011b - Znojmo od profesion\u00e1ln\u00ed fyzioterapeutky.","robots":{"index":"index","follow":"follow","max-snippet":"max-snippet:-1","max-image-preview":"max-image-preview:large","max-video-preview":"max-video-preview:-1"},"canonical":"http:\/\/sportfyziofit.cz\/en\/darkovy-poukaz\/","og_locale":"en_US","og_type":"article","og_title":"[:cs]D\u00e1rkov\u00fd poukaz na mas\u00e1\u017ee[:en]Gift Voucher[:de]Geschenkgutschein[:] &ndash; sportfyziofit.cz","og_description":"D\u00e1rkov\u00fd poukaz na mas\u00e1\u017ee ve sport fyzio fit v \u0160atov\u011b - Znojmo od profesion\u00e1ln\u00ed fyzioterapeutky.","og_url":"http:\/\/sportfyziofit.cz\/en\/darkovy-poukaz\/","og_site_name":"sportfyziofit.cz","article_publisher":"https:\/\/www.facebook.com\/sportfyziofit","article_modified_time":"2015-12-09T11:18:18+00:00","og_image":[{"url":"http:\/\/sportfyziofit.cz\/wp-content\/uploads\/2015\/12\/poukaz.png"}],"twitter_card":"summary_large_image","twitter_site":"@SportFyzioFit","twitter_misc":{"Est. reading time":"3 minutes"},"schema":{"@context":"https:\/\/schema.org","@graph":[{"@type":"WebPage","@id":"http:\/\/sportfyziofit.cz\/en\/darkovy-poukaz\/","url":"http:\/\/sportfyziofit.cz\/en\/darkovy-poukaz\/","name":"[:cs]D\u00e1rkov\u00fd poukaz na mas\u00e1\u017ee[:en]Gift Voucher[:de]Geschenkgutschein[:] &ndash; sportfyziofit.cz","isPartOf":{"@id":"https:\/\/sportfyziofit.cz\/cs\/#website"},"datePublished":"2015-12-02T10:33:22+00:00","dateModified":"2015-12-09T11:18:18+00:00","description":"D\u00e1rkov\u00fd poukaz na mas\u00e1\u017ee ve sport fyzio fit v \u0160atov\u011b - Znojmo od profesion\u00e1ln\u00ed fyzioterapeutky.","breadcrumb":{"@id":"http:\/\/sportfyziofit.cz\/en\/darkovy-poukaz\/#breadcrumb"},"inLanguage":"cz","potentialAction":[{"@type":"ReadAction","target":["http:\/\/sportfyziofit.cz\/en\/darkovy-poukaz\/"]}]},{"@type":"BreadcrumbList","@id":"http:\/\/sportfyziofit.cz\/en\/darkovy-poukaz\/#breadcrumb","itemListElement":[{"@type":"ListItem","position":1,"name":"Home","item":"https:\/\/sportfyziofit.cz\/cs\/"},{"@type":"ListItem","position":2,"name":"Gift Voucher"}]},{"@type":"WebSite","@id":"https:\/\/sportfyziofit.cz\/cs\/#website","url":"https:\/\/sportfyziofit.cz\/cs\/","name":"sportfyziofit.cz","description":"... v\u00edtejte na str\u00e1nk\u00e1ch zam\u011b\u0159uj\u00edc\u00edch se na sportovn\u00ed mas\u00e1\u017ee, reflexn\u00ed mas\u00e1\u017ee, relaxa\u010dn\u00ed mas\u00e1\u017ee, po\u00farazov\u00e9 mas\u00e1\u017ee i muskuloskelet\u00e1ln\u00ed poradenstv\u00ed ...","potentialAction":[{"@type":"SearchAction","target":{"@type":"EntryPoint","urlTemplate":"https:\/\/sportfyziofit.cz\/cs\/?s={search_term_string}"},"query-input":"required name=search_term_string"}],"inLanguage":"cz"}]}},"_links":{"self":[{"href":"https:\/\/sportfyziofit.cz\/cs\/wp-json\/wp\/v2\/pages\/349"}],"collection":[{"href":"https:\/\/sportfyziofit.cz\/cs\/wp-json\/wp\/v2\/pages"}],"about":[{"href":"https:\/\/sportfyziofit.cz\/cs\/wp-json\/wp\/v2\/types\/page"}],"author":[{"embeddable":true,"href":"https:\/\/sportfyziofit.cz\/cs\/wp-json\/wp\/v2\/users\/2"}],"replies":[{"embeddable":true,"href":"https:\/\/sportfyziofit.cz\/cs\/wp-json\/wp\/v2\/comments?post=349"}],"version-history":[{"count":14,"href":"https:\/\/sportfyziofit.cz\/cs\/wp-json\/wp\/v2\/pages\/349\/revisions"}],"predecessor-version":[{"id":586,"href":"https:\/\/sportfyziofit.cz\/cs\/wp-json\/wp\/v2\/pages\/349\/revisions\/586"}],"wp:attachment":[{"href":"https:\/\/sportfyziofit.cz\/cs\/wp-json\/wp\/v2\/media?parent=349"}],"curies":[{"name":"wp","href":"https:\/\/api.w.org\/{rel}","templated":true}]}}