{"id":472,"date":"2015-12-07T11:21:54","date_gmt":"2015-12-07T11:21:54","guid":{"rendered":"http:\/\/sportfyziofit.cz\/?page_id=472"},"modified":"2015-12-09T10:44:52","modified_gmt":"2015-12-09T10:44:52","slug":"elektroterapie","status":"publish","type":"page","link":"https:\/\/sportfyziofit.cz\/cs\/elektroterapie\/","title":{"rendered":"Elektroterapie"},"content":{"rendered":"<p><div id=\"attachment_476\" style=\"width: 619px\" class=\"wp-caption aligncenter\"><a href=\"http:\/\/sportfyziofit.cz\/wp-content\/uploads\/2015\/12\/elektro3.png\"><img aria-describedby=\"caption-attachment-476\" decoding=\"async\" loading=\"lazy\" class=\"wp-image-476 size-full\" src=\"http:\/\/sportfyziofit.cz\/wp-content\/uploads\/2015\/12\/elektro3.png\" alt=\"Elektroterapie\" width=\"609\" height=\"243\" srcset=\"https:\/\/sportfyziofit.cz\/wp-content\/uploads\/2015\/12\/elektro3.png 609w, https:\/\/sportfyziofit.cz\/wp-content\/uploads\/2015\/12\/elektro3-300x120.png 300w\" sizes=\"(max-width: 609px) 100vw, 609px\" \/><\/a><p id=\"caption-attachment-476\" class=\"wp-caption-text\">Elektroterapie<\/p><\/div><\/p>\n<h2 style=\"text-align: justify;\">Elektroterapie<\/h2>\n<p style=\"text-align: justify;\">Elektroterapie je obl\u00edben\u00e1 terapie, jen\u017e vyu\u017e\u00edv\u00e1 r\u016fzn\u00e9 druhy elektrick\u00fdch proud\u016f, kter\u00e9 zlep\u0161uj\u00ed prokrven\u00ed tk\u00e1n\u00ed, uvol\u0148uj\u00ed nap\u011bt\u00ed sval\u016f nebo je naopak posiluj\u00ed. P\u016fsob\u00ed proti bolesti a z\u00e1n\u011btu. Typ elektrol\u00e9\u010debn\u00e9 procedury se vol\u00ed podle p\u0159eva\u017euj\u00edc\u00edho typu onemocn\u011bn\u00ed. Je mo\u017en\u00e9 l\u00e9\u010dit choroby pohybov\u00e9ho apar\u00e1tu, poruchy prokrven\u00ed, z\u00e1n\u011btliv\u00e1 a degenerativn\u00ed onemocn\u011bn\u00ed, poopera\u010dn\u00ed stavy, ko\u017en\u00ed probl\u00e9my apod.<br \/>\nElektrol\u00e9\u010dba byla vyu\u017e\u00edv\u00e1na ji\u017e v d\u00e1vn\u00fdch dob\u00e1ch. \u0158\u00edm\u0161t\u00ed l\u00e9ka\u0159i l\u00e9\u010dili dnu p\u0159ikl\u00e1d\u00e1n\u00edm \u017eiv\u00e9ho elektrick\u00e9ho \u00faho\u0159e na posti\u017eenou kon\u010detinu. V sou\u010dasn\u00e9 dob\u011b je elektrol\u00e9\u010dba velmi roz\u0161\u00ed\u0159enou rehabilita\u010dn\u00ed terapeutickou metodou, kter\u00e1 je praktikov\u00e1na a nab\u00edzena v \u0159ad\u011b rehabilita\u010dn\u00edch a l\u00e1ze\u0148sk\u00fdch za\u0159\u00edzen\u00edch. Nab\u00edz\u00ed celou \u0161k\u00e1lu l\u00e9\u010debn\u00fdch metod, vyu\u017e\u00edvaj\u00edc\u00edch r\u016fzn\u00fdch forem elektrick\u00e9ho proudu &#8211; stejnosm\u011brn\u00e9ho proudu, st\u0159\u00eddav\u00fdch proud\u016f n\u00edzk\u00e9 nebo st\u0159edn\u00ed frekvence \u010di vysokofrekven\u010dn\u00edho proudu s r\u016fzn\u011b tvarovan\u00fdmi impulzy. Obecn\u011b je mo\u017eno \u0159\u00edci, \u017ee elektrol\u00e9\u010dba p\u016fsob\u00ed zejm\u00e9na proti bolesti (m\u00e1 analgetick\u00fd efekt), zv\u00fd\u0161en\u00e9mu nap\u011bt\u00ed sval\u016f (myorelaxa\u010dn\u00ed efekt), zvy\u0161uje prokrven\u00ed tk\u00e1n\u00ed a tk\u00e1\u0148ov\u00fd metabolismus, m\u00e1 p\u0159\u00edzniv\u00fd vliv na zmen\u0161en\u00ed otok\u016f. Elektroterapie je proto vhodn\u00e1 p\u0159i onemocn\u011bn\u00edch pohybov\u00e9ho apar\u00e1tu, zejm\u00e9na u chronick\u00fdch a degenerativn\u00edch onemocn\u011bn\u00ed, u poopera\u010dn\u00edch stav\u016f, \u00farazov\u00fdch stav\u016f, p\u0159i chronick\u00fdch gynekologick\u00fdch a urologick\u00fdch z\u00e1n\u011btech, p\u0159i onemocn\u011bn\u00edch tr\u00e1vic\u00edho a d\u00fdchac\u00edho \u00fastroj\u00ed, u ko\u017en\u00edch onemocn\u011bn\u00ed a dal\u0161\u00edch.<\/p>\n<h3 style=\"text-align: justify;\"><span style=\"text-decoration: underline;\">Druhy elektrol\u00e9\u010dby<\/span><\/h3>\n<h4 style=\"text-align: justify;\">TENS (transkut\u00e1nn\u00ed nervov\u00e1 stimulace)<\/h4>\n<p style=\"text-align: justify;\">Tato metoda je zalo\u017eena na poznatku, \u017ee veden\u00ed bolestiv\u00fdch vzruch\u016f a vn\u00edm\u00e1n\u00ed bolesti je mo\u017eno zm\u00edrnit a\u017e potla\u010dit dr\u00e1\u017ed\u011bn\u00edm nervov\u00fdch vl\u00e1ken na r\u016fzn\u00fdch \u00farovn\u00edch nervov\u00e9ho syst\u00e9mu. Tyto metody ovliv\u0148uj\u00ed bolest a uvol\u0148uj\u00ed svalov\u00e9 spasmy a ztuhnut\u00ed. P\u0159i vlastn\u00edm elektrick\u00e9m dr\u00e1\u017ed\u011bn\u00ed doch\u00e1z\u00ed v mozkov\u00e9 tk\u00e1ni k sekreci endorfinu (opi\u00e1tu tlum\u00edc\u00edho bolest). Vyu\u017e\u00edv\u00e1 se k l\u00e9\u010db\u011b nejr\u016fzn\u011bj\u0161\u00edch bolestiv\u00fdch stav\u016f jako jsou bolesti p\u00e1te\u0159e, kloub\u016f a \u0161lach, bolesti hlavy, po\u00farazov\u00e9 bolesti pohybov\u00e9ho \u00fastroj\u00ed, fantomov\u00e9 bolesti (bolesti po amputaci kon\u010detiny) a dal\u0161\u00ed.<\/p>\n<h4 style=\"text-align: justify;\">Iontofor\u00e9za<\/h4>\n<p style=\"text-align: justify;\">Iontofor\u00e9za je elektrol\u00e9\u010debn\u00e1 metoda, kter\u00e1 umo\u017e\u0148uje elektrolytick\u00fdm \u00fa\u010dinkem galvanick\u00e9ho proudu vpravit do povrchov\u00fdch vrstev k\u016f\u017ee nebo sliznic l\u00e9\u010div\u00e9 l\u00e1tky tak jako u jin\u00e9 elektroterapie. Ty pak p\u016fsob\u00ed p\u0159\u00edmo v m\u00edst\u011b podle sv\u00fdch specifick\u00fdch \u00fa\u010dink\u016f. Takto jsou vpravov\u00e1ny do posti\u017een\u00fdch oblast\u00ed nap\u0159. kalcium, kalium, procain, mesocain, hyaluronid\u00e1za, histamin, salicyl\u00e1ty a dal\u0161\u00ed l\u00e1tky, kter\u00e9 se zde uplat\u0148uj\u00ed nap\u0159. sv\u00fdm anestetick\u00fdm, protiz\u00e1n\u011btliv\u00fdm \u00fa\u010dinkem \u010di jin\u00fdm druhem p\u016fsoben\u00ed. Vyu\u017e\u00edv\u00e1 se nap\u0159. p\u0159i alergick\u00fdch projevech (lokalizovan\u00e1 kop\u0159ivka), k l\u00e9\u010db\u011b ko\u017en\u00edch jizev, v\u010detn\u011b keloidn\u00edch (vystoupl\u00e1 jizva), p\u0159i chronick\u00fdch degenerativn\u00edch kloubn\u00edch procesech, neuralgi\u00edch a ko\u0159enov\u00fdch bolestech, bolestech sval\u016f, lymfatick\u00e9m otoku a dal\u0161\u00edch.<\/p>\n<h4 style=\"text-align: justify;\">Galvanizace<\/h4>\n<p style=\"text-align: justify;\">Galvanizace je elektroterapie a l\u00e9\u010debn\u00e9 vyu\u017eit\u00ed stejnosm\u011brn\u00e9ho proudu, tj. galvanick\u00e9ho proudu se st\u00e1lou intenzitou. Ve tk\u00e1n\u00edch doch\u00e1z\u00ed ke vz\u00e1jemn\u00e9 v\u00fdm\u011bn\u011b kationt\u016f a aniont\u016f mezi elektrodami, k vyplavov\u00e1n\u00ed iont\u016f z bun\u011bk a zv\u00fd\u0161en\u00ed m\u00edstn\u00edho metabolismu v k\u016f\u017ei, podko\u017e\u00ed a dal\u0161\u00edch tk\u00e1n\u00edch, p\u0159ekrven\u00ed dan\u00e9 oblasti se zv\u00fd\u0161en\u00edm kapil\u00e1rn\u00ed propustnosti, mobilizaci otok\u016f, v\u00fdron\u016f a z\u00e1n\u011btliv\u00fdch v\u00fdpotk\u016f s urychlen\u00edm jejich vst\u0159eb\u00e1v\u00e1n\u00ed, odplavov\u00e1n\u00ed splodin l\u00e1tkov\u00e9 v\u00fdm\u011bny, povzbuzen\u00ed norm\u00e1ln\u00edch regula\u010dn\u00edch a repara\u010dn\u00edch mechanism\u016f, potla\u010den\u00ed bolesti, sn\u00ed\u017een\u00ed svalov\u00e9ho nap\u011bt\u00ed. Aplikace trv\u00e1 cca 20 minut, l\u00e9\u010dba prob\u00edh\u00e1 obden 6x-10x. Pacient p\u0159i aplikaci m\u00e1 pocit mraven\u010den\u00ed, brn\u011bn\u00ed a m\u00edrn\u00e9ho tepla.<br \/>\nNej\u010dast\u011bji je vyu\u017e\u00edv\u00e1na v l\u00e9\u010db\u011b t\u011bchto stav\u016f: po\u00farazov\u00e9 stavy s m\u00edstn\u00edm tk\u00e1\u0148ov\u00fdm \u0161okem, z\u00e1n\u011bty vazivov\u00fdch tk\u00e1n\u00ed pohybov\u00e9ho \u00fastroj\u00ed, z\u00e1n\u011bty vaz\u016f, \u0161lachov\u00fdch \u00fapon\u016f (entezopatie), \u0161lachov\u00fdch pochev, fasci\u00ed, kloubn\u00edch pouzder, neuralgie (v\u010detn\u011b neuralgie po p\u00e1sov\u00e9m oparu), neuritidy (z\u00e1n\u011bty nerv\u016f), myalgie (bolesti sval\u016f), ko\u0159enov\u00e9 syndromy, poruchy prokrven\u00ed (Raynaudova nemoc, akrocyan\u00f3za), artr\u00f3zy, Sudeck\u016fv syndrom a dal\u0161\u00ed.<\/p>\n<h4 style=\"text-align: justify;\">Diadynamick\u00e9 proudy<\/h4>\n<p style=\"text-align: justify;\">Maj\u00ed p\u0159edev\u0161\u00edm analgetick\u00e9 \u00fa\u010dinky, p\u0159i t\u00e9to metod\u011b se aplikuje stejnosm\u011brn\u00fd n\u00edzkofrekven\u010dn\u00ed elektrick\u00fd proud p\u0159es elektrodu p\u0159ilo\u017eenou na posti\u017een\u00e9 m\u00edsto. Mezi elektrodou a t\u011blem pacienta je kontaktn\u00ed l\u00e1tka, p\u0159es kterou prob\u00edh\u00e1 proud\u011bn\u00ed. Intenzita se vol\u00ed podle subjektivn\u00ed sn\u00e1\u0161enlivosti pacienta. Tato l\u00e9\u010dba zvy\u0161uje prokrven\u00ed posti\u017een\u00e9 oblasti, uvol\u0148uje svalstvo, vyu\u017e\u00edv\u00e1 se p\u0159i \u0159ad\u011b bolestiv\u00fdch stav\u016f. Hlavn\u00ed indikace p\u0159edstavuj\u00ed po\u00farazov\u00e9 stavy (zhmo\u017ed\u011bn\u00ed a nata\u017een\u00ed sval\u016f, vymknut\u00ed kloub\u016f apod.), nemoci pohybov\u00e9ho apar\u00e1tu (bolesti p\u00e1te\u0159e, cervikokrani\u00e1ln\u00ed a cervikobrachi\u00e1ln\u00ed syndrom, artr\u00f3za), neuralgie, neuritidy, poruchy prokrven\u00ed (Raynaudova choroba, k\u0159e\u010dov\u00e9 \u017e\u00edly, z\u00e1n\u011bty \u017eil, omrzliny, ischemick\u00e1 choroba doln\u00edch kon\u010detin). Nejb\u011b\u017en\u011bj\u0161\u00ed \u010das aplikace na jedno m\u00edsto je p\u0159ibli\u017en\u011b 3-5 min., celkov\u00e1 doba aplikace nem\u00e1 p\u0159esahovat 12 min. Obecn\u011b lze \u0159\u00edc\u00ed, \u017ee \u010d\u00edm je proces akutn\u011bj\u0161\u00ed, t\u00edm krat\u0161\u00ed bude aplikace proudu. D\u00e9lka aplikace se zv\u011bt\u0161uje v z\u00e1vislosti na plo\u0161e, kterou se sna\u017e\u00edme ovlivnit a na hloubce procesu ve tk\u00e1ni. P\u0159i akutn\u00edch stavech se aplikuje nej\u010dast\u011bji 1x denn\u011b, p\u0159i udr\u017eovac\u00ed terapii 1x t\u00fddn\u011b. Celkem 5-10 aplikac\u00ed.<\/p>\n<h4 style=\"text-align: justify;\">Interferen\u010dn\u00ed proudy<\/h4>\n<p style=\"text-align: justify;\">Elektroterapie jako metoda vyu\u017e\u00edvaj\u00edc\u00ed aplikace proudu prost\u0159ednictv\u00edm elektrod. L\u00e9\u010dba je zalo\u017eena na principu interference dvou st\u0159edn\u011bfrekven\u010dn\u00edch proud\u016f p\u0159\u00edmo ve tk\u00e1ni. K zes\u00edlen\u00ed \u00fa\u010dinku se pou\u017e\u00edv\u00e1 tzv. vakuov\u00fdch elektrod, doba aplikace je pak krat\u0161\u00ed, intenzita proudu se vol\u00ed dle subjektivn\u00ed sn\u00e1\u0161enlivosti pacienta. L\u00e9\u010dba ovliv\u0148uje prokrven\u00ed posti\u017een\u00e9 oblasti, zlep\u0161uje v\u00fd\u017eivu oblasti, zp\u016fsobuje relaxaci sval\u016f a zmen\u0161uje bolest. P\u016fsob\u00ed p\u0159\u00edmo na svaly, nervy a ovliv\u0148uje l\u00e1tkovou v\u00fdm\u011bnu bun\u011bk. Interfere\u010dn\u00ed proudy se uplat\u0148uj\u00ed sp\u00ed\u0161e p\u0159i chronick\u00fdch procesech, kde\u017eto diadynamick\u00e9 proudy u akutn\u00edch stav\u016f. Indikac\u00ed jsou hlavn\u011b chronick\u00e9 z\u00e1n\u011btliv\u00e9 a degenerativn\u00ed nemoci pohybov\u00e9ho apar\u00e1tu, onemocn\u011bn\u00ed sval\u016f, \u0161lach a t\u00edhov\u00fdch v\u00e1\u010dk\u016f, zlomeniny a dal\u0161\u00ed onemocn\u011bn\u00ed kost\u00ed, zhmo\u017ed\u011bniny, vymknut\u00ed kloub\u016f, artr\u00f3zy, spondyl\u00f3zy, Becht\u011brevova nemoc, bolesti p\u00e1te\u0159e, neuralgie, neuritidy, c\u00e9vn\u00ed choroby, gynekologick\u00e9 z\u00e1n\u011bty, b\u0159i\u0161n\u00ed sr\u016fsty, astma a \u0159ada dal\u0161\u00edch. Aplikace trv\u00e1 nej\u010dast\u011bji 15 minut, u akutn\u011bj\u0161\u00edch a dr\u00e1\u017ediv\u00fdch stav\u016f je aplika\u010dn\u00ed doba krat\u0161\u00ed, u chronick\u00fdch chorob a u pacient\u016f m\u00e9n\u011b citliv\u00fdch na proud je aplikace del\u0161\u00ed. Obecn\u011b se d\u00e9lka aplikace pohybuje v rozmez\u00ed 3-20 minut. Po\u010det procedur je obvykle 9-12 v pr\u016fb\u011bhu 3 t\u00fddn\u016f.<\/p>\n<h4 style=\"text-align: justify;\">Tr\u00e4bertovy proudy<\/h4>\n<p style=\"text-align: justify;\">N\u00edzkofrekven\u010dn\u00ed pulsn\u00ed proudy, kter\u00e9 maj\u00ed v\u00fdrazn\u00fd analgetick\u00fd \u00fa\u010dinek, pou\u017e\u00edvaj\u00ed se podobn\u011b jako v\u00fd\u0161e uveden\u00e9 metody, zvl\u00e1\u0161t\u011b pak po \u00farazech, p\u0159i bolestech p\u00e1te\u0159e, jsou vhodn\u00e9 u degenerativn\u00edch onemocn\u011bn\u00ed mal\u00fdch i velk\u00fdch kloub\u016f, p\u0159i chronick\u00fdch z\u00e1n\u011btliv\u00fdch revmatick\u00fdch chorob\u00e1ch postihuj\u00edc\u00edch klouby, k m\u00edrn\u011bn\u00ed nervov\u00fdch a svalov\u00fdch bolest\u00ed.<\/p>\n<h4 style=\"text-align: justify;\">Elektrostimulace (impulzoterapie)<\/h4>\n<p style=\"text-align: justify;\">Tato metoda vyu\u017e\u00edv\u00e1 dr\u00e1\u017ediv\u00fdch \u00fa\u010dink\u016f n\u00edzkofrekven\u010dn\u00edch proud\u016f. Indikac\u00ed k pou\u017eit\u00ed je prevence ochabnut\u00ed sval\u016f z inaktivity (p\u0159i zlomenin\u00e1ch, poopera\u010dn\u00edch stavech), stimulace sval\u016f doln\u00edch kon\u010detin a b\u0159icha u le\u017e\u00edc\u00edch pacient\u016f.<\/p>\n<p style=\"text-align: justify;\">V\u00edce informac\u00ed se dozv\u00edte tak\u00e9 na port\u00e1lu o <a href=\"http:\/\/www.maseri.cz\/katalog\/maseri\/jihomoravsky\/znojmo\/id=44018&amp;m=sport-fyzio-fit.html\" target=\"_blank\">mas\u00e9rstv\u00ed<\/a><\/p>\n<p><\/p>","protected":false},"excerpt":{"rendered":"<p>Elektroterapie Elektroterapie je obl\u00edben\u00e1 terapie, jen\u017e vyu\u017e\u00edv\u00e1 r\u016fzn\u00e9 druhy elektrick\u00fdch proud\u016f, kter\u00e9 zlep\u0161uj\u00ed prokrven\u00ed tk\u00e1n\u00ed, uvol\u0148uj\u00ed nap\u011bt\u00ed sval\u016f nebo je naopak posiluj\u00ed. P\u016fsob\u00ed proti bolesti a z\u00e1n\u011btu. Typ elektrol\u00e9\u010debn\u00e9 procedury se vol\u00ed podle p\u0159eva\u017euj\u00edc\u00edho typu onemocn\u011bn\u00ed. Je mo\u017en\u00e9 l\u00e9\u010dit choroby pohybov\u00e9ho apar\u00e1tu, poruchy prokrven\u00ed, z\u00e1n\u011btliv\u00e1 a degenerativn\u00ed onemocn\u011bn\u00ed, poopera\u010dn\u00ed stavy, ko\u017en\u00ed probl\u00e9my apod. Elektrol\u00e9\u010dba byla [&hellip;]<\/p>\n","protected":false},"author":2,"featured_media":0,"parent":0,"menu_order":0,"comment_status":"closed","ping_status":"closed","template":"","meta":[],"yoast_head":"<!-- This site is optimized with the Yoast SEO plugin v19.11 - https:\/\/yoast.com\/wordpress\/plugins\/seo\/ -->\n<title>Elektroterapie &ndash; sportfyziofit.cz<\/title>\n<meta name=\"description\" content=\"Elektroterapie je obl\u00edben\u00e1 terapie, jen\u017e vyu\u017e\u00edv\u00e1 r\u016fzn\u00e9 druhy elektrick\u00fdch proud\u016f, kter\u00e9 zlep\u0161uj\u00ed prokrven\u00ed tk\u00e1n\u00ed, uvol\u0148uj\u00ed nap\u011bt\u00ed sval\u016f nebo je posiluj\u00ed\" \/>\n<meta name=\"robots\" content=\"index, follow, max-snippet:-1, max-image-preview:large, max-video-preview:-1\" \/>\n<link rel=\"canonical\" href=\"http:\/\/sportfyziofit.cz\/en\/elektroterapie\/\" \/>\n<meta property=\"og:locale\" content=\"en_US\" \/>\n<meta property=\"og:type\" content=\"article\" \/>\n<meta property=\"og:title\" content=\"[:cs]Elektroterapie[:en]Electrotherapy[:de]Elektrotherapie[:] &ndash; sportfyziofit.cz\" \/>\n<meta property=\"og:description\" content=\"Elektroterapie je obl\u00edben\u00e1 terapie, jen\u017e vyu\u017e\u00edv\u00e1 r\u016fzn\u00e9 druhy elektrick\u00fdch proud\u016f, kter\u00e9 zlep\u0161uj\u00ed prokrven\u00ed tk\u00e1n\u00ed, uvol\u0148uj\u00ed nap\u011bt\u00ed sval\u016f nebo je posiluj\u00ed\" \/>\n<meta property=\"og:url\" content=\"http:\/\/sportfyziofit.cz\/en\/elektroterapie\/\" \/>\n<meta property=\"og:site_name\" content=\"sportfyziofit.cz\" \/>\n<meta property=\"article:publisher\" content=\"https:\/\/www.facebook.com\/sportfyziofit\" \/>\n<meta property=\"article:modified_time\" content=\"2015-12-09T10:44:52+00:00\" \/>\n<meta property=\"og:image\" content=\"http:\/\/sportfyziofit.cz\/wp-content\/uploads\/2015\/12\/elektro3.png\" \/>\n<meta name=\"twitter:card\" content=\"summary_large_image\" \/>\n<meta name=\"twitter:site\" content=\"@SportFyzioFit\" \/>\n<meta name=\"twitter:label1\" content=\"Est. reading time\" \/>\n\t<meta name=\"twitter:data1\" content=\"17 minutes\" \/>\n<script type=\"application\/ld+json\" class=\"yoast-schema-graph\">{\"@context\":\"https:\/\/schema.org\",\"@graph\":[{\"@type\":\"WebPage\",\"@id\":\"http:\/\/sportfyziofit.cz\/en\/elektroterapie\/\",\"url\":\"http:\/\/sportfyziofit.cz\/en\/elektroterapie\/\",\"name\":\"[:cs]Elektroterapie[:en]Electrotherapy[:de]Elektrotherapie[:] &ndash; sportfyziofit.cz\",\"isPartOf\":{\"@id\":\"http:\/\/sportfyziofit.cz\/cs\/#website\"},\"datePublished\":\"2015-12-07T11:21:54+00:00\",\"dateModified\":\"2015-12-09T10:44:52+00:00\",\"description\":\"Elektroterapie je obl\u00edben\u00e1 terapie, jen\u017e vyu\u017e\u00edv\u00e1 r\u016fzn\u00e9 druhy elektrick\u00fdch proud\u016f, kter\u00e9 zlep\u0161uj\u00ed prokrven\u00ed tk\u00e1n\u00ed, uvol\u0148uj\u00ed nap\u011bt\u00ed sval\u016f nebo je posiluj\u00ed\",\"breadcrumb\":{\"@id\":\"http:\/\/sportfyziofit.cz\/en\/elektroterapie\/#breadcrumb\"},\"inLanguage\":\"cz\",\"potentialAction\":[{\"@type\":\"ReadAction\",\"target\":[\"http:\/\/sportfyziofit.cz\/en\/elektroterapie\/\"]}]},{\"@type\":\"BreadcrumbList\",\"@id\":\"http:\/\/sportfyziofit.cz\/en\/elektroterapie\/#breadcrumb\",\"itemListElement\":[{\"@type\":\"ListItem\",\"position\":1,\"name\":\"Home\",\"item\":\"http:\/\/sportfyziofit.cz\/cs\/\"},{\"@type\":\"ListItem\",\"position\":2,\"name\":\"Electrotherapy\"}]},{\"@type\":\"WebSite\",\"@id\":\"http:\/\/sportfyziofit.cz\/cs\/#website\",\"url\":\"http:\/\/sportfyziofit.cz\/cs\/\",\"name\":\"sportfyziofit.cz\",\"description\":\"... v\u00edtejte na str\u00e1nk\u00e1ch zam\u011b\u0159uj\u00edc\u00edch se na sportovn\u00ed mas\u00e1\u017ee, reflexn\u00ed mas\u00e1\u017ee, relaxa\u010dn\u00ed mas\u00e1\u017ee, po\u00farazov\u00e9 mas\u00e1\u017ee i muskuloskelet\u00e1ln\u00ed poradenstv\u00ed ...\",\"potentialAction\":[{\"@type\":\"SearchAction\",\"target\":{\"@type\":\"EntryPoint\",\"urlTemplate\":\"http:\/\/sportfyziofit.cz\/cs\/?s={search_term_string}\"},\"query-input\":\"required name=search_term_string\"}],\"inLanguage\":\"cz\"}]}<\/script>\n<!-- \/ Yoast SEO plugin. -->","yoast_head_json":{"title":"[:cs]Elektroterapie[:en]Electrotherapy[:de]Elektrotherapie[:] &ndash; sportfyziofit.cz","description":"Elektroterapie je obl\u00edben\u00e1 terapie, jen\u017e vyu\u017e\u00edv\u00e1 r\u016fzn\u00e9 druhy elektrick\u00fdch proud\u016f, kter\u00e9 zlep\u0161uj\u00ed prokrven\u00ed tk\u00e1n\u00ed, uvol\u0148uj\u00ed nap\u011bt\u00ed sval\u016f nebo je posiluj\u00ed","robots":{"index":"index","follow":"follow","max-snippet":"max-snippet:-1","max-image-preview":"max-image-preview:large","max-video-preview":"max-video-preview:-1"},"canonical":"http:\/\/sportfyziofit.cz\/en\/elektroterapie\/","og_locale":"en_US","og_type":"article","og_title":"[:cs]Elektroterapie[:en]Electrotherapy[:de]Elektrotherapie[:] &ndash; sportfyziofit.cz","og_description":"Elektroterapie je obl\u00edben\u00e1 terapie, jen\u017e vyu\u017e\u00edv\u00e1 r\u016fzn\u00e9 druhy elektrick\u00fdch proud\u016f, kter\u00e9 zlep\u0161uj\u00ed prokrven\u00ed tk\u00e1n\u00ed, uvol\u0148uj\u00ed nap\u011bt\u00ed sval\u016f nebo je posiluj\u00ed","og_url":"http:\/\/sportfyziofit.cz\/en\/elektroterapie\/","og_site_name":"sportfyziofit.cz","article_publisher":"https:\/\/www.facebook.com\/sportfyziofit","article_modified_time":"2015-12-09T10:44:52+00:00","og_image":[{"url":"http:\/\/sportfyziofit.cz\/wp-content\/uploads\/2015\/12\/elektro3.png"}],"twitter_card":"summary_large_image","twitter_site":"@SportFyzioFit","twitter_misc":{"Est. reading time":"17 minutes"},"schema":{"@context":"https:\/\/schema.org","@graph":[{"@type":"WebPage","@id":"http:\/\/sportfyziofit.cz\/en\/elektroterapie\/","url":"http:\/\/sportfyziofit.cz\/en\/elektroterapie\/","name":"[:cs]Elektroterapie[:en]Electrotherapy[:de]Elektrotherapie[:] &ndash; sportfyziofit.cz","isPartOf":{"@id":"http:\/\/sportfyziofit.cz\/cs\/#website"},"datePublished":"2015-12-07T11:21:54+00:00","dateModified":"2015-12-09T10:44:52+00:00","description":"Elektroterapie je obl\u00edben\u00e1 terapie, jen\u017e vyu\u017e\u00edv\u00e1 r\u016fzn\u00e9 druhy elektrick\u00fdch proud\u016f, kter\u00e9 zlep\u0161uj\u00ed prokrven\u00ed tk\u00e1n\u00ed, uvol\u0148uj\u00ed nap\u011bt\u00ed sval\u016f nebo je posiluj\u00ed","breadcrumb":{"@id":"http:\/\/sportfyziofit.cz\/en\/elektroterapie\/#breadcrumb"},"inLanguage":"cz","potentialAction":[{"@type":"ReadAction","target":["http:\/\/sportfyziofit.cz\/en\/elektroterapie\/"]}]},{"@type":"BreadcrumbList","@id":"http:\/\/sportfyziofit.cz\/en\/elektroterapie\/#breadcrumb","itemListElement":[{"@type":"ListItem","position":1,"name":"Home","item":"http:\/\/sportfyziofit.cz\/cs\/"},{"@type":"ListItem","position":2,"name":"Electrotherapy"}]},{"@type":"WebSite","@id":"http:\/\/sportfyziofit.cz\/cs\/#website","url":"http:\/\/sportfyziofit.cz\/cs\/","name":"sportfyziofit.cz","description":"... v\u00edtejte na str\u00e1nk\u00e1ch zam\u011b\u0159uj\u00edc\u00edch se na sportovn\u00ed mas\u00e1\u017ee, reflexn\u00ed mas\u00e1\u017ee, relaxa\u010dn\u00ed mas\u00e1\u017ee, po\u00farazov\u00e9 mas\u00e1\u017ee i muskuloskelet\u00e1ln\u00ed poradenstv\u00ed ...","potentialAction":[{"@type":"SearchAction","target":{"@type":"EntryPoint","urlTemplate":"http:\/\/sportfyziofit.cz\/cs\/?s={search_term_string}"},"query-input":"required name=search_term_string"}],"inLanguage":"cz"}]}},"_links":{"self":[{"href":"https:\/\/sportfyziofit.cz\/cs\/wp-json\/wp\/v2\/pages\/472"}],"collection":[{"href":"https:\/\/sportfyziofit.cz\/cs\/wp-json\/wp\/v2\/pages"}],"about":[{"href":"https:\/\/sportfyziofit.cz\/cs\/wp-json\/wp\/v2\/types\/page"}],"author":[{"embeddable":true,"href":"https:\/\/sportfyziofit.cz\/cs\/wp-json\/wp\/v2\/users\/2"}],"replies":[{"embeddable":true,"href":"https:\/\/sportfyziofit.cz\/cs\/wp-json\/wp\/v2\/comments?post=472"}],"version-history":[{"count":13,"href":"https:\/\/sportfyziofit.cz\/cs\/wp-json\/wp\/v2\/pages\/472\/revisions"}],"predecessor-version":[{"id":559,"href":"https:\/\/sportfyziofit.cz\/cs\/wp-json\/wp\/v2\/pages\/472\/revisions\/559"}],"wp:attachment":[{"href":"https:\/\/sportfyziofit.cz\/cs\/wp-json\/wp\/v2\/media?parent=472"}],"curies":[{"name":"wp","href":"https:\/\/api.w.org\/{rel}","templated":true}]}}