{"id":599,"date":"2015-12-10T11:13:28","date_gmt":"2015-12-10T11:13:28","guid":{"rendered":"http:\/\/sportfyziofit.cz\/?page_id=599"},"modified":"2015-12-10T12:56:17","modified_gmt":"2015-12-10T12:56:17","slug":"sportovni-masaze-znojmo","status":"publish","type":"page","link":"https:\/\/sportfyziofit.cz\/cs\/sportovni-masaze-znojmo\/","title":{"rendered":"Sportovn\u00ed mas\u00e1\u017ee Znojmo"},"content":{"rendered":"<p><div id=\"attachment_156\" style=\"width: 390px\" class=\"wp-caption aligncenter\"><a href=\"http:\/\/sportfyziofit.cz\/wp-content\/uploads\/2015\/11\/ajaj.png\"><img aria-describedby=\"caption-attachment-156\" decoding=\"async\" loading=\"lazy\" class=\"wp-image-156\" src=\"http:\/\/sportfyziofit.cz\/wp-content\/uploads\/2015\/11\/ajaj.png\" alt=\"Sportovn\u00ed mas\u00e1\u017ee Znojmo\" width=\"380\" height=\"259\" srcset=\"https:\/\/sportfyziofit.cz\/wp-content\/uploads\/2015\/11\/ajaj.png 479w, https:\/\/sportfyziofit.cz\/wp-content\/uploads\/2015\/11\/ajaj-300x205.png 300w\" sizes=\"(max-width: 380px) 100vw, 380px\" \/><\/a><p id=\"caption-attachment-156\" class=\"wp-caption-text\">Sportovn\u00ed mas\u00e1\u017ee Znojmo<\/p><\/div><\/p>\n<h2>Sportovn\u00ed mas\u00e1\u017ee Znojmo<\/h2>\n<p>Sportovn\u00ed mas\u00e1\u017ee Znojmo se skl\u00e1daj\u00ed z\u00a0v\u00edce druh\u016f a ty se rozd\u011bluj\u00ed podle sv\u00e9 \u00falohy. \u00a0Sportovn\u00ed mas\u00e1\u017ee V\u00e1m nab\u00edz\u00ed uspo\u0159\u00e1dan\u00fd soubor vhodn\u00fdch mas\u00e9rsk\u00fdch hmat\u016f, kter\u00e9 maj\u00ed za \u00falohu p\u0159ipravit sportovce k\u00a0n\u00e1sledn\u00e9 fyzick\u00e9 n\u00e1maze a k\u00a0pod\u00e1n\u00ed ur\u010dit\u00e9ho sportovn\u00edho v\u00fdkonu. Po p\u0159\u00edpad\u011b maj\u00ed za \u00fakol zbavit svaly \u00fanavy a navodit spr\u00e1vnou regeneraci svalov\u00e9 tk\u00e1n\u011b.<\/p>\n<h4>Mas\u00e1\u017e p\u0159\u00edpravn\u00e1<\/h4>\n<ul>\n<li>Podporuje zlep\u0161en\u00ed kondice sportovce<\/li>\n<li>Pom\u00e1h\u00e1 p\u0159i \u0161irok\u00e9 \u0161k\u00e1le funk\u010dn\u00edch p\u0159\u00edznak\u016f (nap\u0159. \u0161patn\u00e9 dr\u017een\u00ed t\u011bla, zkr\u00e1cen\u00e9 \u0161lachy, ochabl\u00e9 svaly)<\/li>\n<li>M\u016f\u017ee b\u00fdt ozna\u010dena tak\u00e9 jako mas\u00e1\u017e kondi\u010dn\u00ed \u010di tr\u00e9ninkov\u00e1<\/li>\n<\/ul>\n<h4>Mas\u00e1\u017e pohotovostn\u00ed<\/h4>\n<ul>\n<li>P\u0159iprav\u00ed sportovce k\u00a0maxim\u00e1ln\u00edmu v\u00fdkonu, \u010dasto b\u00fdv\u00e1 sou\u010d\u00e1st\u00ed rozcvi\u010den\u00ed p\u0159ed fyzickou aktivitou<\/li>\n<li>Podle sportovn\u00ed aktivity takov\u00e1 mas\u00e1\u017e m\u016f\u017ee b\u00fdt dr\u00e1\u017ediv\u00e1 nebo uklid\u0148uj\u00edc\u00ed<\/li>\n<li>Dr\u00e1\u017ediv\u00e1 na povzbuzen\u00ed sportovce je tvrd\u00e1 a rychl\u00e1<\/li>\n<li>Uklid\u0148uj\u00edc\u00ed mas\u00e1\u017e uklidn\u00ed p\u0159ed stresem ze z\u00e1vodu (nervozita, netrp\u011blivost) je jemn\u00e1 a pomal\u00e1<\/li>\n<\/ul>\n<h4>Mas\u00e1\u017e v\u00a0p\u0159est\u00e1vk\u00e1ch mezi v\u00fdkony<\/h4>\n<ul>\n<li>Vhodn\u00e1 jen p\u0159i utk\u00e1n\u00ed a sout\u011b\u017e\u00edch. Je nezbytn\u00e1 pro sportovce, kte\u0159\u00ed maj\u00ed v\u00fdkony v\u00a0men\u0161\u00edm \u010dasov\u00e9m rozsahu nap\u0159. desetiboj, turnaje, kter\u00e9 trvaj\u00ed n\u011bkolik t\u00fddn\u016f<\/li>\n<li>V\u00a0t\u011bchto p\u0159\u00edpadech je d\u016fle\u017eit\u00e9 p\u0159edej\u00edt \u00faraz\u016fm a navodit relaxaci sval\u016f takov\u00e9ho rozsahu, aby dan\u00fd sval byl schopen zopakovat t\u011blesnou aktivitu jako p\u0159ed \u00fanavou<\/li>\n<\/ul>\n<h4>L\u00e9\u010debn\u00e1 sportovn\u00ed mas\u00e1\u017e<\/h4>\n<ul>\n<li>Dol\u00e9\u010dov\u00e1n\u00ed \u010di l\u00e9\u010dba r\u016fzn\u00fdch sportovn\u00edch zran\u011bn\u00ed<\/li>\n<li>Tato f\u00e1ze by m\u011bla v\u017edy prob\u00edhat s\u00a0v\u011bdom\u00edm l\u00e9ka\u0159e<\/li>\n<\/ul>\n<p>Reflexn\u00ed mas\u00e1\u017ee aktivuj\u00ed energetick\u00e9 body na chodidlech, dlan\u00edch a z\u00e1dech.<\/p>\n<h4>Rekondi\u010dn\u00ed a sportovn\u00ed mas\u00e1\u017e<\/h4>\n<p>Zlep\u0161uje sportovn\u00ed v\u00fdkon, podporuje relaxaci a regeneraci sval\u016f po zv\u00fd\u0161en\u00e9 aktivit\u011b. K \u010demu jsou vhodn\u00e9 mas\u00e1\u017ee, kdy\u017e zrovna nem\u00e1te \u017e\u00e1dn\u00e9 bolesti? Mas\u00e1\u017en\u00ed hmaty (doteky) p\u016fsob\u00ed nejen na na\u0161e t\u011blo, ale i na du\u0161i a n\u00e1sledn\u011b doch\u00e1z\u00ed k vyplavov\u00e1n\u00ed hormon\u016f, jako jsou endorfiny, oxytocin, serotonin a dopamin. Tyto hormony redukuj\u00ed citlivost na bolest a p\u0159isp\u00edvaj\u00ed k dobr\u00e9 n\u00e1lad\u011b a vyrovnanosti. Z l\u00e9ka\u0159sk\u00e9ho hlediska mas\u00e1\u017ee p\u0159edstavuj\u00ed nenahraditelnou sou\u010d\u00e1st regenera\u010dn\u00edho procesu v organizmu.<\/p>\n<p>Dobr\u00e1 mas\u00e1\u017e dok\u00e1\u017ee zrychlit regeneraci a v\u00e9st k zrychlen\u00ed ozdravn\u00fdch proces\u016f. Je alternativn\u00ed medic\u00ednou a ti kdo j\u00ed pravideln\u011b aplikuj\u00ed, udr\u017euj\u00ed sv\u00e9 zdrav\u00ed na vrcholu.<\/p>\n<p><strong>Bolesti hlavy:<\/strong> mas\u00e1\u017e\u00ed je mo\u017en\u00e9 sn\u00ed\u017eit, \u010di pln\u011b odbourat tyto bolesti. P\u0159\u00ed\u010dinou m\u016f\u017ee b\u00fdt n\u00edzk\u00e1 hladina serotoninu a ta je mo\u017en\u00e1 vhodnou a odbornou mas\u00e1\u017e\u00ed zv\u00fd\u0161it. Tyto hormony pak p\u016fsob\u00ed jako morfium a d\u00edky tomu i bolesti ustoup\u00ed.<\/p>\n<p><strong>\u00danava po mas\u00e1\u017ei:<\/strong> Pro\u010d jste po odborn\u00e9 mas\u00e1\u017ei unaven\u00ed? Jak v posilovn\u011b, tak i po \u010das mas\u00e1\u017ee dojde k intenzivn\u00ed l\u00e1tkov\u00e9 v\u00fdm\u011bn\u011b a mohutn\u00e9mu prokrven\u00ed. Sval\u016fm se dostane pohybu, d\u00edky mas\u00e9rsk\u00e9mu hmatu, na kter\u00fd svalov\u00e9 skupiny nejsou zvykl\u00e9 a tud\u00ed\u017e je mo\u017en\u00fd pocit \u00fanavy.<\/p>\n<p><strong>Jak pozn\u00e1te dobr\u00e9ho fyzioterapeuta?<\/strong><\/p>\n<ul>\n<li>Praxe a zku\u0161enosti.<\/li>\n<li>Vid\u011bt co pacienta tr\u00e1p\u00ed a zvolit spr\u00e1vnou techniku co nejl\u00e9pe a nejrychleji pom\u016f\u017ee.<\/li>\n<li>Reference<\/li>\n<\/ul>\n<p>V\u00edce informac\u00ed se dozv\u00edte tak\u00e9 na port\u00e1lu o <a href=\"http:\/\/www.maseri.cz\/katalog\/maseri\/jihomoravsky\/znojmo\/id=44018&amp;m=sport-fyzio-fit.html\" target=\"_blank\">mas\u00e9rstv\u00ed<\/a><\/p>","protected":false},"excerpt":{"rendered":"<p>Sportovn\u00ed mas\u00e1\u017ee Znojmo Sportovn\u00ed mas\u00e1\u017ee Znojmo se skl\u00e1daj\u00ed z\u00a0v\u00edce druh\u016f a ty se rozd\u011bluj\u00ed podle sv\u00e9 \u00falohy. \u00a0Sportovn\u00ed mas\u00e1\u017ee V\u00e1m nab\u00edz\u00ed uspo\u0159\u00e1dan\u00fd soubor vhodn\u00fdch mas\u00e9rsk\u00fdch hmat\u016f, kter\u00e9 maj\u00ed za \u00falohu p\u0159ipravit sportovce k\u00a0n\u00e1sledn\u00e9 fyzick\u00e9 n\u00e1maze a k\u00a0pod\u00e1n\u00ed ur\u010dit\u00e9ho sportovn\u00edho v\u00fdkonu. Po p\u0159\u00edpad\u011b maj\u00ed za \u00fakol zbavit svaly \u00fanavy a navodit spr\u00e1vnou regeneraci svalov\u00e9 tk\u00e1n\u011b. Mas\u00e1\u017e [&hellip;]<\/p>\n","protected":false},"author":2,"featured_media":0,"parent":0,"menu_order":0,"comment_status":"closed","ping_status":"closed","template":"","meta":[],"yoast_head":"<!-- This site is optimized with the Yoast SEO plugin v19.11 - https:\/\/yoast.com\/wordpress\/plugins\/seo\/ -->\n<title>Sportovn\u00ed mas\u00e1\u017ee Znojmo &ndash; sportfyziofit.cz<\/title>\n<meta name=\"description\" content=\"Sportovn\u00ed mas\u00e1\u017ee Znojmo a Sport fyzio fit od profesion\u00e1ln\u00ed fyzioterapeutky s v\u00edce ne\u017e 11 letou odbornou prax\u00ed z anglick\u00e9 fotbalov\u00e9 premier league.\" \/>\n<meta name=\"robots\" content=\"index, follow, max-snippet:-1, max-image-preview:large, max-video-preview:-1\" \/>\n<link rel=\"canonical\" href=\"http:\/\/sportfyziofit.cz\/de\/sportovni-masaze-znojmo\/\" \/>\n<meta property=\"og:locale\" content=\"en_US\" \/>\n<meta property=\"og:type\" content=\"article\" \/>\n<meta property=\"og:title\" content=\"[:cs]Sportovn\u00ed mas\u00e1\u017ee Znojmo[:] &ndash; sportfyziofit.cz\" \/>\n<meta property=\"og:description\" content=\"Sportovn\u00ed mas\u00e1\u017ee Znojmo a Sport fyzio fit od profesion\u00e1ln\u00ed fyzioterapeutky s v\u00edce ne\u017e 11 letou odbornou prax\u00ed z anglick\u00e9 fotbalov\u00e9 premier league.\" \/>\n<meta property=\"og:url\" content=\"http:\/\/sportfyziofit.cz\/de\/sportovni-masaze-znojmo\/\" \/>\n<meta property=\"og:site_name\" content=\"sportfyziofit.cz\" \/>\n<meta property=\"article:publisher\" content=\"https:\/\/www.facebook.com\/sportfyziofit\" \/>\n<meta property=\"article:modified_time\" content=\"2015-12-10T12:56:17+00:00\" \/>\n<meta property=\"og:image\" content=\"http:\/\/sportfyziofit.cz\/wp-content\/uploads\/2015\/11\/ajaj.png\" \/>\n<meta name=\"twitter:card\" content=\"summary_large_image\" \/>\n<meta name=\"twitter:site\" content=\"@SportFyzioFit\" \/>\n<meta name=\"twitter:label1\" content=\"Est. reading time\" \/>\n\t<meta name=\"twitter:data1\" content=\"3 minutes\" \/>\n<script type=\"application\/ld+json\" class=\"yoast-schema-graph\">{\"@context\":\"https:\/\/schema.org\",\"@graph\":[{\"@type\":\"WebPage\",\"@id\":\"http:\/\/sportfyziofit.cz\/de\/sportovni-masaze-znojmo\/\",\"url\":\"http:\/\/sportfyziofit.cz\/de\/sportovni-masaze-znojmo\/\",\"name\":\"[:cs]Sportovn\u00ed mas\u00e1\u017ee Znojmo[:] &ndash; sportfyziofit.cz\",\"isPartOf\":{\"@id\":\"https:\/\/sportfyziofit.cz\/cs\/#website\"},\"datePublished\":\"2015-12-10T11:13:28+00:00\",\"dateModified\":\"2015-12-10T12:56:17+00:00\",\"description\":\"Sportovn\u00ed mas\u00e1\u017ee Znojmo a Sport fyzio fit od profesion\u00e1ln\u00ed fyzioterapeutky s v\u00edce ne\u017e 11 letou odbornou prax\u00ed z anglick\u00e9 fotbalov\u00e9 premier league.\",\"breadcrumb\":{\"@id\":\"http:\/\/sportfyziofit.cz\/de\/sportovni-masaze-znojmo\/#breadcrumb\"},\"inLanguage\":\"cz\",\"potentialAction\":[{\"@type\":\"ReadAction\",\"target\":[\"http:\/\/sportfyziofit.cz\/de\/sportovni-masaze-znojmo\/\"]}]},{\"@type\":\"BreadcrumbList\",\"@id\":\"http:\/\/sportfyziofit.cz\/de\/sportovni-masaze-znojmo\/#breadcrumb\",\"itemListElement\":[{\"@type\":\"ListItem\",\"position\":1,\"name\":\"Home\",\"item\":\"https:\/\/sportfyziofit.cz\/cs\/\"},{\"@type\":\"ListItem\",\"position\":2,\"name\":\"(Czech) Sportovn\u00ed mas\u00e1\u017ee Znojmo\"}]},{\"@type\":\"WebSite\",\"@id\":\"https:\/\/sportfyziofit.cz\/cs\/#website\",\"url\":\"https:\/\/sportfyziofit.cz\/cs\/\",\"name\":\"sportfyziofit.cz\",\"description\":\"... v\u00edtejte na str\u00e1nk\u00e1ch zam\u011b\u0159uj\u00edc\u00edch se na sportovn\u00ed mas\u00e1\u017ee, reflexn\u00ed mas\u00e1\u017ee, relaxa\u010dn\u00ed mas\u00e1\u017ee, po\u00farazov\u00e9 mas\u00e1\u017ee i muskuloskelet\u00e1ln\u00ed poradenstv\u00ed ...\",\"potentialAction\":[{\"@type\":\"SearchAction\",\"target\":{\"@type\":\"EntryPoint\",\"urlTemplate\":\"https:\/\/sportfyziofit.cz\/cs\/?s={search_term_string}\"},\"query-input\":\"required name=search_term_string\"}],\"inLanguage\":\"cz\"}]}<\/script>\n<!-- \/ Yoast SEO plugin. -->","yoast_head_json":{"title":"[:cs]Sportovn\u00ed mas\u00e1\u017ee Znojmo[:] &ndash; sportfyziofit.cz","description":"Sportovn\u00ed mas\u00e1\u017ee Znojmo a Sport fyzio fit od profesion\u00e1ln\u00ed fyzioterapeutky s v\u00edce ne\u017e 11 letou odbornou prax\u00ed z anglick\u00e9 fotbalov\u00e9 premier league.","robots":{"index":"index","follow":"follow","max-snippet":"max-snippet:-1","max-image-preview":"max-image-preview:large","max-video-preview":"max-video-preview:-1"},"canonical":"http:\/\/sportfyziofit.cz\/de\/sportovni-masaze-znojmo\/","og_locale":"en_US","og_type":"article","og_title":"[:cs]Sportovn\u00ed mas\u00e1\u017ee Znojmo[:] &ndash; sportfyziofit.cz","og_description":"Sportovn\u00ed mas\u00e1\u017ee Znojmo a Sport fyzio fit od profesion\u00e1ln\u00ed fyzioterapeutky s v\u00edce ne\u017e 11 letou odbornou prax\u00ed z anglick\u00e9 fotbalov\u00e9 premier league.","og_url":"http:\/\/sportfyziofit.cz\/de\/sportovni-masaze-znojmo\/","og_site_name":"sportfyziofit.cz","article_publisher":"https:\/\/www.facebook.com\/sportfyziofit","article_modified_time":"2015-12-10T12:56:17+00:00","og_image":[{"url":"http:\/\/sportfyziofit.cz\/wp-content\/uploads\/2015\/11\/ajaj.png"}],"twitter_card":"summary_large_image","twitter_site":"@SportFyzioFit","twitter_misc":{"Est. reading time":"3 minutes"},"schema":{"@context":"https:\/\/schema.org","@graph":[{"@type":"WebPage","@id":"http:\/\/sportfyziofit.cz\/de\/sportovni-masaze-znojmo\/","url":"http:\/\/sportfyziofit.cz\/de\/sportovni-masaze-znojmo\/","name":"[:cs]Sportovn\u00ed mas\u00e1\u017ee Znojmo[:] &ndash; sportfyziofit.cz","isPartOf":{"@id":"https:\/\/sportfyziofit.cz\/cs\/#website"},"datePublished":"2015-12-10T11:13:28+00:00","dateModified":"2015-12-10T12:56:17+00:00","description":"Sportovn\u00ed mas\u00e1\u017ee Znojmo a Sport fyzio fit od profesion\u00e1ln\u00ed fyzioterapeutky s v\u00edce ne\u017e 11 letou odbornou prax\u00ed z anglick\u00e9 fotbalov\u00e9 premier league.","breadcrumb":{"@id":"http:\/\/sportfyziofit.cz\/de\/sportovni-masaze-znojmo\/#breadcrumb"},"inLanguage":"cz","potentialAction":[{"@type":"ReadAction","target":["http:\/\/sportfyziofit.cz\/de\/sportovni-masaze-znojmo\/"]}]},{"@type":"BreadcrumbList","@id":"http:\/\/sportfyziofit.cz\/de\/sportovni-masaze-znojmo\/#breadcrumb","itemListElement":[{"@type":"ListItem","position":1,"name":"Home","item":"https:\/\/sportfyziofit.cz\/cs\/"},{"@type":"ListItem","position":2,"name":"(Czech) Sportovn\u00ed mas\u00e1\u017ee Znojmo"}]},{"@type":"WebSite","@id":"https:\/\/sportfyziofit.cz\/cs\/#website","url":"https:\/\/sportfyziofit.cz\/cs\/","name":"sportfyziofit.cz","description":"... v\u00edtejte na str\u00e1nk\u00e1ch zam\u011b\u0159uj\u00edc\u00edch se na sportovn\u00ed mas\u00e1\u017ee, reflexn\u00ed mas\u00e1\u017ee, relaxa\u010dn\u00ed mas\u00e1\u017ee, po\u00farazov\u00e9 mas\u00e1\u017ee i muskuloskelet\u00e1ln\u00ed poradenstv\u00ed ...","potentialAction":[{"@type":"SearchAction","target":{"@type":"EntryPoint","urlTemplate":"https:\/\/sportfyziofit.cz\/cs\/?s={search_term_string}"},"query-input":"required name=search_term_string"}],"inLanguage":"cz"}]}},"_links":{"self":[{"href":"https:\/\/sportfyziofit.cz\/cs\/wp-json\/wp\/v2\/pages\/599"}],"collection":[{"href":"https:\/\/sportfyziofit.cz\/cs\/wp-json\/wp\/v2\/pages"}],"about":[{"href":"https:\/\/sportfyziofit.cz\/cs\/wp-json\/wp\/v2\/types\/page"}],"author":[{"embeddable":true,"href":"https:\/\/sportfyziofit.cz\/cs\/wp-json\/wp\/v2\/users\/2"}],"replies":[{"embeddable":true,"href":"https:\/\/sportfyziofit.cz\/cs\/wp-json\/wp\/v2\/comments?post=599"}],"version-history":[{"count":3,"href":"https:\/\/sportfyziofit.cz\/cs\/wp-json\/wp\/v2\/pages\/599\/revisions"}],"predecessor-version":[{"id":610,"href":"https:\/\/sportfyziofit.cz\/cs\/wp-json\/wp\/v2\/pages\/599\/revisions\/610"}],"wp:attachment":[{"href":"https:\/\/sportfyziofit.cz\/cs\/wp-json\/wp\/v2\/media?parent=599"}],"curies":[{"name":"wp","href":"https:\/\/api.w.org\/{rel}","templated":true}]}}