{"id":80,"date":"2015-11-16T10:05:33","date_gmt":"2015-11-16T10:05:33","guid":{"rendered":"http:\/\/sportfyziofit.cz\/?page_id=80"},"modified":"2016-01-10T15:25:23","modified_gmt":"2016-01-10T15:25:23","slug":"certifikaty","status":"publish","type":"page","link":"https:\/\/sportfyziofit.cz\/cs\/certifikaty\/","title":{"rendered":"Certifik\u00e1ty"},"content":{"rendered":"<p><\/p>\n<h2 style=\"text-align: center;\">Certifik\u00e1ty<\/h2>\n<div id=\"attachment_32\" style=\"width: 490px\" class=\"wp-caption aligncenter\"><a href=\"http:\/\/sportfyziofit.cz\/wp-content\/uploads\/2015\/11\/fyzio_1-e1448358464813.jpg\"><img aria-describedby=\"caption-attachment-32\" decoding=\"async\" loading=\"lazy\" class=\"wp-image-32 size-full\" src=\"http:\/\/sportfyziofit.cz\/wp-content\/uploads\/2015\/11\/fyzio_1-e1448358464813.jpg\" alt=\"Diplomovan\u00fd fyzioterapeut Certifik\u00e1ty\" width=\"480\" height=\"337\" \/><\/a><p id=\"caption-attachment-32\" class=\"wp-caption-text\">Diplomovan\u00fd fyzioterapeut<\/p><\/div>\n<p style=\"text-align: justify;\">Certifik\u00e1ty fyzioterapie \u00a0\u2013 studium na Slovensku mezi lety 2001 a\u017e 2004. V tomto obdob\u00ed jsem nab\u00fdvala profesion\u00e1ln\u00ed zku\u0161enosti v oblasti fyzioterapie na v\u0161ech odd\u011blen\u00edch okresn\u00ed nemocnice Trnava, v d\u011btsk\u00e9m sanatoriu, Fyzioterapie v okresn\u00ed nemocnici Galanta na odd\u011blen\u00ed fyzioterapie, ortopedie a protetiky. V tomto obdob\u00ed jsem rozv\u00edjela hlubok\u00e9 zku\u0161enosti v pasivn\u00edm a aktivn\u00edm cvi\u010den\u00ed, manu\u00e1ln\u00ed techniky a m\u011bkk\u00e9 techniky, z\u00e1klady kineziologie, biomechaniky, proces\u016f regenerace a fyziologie. Na ka\u017ed\u00e9m odd\u011blen\u00ed nemocnic byly pou\u017e\u00edvan\u00e9 jin\u00e9 rehabilita\u010dn\u00ed pl\u00e1ny a postupy s n\u00e1hledem na individualitu pacienta a jeho aktu\u00e1ln\u00ed pot\u0159eby.<\/p>\n<hr \/>\n<div id=\"attachment_131\" style=\"width: 293px\" class=\"wp-caption aligncenter\"><a href=\"http:\/\/sportfyziofit.cz\/wp-content\/uploads\/2015\/11\/care_0.jpg\"><img aria-describedby=\"caption-attachment-131\" decoding=\"async\" loading=\"lazy\" class=\"wp-image-131 size-full\" src=\"http:\/\/sportfyziofit.cz\/wp-content\/uploads\/2015\/11\/care_0.jpg\" alt=\"Okam\u017eit\u00e1 pomoc pro sportovce Certifik\u00e1ty\" width=\"283\" height=\"400\" srcset=\"https:\/\/sportfyziofit.cz\/wp-content\/uploads\/2015\/11\/care_0.jpg 283w, https:\/\/sportfyziofit.cz\/wp-content\/uploads\/2015\/11\/care_0-212x300.jpg 212w\" sizes=\"(max-width: 283px) 100vw, 283px\" \/><\/a><p id=\"caption-attachment-131\" class=\"wp-caption-text\">Okam\u017eit\u00e1 pomoc pro sportovce<\/p><\/div>\n<p style=\"orphans: auto; text-align: justify; widows: 1; -webkit-text-stroke-width: 0px; word-spacing: 0px;\">Certifik\u00e1ty RFU \u2013 je nadstandardn\u00ed certifik\u00e1t prvn\u00ed pomoci od specialist\u016f z Royalle College of Edinburg. \u0160kolitel\u00e9 byli vysoce hodnocen\u00ed profesion\u00e1ln\u00ed l\u00e9ka\u0159i pracuj\u00edc\u00ed pro jednotky rychl\u00e9 z\u00e1chrann\u00e9 pomoci, kte\u0159\u00ed se k pacient\u016fm dost\u00e1vaj\u00ed jako prvn\u00ed a na nich mnohdy z\u00e1le\u017e\u00ed, zda o\u0161et\u0159ovan\u00fd jedinec\/sportovec p\u0159e\u017eije. Pro mou praxi ve sportovn\u00ed rehabilitaci to byl obrovsk\u00fd p\u0159\u00ednos a spousta informac\u00ed, jak spr\u00e1vn\u011b o\u0161et\u0159it zran\u011bn\u00e9ho \u010dlov\u011bka, profesion\u00e1ln\u00edho nebo rekrea\u010dn\u00edho sportovce \u010di na m\u00edst\u011b \u00farazu anebo na o\u0161et\u0159ovn\u011b. V obou t\u011bchto p\u0159\u00edpadech je p\u0159\u00edstup jin\u00fd a v\u017edy uzp\u016fsoben\u00fd dan\u00e9mu stavu klienta.<\/p>\n<hr \/>\n<div id=\"attachment_132\" style=\"width: 293px\" class=\"wp-caption aligncenter\"><a href=\"http:\/\/sportfyziofit.cz\/wp-content\/uploads\/2015\/11\/university-1-e1447674566994.jpg\"><img aria-describedby=\"caption-attachment-132\" decoding=\"async\" loading=\"lazy\" class=\"wp-image-132 size-full\" src=\"http:\/\/sportfyziofit.cz\/wp-content\/uploads\/2015\/11\/university-1-e1447674566994.jpg\" alt=\"Vysoko\u0161kolsk\u00fd Diplom - Sportovn\u00ed rehabilitace Certifik\u00e1ty\" width=\"283\" height=\"389\" \/><\/a><p id=\"caption-attachment-132\" class=\"wp-caption-text\">Vysoko\u0161kolsk\u00fd Diplom &#8211; Sportovn\u00ed rehabilitace<\/p><\/div>\n<p style=\"text-align: justify;\">Certifik\u00e1ty sportovn\u00ed rehabilitace \u2013 v roce 2015 jsem byla ocen\u011bna titulem BC ve sportovn\u00ed rehabilitaci z University of Bolton (Manchester). Titul zahrnuje rozs\u00e1hl\u00e9 v\u011bdomosti v lidsk\u00e9 anatomii, fyziologii, biomechanice, terapeutick\u00fdch modalit\u00e1ch, neurologii a terapii p\u00e1te\u0159e. Sou\u010d\u00e1st\u00ed studi\u00ed byly neust\u00e1le klinick\u00e9 praxe na klinice sportovn\u00edch \u00faraz\u016f a \u00faraz\u016f p\u00e1te\u0159e, st\u00e1\u017ee ve sportovn\u00edch za\u0159\u00edzen\u00edch a fotbalov\u00fdch klubech, ragby klubech, atletick\u00e9 klubech a mnoho dal\u0161\u00edch. Profesion\u00e1ln\u00ed atleti tak\u00e9 doch\u00e1zeli na na\u0161i univerzitu do laborato\u0159\u00ed na vy\u0161et\u0159en\u00ed a testy jejich fyzick\u00fdch zdatnost\u00ed. Univerzita v Boltonu je modern\u011b vybaven\u00e9 st\u0159edisko pro vykon\u00e1v\u00e1n\u00ed klinick\u00e9 praxe a st\u0159edisko vybaven\u00e9 nejmodern\u011bj\u0161\u00edmi testovac\u00edmi za\u0159\u00edzen\u00edmi v oblasti sportovn\u00ed rehabilitace.<\/p>\n<p style=\"text-align: justify;\">Tento kurz je akreditovan\u00fd Britskou asociac\u00ed sportovn\u00edch rehabilita\u010dn\u00edch pracovn\u00edk\u016f a profesion\u00e1ln\u00edch tren\u00e9r\u016f (BASRaT) co znamen\u00e1, \u017ee ti co odpromuj\u00ed, jsou automaticky kvalifikovan\u00ed prov\u00e1d\u011bt svoj\u00ed praxi jako profesion\u00e1lov\u00e9 ve sportovn\u00ed rehabilitaci.<\/p>\n<p style=\"text-align: justify;\">Moment\u00e1ln\u011b je kurz ve spojen\u00ed s vrcholov\u00fdmi fotbalov\u00fdmi a ragby kluby v Anglii nap\u0159. Leeds Rhinos RLFC, Wigan Warriors RLFC, Bolton Wanderers FC, Bury FC, Wigan Athletic FC, Stoke City FC, Oldham Athletic FC a dal\u0161\u00edmi kluby cel\u00e9 severn\u00ed Anglie, jako i musculoskelet\u00e1ln\u00edmi klinikami a ortopedickou fyzioterapi\u00ed kde studenti komunikuj\u00ed s nejlep\u0161\u00edmi ortopedick\u00fdmi chirurgy v Anglii.<\/p>\n<hr \/>\n<div id=\"attachment_314\" style=\"width: 293px\" class=\"wp-caption aligncenter\"><a href=\"http:\/\/sportfyziofit.cz\/wp-content\/uploads\/2015\/11\/first_aid.jpg\"><img aria-describedby=\"caption-attachment-314\" decoding=\"async\" loading=\"lazy\" class=\"wp-image-314 size-full\" src=\"http:\/\/sportfyziofit.cz\/wp-content\/uploads\/2015\/11\/first_aid.jpg\" alt=\"Prvn\u00ed pomoc p\u0159i poran\u011bn\u00ed sportovce Certifik\u00e1ty\" width=\"283\" height=\"400\" srcset=\"https:\/\/sportfyziofit.cz\/wp-content\/uploads\/2015\/11\/first_aid.jpg 283w, https:\/\/sportfyziofit.cz\/wp-content\/uploads\/2015\/11\/first_aid-212x300.jpg 212w\" sizes=\"(max-width: 283px) 100vw, 283px\" \/><\/a><p id=\"caption-attachment-314\" class=\"wp-caption-text\">Prvn\u00ed pomoc p\u0159i poran\u011bn\u00ed sportovce<\/p><\/div>\n<p>V\u00edce informac\u00ed se dozv\u00edte tak\u00e9 na port\u00e1lu o<a href=\"http:\/\/www.bohemia-privat.cz\/cs\/wellness-sluzby\" target=\"_blank\"> Priv\u00e1tu Bohemia<\/a><\/p>","protected":false},"excerpt":{"rendered":"<p>Certifik\u00e1ty Certifik\u00e1ty fyzioterapie \u00a0\u2013 studium na Slovensku mezi lety 2001 a\u017e 2004. V tomto obdob\u00ed jsem nab\u00fdvala profesion\u00e1ln\u00ed zku\u0161enosti v oblasti fyzioterapie na v\u0161ech odd\u011blen\u00edch okresn\u00ed nemocnice Trnava, v d\u011btsk\u00e9m sanatoriu, Fyzioterapie v okresn\u00ed nemocnici Galanta na odd\u011blen\u00ed fyzioterapie, ortopedie a protetiky. V tomto obdob\u00ed jsem rozv\u00edjela hlubok\u00e9 zku\u0161enosti v pasivn\u00edm a aktivn\u00edm cvi\u010den\u00ed, manu\u00e1ln\u00ed [&hellip;]<\/p>\n","protected":false},"author":2,"featured_media":0,"parent":0,"menu_order":0,"comment_status":"closed","ping_status":"closed","template":"","meta":[],"yoast_head":"<!-- This site is optimized with the Yoast SEO plugin v19.11 - https:\/\/yoast.com\/wordpress\/plugins\/seo\/ -->\n<title>Certifik\u00e1ty &ndash; sportfyziofit.cz<\/title>\n<meta name=\"description\" content=\"Certifik\u00e1ty z sportovn\u00ed rehabilitace, prvn\u00ed pomoci, diplomovan\u00e9ho fyzioterapeuta, bakal\u00e1\u0159 z anglick\u00e9 univerzity Bolton Manchester.\" \/>\n<meta name=\"robots\" content=\"index, follow, max-snippet:-1, max-image-preview:large, max-video-preview:-1\" \/>\n<link rel=\"canonical\" href=\"http:\/\/sportfyziofit.cz\/de\/certifikaty\/\" \/>\n<meta property=\"og:locale\" content=\"en_US\" \/>\n<meta property=\"og:type\" content=\"article\" \/>\n<meta property=\"og:title\" content=\"[:cs]Certifik\u00e1ty[:en]Certificates[:de]Zertifikate[:] &ndash; sportfyziofit.cz\" \/>\n<meta property=\"og:description\" content=\"Certifik\u00e1ty z sportovn\u00ed rehabilitace, prvn\u00ed pomoci, diplomovan\u00e9ho fyzioterapeuta, bakal\u00e1\u0159 z anglick\u00e9 univerzity Bolton Manchester.\" \/>\n<meta property=\"og:url\" content=\"http:\/\/sportfyziofit.cz\/de\/certifikaty\/\" \/>\n<meta property=\"og:site_name\" content=\"sportfyziofit.cz\" \/>\n<meta property=\"article:publisher\" content=\"https:\/\/www.facebook.com\/sportfyziofit\" \/>\n<meta property=\"article:modified_time\" content=\"2016-01-10T15:25:23+00:00\" \/>\n<meta property=\"og:image\" content=\"http:\/\/sportfyziofit.cz\/wp-content\/uploads\/2015\/11\/fyzio_1-e1448358464813.jpg\" \/>\n<meta name=\"twitter:card\" content=\"summary_large_image\" \/>\n<meta name=\"twitter:site\" content=\"@SportFyzioFit\" \/>\n<meta name=\"twitter:label1\" content=\"Est. reading time\" \/>\n\t<meta name=\"twitter:data1\" content=\"7 minutes\" \/>\n<script type=\"application\/ld+json\" class=\"yoast-schema-graph\">{\"@context\":\"https:\/\/schema.org\",\"@graph\":[{\"@type\":\"WebPage\",\"@id\":\"http:\/\/sportfyziofit.cz\/de\/certifikaty\/\",\"url\":\"http:\/\/sportfyziofit.cz\/de\/certifikaty\/\",\"name\":\"[:cs]Certifik\u00e1ty[:en]Certificates[:de]Zertifikate[:] &ndash; sportfyziofit.cz\",\"isPartOf\":{\"@id\":\"https:\/\/sportfyziofit.cz\/cs\/#website\"},\"datePublished\":\"2015-11-16T10:05:33+00:00\",\"dateModified\":\"2016-01-10T15:25:23+00:00\",\"description\":\"Certifik\u00e1ty z sportovn\u00ed rehabilitace, prvn\u00ed pomoci, diplomovan\u00e9ho fyzioterapeuta, bakal\u00e1\u0159 z anglick\u00e9 univerzity Bolton Manchester.\",\"breadcrumb\":{\"@id\":\"http:\/\/sportfyziofit.cz\/de\/certifikaty\/#breadcrumb\"},\"inLanguage\":\"cz\",\"potentialAction\":[{\"@type\":\"ReadAction\",\"target\":[\"http:\/\/sportfyziofit.cz\/de\/certifikaty\/\"]}]},{\"@type\":\"BreadcrumbList\",\"@id\":\"http:\/\/sportfyziofit.cz\/de\/certifikaty\/#breadcrumb\",\"itemListElement\":[{\"@type\":\"ListItem\",\"position\":1,\"name\":\"Home\",\"item\":\"https:\/\/sportfyziofit.cz\/cs\/\"},{\"@type\":\"ListItem\",\"position\":2,\"name\":\"Zertifikate\"}]},{\"@type\":\"WebSite\",\"@id\":\"https:\/\/sportfyziofit.cz\/cs\/#website\",\"url\":\"https:\/\/sportfyziofit.cz\/cs\/\",\"name\":\"sportfyziofit.cz\",\"description\":\"... v\u00edtejte na str\u00e1nk\u00e1ch zam\u011b\u0159uj\u00edc\u00edch se na sportovn\u00ed mas\u00e1\u017ee, reflexn\u00ed mas\u00e1\u017ee, relaxa\u010dn\u00ed mas\u00e1\u017ee, po\u00farazov\u00e9 mas\u00e1\u017ee i muskuloskelet\u00e1ln\u00ed poradenstv\u00ed ...\",\"potentialAction\":[{\"@type\":\"SearchAction\",\"target\":{\"@type\":\"EntryPoint\",\"urlTemplate\":\"https:\/\/sportfyziofit.cz\/cs\/?s={search_term_string}\"},\"query-input\":\"required name=search_term_string\"}],\"inLanguage\":\"cz\"}]}<\/script>\n<!-- \/ Yoast SEO plugin. -->","yoast_head_json":{"title":"[:cs]Certifik\u00e1ty[:en]Certificates[:de]Zertifikate[:] &ndash; sportfyziofit.cz","description":"Certifik\u00e1ty z sportovn\u00ed rehabilitace, prvn\u00ed pomoci, diplomovan\u00e9ho fyzioterapeuta, bakal\u00e1\u0159 z anglick\u00e9 univerzity Bolton Manchester.","robots":{"index":"index","follow":"follow","max-snippet":"max-snippet:-1","max-image-preview":"max-image-preview:large","max-video-preview":"max-video-preview:-1"},"canonical":"http:\/\/sportfyziofit.cz\/de\/certifikaty\/","og_locale":"en_US","og_type":"article","og_title":"[:cs]Certifik\u00e1ty[:en]Certificates[:de]Zertifikate[:] &ndash; sportfyziofit.cz","og_description":"Certifik\u00e1ty z sportovn\u00ed rehabilitace, prvn\u00ed pomoci, diplomovan\u00e9ho fyzioterapeuta, bakal\u00e1\u0159 z anglick\u00e9 univerzity Bolton Manchester.","og_url":"http:\/\/sportfyziofit.cz\/de\/certifikaty\/","og_site_name":"sportfyziofit.cz","article_publisher":"https:\/\/www.facebook.com\/sportfyziofit","article_modified_time":"2016-01-10T15:25:23+00:00","og_image":[{"url":"http:\/\/sportfyziofit.cz\/wp-content\/uploads\/2015\/11\/fyzio_1-e1448358464813.jpg"}],"twitter_card":"summary_large_image","twitter_site":"@SportFyzioFit","twitter_misc":{"Est. reading time":"7 minutes"},"schema":{"@context":"https:\/\/schema.org","@graph":[{"@type":"WebPage","@id":"http:\/\/sportfyziofit.cz\/de\/certifikaty\/","url":"http:\/\/sportfyziofit.cz\/de\/certifikaty\/","name":"[:cs]Certifik\u00e1ty[:en]Certificates[:de]Zertifikate[:] &ndash; sportfyziofit.cz","isPartOf":{"@id":"https:\/\/sportfyziofit.cz\/cs\/#website"},"datePublished":"2015-11-16T10:05:33+00:00","dateModified":"2016-01-10T15:25:23+00:00","description":"Certifik\u00e1ty z sportovn\u00ed rehabilitace, prvn\u00ed pomoci, diplomovan\u00e9ho fyzioterapeuta, bakal\u00e1\u0159 z anglick\u00e9 univerzity Bolton Manchester.","breadcrumb":{"@id":"http:\/\/sportfyziofit.cz\/de\/certifikaty\/#breadcrumb"},"inLanguage":"cz","potentialAction":[{"@type":"ReadAction","target":["http:\/\/sportfyziofit.cz\/de\/certifikaty\/"]}]},{"@type":"BreadcrumbList","@id":"http:\/\/sportfyziofit.cz\/de\/certifikaty\/#breadcrumb","itemListElement":[{"@type":"ListItem","position":1,"name":"Home","item":"https:\/\/sportfyziofit.cz\/cs\/"},{"@type":"ListItem","position":2,"name":"Zertifikate"}]},{"@type":"WebSite","@id":"https:\/\/sportfyziofit.cz\/cs\/#website","url":"https:\/\/sportfyziofit.cz\/cs\/","name":"sportfyziofit.cz","description":"... v\u00edtejte na str\u00e1nk\u00e1ch zam\u011b\u0159uj\u00edc\u00edch se na sportovn\u00ed mas\u00e1\u017ee, reflexn\u00ed mas\u00e1\u017ee, relaxa\u010dn\u00ed mas\u00e1\u017ee, po\u00farazov\u00e9 mas\u00e1\u017ee i muskuloskelet\u00e1ln\u00ed poradenstv\u00ed ...","potentialAction":[{"@type":"SearchAction","target":{"@type":"EntryPoint","urlTemplate":"https:\/\/sportfyziofit.cz\/cs\/?s={search_term_string}"},"query-input":"required name=search_term_string"}],"inLanguage":"cz"}]}},"_links":{"self":[{"href":"https:\/\/sportfyziofit.cz\/cs\/wp-json\/wp\/v2\/pages\/80"}],"collection":[{"href":"https:\/\/sportfyziofit.cz\/cs\/wp-json\/wp\/v2\/pages"}],"about":[{"href":"https:\/\/sportfyziofit.cz\/cs\/wp-json\/wp\/v2\/types\/page"}],"author":[{"embeddable":true,"href":"https:\/\/sportfyziofit.cz\/cs\/wp-json\/wp\/v2\/users\/2"}],"replies":[{"embeddable":true,"href":"https:\/\/sportfyziofit.cz\/cs\/wp-json\/wp\/v2\/comments?post=80"}],"version-history":[{"count":37,"href":"https:\/\/sportfyziofit.cz\/cs\/wp-json\/wp\/v2\/pages\/80\/revisions"}],"predecessor-version":[{"id":640,"href":"https:\/\/sportfyziofit.cz\/cs\/wp-json\/wp\/v2\/pages\/80\/revisions\/640"}],"wp:attachment":[{"href":"https:\/\/sportfyziofit.cz\/cs\/wp-json\/wp\/v2\/media?parent=80"}],"curies":[{"name":"wp","href":"https:\/\/api.w.org\/{rel}","templated":true}]}}