{"id":84,"date":"2015-11-16T10:06:33","date_gmt":"2015-11-16T10:06:33","guid":{"rendered":"http:\/\/sportfyziofit.cz\/?page_id=84"},"modified":"2016-01-13T10:17:03","modified_gmt":"2016-01-13T10:17:03","slug":"o-mne","status":"publish","type":"page","link":"https:\/\/sportfyziofit.cz\/cs\/o-mne\/","title":{"rendered":"O mn\u011b"},"content":{"rendered":"<p><div id=\"attachment_220\" style=\"width: 266px\" class=\"wp-caption aligncenter\"><a href=\"http:\/\/sportfyziofit.cz\/wp-content\/uploads\/2015\/11\/zuzka.jpg\"><img aria-describedby=\"caption-attachment-220\" decoding=\"async\" loading=\"lazy\" class=\"wp-image-220 size-full\" src=\"http:\/\/sportfyziofit.cz\/wp-content\/uploads\/2015\/11\/zuzka.jpg\" alt=\"Zuzana Koh\u00facikov\u00e1\" width=\"256\" height=\"229\" \/><\/a><p id=\"caption-attachment-220\" class=\"wp-caption-text\">Zuzana Koh\u00facikov\u00e1<\/p><\/div><\/p>\n<p>Svoji odbornou praxi rozv\u00edj\u00edm od roku 2004, kdy jsem obdr\u017eela certifik\u00e1t ve fyzioterapii. Hned po studi\u00edch jsem za\u010dala pracovat ve st\u00e1tn\u00edch l\u00e9\u010debn\u00fdch l\u00e1zn\u00edch Jansk\u00e9 L\u00e1zne na d\u011btsk\u00e9 l\u00e9\u010debn\u011b Vesna. D\u011bti se tady l\u00e9\u010d\u00ed z respira\u010dn\u011b-pohybov\u00fdch onemocn\u011bn\u00ed jako nap\u0159. Astma, skoli\u00f3za, DMO, par\u00e9zy, myopatie, po\u00farazov\u00e9 stavy a mnoho dal\u0161\u00edch diagn\u00f3z. V dob\u011b\u00a0m\u00e9ho 3let\u00e9ho p\u016fsoben\u00ed jsem p\u0159i\u0161la do styku s r\u016fzn\u00fdmi diagn\u00f3zami a mo\u017enostmi jejich l\u00e9\u010dby jako i s velk\u00fdm mno\u017estv\u00edm pacient\u016f a jejich individu\u00e1ln\u00edmi reakcemi na terapii.<\/p>\n<p>Po t\u011bchto 3 letech jsem za\u010dala pracovat na Kypru jako mana\u017eerka wellness v jenom z nejlep\u0161\u00edch hotel\u016f t\u00e9to oblasti. Tady jsem vedla posilovnu, mas\u00e1\u017ee, sauny, parn\u00ed boxy a byla jsem odpov\u011bdn\u00e1 za chod cel\u00e9ho odd\u011blen\u00ed ve velmi pln\u00e9m mezin\u00e1rodn\u00edm hotelu.<\/p>\n<p>Po t\u00e9to zku\u0161enosti jsem se p\u0159est\u011bhovala do Anglie a za\u010dala nab\u00fdvat zku\u0161enosti v oblasti sportovn\u00ed rehabilitace. B\u011bhem studia byly rozv\u00edjen\u00e9 na\u0161e schopnosti na st\u00e1\u017e\u00edch v profesion\u00e1ln\u00edch klubech a na klinik\u00e1ch po\u00farazov\u00e9 rehabilitace a regenerace. Pr\u00e1ce s profesion\u00e1ln\u00edmi sportovci je rychl\u00e1 a n\u00e1ro\u010dn\u00e1 na v\u011bdomosti, proto\u017ee ka\u017ed\u00fd sportovec se chce co nejd\u0159\u00edve vr\u00e1tit zp\u00e1tky do pln\u00e9ho tr\u00e9ninku a podle mo\u017enost\u00ed i \u00a0v lep\u0161\u00ed kondici ne\u017e p\u0159ed \u00farazem. Na m\u00e9 st\u00e1\u017ei v Burnley FC jsem mohla rehabilitovat r\u016fzn\u00e9 \u00farazy od t\u011bch nejjednodu\u0161\u0161\u00edch \u0161kr\u00e1banc\u016f, a\u017e po v\u00e1\u017en\u00e9 zran\u011bn\u00ed kon\u010detin, sval\u016f a kloub\u016f jako i zran\u011bn\u00ed p\u00e1te\u0159e.<\/p>\n<p>Z\u00edsk\u00e1n\u00edm titulu BC ve sportovn\u00ed rehabilitaci, jsem se natrvalo p\u0159est\u011bhovala do \u010cesk\u00e9 Republiky, kde moment\u00e1ln\u011b provozuji praxi na Znojemsku.<\/p>","protected":false},"excerpt":{"rendered":"<p>Svoji odbornou praxi rozv\u00edj\u00edm od roku 2004, kdy jsem obdr\u017eela certifik\u00e1t ve fyzioterapii. Hned po studi\u00edch jsem za\u010dala pracovat ve st\u00e1tn\u00edch l\u00e9\u010debn\u00fdch l\u00e1zn\u00edch Jansk\u00e9 L\u00e1zne na d\u011btsk\u00e9 l\u00e9\u010debn\u011b Vesna. D\u011bti se tady l\u00e9\u010d\u00ed z respira\u010dn\u011b-pohybov\u00fdch onemocn\u011bn\u00ed jako nap\u0159. Astma, skoli\u00f3za, DMO, par\u00e9zy, myopatie, po\u00farazov\u00e9 stavy a mnoho dal\u0161\u00edch diagn\u00f3z. V dob\u011b\u00a0m\u00e9ho 3let\u00e9ho p\u016fsoben\u00ed jsem p\u0159i\u0161la [&hellip;]<\/p>\n","protected":false},"author":2,"featured_media":0,"parent":0,"menu_order":0,"comment_status":"closed","ping_status":"closed","template":"","meta":[],"yoast_head":"<!-- This site is optimized with the Yoast SEO plugin v19.11 - https:\/\/yoast.com\/wordpress\/plugins\/seo\/ -->\n<title>O mn\u011b &ndash; sportfyziofit.cz<\/title>\n<meta name=\"description\" content=\"Sportovn\u00ed a relaxa\u010dn\u00ed mas\u00e1\u017ee\" \/>\n<meta name=\"robots\" content=\"index, follow, max-snippet:-1, max-image-preview:large, max-video-preview:-1\" \/>\n<link rel=\"canonical\" href=\"http:\/\/sportfyziofit.cz\/de\/o-mne\/\" \/>\n<meta property=\"og:locale\" content=\"en_US\" \/>\n<meta property=\"og:type\" content=\"article\" \/>\n<meta property=\"og:title\" content=\"[:cs]O mn\u011b[:en]About me[:de]\u00dcber mich[:] &ndash; sportfyziofit.cz\" \/>\n<meta property=\"og:description\" content=\"Sportovn\u00ed a relaxa\u010dn\u00ed mas\u00e1\u017ee\" \/>\n<meta property=\"og:url\" content=\"http:\/\/sportfyziofit.cz\/de\/o-mne\/\" \/>\n<meta property=\"og:site_name\" content=\"sportfyziofit.cz\" \/>\n<meta property=\"article:publisher\" content=\"https:\/\/www.facebook.com\/sportfyziofit\" \/>\n<meta property=\"article:modified_time\" content=\"2016-01-13T10:17:03+00:00\" \/>\n<meta property=\"og:image\" content=\"http:\/\/sportfyziofit.cz\/wp-content\/uploads\/2015\/11\/zuzka.jpg\" \/>\n<meta name=\"twitter:card\" content=\"summary_large_image\" \/>\n<meta name=\"twitter:site\" content=\"@SportFyzioFit\" \/>\n<meta name=\"twitter:label1\" content=\"Est. reading time\" \/>\n\t<meta name=\"twitter:data1\" content=\"4 minutes\" \/>\n<script type=\"application\/ld+json\" class=\"yoast-schema-graph\">{\"@context\":\"https:\/\/schema.org\",\"@graph\":[{\"@type\":\"WebPage\",\"@id\":\"http:\/\/sportfyziofit.cz\/de\/o-mne\/\",\"url\":\"http:\/\/sportfyziofit.cz\/de\/o-mne\/\",\"name\":\"[:cs]O mn\u011b[:en]About me[:de]\u00dcber mich[:] &ndash; sportfyziofit.cz\",\"isPartOf\":{\"@id\":\"https:\/\/sportfyziofit.cz\/cs\/#website\"},\"datePublished\":\"2015-11-16T10:06:33+00:00\",\"dateModified\":\"2016-01-13T10:17:03+00:00\",\"description\":\"Sportovn\u00ed a relaxa\u010dn\u00ed mas\u00e1\u017ee\",\"breadcrumb\":{\"@id\":\"http:\/\/sportfyziofit.cz\/de\/o-mne\/#breadcrumb\"},\"inLanguage\":\"cz\",\"potentialAction\":[{\"@type\":\"ReadAction\",\"target\":[\"http:\/\/sportfyziofit.cz\/de\/o-mne\/\"]}]},{\"@type\":\"BreadcrumbList\",\"@id\":\"http:\/\/sportfyziofit.cz\/de\/o-mne\/#breadcrumb\",\"itemListElement\":[{\"@type\":\"ListItem\",\"position\":1,\"name\":\"Home\",\"item\":\"https:\/\/sportfyziofit.cz\/cs\/\"},{\"@type\":\"ListItem\",\"position\":2,\"name\":\"\u00dcber mich\"}]},{\"@type\":\"WebSite\",\"@id\":\"https:\/\/sportfyziofit.cz\/cs\/#website\",\"url\":\"https:\/\/sportfyziofit.cz\/cs\/\",\"name\":\"sportfyziofit.cz\",\"description\":\"... v\u00edtejte na str\u00e1nk\u00e1ch zam\u011b\u0159uj\u00edc\u00edch se na sportovn\u00ed mas\u00e1\u017ee, reflexn\u00ed mas\u00e1\u017ee, relaxa\u010dn\u00ed mas\u00e1\u017ee, po\u00farazov\u00e9 mas\u00e1\u017ee i muskuloskelet\u00e1ln\u00ed poradenstv\u00ed ...\",\"potentialAction\":[{\"@type\":\"SearchAction\",\"target\":{\"@type\":\"EntryPoint\",\"urlTemplate\":\"https:\/\/sportfyziofit.cz\/cs\/?s={search_term_string}\"},\"query-input\":\"required name=search_term_string\"}],\"inLanguage\":\"cz\"}]}<\/script>\n<!-- \/ Yoast SEO plugin. -->","yoast_head_json":{"title":"[:cs]O mn\u011b[:en]About me[:de]\u00dcber mich[:] &ndash; sportfyziofit.cz","description":"Sportovn\u00ed a relaxa\u010dn\u00ed mas\u00e1\u017ee","robots":{"index":"index","follow":"follow","max-snippet":"max-snippet:-1","max-image-preview":"max-image-preview:large","max-video-preview":"max-video-preview:-1"},"canonical":"http:\/\/sportfyziofit.cz\/de\/o-mne\/","og_locale":"en_US","og_type":"article","og_title":"[:cs]O mn\u011b[:en]About me[:de]\u00dcber mich[:] &ndash; sportfyziofit.cz","og_description":"Sportovn\u00ed a relaxa\u010dn\u00ed mas\u00e1\u017ee","og_url":"http:\/\/sportfyziofit.cz\/de\/o-mne\/","og_site_name":"sportfyziofit.cz","article_publisher":"https:\/\/www.facebook.com\/sportfyziofit","article_modified_time":"2016-01-13T10:17:03+00:00","og_image":[{"url":"http:\/\/sportfyziofit.cz\/wp-content\/uploads\/2015\/11\/zuzka.jpg"}],"twitter_card":"summary_large_image","twitter_site":"@SportFyzioFit","twitter_misc":{"Est. reading time":"4 minutes"},"schema":{"@context":"https:\/\/schema.org","@graph":[{"@type":"WebPage","@id":"http:\/\/sportfyziofit.cz\/de\/o-mne\/","url":"http:\/\/sportfyziofit.cz\/de\/o-mne\/","name":"[:cs]O mn\u011b[:en]About me[:de]\u00dcber mich[:] &ndash; sportfyziofit.cz","isPartOf":{"@id":"https:\/\/sportfyziofit.cz\/cs\/#website"},"datePublished":"2015-11-16T10:06:33+00:00","dateModified":"2016-01-13T10:17:03+00:00","description":"Sportovn\u00ed a relaxa\u010dn\u00ed mas\u00e1\u017ee","breadcrumb":{"@id":"http:\/\/sportfyziofit.cz\/de\/o-mne\/#breadcrumb"},"inLanguage":"cz","potentialAction":[{"@type":"ReadAction","target":["http:\/\/sportfyziofit.cz\/de\/o-mne\/"]}]},{"@type":"BreadcrumbList","@id":"http:\/\/sportfyziofit.cz\/de\/o-mne\/#breadcrumb","itemListElement":[{"@type":"ListItem","position":1,"name":"Home","item":"https:\/\/sportfyziofit.cz\/cs\/"},{"@type":"ListItem","position":2,"name":"\u00dcber mich"}]},{"@type":"WebSite","@id":"https:\/\/sportfyziofit.cz\/cs\/#website","url":"https:\/\/sportfyziofit.cz\/cs\/","name":"sportfyziofit.cz","description":"... v\u00edtejte na str\u00e1nk\u00e1ch zam\u011b\u0159uj\u00edc\u00edch se na sportovn\u00ed mas\u00e1\u017ee, reflexn\u00ed mas\u00e1\u017ee, relaxa\u010dn\u00ed mas\u00e1\u017ee, po\u00farazov\u00e9 mas\u00e1\u017ee i muskuloskelet\u00e1ln\u00ed poradenstv\u00ed ...","potentialAction":[{"@type":"SearchAction","target":{"@type":"EntryPoint","urlTemplate":"https:\/\/sportfyziofit.cz\/cs\/?s={search_term_string}"},"query-input":"required name=search_term_string"}],"inLanguage":"cz"}]}},"_links":{"self":[{"href":"https:\/\/sportfyziofit.cz\/cs\/wp-json\/wp\/v2\/pages\/84"}],"collection":[{"href":"https:\/\/sportfyziofit.cz\/cs\/wp-json\/wp\/v2\/pages"}],"about":[{"href":"https:\/\/sportfyziofit.cz\/cs\/wp-json\/wp\/v2\/types\/page"}],"author":[{"embeddable":true,"href":"https:\/\/sportfyziofit.cz\/cs\/wp-json\/wp\/v2\/users\/2"}],"replies":[{"embeddable":true,"href":"https:\/\/sportfyziofit.cz\/cs\/wp-json\/wp\/v2\/comments?post=84"}],"version-history":[{"count":15,"href":"https:\/\/sportfyziofit.cz\/cs\/wp-json\/wp\/v2\/pages\/84\/revisions"}],"predecessor-version":[{"id":646,"href":"https:\/\/sportfyziofit.cz\/cs\/wp-json\/wp\/v2\/pages\/84\/revisions\/646"}],"wp:attachment":[{"href":"https:\/\/sportfyziofit.cz\/cs\/wp-json\/wp\/v2\/media?parent=84"}],"curies":[{"name":"wp","href":"https:\/\/api.w.org\/{rel}","templated":true}]}}