{"id":94,"date":"2015-11-16T10:09:46","date_gmt":"2015-11-16T10:09:46","guid":{"rendered":"http:\/\/sportfyziofit.cz\/?page_id=94"},"modified":"2015-12-09T10:44:07","modified_gmt":"2015-12-09T10:44:07","slug":"bankove-masaze","status":"publish","type":"page","link":"https:\/\/sportfyziofit.cz\/cs\/bankove-masaze\/","title":{"rendered":"Ba\u0148kov\u00e9 mas\u00e1\u017ee"},"content":{"rendered":"<p><div id=\"attachment_166\" style=\"width: 411px\" class=\"wp-caption aligncenter\"><a href=\"http:\/\/sportfyziofit.cz\/wp-content\/uploads\/2015\/11\/banky.png\"><img aria-describedby=\"caption-attachment-166\" decoding=\"async\" loading=\"lazy\" class=\"wp-image-166\" src=\"http:\/\/sportfyziofit.cz\/wp-content\/uploads\/2015\/11\/banky.png\" alt=\"Ba\u0148kov\u00e9 mas\u00e1\u017ee\" width=\"401\" height=\"277\" srcset=\"https:\/\/sportfyziofit.cz\/wp-content\/uploads\/2015\/11\/banky.png 475w, https:\/\/sportfyziofit.cz\/wp-content\/uploads\/2015\/11\/banky-300x207.png 300w\" sizes=\"(max-width: 401px) 100vw, 401px\" \/><\/a><p id=\"caption-attachment-166\" class=\"wp-caption-text\">Ba\u0148kov\u00e9 mas\u00e1\u017ee<\/p><\/div><\/p>\n<h2 style=\"text-align: justify;\">Ba\u0148kov\u00e9 mas\u00e1\u017ee<\/h2>\n<p style=\"text-align: justify;\">Ba\u0148kov\u00e1n\u00ed nebo tak\u00e9 vakuoterapie je metoda, kter\u00e1 pom\u00e1h\u00e1 p\u0159i bolestech sval\u016f a kloub\u016f, podporuje regeneraci k\u016f\u017ee a stimuluje vnit\u0159n\u00ed org\u00e1ny. S \u00fasp\u011bchem lze ba\u0148kov\u00e1n\u00ed pou\u017e\u00edt i na celulitidu, menstrua\u010dn\u00ed pot\u00ed\u017ee, migr\u00e9nu, za\u017e\u00edvac\u00ed probl\u00e9my, otoky a podobn\u011b. Je to metoda star\u00e1 p\u011bt tis\u00edc let. Vych\u00e1z\u00ed z tradi\u010dn\u00ed \u010d\u00ednsk\u00e9 medic\u00edny a vznikala ve star\u00e9m Egypt\u011b. Obecn\u011b se pou\u017e\u00edvala v l\u00e9\u010ditelstv\u00ed. Tato speci\u00e1ln\u00ed mas\u00e1\u017en\u00ed technika je zalo\u017eena na pou\u0161t\u011bn\u00ed \u017eilou. Zpo\u010d\u00e1tku se pou\u017e\u00edvaly zv\u00ed\u0159ec\u00ed rohy, ba\u0148ky z bambusu, kovov\u00e9 ba\u0148ky ze slitiny zlata, st\u0159\u00edbra apod. V dne\u0161n\u00ed dob\u011b jsou nejv\u00edce roz\u0161\u00ed\u0159en\u00e9 sklen\u011bn\u00e9 ba\u0148ky. Nah\u0159\u00edvaj\u00ed se a p\u0159ikl\u00e1daj\u00ed na p\u0159\u00edslu\u0161n\u00e9 meridi\u00e1ny a za pomoci podtlaku se p\u0159isaj\u00ed na poko\u017eku. Do ba\u0148ky se tak spole\u010dn\u011b s k\u016f\u017e\u00ed nas\u00e1v\u00e1 i p\u0159ilo\u017een\u00e9 podko\u017e\u00ed a d\u00edky tomu dojde k uvoln\u011bn\u00ed i hluboko ulo\u017een\u00fdch svalov\u00fdch tk\u00e1n\u00ed, kam mas\u00e9r norm\u00e1ln\u011b nedos\u00e1hne.<\/p>\n<p style=\"text-align: justify;\">Je to \u00fa\u010dinn\u00e1 metoda pro stimulaci reflexn\u00edch z\u00f3n, kter\u00e1 spo\u010d\u00edv\u00e1 ve sta\u017een\u00ed tk\u00e1n\u011b do ba\u0148ky ve kter\u00e9 bylo vytvo\u0159en podtlak.<\/p>\n<p style=\"text-align: justify;\">Ba\u0148kov\u00e1n\u00edm m\u016f\u017eeme ulevit spoust\u011b probl\u00e9m\u016fm.<\/p>\n<p style=\"text-align: justify;\">Na k\u016f\u017ei je p\u0159ilo\u017eena speci\u00e1ln\u00ed ba\u0148ka ve kter\u00e9 je podtlak, kter\u00fd vznikne bu\u010f nah\u0159\u00e1t\u00edm nebo ods\u00e1t\u00edm vzduchu. Povrchov\u00e1 vrstva k\u016f\u017ee, sval\u016f a podko\u017e\u00ed je vta\u017eena dovnit\u0159. D\u016fsledkem podtlaku doch\u00e1z\u00ed k\u00a0v\u00fdrazn\u00e9mu prokrven\u00ed struktur a odbour\u00e1n\u00ed ne\u017e\u00e1douc\u00edch metabolit\u016f a t\u00edm n\u00e1sledn\u011b zlep\u0161en\u00edm zdravotn\u00edho stavu. M\u016f\u017ee ovlivnit lok\u00e1ln\u011b sta\u017eenou tk\u00e1\u0148 nebo reflexn\u011b cel\u00fd organismus.<\/p>\n<p style=\"text-align: justify;\">P\u0159\u00edpadn\u011b ba\u0148kami se d\u00e1 prov\u00e1d\u011bt i mas\u00e1\u017e. V\u00a0tomto p\u0159\u00edpad\u011b na k\u016f\u017ei nez\u016fstane zabarven\u00ed a p\u016fsoben\u00ed je jin\u00e9.<\/p>\n<p style=\"text-align: justify;\">P\u0159ilo\u017een\u00edm ba\u0148ky na t\u011blo klienta dojde k intenzivn\u00edmu p\u0159ekrven\u00ed o\u0161et\u0159ovan\u00e9 partie. N\u00e1sledn\u011b pak doch\u00e1z\u00ed ke stimulaci l\u00e1tkov\u00e9 v\u00fdm\u011bny a obecn\u011b k podpo\u0159e krevn\u00edho ob\u011bhu. Povzbuzuje \u010dinnost imunitn\u00edho syst\u00e9mu.<\/p>\n<h4 style=\"text-align: justify;\">Techniky ba\u0148kov\u00e1n\u00ed<\/h4>\n<ul style=\"text-align: justify;\">\n<li>Slab\u00e9 ba\u0148kov\u00e1n\u00ed \u2013 ba\u0148ku p\u0159ikl\u00e1d\u00e1me na zvolenou oblast na cca 5-10 minut. Pou\u017eijeme pouze slab\u00e9 s\u00e1n\u00ed, dopl\u0148ujeme energii.<\/li>\n<li>St\u0159edn\u00ed ba\u0148kov\u00e1n\u00ed \u2013 pou\u017e\u00edv\u00e1 se o n\u011bco siln\u011bj\u0161\u00ed podtlak ne\u017e p\u0159i p\u0159edchoz\u00ed technice, doba p\u016fsoben\u00ed by nem\u011bla p\u0159ekro\u010dit 20 minut.<\/li>\n<li>Siln\u00e9 ba\u0148kov\u00e1n\u00ed \u2013 jedn\u00e1 se o velmi intenzivn\u00ed metodu, p\u0159i kter\u00e9 vypou\u0161t\u00edme energii. Doba o\u0161et\u0159en\u00ed 20-30 minut.<\/li>\n<li>Ba\u0148kov\u00e1 mas\u00e1\u017e \u2013 p\u0159i slab\u00e9m a\u017e st\u0159edn\u00edm podtlaku pomalu pohybujeme ba\u0148kou p\u0159\u00edmo\u010da\u0159e nebo krou\u017eiv\u011b po v\u011bt\u0161\u00ed plo\u0161e ve sm\u011bru zvolen\u00e9 dr\u00e1hy.<\/li>\n<\/ul>\n<h4 style=\"text-align: justify;\">Indikace:<\/h4>\n<ul style=\"text-align: justify;\">\n<li>\u0160\u00edje: Sn\u00ed\u017een\u00ed bolesti hlavy, uvoln\u011bn\u00ed sval\u016f, odd\u00e1len\u00ed migr\u00e9ny<\/li>\n<li>Bedern\u00ed p\u00e1te\u0159: uvoln\u011bn\u00ed zad a bolesti sval\u016f, sn\u00ed\u017een\u00ed bolestiv\u00e9 menstruace, sn\u00ed\u017eeni ledvinov\u00e9 bolesti.<\/li>\n<li>Hrudn\u00ed p\u00e1te\u0159: \u00faleva od astma, such\u00e9ho ka\u0161le, z\u00e1n\u011bt\u016f pr\u016fdu\u0161ek, uvoln\u011bn\u00ed sval\u016f<\/li>\n<li>Loket: indikace u tenisov\u00e9ho lokte<\/li>\n<li>Ky\u010deln\u00ed klouby: indikace z\u00e1n\u011bt\u016f, uvoln\u011bn\u00ed od bolesti<\/li>\n<li>Kolena: sn\u00ed\u017een\u00ed bolesti kloub\u016f<\/li>\n<li>Chodidla a kotn\u00edk: zlep\u0161en\u00ed funk\u010dnosti srdce, zlep\u0161en\u00ed prokrven\u00ed nohou<\/li>\n<li>Napom\u00e1h\u00e1 tak\u00e9 od tromb\u00f3zy, k\u0159e\u010dov\u00fdch \u017eil \u010di gangr\u00e9ny.<\/li>\n<\/ul>\n<p style=\"text-align: justify;\">V\u00edce informac\u00ed se dozv\u00edte tak\u00e9 na port\u00e1lu o <a href=\"http:\/\/www.maseri.cz\/katalog\/maseri\/jihomoravsky\/znojmo\/id=44018&amp;m=sport-fyzio-fit.html\" target=\"_blank\">mas\u00e9rstv\u00ed<\/a><\/p>\n<p><\/p>","protected":false},"excerpt":{"rendered":"<p>Ba\u0148kov\u00e9 mas\u00e1\u017ee Ba\u0148kov\u00e1n\u00ed nebo tak\u00e9 vakuoterapie je metoda, kter\u00e1 pom\u00e1h\u00e1 p\u0159i bolestech sval\u016f a kloub\u016f, podporuje regeneraci k\u016f\u017ee a stimuluje vnit\u0159n\u00ed org\u00e1ny. S \u00fasp\u011bchem lze ba\u0148kov\u00e1n\u00ed pou\u017e\u00edt i na celulitidu, menstrua\u010dn\u00ed pot\u00ed\u017ee, migr\u00e9nu, za\u017e\u00edvac\u00ed probl\u00e9my, otoky a podobn\u011b. Je to metoda star\u00e1 p\u011bt tis\u00edc let. Vych\u00e1z\u00ed z tradi\u010dn\u00ed \u010d\u00ednsk\u00e9 medic\u00edny a vznikala ve star\u00e9m Egypt\u011b. [&hellip;]<\/p>\n","protected":false},"author":2,"featured_media":0,"parent":0,"menu_order":0,"comment_status":"closed","ping_status":"closed","template":"","meta":[],"yoast_head":"<!-- This site is optimized with the Yoast SEO plugin v19.11 - https:\/\/yoast.com\/wordpress\/plugins\/seo\/ -->\n<title>Ba\u0148kov\u00e9 mas\u00e1\u017ee &ndash; sportfyziofit.cz<\/title>\n<meta name=\"description\" content=\"Ba\u0148kov\u00e9 mas\u00e1\u017ee jsou techniky zp\u016fsobuj\u00edc\u00ed v\u00fdrazn\u00e9 prokrven\u00ed struktur a odbour\u00e1n\u00ed ne\u017e\u00e1douc\u00edch metabolit\u016f a t\u00edm n\u00e1sledn\u011b zlep\u0161en\u00edm zdravotn\u00edho stavu.\" \/>\n<meta name=\"robots\" content=\"index, follow, max-snippet:-1, max-image-preview:large, max-video-preview:-1\" \/>\n<link rel=\"canonical\" href=\"http:\/\/sportfyziofit.cz\/cs\/bankove-masaze\/\" \/>\n<meta property=\"og:locale\" content=\"en_US\" \/>\n<meta property=\"og:type\" content=\"article\" \/>\n<meta property=\"og:title\" content=\"[:cs]Ba\u0148kov\u00e9 mas\u00e1\u017ee[:en]Flask massage[:de]Flask Massage[:] &ndash; sportfyziofit.cz\" \/>\n<meta property=\"og:description\" content=\"Ba\u0148kov\u00e9 mas\u00e1\u017ee jsou techniky zp\u016fsobuj\u00edc\u00ed v\u00fdrazn\u00e9 prokrven\u00ed struktur a odbour\u00e1n\u00ed ne\u017e\u00e1douc\u00edch metabolit\u016f a t\u00edm n\u00e1sledn\u011b zlep\u0161en\u00edm zdravotn\u00edho stavu.\" \/>\n<meta property=\"og:url\" content=\"http:\/\/sportfyziofit.cz\/cs\/bankove-masaze\/\" \/>\n<meta property=\"og:site_name\" content=\"sportfyziofit.cz\" \/>\n<meta property=\"article:publisher\" content=\"https:\/\/www.facebook.com\/sportfyziofit\" \/>\n<meta property=\"article:modified_time\" content=\"2015-12-09T10:44:07+00:00\" \/>\n<meta property=\"og:image\" content=\"http:\/\/sportfyziofit.cz\/wp-content\/uploads\/2015\/11\/banky.png\" \/>\n<meta name=\"twitter:card\" content=\"summary_large_image\" \/>\n<meta name=\"twitter:site\" content=\"@SportFyzioFit\" \/>\n<meta name=\"twitter:label1\" content=\"Est. reading time\" \/>\n\t<meta name=\"twitter:data1\" content=\"8 minutes\" \/>\n<script type=\"application\/ld+json\" class=\"yoast-schema-graph\">{\"@context\":\"https:\/\/schema.org\",\"@graph\":[{\"@type\":\"WebPage\",\"@id\":\"http:\/\/sportfyziofit.cz\/cs\/bankove-masaze\/\",\"url\":\"http:\/\/sportfyziofit.cz\/cs\/bankove-masaze\/\",\"name\":\"[:cs]Ba\u0148kov\u00e9 mas\u00e1\u017ee[:en]Flask massage[:de]Flask Massage[:] &ndash; sportfyziofit.cz\",\"isPartOf\":{\"@id\":\"http:\/\/sportfyziofit.cz\/cs\/#website\"},\"datePublished\":\"2015-11-16T10:09:46+00:00\",\"dateModified\":\"2015-12-09T10:44:07+00:00\",\"description\":\"Ba\u0148kov\u00e9 mas\u00e1\u017ee jsou techniky zp\u016fsobuj\u00edc\u00ed v\u00fdrazn\u00e9 prokrven\u00ed struktur a odbour\u00e1n\u00ed ne\u017e\u00e1douc\u00edch metabolit\u016f a t\u00edm n\u00e1sledn\u011b zlep\u0161en\u00edm zdravotn\u00edho stavu.\",\"breadcrumb\":{\"@id\":\"http:\/\/sportfyziofit.cz\/cs\/bankove-masaze\/#breadcrumb\"},\"inLanguage\":\"cz\",\"potentialAction\":[{\"@type\":\"ReadAction\",\"target\":[\"http:\/\/sportfyziofit.cz\/cs\/bankove-masaze\/\"]}]},{\"@type\":\"BreadcrumbList\",\"@id\":\"http:\/\/sportfyziofit.cz\/cs\/bankove-masaze\/#breadcrumb\",\"itemListElement\":[{\"@type\":\"ListItem\",\"position\":1,\"name\":\"Home\",\"item\":\"http:\/\/sportfyziofit.cz\/cs\/\"},{\"@type\":\"ListItem\",\"position\":2,\"name\":\"Ba\u0148kov\u00e9 mas\u00e1\u017ee\"}]},{\"@type\":\"WebSite\",\"@id\":\"http:\/\/sportfyziofit.cz\/cs\/#website\",\"url\":\"http:\/\/sportfyziofit.cz\/cs\/\",\"name\":\"sportfyziofit.cz\",\"description\":\"... v\u00edtejte na str\u00e1nk\u00e1ch zam\u011b\u0159uj\u00edc\u00edch se na sportovn\u00ed mas\u00e1\u017ee, reflexn\u00ed mas\u00e1\u017ee, relaxa\u010dn\u00ed mas\u00e1\u017ee, po\u00farazov\u00e9 mas\u00e1\u017ee i muskuloskelet\u00e1ln\u00ed poradenstv\u00ed ...\",\"potentialAction\":[{\"@type\":\"SearchAction\",\"target\":{\"@type\":\"EntryPoint\",\"urlTemplate\":\"http:\/\/sportfyziofit.cz\/cs\/?s={search_term_string}\"},\"query-input\":\"required name=search_term_string\"}],\"inLanguage\":\"cz\"}]}<\/script>\n<!-- \/ Yoast SEO plugin. -->","yoast_head_json":{"title":"[:cs]Ba\u0148kov\u00e9 mas\u00e1\u017ee[:en]Flask massage[:de]Flask Massage[:] &ndash; sportfyziofit.cz","description":"Ba\u0148kov\u00e9 mas\u00e1\u017ee jsou techniky zp\u016fsobuj\u00edc\u00ed v\u00fdrazn\u00e9 prokrven\u00ed struktur a odbour\u00e1n\u00ed ne\u017e\u00e1douc\u00edch metabolit\u016f a t\u00edm n\u00e1sledn\u011b zlep\u0161en\u00edm zdravotn\u00edho stavu.","robots":{"index":"index","follow":"follow","max-snippet":"max-snippet:-1","max-image-preview":"max-image-preview:large","max-video-preview":"max-video-preview:-1"},"canonical":"http:\/\/sportfyziofit.cz\/cs\/bankove-masaze\/","og_locale":"en_US","og_type":"article","og_title":"[:cs]Ba\u0148kov\u00e9 mas\u00e1\u017ee[:en]Flask massage[:de]Flask Massage[:] &ndash; sportfyziofit.cz","og_description":"Ba\u0148kov\u00e9 mas\u00e1\u017ee jsou techniky zp\u016fsobuj\u00edc\u00ed v\u00fdrazn\u00e9 prokrven\u00ed struktur a odbour\u00e1n\u00ed ne\u017e\u00e1douc\u00edch metabolit\u016f a t\u00edm n\u00e1sledn\u011b zlep\u0161en\u00edm zdravotn\u00edho stavu.","og_url":"http:\/\/sportfyziofit.cz\/cs\/bankove-masaze\/","og_site_name":"sportfyziofit.cz","article_publisher":"https:\/\/www.facebook.com\/sportfyziofit","article_modified_time":"2015-12-09T10:44:07+00:00","og_image":[{"url":"http:\/\/sportfyziofit.cz\/wp-content\/uploads\/2015\/11\/banky.png"}],"twitter_card":"summary_large_image","twitter_site":"@SportFyzioFit","twitter_misc":{"Est. reading time":"8 minutes"},"schema":{"@context":"https:\/\/schema.org","@graph":[{"@type":"WebPage","@id":"http:\/\/sportfyziofit.cz\/cs\/bankove-masaze\/","url":"http:\/\/sportfyziofit.cz\/cs\/bankove-masaze\/","name":"[:cs]Ba\u0148kov\u00e9 mas\u00e1\u017ee[:en]Flask massage[:de]Flask Massage[:] &ndash; sportfyziofit.cz","isPartOf":{"@id":"http:\/\/sportfyziofit.cz\/cs\/#website"},"datePublished":"2015-11-16T10:09:46+00:00","dateModified":"2015-12-09T10:44:07+00:00","description":"Ba\u0148kov\u00e9 mas\u00e1\u017ee jsou techniky zp\u016fsobuj\u00edc\u00ed v\u00fdrazn\u00e9 prokrven\u00ed struktur a odbour\u00e1n\u00ed ne\u017e\u00e1douc\u00edch metabolit\u016f a t\u00edm n\u00e1sledn\u011b zlep\u0161en\u00edm zdravotn\u00edho stavu.","breadcrumb":{"@id":"http:\/\/sportfyziofit.cz\/cs\/bankove-masaze\/#breadcrumb"},"inLanguage":"cz","potentialAction":[{"@type":"ReadAction","target":["http:\/\/sportfyziofit.cz\/cs\/bankove-masaze\/"]}]},{"@type":"BreadcrumbList","@id":"http:\/\/sportfyziofit.cz\/cs\/bankove-masaze\/#breadcrumb","itemListElement":[{"@type":"ListItem","position":1,"name":"Home","item":"http:\/\/sportfyziofit.cz\/cs\/"},{"@type":"ListItem","position":2,"name":"Ba\u0148kov\u00e9 mas\u00e1\u017ee"}]},{"@type":"WebSite","@id":"http:\/\/sportfyziofit.cz\/cs\/#website","url":"http:\/\/sportfyziofit.cz\/cs\/","name":"sportfyziofit.cz","description":"... v\u00edtejte na str\u00e1nk\u00e1ch zam\u011b\u0159uj\u00edc\u00edch se na sportovn\u00ed mas\u00e1\u017ee, reflexn\u00ed mas\u00e1\u017ee, relaxa\u010dn\u00ed mas\u00e1\u017ee, po\u00farazov\u00e9 mas\u00e1\u017ee i muskuloskelet\u00e1ln\u00ed poradenstv\u00ed ...","potentialAction":[{"@type":"SearchAction","target":{"@type":"EntryPoint","urlTemplate":"http:\/\/sportfyziofit.cz\/cs\/?s={search_term_string}"},"query-input":"required name=search_term_string"}],"inLanguage":"cz"}]}},"_links":{"self":[{"href":"https:\/\/sportfyziofit.cz\/cs\/wp-json\/wp\/v2\/pages\/94"}],"collection":[{"href":"https:\/\/sportfyziofit.cz\/cs\/wp-json\/wp\/v2\/pages"}],"about":[{"href":"https:\/\/sportfyziofit.cz\/cs\/wp-json\/wp\/v2\/types\/page"}],"author":[{"embeddable":true,"href":"https:\/\/sportfyziofit.cz\/cs\/wp-json\/wp\/v2\/users\/2"}],"replies":[{"embeddable":true,"href":"https:\/\/sportfyziofit.cz\/cs\/wp-json\/wp\/v2\/comments?post=94"}],"version-history":[{"count":32,"href":"https:\/\/sportfyziofit.cz\/cs\/wp-json\/wp\/v2\/pages\/94\/revisions"}],"predecessor-version":[{"id":556,"href":"https:\/\/sportfyziofit.cz\/cs\/wp-json\/wp\/v2\/pages\/94\/revisions\/556"}],"wp:attachment":[{"href":"https:\/\/sportfyziofit.cz\/cs\/wp-json\/wp\/v2\/media?parent=94"}],"curies":[{"name":"wp","href":"https:\/\/api.w.org\/{rel}","templated":true}]}}