{"id":277,"date":"2015-12-02T07:07:44","date_gmt":"2015-12-02T07:07:44","guid":{"rendered":"http:\/\/sportfyziofit.cz\/?page_id=277"},"modified":"2015-12-09T10:42:21","modified_gmt":"2015-12-09T10:42:21","slug":"kinezio-taping","status":"publish","type":"page","link":"https:\/\/sportfyziofit.cz\/de\/kinezio-taping\/","title":{"rendered":"Kineziotaping"},"content":{"rendered":"<p><div id=\"attachment_284\" style=\"width: 593px\" class=\"wp-caption aligncenter\"><a href=\"http:\/\/sportfyziofit.cz\/wp-content\/uploads\/2015\/12\/tejp.png\"><img aria-describedby=\"caption-attachment-284\" decoding=\"async\" loading=\"lazy\" class=\"wp-image-284\" src=\"http:\/\/sportfyziofit.cz\/wp-content\/uploads\/2015\/12\/tejp.png\" alt=\"Kineziotaping\" width=\"583\" height=\"241\" srcset=\"https:\/\/sportfyziofit.cz\/wp-content\/uploads\/2015\/12\/tejp.png 847w, https:\/\/sportfyziofit.cz\/wp-content\/uploads\/2015\/12\/tejp-300x124.png 300w\" sizes=\"(max-width: 583px) 100vw, 583px\" \/><\/a><p id=\"caption-attachment-284\" class=\"wp-caption-text\">Kineziotaping<\/p><\/div><\/p>\n<h2 style=\"text-align: justify;\">Kineziotaping<\/h2>\n<p style=\"text-align: justify;\">Kineziotaping ist revolution\u00e4r und sehr beliebte Technik in der Genesung und Rehabilitation. Seine sehr sanft und mild erh\u00f6ht die therapeutische und Heilungsprozess und verl\u00e4ngert die Wirkung von Entspannungsmassage gezielte Fokussierung auf die Problemzonen wie Microsoft Muskeln, B\u00e4nder, Sehnen und dergleichen.<br \/>\nDie heutigen Sportwelt nicht mehr kineziotaping nicht. Kineziotaping am Ende der zweiten H\u00e4lfte des zwanzigsten Jahrhunderts in Japan Arzt Kenzo Kase entwickelt. In den kommenden Jahren kineziotaping der ganzen Welt verbreitet.<br \/>\nKineziotaping Hauptvorteil ist eine einfache Anwendung momentane Geschwindigkeit und Wirksamkeit der Therapie.<br \/>\nTechniques kineziotapingu<br \/>\nMuscle: Es ist eine Technik, bei der die Haut mit einem Gummiband Flexibilit\u00e4t Entsprechend der menschlichen Haut, Haut Wenn das Band Kr\u00e4uselungen wodurch Erh\u00f6hte Durchblutung und Lymphe dauerhafte geklebt worden. Dies verl\u00e4ngert die Muskelrelaxans Effekt und Lymphdrainage und den Heilungsprozess zu aktivieren.<br \/>\nB\u00e4nder: Es ist eine Technik, um die einzelnen Portionen Gangs B\u00e4nder der Wirbels\u00e4ule, Akupunkturpunkte oder Trigger zu stabilisieren.<br \/>\nFasciov\u00e1: Diese Technik normalisiert den Muskeltonus.<br \/>\nLymphatische: Lymphatische Technik verhindert die wiederholte Bildung von Lymph\u00f6dem. Zunehmende Lymphfluss entfernt Giftstoffe aus den oberfl\u00e4chlichen Geweben.<br \/>\nNarbenkorrektur: Es hilft, um die Freisetzung und \u00e4lter, aktiv und Keloidnarben reduzieren.<br \/>\nMaschinenbau Korrektur: passt die falsche Position der Muskeln, Gelenke und Knochen, zum Beispiel nach Verletzungen oder schlechte Haltung. (zB, flachen Fu\u00df, Valgus inch)<\/p>\n<h4 style=\"text-align: justify;\">Anwendung kineziotaping<\/h4>\n<ul style=\"text-align: justify;\">\n<li>Schmerzen in der Wirbels\u00e4ule, Gelenke, Muskeln und Sehnen<\/li>\n<li>im Sport<\/li>\n<li>erstreckt sich die Auswirkungen der massage<\/li>\n<li>kompensiert die falsche K\u00f6rperhaltung<\/li>\n<li>stabilisiert ver\u00f6ffentlicht Blockade<\/li>\n<li>aktiviert Heilungsprozesse<\/li>\n<li>Verbessert die Durchblutung<\/li>\n<li>Es hilft, Karpaltunnelsyndrom und \u00dcberlasttrecker Hand<br \/>\nnach Unf\u00e4llen, in der Rekonvaleszenz und Rehabilitation<\/li>\n<\/ul>\n<h4 style=\"text-align: justify;\">Es ist nicht appropriate` um das Band zu bewerben?<\/h4>\n<ul style=\"text-align: justify;\">\n<li>In akuten Thrombose<\/li>\n<li>Wenn Hautausschl\u00e4ge, Ekzeme<\/li>\n<li>auf der oberen Schicht der gesch\u00e4digter Haut<\/li>\n<li>Offene Wunden<\/li>\n<li>Er Warzen<\/li>\n<li>In Fieberzust\u00e4nde<\/li>\n<li>malignes Melanom der Haut<\/li>\n<\/ul>\n<p style=\"text-align: justify;\">Am besten ist es auf Band von dem Sachverst\u00e4ndigen, der am besten zu offenbaren die Ursache Ihrer Schmerzen angewendet zu halten und Sie k\u00f6nnen die, welche Art des Bandes und wie es zu bearbeiten oder verwenden, ber\u00fccksichtigen. Band mit Zierleisten in verschiedenen Formen, um den Zweck kineziotapingu erf\u00fcllen.<br \/>\nEs ist wichtig zu erkennen, dass Laien kineziotaping tr\u00e4gt Risiko Da sich der Laie nicht vollst\u00e4ndig in der Lage, um Muskeln von den Sehnen, B\u00e4nder und Faszien zu unterscheiden. Wenn Sie sich entscheiden, auf Band sich mit anschaulichen Bildern, Videos oder &#8222;okouk\u00e1n\u00edm&#8220; bleiben, wird empfohlen, dies nur in kleineren gesundheitlichen Problemen, die notwendig ist, um pr\u00e4zise Einhaltung des Verfahrens zu gew\u00e4hrleisten, zu tun. Weitere ernsthafte gesundheitliche Probleme immer versuchen Experte.<br \/>\nWenn das Band Richtig angewendet, hat es eine positive Wirkung \u00dcberraschenderweise und in kurzer Zeit v\u00f6llig nicht-invasive Weise, Schmerzen zu lindern.<\/p>\n<p style=\"text-align: justify;\">Mehr Informationen sind auf der <a href=\"http:\/\/www.maseri.cz\/katalog\/maseri\/jihomoravsky\/znojmo\/id=44018&amp;m=sport-fyzio-fit.html\" target=\"_blank\">Webseite<\/a> auch gefunden werden<\/p>\n<p><\/p>","protected":false},"excerpt":{"rendered":"<p>Kineziotaping Kineziotaping ist revolution\u00e4r und sehr beliebte Technik in der Genesung und Rehabilitation. Seine sehr sanft und mild erh\u00f6ht die therapeutische und Heilungsprozess und verl\u00e4ngert die Wirkung von Entspannungsmassage gezielte Fokussierung auf die Problemzonen wie Microsoft Muskeln, B\u00e4nder, Sehnen und dergleichen. Die heutigen Sportwelt nicht mehr kineziotaping nicht. Kineziotaping am Ende der zweiten H\u00e4lfte des [&hellip;]<\/p>\n","protected":false},"author":2,"featured_media":0,"parent":0,"menu_order":0,"comment_status":"closed","ping_status":"closed","template":"","meta":[],"yoast_head":"<!-- This site is optimized with the Yoast SEO plugin v19.11 - https:\/\/yoast.com\/wordpress\/plugins\/seo\/ -->\n<title>Kineziotaping &ndash; sportfyziofit.cz<\/title>\n<meta name=\"description\" content=\"Kinezio taping je p\u0159evratn\u00e1 a velice vyhled\u00e1van\u00e1 technika v regeneraci a rehabilitaci. To v\u0161e od profesion\u00e1la v \u0160atove u Znojma\" \/>\n<meta name=\"robots\" content=\"index, follow, max-snippet:-1, max-image-preview:large, max-video-preview:-1\" \/>\n<link rel=\"canonical\" href=\"http:\/\/sportfyziofit.cz\/en\/kinezio-taping\/\" \/>\n<meta property=\"og:locale\" content=\"de_DE\" \/>\n<meta property=\"og:type\" content=\"article\" \/>\n<meta property=\"og:title\" content=\"[:cs]Kinezio taping[:en]Kinezio taping[:de]Kineziotaping[:] &ndash; sportfyziofit.cz\" \/>\n<meta property=\"og:description\" content=\"Kinezio taping je p\u0159evratn\u00e1 a velice vyhled\u00e1van\u00e1 technika v regeneraci a rehabilitaci. To v\u0161e od profesion\u00e1la v \u0160atove u Znojma\" \/>\n<meta property=\"og:url\" content=\"http:\/\/sportfyziofit.cz\/en\/kinezio-taping\/\" \/>\n<meta property=\"og:site_name\" content=\"sportfyziofit.cz\" \/>\n<meta property=\"article:publisher\" content=\"https:\/\/www.facebook.com\/sportfyziofit\" \/>\n<meta property=\"article:modified_time\" content=\"2015-12-09T10:42:21+00:00\" \/>\n<meta property=\"og:image\" content=\"http:\/\/sportfyziofit.cz\/wp-content\/uploads\/2015\/12\/tejp.png\" \/>\n<meta name=\"twitter:card\" content=\"summary_large_image\" \/>\n<meta name=\"twitter:site\" content=\"@SportFyzioFit\" \/>\n<meta name=\"twitter:label1\" content=\"Gesch\u00e4tzte Lesezeit\" \/>\n\t<meta name=\"twitter:data1\" content=\"8\u00a0Minuten\" \/>\n<script type=\"application\/ld+json\" class=\"yoast-schema-graph\">{\"@context\":\"https:\/\/schema.org\",\"@graph\":[{\"@type\":\"WebPage\",\"@id\":\"http:\/\/sportfyziofit.cz\/en\/kinezio-taping\/\",\"url\":\"http:\/\/sportfyziofit.cz\/en\/kinezio-taping\/\",\"name\":\"[:cs]Kinezio taping[:en]Kinezio taping[:de]Kineziotaping[:] &ndash; sportfyziofit.cz\",\"isPartOf\":{\"@id\":\"http:\/\/sportfyziofit.cz\/cs\/#website\"},\"datePublished\":\"2015-12-02T07:07:44+00:00\",\"dateModified\":\"2015-12-09T10:42:21+00:00\",\"description\":\"Kinezio taping je p\u0159evratn\u00e1 a velice vyhled\u00e1van\u00e1 technika v regeneraci a rehabilitaci. To v\u0161e od profesion\u00e1la v \u0160atove u Znojma\",\"breadcrumb\":{\"@id\":\"http:\/\/sportfyziofit.cz\/en\/kinezio-taping\/#breadcrumb\"},\"inLanguage\":\"de\",\"potentialAction\":[{\"@type\":\"ReadAction\",\"target\":[\"http:\/\/sportfyziofit.cz\/en\/kinezio-taping\/\"]}]},{\"@type\":\"BreadcrumbList\",\"@id\":\"http:\/\/sportfyziofit.cz\/en\/kinezio-taping\/#breadcrumb\",\"itemListElement\":[{\"@type\":\"ListItem\",\"position\":1,\"name\":\"Home\",\"item\":\"http:\/\/sportfyziofit.cz\/cs\/\"},{\"@type\":\"ListItem\",\"position\":2,\"name\":\"Kinezio taping\"}]},{\"@type\":\"WebSite\",\"@id\":\"http:\/\/sportfyziofit.cz\/cs\/#website\",\"url\":\"http:\/\/sportfyziofit.cz\/cs\/\",\"name\":\"sportfyziofit.cz\",\"description\":\"... Willkommen auf der Webseite mit Schwerpunkt auf Sport-Massage, Reflexzonenmassage , Entspannungsmassage, Massage-und Muskel-Skelett-Trauma-Beratung ...\",\"potentialAction\":[{\"@type\":\"SearchAction\",\"target\":{\"@type\":\"EntryPoint\",\"urlTemplate\":\"http:\/\/sportfyziofit.cz\/cs\/?s={search_term_string}\"},\"query-input\":\"required name=search_term_string\"}],\"inLanguage\":\"de\"}]}<\/script>\n<!-- \/ Yoast SEO plugin. -->","yoast_head_json":{"title":"[:cs]Kinezio taping[:en]Kinezio taping[:de]Kineziotaping[:] &ndash; sportfyziofit.cz","description":"Kinezio taping je p\u0159evratn\u00e1 a velice vyhled\u00e1van\u00e1 technika v regeneraci a rehabilitaci. To v\u0161e od profesion\u00e1la v \u0160atove u Znojma","robots":{"index":"index","follow":"follow","max-snippet":"max-snippet:-1","max-image-preview":"max-image-preview:large","max-video-preview":"max-video-preview:-1"},"canonical":"http:\/\/sportfyziofit.cz\/en\/kinezio-taping\/","og_locale":"de_DE","og_type":"article","og_title":"[:cs]Kinezio taping[:en]Kinezio taping[:de]Kineziotaping[:] &ndash; sportfyziofit.cz","og_description":"Kinezio taping je p\u0159evratn\u00e1 a velice vyhled\u00e1van\u00e1 technika v regeneraci a rehabilitaci. To v\u0161e od profesion\u00e1la v \u0160atove u Znojma","og_url":"http:\/\/sportfyziofit.cz\/en\/kinezio-taping\/","og_site_name":"sportfyziofit.cz","article_publisher":"https:\/\/www.facebook.com\/sportfyziofit","article_modified_time":"2015-12-09T10:42:21+00:00","og_image":[{"url":"http:\/\/sportfyziofit.cz\/wp-content\/uploads\/2015\/12\/tejp.png"}],"twitter_card":"summary_large_image","twitter_site":"@SportFyzioFit","twitter_misc":{"Gesch\u00e4tzte Lesezeit":"8\u00a0Minuten"},"schema":{"@context":"https:\/\/schema.org","@graph":[{"@type":"WebPage","@id":"http:\/\/sportfyziofit.cz\/en\/kinezio-taping\/","url":"http:\/\/sportfyziofit.cz\/en\/kinezio-taping\/","name":"[:cs]Kinezio taping[:en]Kinezio taping[:de]Kineziotaping[:] &ndash; sportfyziofit.cz","isPartOf":{"@id":"http:\/\/sportfyziofit.cz\/cs\/#website"},"datePublished":"2015-12-02T07:07:44+00:00","dateModified":"2015-12-09T10:42:21+00:00","description":"Kinezio taping je p\u0159evratn\u00e1 a velice vyhled\u00e1van\u00e1 technika v regeneraci a rehabilitaci. To v\u0161e od profesion\u00e1la v \u0160atove u Znojma","breadcrumb":{"@id":"http:\/\/sportfyziofit.cz\/en\/kinezio-taping\/#breadcrumb"},"inLanguage":"de","potentialAction":[{"@type":"ReadAction","target":["http:\/\/sportfyziofit.cz\/en\/kinezio-taping\/"]}]},{"@type":"BreadcrumbList","@id":"http:\/\/sportfyziofit.cz\/en\/kinezio-taping\/#breadcrumb","itemListElement":[{"@type":"ListItem","position":1,"name":"Home","item":"http:\/\/sportfyziofit.cz\/cs\/"},{"@type":"ListItem","position":2,"name":"Kinezio taping"}]},{"@type":"WebSite","@id":"http:\/\/sportfyziofit.cz\/cs\/#website","url":"http:\/\/sportfyziofit.cz\/cs\/","name":"sportfyziofit.cz","description":"... Willkommen auf der Webseite mit Schwerpunkt auf Sport-Massage, Reflexzonenmassage , Entspannungsmassage, Massage-und Muskel-Skelett-Trauma-Beratung ...","potentialAction":[{"@type":"SearchAction","target":{"@type":"EntryPoint","urlTemplate":"http:\/\/sportfyziofit.cz\/cs\/?s={search_term_string}"},"query-input":"required name=search_term_string"}],"inLanguage":"de"}]}},"_links":{"self":[{"href":"https:\/\/sportfyziofit.cz\/de\/wp-json\/wp\/v2\/pages\/277"}],"collection":[{"href":"https:\/\/sportfyziofit.cz\/de\/wp-json\/wp\/v2\/pages"}],"about":[{"href":"https:\/\/sportfyziofit.cz\/de\/wp-json\/wp\/v2\/types\/page"}],"author":[{"embeddable":true,"href":"https:\/\/sportfyziofit.cz\/de\/wp-json\/wp\/v2\/users\/2"}],"replies":[{"embeddable":true,"href":"https:\/\/sportfyziofit.cz\/de\/wp-json\/wp\/v2\/comments?post=277"}],"version-history":[{"count":4,"href":"https:\/\/sportfyziofit.cz\/de\/wp-json\/wp\/v2\/pages\/277\/revisions"}],"predecessor-version":[{"id":549,"href":"https:\/\/sportfyziofit.cz\/de\/wp-json\/wp\/v2\/pages\/277\/revisions\/549"}],"wp:attachment":[{"href":"https:\/\/sportfyziofit.cz\/de\/wp-json\/wp\/v2\/media?parent=277"}],"curies":[{"name":"wp","href":"https:\/\/api.w.org\/{rel}","templated":true}]}}