{"id":290,"date":"2015-12-02T07:49:15","date_gmt":"2015-12-02T07:49:15","guid":{"rendered":"http:\/\/sportfyziofit.cz\/?page_id=290"},"modified":"2015-12-09T10:40:55","modified_gmt":"2015-12-09T10:40:55","slug":"trigger-points-masaz","status":"publish","type":"page","link":"https:\/\/sportfyziofit.cz\/de\/trigger-points-masaz\/","title":{"rendered":"Triggerpunkte Massage"},"content":{"rendered":"<p><div id=\"attachment_293\" style=\"width: 644px\" class=\"wp-caption aligncenter\"><a href=\"http:\/\/sportfyziofit.cz\/wp-content\/uploads\/2015\/12\/triggersss.png\"><img aria-describedby=\"caption-attachment-293\" decoding=\"async\" loading=\"lazy\" class=\"wp-image-293 size-full\" src=\"http:\/\/sportfyziofit.cz\/wp-content\/uploads\/2015\/12\/triggersss.png\" alt=\"Triggerpunkte Massage\" width=\"634\" height=\"267\" srcset=\"https:\/\/sportfyziofit.cz\/wp-content\/uploads\/2015\/12\/triggersss.png 634w, https:\/\/sportfyziofit.cz\/wp-content\/uploads\/2015\/12\/triggersss-300x126.png 300w\" sizes=\"(max-width: 634px) 100vw, 634px\" \/><\/a><p id=\"caption-attachment-293\" class=\"wp-caption-text\">Triggerpunkte Massage<\/p><\/div><\/p>\n<h2 style=\"text-align: justify;\">Triggerpunkte Massage<\/h2>\n<p style=\"text-align: justify;\">Massage Triggerpunkte (Triggerpunkte) sind kleine feste Kn\u00f6tchen in den Muskeln, die sehr schmerzhaft sein kann. Sie werden von der lokalen Muskelspannung der Muskelfasern mit geringf\u00fcgigen biochemischen Ver\u00e4nderungen in der Umgebung verursacht werden. Reflexzonen &#8211; das Etikett enth\u00e4lt eine gro\u00dfe Anzahl von Techniken, die seit jeher entwickelt haben.<\/p>\n<p style=\"text-align: justify;\">Diese biochemischen Ver\u00e4nderungen f\u00fchren zu einem Abbau von Muskelfunktion und die Entwicklung <strong>des sog. Delegierte Schmerzen<\/strong>.<\/p>\n<p style=\"text-align: justify;\">Da istenceex Triggerpunkt wird mit Muskel-Erkrankung assoziiert ist es notwendig mit dem Muskel selbst zu arbeiten. Die Therapie kann daher zu etablieren Massage, um die Fasern zu l\u00f6sen, aber an den Muskelans\u00e4tzen. Weitere \u00dcbungen, die auf die Freisetzung von Muskelarbeit wird, f\u00fchrt dies zu einer allm\u00e4hlichen Heilung Muskel.<\/p>\n<p style=\"text-align: justify;\"><strong>Die Entstehung von Trp:<\/strong><\/p>\n<ul style=\"text-align: justify;\">\n<li>K\u00f6rperliche \u00dcberlastung der Muskeln<\/li>\n<li>Muskelverletzung<\/li>\n<li>Erh\u00f6hte Impulse kommen in den Muskel entlang der Nervenfasern<\/li>\n<li>Die langfristige dauernd oder wiederholt mechanische Reizung von Nervenfasern (Blockade der Bandscheibenvorfall, Osteophyten etc.)<\/li>\n<li>Psychologische Impulse vom Gehirn ausgehende (Angst, \u00faskost, Panik, Depression, Nervosit\u00e4t und sogar anderen schweren psychischen Erkrankungen)<\/li>\n<li>Ausstrahlende Schmerzen kann oft sehr weit von der Stelle des Triggerpunkt auftreten.<\/li>\n<li>F\u00fcr einige, die Anwesenheit von Muskelschmerzen bezeichnet leicht durch Dr\u00fccken der Triggerpunkt demonstriert. Schmerzsignale in der komplizierten Netzwerk von Nervenbahnen<\/li>\n<li>ermischt. Lanes Sinneswahrnehmungen von verschiedenen Punkten konvergieren auf eine einzelne Neuronen im R\u00fcckenmark, die kombiniert werden, und angepasst ist, bevor es in das Gehirn gelangt. Unter diesen Bedingungen ist es m\u00f6glich, da\u00df elektrische Signale an die Nervenebene gegenseitig beeinflussen, was zu einem verzerrten oder \u00fcbertragen Vorstellung \u00fcber die Quelle des Schmerzes.<\/li>\n<\/ul>\n<p style=\"text-align: justify;\">F\u00fcr eine effektive Wirkung der Therapie direkt am Triggerpunkt konzentrieren m\u00fcssen. Der einfachste und sicherste Methode ist tief oder Fu\u00dfreflexzonenmassage spezifische Triggerpunkte. Es ist wichtig, die richtige Stelle zu finden. Entwickelt solchen Druck auf ihn, den Schmerz auf einer Skala von 1-10 nehmen wurde am siebten Zun\u00e4chst ist es nicht sehr angenehm, aber nach einer sehr kurzen Zeitspanne auftritt Entlastungs<\/p>\n<p style=\"text-align: justify;\">Sie werden wahrscheinlich auch TRP, dass blo\u00dfe Reflexzonenmassage und tiefe Massage verbessert. Und es ist ein Ort tiefen Reibung oder Schleif. \u00c4rzte ein Verfahren zur trockenen Nadeln verwenden, auch wenn die TrP eine starke Nadel einzuf\u00fchren. Starke Schmerzen w\u00e4hrend der Operation, aber sehr nachdenklich kann sich TrP heilen.<\/p>\n<p style=\"text-align: justify;\">Diese Massage kann an alle, die von Kopfschmerzen, R\u00fcckenschmerzen, Gelenkschmerzen und andere, die den Bewegungsapparat betreffen beschweren empfohlen werden.<\/p>\n<p style=\"text-align: justify;\">Dar\u00fcber hinaus sind alle, die erleben Angst, Hoffnungslosigkeit, Unruhe, Depression oder eine psychiatrische Erkrankung. Schmerz\u00e4u\u00dferungen auf den K\u00f6rper kann Somatisierung dieser mentalen Zust\u00e4nden sein.<\/p>\n<p style=\"text-align: justify;\">Weitere Informationen finden Sie auch auf der <a href=\"http:\/\/www.maseri.cz\/katalog\/maseri\/jihomoravsky\/znojmo\/id=44018&amp;m=sport-fyzio-fit.html\" target=\"_blank\">Website<\/a> gefunden werden<\/p>\n<p><\/p>","protected":false},"excerpt":{"rendered":"<p>Triggerpunkte Massage Massage Triggerpunkte (Triggerpunkte) sind kleine feste Kn\u00f6tchen in den Muskeln, die sehr schmerzhaft sein kann. Sie werden von der lokalen Muskelspannung der Muskelfasern mit geringf\u00fcgigen biochemischen Ver\u00e4nderungen in der Umgebung verursacht werden. Reflexzonen &#8211; das Etikett enth\u00e4lt eine gro\u00dfe Anzahl von Techniken, die seit jeher entwickelt haben. Diese biochemischen Ver\u00e4nderungen f\u00fchren zu einem [&hellip;]<\/p>\n","protected":false},"author":2,"featured_media":0,"parent":0,"menu_order":0,"comment_status":"closed","ping_status":"closed","template":"","meta":[],"yoast_head":"<!-- This site is optimized with the Yoast SEO plugin v19.11 - https:\/\/yoast.com\/wordpress\/plugins\/seo\/ -->\n<title>Triggerpunkte Massage &ndash; sportfyziofit.cz<\/title>\n<meta name=\"description\" content=\"Trigger points mas\u00e1\u017e je zam\u011b\u0159ena odbourat mal\u00e9 tuh\u00e9 uzl\u00edky ve svalech, kter\u00e9 mohou b\u00fdt na pohmat siln\u011b bolestiv\u00e9 to d\u00edky spr\u00e1vn\u00e9 diagn\u00f3ze a technice.\" \/>\n<meta name=\"robots\" content=\"index, follow, max-snippet:-1, max-image-preview:large, max-video-preview:-1\" \/>\n<link rel=\"canonical\" href=\"http:\/\/sportfyziofit.cz\/cs\/trigger-points-masaz\/\" \/>\n<meta property=\"og:locale\" content=\"de_DE\" \/>\n<meta property=\"og:type\" content=\"article\" \/>\n<meta property=\"og:title\" content=\"[:cs]Trigger points mas\u00e1\u017e[:en]Trigger points massage[:de]Triggerpunkte Massage[:] &ndash; sportfyziofit.cz\" \/>\n<meta property=\"og:description\" content=\"Trigger points mas\u00e1\u017e je zam\u011b\u0159ena odbourat mal\u00e9 tuh\u00e9 uzl\u00edky ve svalech, kter\u00e9 mohou b\u00fdt na pohmat siln\u011b bolestiv\u00e9 to d\u00edky spr\u00e1vn\u00e9 diagn\u00f3ze a technice.\" \/>\n<meta property=\"og:url\" content=\"http:\/\/sportfyziofit.cz\/cs\/trigger-points-masaz\/\" \/>\n<meta property=\"og:site_name\" content=\"sportfyziofit.cz\" \/>\n<meta property=\"article:publisher\" content=\"https:\/\/www.facebook.com\/sportfyziofit\" \/>\n<meta property=\"article:modified_time\" content=\"2015-12-09T10:40:55+00:00\" \/>\n<meta property=\"og:image\" content=\"http:\/\/sportfyziofit.cz\/wp-content\/uploads\/2015\/12\/triggersss.png\" \/>\n<meta name=\"twitter:card\" content=\"summary_large_image\" \/>\n<meta name=\"twitter:site\" content=\"@SportFyzioFit\" \/>\n<meta name=\"twitter:label1\" content=\"Gesch\u00e4tzte Lesezeit\" \/>\n\t<meta name=\"twitter:data1\" content=\"7\u00a0Minuten\" \/>\n<script type=\"application\/ld+json\" class=\"yoast-schema-graph\">{\"@context\":\"https:\/\/schema.org\",\"@graph\":[{\"@type\":\"WebPage\",\"@id\":\"http:\/\/sportfyziofit.cz\/cs\/trigger-points-masaz\/\",\"url\":\"http:\/\/sportfyziofit.cz\/cs\/trigger-points-masaz\/\",\"name\":\"[:cs]Trigger points mas\u00e1\u017e[:en]Trigger points massage[:de]Triggerpunkte Massage[:] &ndash; sportfyziofit.cz\",\"isPartOf\":{\"@id\":\"https:\/\/sportfyziofit.cz\/cs\/#website\"},\"datePublished\":\"2015-12-02T07:49:15+00:00\",\"dateModified\":\"2015-12-09T10:40:55+00:00\",\"description\":\"Trigger points mas\u00e1\u017e je zam\u011b\u0159ena odbourat mal\u00e9 tuh\u00e9 uzl\u00edky ve svalech, kter\u00e9 mohou b\u00fdt na pohmat siln\u011b bolestiv\u00e9 to d\u00edky spr\u00e1vn\u00e9 diagn\u00f3ze a technice.\",\"breadcrumb\":{\"@id\":\"http:\/\/sportfyziofit.cz\/cs\/trigger-points-masaz\/#breadcrumb\"},\"inLanguage\":\"de\",\"potentialAction\":[{\"@type\":\"ReadAction\",\"target\":[\"http:\/\/sportfyziofit.cz\/cs\/trigger-points-masaz\/\"]}]},{\"@type\":\"BreadcrumbList\",\"@id\":\"http:\/\/sportfyziofit.cz\/cs\/trigger-points-masaz\/#breadcrumb\",\"itemListElement\":[{\"@type\":\"ListItem\",\"position\":1,\"name\":\"Home\",\"item\":\"https:\/\/sportfyziofit.cz\/cs\/\"},{\"@type\":\"ListItem\",\"position\":2,\"name\":\"Trigger points mas\u00e1\u017e\"}]},{\"@type\":\"WebSite\",\"@id\":\"https:\/\/sportfyziofit.cz\/cs\/#website\",\"url\":\"https:\/\/sportfyziofit.cz\/cs\/\",\"name\":\"sportfyziofit.cz\",\"description\":\"... Willkommen auf der Webseite mit Schwerpunkt auf Sport-Massage, Reflexzonenmassage , Entspannungsmassage, Massage-und Muskel-Skelett-Trauma-Beratung ...\",\"potentialAction\":[{\"@type\":\"SearchAction\",\"target\":{\"@type\":\"EntryPoint\",\"urlTemplate\":\"https:\/\/sportfyziofit.cz\/cs\/?s={search_term_string}\"},\"query-input\":\"required name=search_term_string\"}],\"inLanguage\":\"de\"}]}<\/script>\n<!-- \/ Yoast SEO plugin. -->","yoast_head_json":{"title":"[:cs]Trigger points mas\u00e1\u017e[:en]Trigger points massage[:de]Triggerpunkte Massage[:] &ndash; sportfyziofit.cz","description":"Trigger points mas\u00e1\u017e je zam\u011b\u0159ena odbourat mal\u00e9 tuh\u00e9 uzl\u00edky ve svalech, kter\u00e9 mohou b\u00fdt na pohmat siln\u011b bolestiv\u00e9 to d\u00edky spr\u00e1vn\u00e9 diagn\u00f3ze a technice.","robots":{"index":"index","follow":"follow","max-snippet":"max-snippet:-1","max-image-preview":"max-image-preview:large","max-video-preview":"max-video-preview:-1"},"canonical":"http:\/\/sportfyziofit.cz\/cs\/trigger-points-masaz\/","og_locale":"de_DE","og_type":"article","og_title":"[:cs]Trigger points mas\u00e1\u017e[:en]Trigger points massage[:de]Triggerpunkte Massage[:] &ndash; sportfyziofit.cz","og_description":"Trigger points mas\u00e1\u017e je zam\u011b\u0159ena odbourat mal\u00e9 tuh\u00e9 uzl\u00edky ve svalech, kter\u00e9 mohou b\u00fdt na pohmat siln\u011b bolestiv\u00e9 to d\u00edky spr\u00e1vn\u00e9 diagn\u00f3ze a technice.","og_url":"http:\/\/sportfyziofit.cz\/cs\/trigger-points-masaz\/","og_site_name":"sportfyziofit.cz","article_publisher":"https:\/\/www.facebook.com\/sportfyziofit","article_modified_time":"2015-12-09T10:40:55+00:00","og_image":[{"url":"http:\/\/sportfyziofit.cz\/wp-content\/uploads\/2015\/12\/triggersss.png"}],"twitter_card":"summary_large_image","twitter_site":"@SportFyzioFit","twitter_misc":{"Gesch\u00e4tzte Lesezeit":"7\u00a0Minuten"},"schema":{"@context":"https:\/\/schema.org","@graph":[{"@type":"WebPage","@id":"http:\/\/sportfyziofit.cz\/cs\/trigger-points-masaz\/","url":"http:\/\/sportfyziofit.cz\/cs\/trigger-points-masaz\/","name":"[:cs]Trigger points mas\u00e1\u017e[:en]Trigger points massage[:de]Triggerpunkte Massage[:] &ndash; sportfyziofit.cz","isPartOf":{"@id":"https:\/\/sportfyziofit.cz\/cs\/#website"},"datePublished":"2015-12-02T07:49:15+00:00","dateModified":"2015-12-09T10:40:55+00:00","description":"Trigger points mas\u00e1\u017e je zam\u011b\u0159ena odbourat mal\u00e9 tuh\u00e9 uzl\u00edky ve svalech, kter\u00e9 mohou b\u00fdt na pohmat siln\u011b bolestiv\u00e9 to d\u00edky spr\u00e1vn\u00e9 diagn\u00f3ze a technice.","breadcrumb":{"@id":"http:\/\/sportfyziofit.cz\/cs\/trigger-points-masaz\/#breadcrumb"},"inLanguage":"de","potentialAction":[{"@type":"ReadAction","target":["http:\/\/sportfyziofit.cz\/cs\/trigger-points-masaz\/"]}]},{"@type":"BreadcrumbList","@id":"http:\/\/sportfyziofit.cz\/cs\/trigger-points-masaz\/#breadcrumb","itemListElement":[{"@type":"ListItem","position":1,"name":"Home","item":"https:\/\/sportfyziofit.cz\/cs\/"},{"@type":"ListItem","position":2,"name":"Trigger points mas\u00e1\u017e"}]},{"@type":"WebSite","@id":"https:\/\/sportfyziofit.cz\/cs\/#website","url":"https:\/\/sportfyziofit.cz\/cs\/","name":"sportfyziofit.cz","description":"... Willkommen auf der Webseite mit Schwerpunkt auf Sport-Massage, Reflexzonenmassage , Entspannungsmassage, Massage-und Muskel-Skelett-Trauma-Beratung ...","potentialAction":[{"@type":"SearchAction","target":{"@type":"EntryPoint","urlTemplate":"https:\/\/sportfyziofit.cz\/cs\/?s={search_term_string}"},"query-input":"required name=search_term_string"}],"inLanguage":"de"}]}},"_links":{"self":[{"href":"https:\/\/sportfyziofit.cz\/de\/wp-json\/wp\/v2\/pages\/290"}],"collection":[{"href":"https:\/\/sportfyziofit.cz\/de\/wp-json\/wp\/v2\/pages"}],"about":[{"href":"https:\/\/sportfyziofit.cz\/de\/wp-json\/wp\/v2\/types\/page"}],"author":[{"embeddable":true,"href":"https:\/\/sportfyziofit.cz\/de\/wp-json\/wp\/v2\/users\/2"}],"replies":[{"embeddable":true,"href":"https:\/\/sportfyziofit.cz\/de\/wp-json\/wp\/v2\/comments?post=290"}],"version-history":[{"count":4,"href":"https:\/\/sportfyziofit.cz\/de\/wp-json\/wp\/v2\/pages\/290\/revisions"}],"predecessor-version":[{"id":543,"href":"https:\/\/sportfyziofit.cz\/de\/wp-json\/wp\/v2\/pages\/290\/revisions\/543"}],"wp:attachment":[{"href":"https:\/\/sportfyziofit.cz\/de\/wp-json\/wp\/v2\/media?parent=290"}],"curies":[{"name":"wp","href":"https:\/\/api.w.org\/{rel}","templated":true}]}}