{"id":302,"date":"2015-12-02T08:28:12","date_gmt":"2015-12-02T08:28:12","guid":{"rendered":"http:\/\/sportfyziofit.cz\/?page_id=302"},"modified":"2015-12-09T10:46:04","modified_gmt":"2015-12-09T10:46:04","slug":"masaze-pro-sportovce","status":"publish","type":"page","link":"https:\/\/sportfyziofit.cz\/de\/masaze-pro-sportovce\/","title":{"rendered":"Massage f\u00fcr Sportler"},"content":{"rendered":"<p><div id=\"attachment_306\" style=\"width: 657px\" class=\"wp-caption aligncenter\"><a href=\"http:\/\/sportfyziofit.cz\/wp-content\/uploads\/2015\/12\/sportovci.png\"><img aria-describedby=\"caption-attachment-306\" decoding=\"async\" loading=\"lazy\" class=\"wp-image-306 size-full\" title=\"Massages for cyklists and athletes\" src=\"http:\/\/sportfyziofit.cz\/wp-content\/uploads\/2015\/12\/sportovci.png\" alt=\"Massage f\u00fcr Sportler\" width=\"647\" height=\"322\" srcset=\"https:\/\/sportfyziofit.cz\/wp-content\/uploads\/2015\/12\/sportovci.png 647w, https:\/\/sportfyziofit.cz\/wp-content\/uploads\/2015\/12\/sportovci-300x149.png 300w\" sizes=\"(max-width: 647px) 100vw, 647px\" \/><\/a><p id=\"caption-attachment-306\" class=\"wp-caption-text\">Massage f\u00fcr Sportler<\/p><\/div><\/p>\n<h2 style=\"text-align: justify;\">Massage f\u00fcr Sportler<\/h2>\n<p style=\"text-align: justify;\">Massage f\u00fcr Sportler ist eine Technologie, ma\u00dfgeschneidert f\u00fcr die Athleten K\u00f6rper, die zu einseitigen k\u00f6rperlichen Beanspruchung ausgesetzt ist, hat ohne gute Fitness, Entsch\u00e4digung und Regenerationsprogramm, was zu einer Fehlfunktion der Muskulatur. Unter den Sportarten, in denen der K\u00f6rper einseitig Recht Belastungen geh\u00f6ren Golf und Tennis. Andere Sportarten wie zB. Hockey, Squash, Unihockey.<\/p>\n<p style=\"text-align: justify;\">Wenn Sie sich die M\u00fche, einseitig immer noch die gleichen Muskelgruppen, nicht regenerieren sie (nicht loslassen), und uns fehlt Ausgleichs\u00fcbungen Diese Muskelgruppen werden dann in den Alltag \u00fcberlastet fortsetzen. Diese Muskelgruppen, die keine simplex Last, w\u00e4hrend der R\u00fcckgang. Es ist ein Muskel dysharmonii, dysstabilizaci Sportler und Bewegungskoordination ist suboptimal. Was zu einer schlechten Leistung und R\u00fccken und Gelenkschmerzen.,<\/p>\n<p style=\"text-align: justify;\">Bewegungsfreiheit ist durch die Hirnrinde kontrollierte und relativ langsam ist. Es kann bewusst gesteuert und repariert werden. Kann eine schnelle Bewegung nur durchgef\u00fchrt werden, wie ein gelehrter und voll automatisiert. Ergibt sich aus der Bewegung der Musterbildung. Bewegungsmuster auf der Basis von regelm\u00e4\u00dfigen Wiederholungs gebildet. Sport erfordert eine optimale, schnell, dh die automatische Bewegungskoordination. Wir erreichten die vorherige regelm\u00e4\u00dfige Schulungen f\u00fcr alle Positionen und Bewegungen, die der Sport erfordert. Wir trainieren erst langsam, nachdenklich mit perfekter Kontrolle. Nur dann werden wir die Beschleunigung Bewegung. Im Sport-Training ist notwendig, um eine optimale Koordinierung zu erreichen, und weiteren Stabilisierung des Beckens Rumpf und Kopf, und nur die Freiz\u00fcgigkeit der Gliedma\u00dfen zu verlassen. Um dies zu erreichen, brauchen wir gute Entsch\u00e4digung und Wiederherstellungsprogramm.<\/p>\n<h4 style=\"text-align: justify;\">Verbessern Sie Ihre Leistung<\/h4>\n<p style=\"text-align: justify;\">Wir werden individuelle Regenerations, gute Kompensation und Konditionierung Programm zu erstellen, je nach Last Sport und Lifestyle. Das Regenerationsprogramm besteht aus der manuellen Therapie (Massage und Techniken), die auf Weichgewebe, Gelenke und der Wirbels\u00e4ule konzentriert.<br \/>\nTechniken, die in der Therapie richtet verwenden entspannen angespannt Muskelfasern, die Bewegung der Fasern in der Umgebung verhindert. Tense Freisetzung von Fasern und erleichtert geschw\u00e4cht. Wir verwenden auch die Freilassung der Wirbels\u00e4ule und der Gelenke Traktion und Mobilisationstechniken. Durch den Abbau der Muskeln sind Sie in der Lage, um eine optimale Koordinierung der Bewegung, dass der Sport erfordert und damit zu wachsen und Ihre sportliche Leistung.<\/p>\n<p style=\"text-align: justify;\">Als Fitness- und Ausgleichstraining, um die sportliche Leistung zu verbessern und \u00dcberlastung und Degeneration der Wirbels\u00e4ule und der gro\u00dfen Gelenke im Sport, vor allem in Sportarten mit einseitigen Belastungen zu verhindern &#8211; zum Beispiel. Golf, Tennis, Radfahren, Leichtathletik.<\/p>\n<p style=\"text-align: justify;\">Viele Sportler nutzen diese \u00dcbung als Fitness-Training, um \u00dcberlastung und Degeneration der Wirbels\u00e4ule und der gro\u00dfen Gelenke im Sport verhindern und zur Verbesserung der sportlichen Leistung! \u00dcbung einseitig \u00fcberfordert Muskeln gedehnt und lehrt sie, um sich zu entspannen sowohl K\u00f6rper Spirale stabilisiert. Welche erm\u00f6glicht entspannte und pr\u00e4zise Bewegung, lindert R\u00fcckenschmerzen und die Leistung verbessert.<\/p>\n<p style=\"text-align: justify;\">Weitere Informationen finden Sie auch auf der folgenden <a href=\"http:\/\/www.maseri.cz\/katalog\/maseri\/jihomoravsky\/znojmo\/id=44018&amp;m=sport-fyzio-fit.html\" target=\"_blank\">Webseite<\/a> zu finden<\/p>\n<p><\/p>","protected":false},"excerpt":{"rendered":"<p>Massage f\u00fcr Sportler Massage f\u00fcr Sportler ist eine Technologie, ma\u00dfgeschneidert f\u00fcr die Athleten K\u00f6rper, die zu einseitigen k\u00f6rperlichen Beanspruchung ausgesetzt ist, hat ohne gute Fitness, Entsch\u00e4digung und Regenerationsprogramm, was zu einer Fehlfunktion der Muskulatur. Unter den Sportarten, in denen der K\u00f6rper einseitig Recht Belastungen geh\u00f6ren Golf und Tennis. Andere Sportarten wie zB. Hockey, Squash, Unihockey. [&hellip;]<\/p>\n","protected":false},"author":2,"featured_media":0,"parent":0,"menu_order":0,"comment_status":"closed","ping_status":"closed","template":"","meta":[],"yoast_head":"<!-- This site is optimized with the Yoast SEO plugin v19.11 - https:\/\/yoast.com\/wordpress\/plugins\/seo\/ -->\n<title>Massage f\u00fcr Sportler &ndash; sportfyziofit.cz<\/title>\n<meta name=\"description\" content=\"Mas\u00e1\u017ee pro sportovce je technika \u0161it\u00e1 na m\u00edru pro t\u011blo, kter\u00e9 je vystaveno jednostrann\u00e9mu fyzick\u00e9mu zat\u00ed\u017een\u00ed.\u00a0Zlep\u0161en\u00ed v\u00fdkonu a regenerace sval\u016f.\" \/>\n<meta name=\"robots\" content=\"index, follow, max-snippet:-1, max-image-preview:large, max-video-preview:-1\" \/>\n<link rel=\"canonical\" href=\"http:\/\/sportfyziofit.cz\/en\/masaze-pro-sportovce\/\" \/>\n<meta property=\"og:locale\" content=\"de_DE\" \/>\n<meta property=\"og:type\" content=\"article\" \/>\n<meta property=\"og:title\" content=\"[:cs]Mas\u00e1\u017ee pro sportovce[:en]Massage for Athletes[:de]Massage f\u00fcr Sportler[:] &ndash; sportfyziofit.cz\" \/>\n<meta property=\"og:description\" content=\"Mas\u00e1\u017ee pro sportovce je technika \u0161it\u00e1 na m\u00edru pro t\u011blo, kter\u00e9 je vystaveno jednostrann\u00e9mu fyzick\u00e9mu zat\u00ed\u017een\u00ed.\u00a0Zlep\u0161en\u00ed v\u00fdkonu a regenerace sval\u016f.\" \/>\n<meta property=\"og:url\" content=\"http:\/\/sportfyziofit.cz\/en\/masaze-pro-sportovce\/\" \/>\n<meta property=\"og:site_name\" content=\"sportfyziofit.cz\" \/>\n<meta property=\"article:publisher\" content=\"https:\/\/www.facebook.com\/sportfyziofit\" \/>\n<meta property=\"article:modified_time\" content=\"2015-12-09T10:46:04+00:00\" \/>\n<meta property=\"og:image\" content=\"http:\/\/sportfyziofit.cz\/wp-content\/uploads\/2015\/12\/sportovci.png\" \/>\n<meta name=\"twitter:card\" content=\"summary_large_image\" \/>\n<meta name=\"twitter:site\" content=\"@SportFyzioFit\" \/>\n<meta name=\"twitter:label1\" content=\"Gesch\u00e4tzte Lesezeit\" \/>\n\t<meta name=\"twitter:data1\" content=\"8\u00a0Minuten\" \/>\n<script type=\"application\/ld+json\" class=\"yoast-schema-graph\">{\"@context\":\"https:\/\/schema.org\",\"@graph\":[{\"@type\":\"WebPage\",\"@id\":\"http:\/\/sportfyziofit.cz\/en\/masaze-pro-sportovce\/\",\"url\":\"http:\/\/sportfyziofit.cz\/en\/masaze-pro-sportovce\/\",\"name\":\"[:cs]Mas\u00e1\u017ee pro sportovce[:en]Massage for Athletes[:de]Massage f\u00fcr Sportler[:] &ndash; sportfyziofit.cz\",\"isPartOf\":{\"@id\":\"https:\/\/sportfyziofit.cz\/cs\/#website\"},\"datePublished\":\"2015-12-02T08:28:12+00:00\",\"dateModified\":\"2015-12-09T10:46:04+00:00\",\"description\":\"Mas\u00e1\u017ee pro sportovce je technika \u0161it\u00e1 na m\u00edru pro t\u011blo, kter\u00e9 je vystaveno jednostrann\u00e9mu fyzick\u00e9mu zat\u00ed\u017een\u00ed.\u00a0Zlep\u0161en\u00ed v\u00fdkonu a regenerace sval\u016f.\",\"breadcrumb\":{\"@id\":\"http:\/\/sportfyziofit.cz\/en\/masaze-pro-sportovce\/#breadcrumb\"},\"inLanguage\":\"de\",\"potentialAction\":[{\"@type\":\"ReadAction\",\"target\":[\"http:\/\/sportfyziofit.cz\/en\/masaze-pro-sportovce\/\"]}]},{\"@type\":\"BreadcrumbList\",\"@id\":\"http:\/\/sportfyziofit.cz\/en\/masaze-pro-sportovce\/#breadcrumb\",\"itemListElement\":[{\"@type\":\"ListItem\",\"position\":1,\"name\":\"Home\",\"item\":\"https:\/\/sportfyziofit.cz\/cs\/\"},{\"@type\":\"ListItem\",\"position\":2,\"name\":\"Massage for Athletes\"}]},{\"@type\":\"WebSite\",\"@id\":\"https:\/\/sportfyziofit.cz\/cs\/#website\",\"url\":\"https:\/\/sportfyziofit.cz\/cs\/\",\"name\":\"sportfyziofit.cz\",\"description\":\"... Willkommen auf der Webseite mit Schwerpunkt auf Sport-Massage, Reflexzonenmassage , Entspannungsmassage, Massage-und Muskel-Skelett-Trauma-Beratung ...\",\"potentialAction\":[{\"@type\":\"SearchAction\",\"target\":{\"@type\":\"EntryPoint\",\"urlTemplate\":\"https:\/\/sportfyziofit.cz\/cs\/?s={search_term_string}\"},\"query-input\":\"required name=search_term_string\"}],\"inLanguage\":\"de\"}]}<\/script>\n<!-- \/ Yoast SEO plugin. -->","yoast_head_json":{"title":"[:cs]Mas\u00e1\u017ee pro sportovce[:en]Massage for Athletes[:de]Massage f\u00fcr Sportler[:] &ndash; sportfyziofit.cz","description":"Mas\u00e1\u017ee pro sportovce je technika \u0161it\u00e1 na m\u00edru pro t\u011blo, kter\u00e9 je vystaveno jednostrann\u00e9mu fyzick\u00e9mu zat\u00ed\u017een\u00ed.\u00a0Zlep\u0161en\u00ed v\u00fdkonu a regenerace sval\u016f.","robots":{"index":"index","follow":"follow","max-snippet":"max-snippet:-1","max-image-preview":"max-image-preview:large","max-video-preview":"max-video-preview:-1"},"canonical":"http:\/\/sportfyziofit.cz\/en\/masaze-pro-sportovce\/","og_locale":"de_DE","og_type":"article","og_title":"[:cs]Mas\u00e1\u017ee pro sportovce[:en]Massage for Athletes[:de]Massage f\u00fcr Sportler[:] &ndash; sportfyziofit.cz","og_description":"Mas\u00e1\u017ee pro sportovce je technika \u0161it\u00e1 na m\u00edru pro t\u011blo, kter\u00e9 je vystaveno jednostrann\u00e9mu fyzick\u00e9mu zat\u00ed\u017een\u00ed.\u00a0Zlep\u0161en\u00ed v\u00fdkonu a regenerace sval\u016f.","og_url":"http:\/\/sportfyziofit.cz\/en\/masaze-pro-sportovce\/","og_site_name":"sportfyziofit.cz","article_publisher":"https:\/\/www.facebook.com\/sportfyziofit","article_modified_time":"2015-12-09T10:46:04+00:00","og_image":[{"url":"http:\/\/sportfyziofit.cz\/wp-content\/uploads\/2015\/12\/sportovci.png"}],"twitter_card":"summary_large_image","twitter_site":"@SportFyzioFit","twitter_misc":{"Gesch\u00e4tzte Lesezeit":"8\u00a0Minuten"},"schema":{"@context":"https:\/\/schema.org","@graph":[{"@type":"WebPage","@id":"http:\/\/sportfyziofit.cz\/en\/masaze-pro-sportovce\/","url":"http:\/\/sportfyziofit.cz\/en\/masaze-pro-sportovce\/","name":"[:cs]Mas\u00e1\u017ee pro sportovce[:en]Massage for Athletes[:de]Massage f\u00fcr Sportler[:] &ndash; sportfyziofit.cz","isPartOf":{"@id":"https:\/\/sportfyziofit.cz\/cs\/#website"},"datePublished":"2015-12-02T08:28:12+00:00","dateModified":"2015-12-09T10:46:04+00:00","description":"Mas\u00e1\u017ee pro sportovce je technika \u0161it\u00e1 na m\u00edru pro t\u011blo, kter\u00e9 je vystaveno jednostrann\u00e9mu fyzick\u00e9mu zat\u00ed\u017een\u00ed.\u00a0Zlep\u0161en\u00ed v\u00fdkonu a regenerace sval\u016f.","breadcrumb":{"@id":"http:\/\/sportfyziofit.cz\/en\/masaze-pro-sportovce\/#breadcrumb"},"inLanguage":"de","potentialAction":[{"@type":"ReadAction","target":["http:\/\/sportfyziofit.cz\/en\/masaze-pro-sportovce\/"]}]},{"@type":"BreadcrumbList","@id":"http:\/\/sportfyziofit.cz\/en\/masaze-pro-sportovce\/#breadcrumb","itemListElement":[{"@type":"ListItem","position":1,"name":"Home","item":"https:\/\/sportfyziofit.cz\/cs\/"},{"@type":"ListItem","position":2,"name":"Massage for Athletes"}]},{"@type":"WebSite","@id":"https:\/\/sportfyziofit.cz\/cs\/#website","url":"https:\/\/sportfyziofit.cz\/cs\/","name":"sportfyziofit.cz","description":"... Willkommen auf der Webseite mit Schwerpunkt auf Sport-Massage, Reflexzonenmassage , Entspannungsmassage, Massage-und Muskel-Skelett-Trauma-Beratung ...","potentialAction":[{"@type":"SearchAction","target":{"@type":"EntryPoint","urlTemplate":"https:\/\/sportfyziofit.cz\/cs\/?s={search_term_string}"},"query-input":"required name=search_term_string"}],"inLanguage":"de"}]}},"_links":{"self":[{"href":"https:\/\/sportfyziofit.cz\/de\/wp-json\/wp\/v2\/pages\/302"}],"collection":[{"href":"https:\/\/sportfyziofit.cz\/de\/wp-json\/wp\/v2\/pages"}],"about":[{"href":"https:\/\/sportfyziofit.cz\/de\/wp-json\/wp\/v2\/types\/page"}],"author":[{"embeddable":true,"href":"https:\/\/sportfyziofit.cz\/de\/wp-json\/wp\/v2\/users\/2"}],"replies":[{"embeddable":true,"href":"https:\/\/sportfyziofit.cz\/de\/wp-json\/wp\/v2\/comments?post=302"}],"version-history":[{"count":3,"href":"https:\/\/sportfyziofit.cz\/de\/wp-json\/wp\/v2\/pages\/302\/revisions"}],"predecessor-version":[{"id":564,"href":"https:\/\/sportfyziofit.cz\/de\/wp-json\/wp\/v2\/pages\/302\/revisions\/564"}],"wp:attachment":[{"href":"https:\/\/sportfyziofit.cz\/de\/wp-json\/wp\/v2\/media?parent=302"}],"curies":[{"name":"wp","href":"https:\/\/api.w.org\/{rel}","templated":true}]}}