{"id":308,"date":"2015-12-02T08:39:42","date_gmt":"2015-12-02T08:39:42","guid":{"rendered":"http:\/\/sportfyziofit.cz\/?page_id=308"},"modified":"2015-12-09T10:47:50","modified_gmt":"2015-12-09T10:47:50","slug":"masaze-pro-sedave-zamestnani","status":"publish","type":"page","link":"https:\/\/sportfyziofit.cz\/de\/masaze-pro-sedave-zamestnani\/","title":{"rendered":"Massage f\u00fcr eine sitzende T\u00e4tigkeit"},"content":{"rendered":"<p><div id=\"attachment_312\" style=\"width: 662px\" class=\"wp-caption aligncenter\"><a href=\"http:\/\/sportfyziofit.cz\/wp-content\/uploads\/2015\/12\/office3.png\"><img aria-describedby=\"caption-attachment-312\" decoding=\"async\" loading=\"lazy\" class=\"wp-image-312 size-full\" src=\"http:\/\/sportfyziofit.cz\/wp-content\/uploads\/2015\/12\/office3.png\" alt=\"Massage f\u00fcr eine sitzende T\u00e4tigkeit\" width=\"652\" height=\"282\" srcset=\"https:\/\/sportfyziofit.cz\/wp-content\/uploads\/2015\/12\/office3.png 652w, https:\/\/sportfyziofit.cz\/wp-content\/uploads\/2015\/12\/office3-300x130.png 300w\" sizes=\"(max-width: 652px) 100vw, 652px\" \/><\/a><p id=\"caption-attachment-312\" class=\"wp-caption-text\">Massage f\u00fcr eine sitzende T\u00e4tigkeit<\/p><\/div><\/p>\n<h2 style=\"text-align: justify;\">Massage f\u00fcr eine sitzende T\u00e4tigkeit<\/h2>\n<p style=\"text-align: justify;\">Eine sitzende T\u00e4tigkeit ist eine Belastung f\u00fcr den K\u00f6rper. Sitzen in Klassenr\u00e4umen ist noch nicht alles. Die Rekrutierung ist obligatorisch Pausen schrittweise zu reduzieren und oft ganz verschwinden. Eine sitzende T\u00e4tigkeit ist nicht nur f\u00fcr den Ansturm der R\u00fccken, Nacken und die Augen, sondern auch f\u00fcr das Herz-Kreislaufsystems und des Herzens. Der gesamte Stoffwechsel verlangsamt, stoppt Zirkulation von Lipase (ein Enzym zu zersetzen Fette) und somit insbesondere die Verringerung der F\u00e4higkeit des Systems, die giftigen Substanzen zu entfernen, und dadurch die Regeneration der Muskulatur.<\/p>\n<p style=\"text-align: justify;\">Die richtige Massage kann Stress von der Arbeit zu verringern, Gliederschmerzen mit stumpfen t\u00e4gigen Haltung und der damit verbundenen Wieder induzieren Entspannung und Regeneration geladen Teile des K\u00f6rpers. Eine sitzende T\u00e4tigkeit, langen Fahrt und der aktuelle Trend beschleunigte Lebensdauer sich wenig Zeit zur Entspannung und Regeneration, die f\u00fcr unseren K\u00f6rper ist. Kann in Massagen g\u00f6nnen regenerieren K\u00f6rper und Geist gleichzeitig Massage l\u00f6st \u00fcberlasteten Bewegungssystem und es zu einer erh\u00f6hten Arbeitsbelastung f\u00fchrt, weil es f\u00f6rdert die Durchblutung und verbessert die Herz-Kreislauf-System.<\/p>\n<p style=\"text-align: justify;\">Oft ist es der R\u00fccken schmerzt, aber es kann die richtige Massage zu verhindern.<br \/>\nEin sehr wichtiger Aspekt ist die Wahl der Qualit\u00e4t und qualifizierten Masseur. Unsachgem\u00e4\u00dfe Vorgehensweise, weil Sie zu verletzen. Masseur muss immer der erste Besuch in Ihrem aktuellen Gesundheitszustand zu konsultieren. In einigen F\u00e4llen, vor allem, wenn eine Person nicht vollst\u00e4ndig gesund, kann unprofessionell Massage verletzt werden. Aus irgendeinem Leiden Massage direkt Kontraindikationen. Dazu geh\u00f6ren F\u00e4lle, in denen der Patient an Venenentz\u00fcndungen leiden, Infektionskrankheiten, neurologischen Erkrankungen und einige Infektionen der Haut. Es gibt unz\u00e4hlige Arten von Massagen, die eine anregende oder beruhigende Wirkung haben k\u00f6nnen. Die meisten von ihnen verbessert die Durchblutung in den Muskeln und Bindegewebe, die Steifigkeit und die Linderung von Schmerzen zu reduzieren.<\/p>\n<p style=\"text-align: justify;\">Wenn Sie eine sitzende T\u00e4tigkeit und st\u00f6rt mich, Steifheit und R\u00fcckenschmerzen, die in sitzender T\u00e4tigkeit normalerweise auftritt, ist das Schlimmste, starren und oft unnat\u00fcrlichen Haltung. Das Risiko parti\u00edm geh\u00f6ren Halswirbels\u00e4ule, Schultern, Unterarme, und dann die Muskeln B\u00e4nder im Ellbogen, Handgelenk und Finger. Schwierigkeiten k\u00f6nnen sich die Schmerzen verschlimmern kann Kribbeln oder Taubheitsgef\u00fchl in den oberen Extremit\u00e4ten hinzuzuf\u00fcgen. H\u00e4ufig auftretende Schmerzen in der gesamten Wirbels\u00e4ule im Lendenbereich. Ihr K\u00f6rper wird es kurze Pausen, die Ihnen erlauben zu erfrischen und zu dehnen steife Muskeln und einseitig beladen werden zu entlasten. Sehr entspannend Arbeit reicht zur\u00fcck gebogen und die Hin- und propnut\u00fdmi Arme.<\/p>\n<p style=\"text-align: justify;\">Weitere Informationen finden Sie auch auf der <a href=\"http:\/\/www.maseri.cz\/katalog\/maseri\/jihomoravsky\/znojmo\/id=44018&amp;m=sport-fyzio-fit.html\" target=\"_blank\">Website<\/a> gefunden werden<\/p>\n<p><\/p>","protected":false},"excerpt":{"rendered":"<p>Massage f\u00fcr eine sitzende T\u00e4tigkeit Eine sitzende T\u00e4tigkeit ist eine Belastung f\u00fcr den K\u00f6rper. Sitzen in Klassenr\u00e4umen ist noch nicht alles. Die Rekrutierung ist obligatorisch Pausen schrittweise zu reduzieren und oft ganz verschwinden. Eine sitzende T\u00e4tigkeit ist nicht nur f\u00fcr den Ansturm der R\u00fccken, Nacken und die Augen, sondern auch f\u00fcr das Herz-Kreislaufsystems und des [&hellip;]<\/p>\n","protected":false},"author":2,"featured_media":0,"parent":0,"menu_order":0,"comment_status":"closed","ping_status":"closed","template":"","meta":[],"yoast_head":"<!-- This site is optimized with the Yoast SEO plugin v19.11 - https:\/\/yoast.com\/wordpress\/plugins\/seo\/ -->\n<title>Massage f\u00fcr eine sitzende T\u00e4tigkeit &ndash; sportfyziofit.cz<\/title>\n<meta name=\"description\" content=\"Mas\u00e1\u017ee pro sedav\u00e9 zam\u011bstn\u00e1n\u00ed umo\u017e\u0148uj\u00ed odbourat stres ze zam\u011bstn\u00e1n\u00ed, bolesti t\u011bla spojen\u00e9 s jednotv\u00e1rn\u00ed celodenn\u00ed polohou t\u011bla\" \/>\n<meta name=\"robots\" content=\"index, follow, max-snippet:-1, max-image-preview:large, max-video-preview:-1\" \/>\n<link rel=\"canonical\" href=\"http:\/\/sportfyziofit.cz\/en\/masaze-pro-sedave-zamestnani\/\" \/>\n<meta property=\"og:locale\" content=\"de_DE\" \/>\n<meta property=\"og:type\" content=\"article\" \/>\n<meta property=\"og:title\" content=\"[:cs]Mas\u00e1\u017ee pro sedav\u00e9 zam\u011bstn\u00e1n\u00ed[:en]Massage for a sedentary job[:de]Massage f\u00fcr eine sitzende T\u00e4tigkeit[:] &ndash; sportfyziofit.cz\" \/>\n<meta property=\"og:description\" content=\"Mas\u00e1\u017ee pro sedav\u00e9 zam\u011bstn\u00e1n\u00ed umo\u017e\u0148uj\u00ed odbourat stres ze zam\u011bstn\u00e1n\u00ed, bolesti t\u011bla spojen\u00e9 s jednotv\u00e1rn\u00ed celodenn\u00ed polohou t\u011bla\" \/>\n<meta property=\"og:url\" content=\"http:\/\/sportfyziofit.cz\/en\/masaze-pro-sedave-zamestnani\/\" \/>\n<meta property=\"og:site_name\" content=\"sportfyziofit.cz\" \/>\n<meta property=\"article:publisher\" content=\"https:\/\/www.facebook.com\/sportfyziofit\" \/>\n<meta property=\"article:modified_time\" content=\"2015-12-09T10:47:50+00:00\" \/>\n<meta property=\"og:image\" content=\"http:\/\/sportfyziofit.cz\/wp-content\/uploads\/2015\/12\/office3.png\" \/>\n<meta name=\"twitter:card\" content=\"summary_large_image\" \/>\n<meta name=\"twitter:site\" content=\"@SportFyzioFit\" \/>\n<meta name=\"twitter:label1\" content=\"Gesch\u00e4tzte Lesezeit\" \/>\n\t<meta name=\"twitter:data1\" content=\"7\u00a0Minuten\" \/>\n<script type=\"application\/ld+json\" class=\"yoast-schema-graph\">{\"@context\":\"https:\/\/schema.org\",\"@graph\":[{\"@type\":\"WebPage\",\"@id\":\"http:\/\/sportfyziofit.cz\/en\/masaze-pro-sedave-zamestnani\/\",\"url\":\"http:\/\/sportfyziofit.cz\/en\/masaze-pro-sedave-zamestnani\/\",\"name\":\"[:cs]Mas\u00e1\u017ee pro sedav\u00e9 zam\u011bstn\u00e1n\u00ed[:en]Massage for a sedentary job[:de]Massage f\u00fcr eine sitzende T\u00e4tigkeit[:] &ndash; sportfyziofit.cz\",\"isPartOf\":{\"@id\":\"https:\/\/sportfyziofit.cz\/cs\/#website\"},\"datePublished\":\"2015-12-02T08:39:42+00:00\",\"dateModified\":\"2015-12-09T10:47:50+00:00\",\"description\":\"Mas\u00e1\u017ee pro sedav\u00e9 zam\u011bstn\u00e1n\u00ed umo\u017e\u0148uj\u00ed odbourat stres ze zam\u011bstn\u00e1n\u00ed, bolesti t\u011bla spojen\u00e9 s jednotv\u00e1rn\u00ed celodenn\u00ed polohou t\u011bla\",\"breadcrumb\":{\"@id\":\"http:\/\/sportfyziofit.cz\/en\/masaze-pro-sedave-zamestnani\/#breadcrumb\"},\"inLanguage\":\"de\",\"potentialAction\":[{\"@type\":\"ReadAction\",\"target\":[\"http:\/\/sportfyziofit.cz\/en\/masaze-pro-sedave-zamestnani\/\"]}]},{\"@type\":\"BreadcrumbList\",\"@id\":\"http:\/\/sportfyziofit.cz\/en\/masaze-pro-sedave-zamestnani\/#breadcrumb\",\"itemListElement\":[{\"@type\":\"ListItem\",\"position\":1,\"name\":\"Home\",\"item\":\"https:\/\/sportfyziofit.cz\/cs\/\"},{\"@type\":\"ListItem\",\"position\":2,\"name\":\"Massage for a sedentary job\"}]},{\"@type\":\"WebSite\",\"@id\":\"https:\/\/sportfyziofit.cz\/cs\/#website\",\"url\":\"https:\/\/sportfyziofit.cz\/cs\/\",\"name\":\"sportfyziofit.cz\",\"description\":\"... Willkommen auf der Webseite mit Schwerpunkt auf Sport-Massage, Reflexzonenmassage , Entspannungsmassage, Massage-und Muskel-Skelett-Trauma-Beratung ...\",\"potentialAction\":[{\"@type\":\"SearchAction\",\"target\":{\"@type\":\"EntryPoint\",\"urlTemplate\":\"https:\/\/sportfyziofit.cz\/cs\/?s={search_term_string}\"},\"query-input\":\"required name=search_term_string\"}],\"inLanguage\":\"de\"}]}<\/script>\n<!-- \/ Yoast SEO plugin. -->","yoast_head_json":{"title":"[:cs]Mas\u00e1\u017ee pro sedav\u00e9 zam\u011bstn\u00e1n\u00ed[:en]Massage for a sedentary job[:de]Massage f\u00fcr eine sitzende T\u00e4tigkeit[:] &ndash; sportfyziofit.cz","description":"Mas\u00e1\u017ee pro sedav\u00e9 zam\u011bstn\u00e1n\u00ed umo\u017e\u0148uj\u00ed odbourat stres ze zam\u011bstn\u00e1n\u00ed, bolesti t\u011bla spojen\u00e9 s jednotv\u00e1rn\u00ed celodenn\u00ed polohou t\u011bla","robots":{"index":"index","follow":"follow","max-snippet":"max-snippet:-1","max-image-preview":"max-image-preview:large","max-video-preview":"max-video-preview:-1"},"canonical":"http:\/\/sportfyziofit.cz\/en\/masaze-pro-sedave-zamestnani\/","og_locale":"de_DE","og_type":"article","og_title":"[:cs]Mas\u00e1\u017ee pro sedav\u00e9 zam\u011bstn\u00e1n\u00ed[:en]Massage for a sedentary job[:de]Massage f\u00fcr eine sitzende T\u00e4tigkeit[:] &ndash; sportfyziofit.cz","og_description":"Mas\u00e1\u017ee pro sedav\u00e9 zam\u011bstn\u00e1n\u00ed umo\u017e\u0148uj\u00ed odbourat stres ze zam\u011bstn\u00e1n\u00ed, bolesti t\u011bla spojen\u00e9 s jednotv\u00e1rn\u00ed celodenn\u00ed polohou t\u011bla","og_url":"http:\/\/sportfyziofit.cz\/en\/masaze-pro-sedave-zamestnani\/","og_site_name":"sportfyziofit.cz","article_publisher":"https:\/\/www.facebook.com\/sportfyziofit","article_modified_time":"2015-12-09T10:47:50+00:00","og_image":[{"url":"http:\/\/sportfyziofit.cz\/wp-content\/uploads\/2015\/12\/office3.png"}],"twitter_card":"summary_large_image","twitter_site":"@SportFyzioFit","twitter_misc":{"Gesch\u00e4tzte Lesezeit":"7\u00a0Minuten"},"schema":{"@context":"https:\/\/schema.org","@graph":[{"@type":"WebPage","@id":"http:\/\/sportfyziofit.cz\/en\/masaze-pro-sedave-zamestnani\/","url":"http:\/\/sportfyziofit.cz\/en\/masaze-pro-sedave-zamestnani\/","name":"[:cs]Mas\u00e1\u017ee pro sedav\u00e9 zam\u011bstn\u00e1n\u00ed[:en]Massage for a sedentary job[:de]Massage f\u00fcr eine sitzende T\u00e4tigkeit[:] &ndash; sportfyziofit.cz","isPartOf":{"@id":"https:\/\/sportfyziofit.cz\/cs\/#website"},"datePublished":"2015-12-02T08:39:42+00:00","dateModified":"2015-12-09T10:47:50+00:00","description":"Mas\u00e1\u017ee pro sedav\u00e9 zam\u011bstn\u00e1n\u00ed umo\u017e\u0148uj\u00ed odbourat stres ze zam\u011bstn\u00e1n\u00ed, bolesti t\u011bla spojen\u00e9 s jednotv\u00e1rn\u00ed celodenn\u00ed polohou t\u011bla","breadcrumb":{"@id":"http:\/\/sportfyziofit.cz\/en\/masaze-pro-sedave-zamestnani\/#breadcrumb"},"inLanguage":"de","potentialAction":[{"@type":"ReadAction","target":["http:\/\/sportfyziofit.cz\/en\/masaze-pro-sedave-zamestnani\/"]}]},{"@type":"BreadcrumbList","@id":"http:\/\/sportfyziofit.cz\/en\/masaze-pro-sedave-zamestnani\/#breadcrumb","itemListElement":[{"@type":"ListItem","position":1,"name":"Home","item":"https:\/\/sportfyziofit.cz\/cs\/"},{"@type":"ListItem","position":2,"name":"Massage for a sedentary job"}]},{"@type":"WebSite","@id":"https:\/\/sportfyziofit.cz\/cs\/#website","url":"https:\/\/sportfyziofit.cz\/cs\/","name":"sportfyziofit.cz","description":"... Willkommen auf der Webseite mit Schwerpunkt auf Sport-Massage, Reflexzonenmassage , Entspannungsmassage, Massage-und Muskel-Skelett-Trauma-Beratung ...","potentialAction":[{"@type":"SearchAction","target":{"@type":"EntryPoint","urlTemplate":"https:\/\/sportfyziofit.cz\/cs\/?s={search_term_string}"},"query-input":"required name=search_term_string"}],"inLanguage":"de"}]}},"_links":{"self":[{"href":"https:\/\/sportfyziofit.cz\/de\/wp-json\/wp\/v2\/pages\/308"}],"collection":[{"href":"https:\/\/sportfyziofit.cz\/de\/wp-json\/wp\/v2\/pages"}],"about":[{"href":"https:\/\/sportfyziofit.cz\/de\/wp-json\/wp\/v2\/types\/page"}],"author":[{"embeddable":true,"href":"https:\/\/sportfyziofit.cz\/de\/wp-json\/wp\/v2\/users\/2"}],"replies":[{"embeddable":true,"href":"https:\/\/sportfyziofit.cz\/de\/wp-json\/wp\/v2\/comments?post=308"}],"version-history":[{"count":5,"href":"https:\/\/sportfyziofit.cz\/de\/wp-json\/wp\/v2\/pages\/308\/revisions"}],"predecessor-version":[{"id":567,"href":"https:\/\/sportfyziofit.cz\/de\/wp-json\/wp\/v2\/pages\/308\/revisions\/567"}],"wp:attachment":[{"href":"https:\/\/sportfyziofit.cz\/de\/wp-json\/wp\/v2\/media?parent=308"}],"curies":[{"name":"wp","href":"https:\/\/api.w.org\/{rel}","templated":true}]}}