{"id":320,"date":"2015-12-02T08:59:20","date_gmt":"2015-12-02T08:59:20","guid":{"rendered":"http:\/\/sportfyziofit.cz\/?page_id=320"},"modified":"2015-12-09T10:45:28","modified_gmt":"2015-12-09T10:45:28","slug":"infra-sauna","status":"publish","type":"page","link":"https:\/\/sportfyziofit.cz\/de\/infra-sauna\/","title":{"rendered":"Infra sauna"},"content":{"rendered":"<p><div id=\"attachment_174\" style=\"width: 241px\" class=\"wp-caption aligncenter\"><a href=\"http:\/\/sportfyziofit.cz\/wp-content\/uploads\/2015\/11\/saunicka-e1448357197988.png\"><img aria-describedby=\"caption-attachment-174\" decoding=\"async\" loading=\"lazy\" class=\"wp-image-174\" src=\"http:\/\/sportfyziofit.cz\/wp-content\/uploads\/2015\/11\/saunicka-e1448357197988.png\" alt=\"Infra sauna\" width=\"231\" height=\"386\" \/><\/a><p id=\"caption-attachment-174\" class=\"wp-caption-text\">Infra sauna<\/p><\/div><\/p>\n<h2 style=\"text-align: justify;\">Infra sauna<\/h2>\n<p style=\"text-align: justify;\">Infrarot-Sauna funktioniert durch Infrarotstrahlen. Langwellige Infrarot-Strahlung dringt direkt in K\u00f6rpergewebe. Erh\u00e4lt bis zu einer Tiefe von mehr als 4 cm. Alles geschieht ganz nat\u00fcrlich &#8211; die Muskeln entspannen und ruhig, wird der K\u00f6rper nicht belastet. Herstellung der Schwei\u00df infrasaun\u00e1ch dreimal h\u00f6her &#8211; bei Umgebungstemperatur war etwa 45-60 \u00b0 C Saunen erw\u00e4rmen den K\u00f6rper und die Blutzirkulation im K\u00f6rper. Sauna st\u00e4rkt das Immunsystem, entspannt die Atemwege, verbessert die Schlaflosigkeit, Akne, Ekzeme, Halsschmerzen und Ohrenkrankheiten. Es unterst\u00fctzt die Elastizit\u00e4t der Haut und entfernt abgestorbene Hautzellen und Unreinheiten aus der Haut.<\/p>\n<h4 style=\"text-align: justify;\">Die wichtigsten medizinischen Vorteil der Infrarot ist, dass es verwendet werden kann:<\/h4>\n<ul style=\"text-align: justify;\">\n<li>Alergici<\/li>\n<li>Asthmatiker<\/li>\n<li>Herzpatienten<\/li>\n<li>Menschen mit Blutdruckproblemen<\/li>\n<\/ul>\n<p style=\"text-align: justify;\">Ordinary Sauna sollte nicht von diesen Personen benutzt werden.<\/p>\n<h4 style=\"text-align: justify;\">Allgemein bekannte therapeutische Effekte<\/h4>\n<ul style=\"text-align: justify;\">\n<li>Erh\u00f6ht die Gewebeexpansion<\/li>\n<li>Die Steifigkeit der Gliedma\u00dfen, Gelenke und R\u00fccken sofort reduziert<\/li>\n<li>Verringert Muskelspannung<\/li>\n<li>Lindert Schmerzen<\/li>\n<li>Regt die Durchblutung<\/li>\n<li>Sie arbeitet in der Behandlung von pathologischen Entz\u00fcndungsprozesse der Haut<\/li>\n<li>Ideale Erg\u00e4nzung zur Gewichtsreduktion. F\u00fcr 30 min. brennen bis zu 600 cal<\/li>\n<li>Ein Teil der Ausbildung der Athleten vor und nach dem Training. (bei den Olympischen Spielen in Atlanta getestet)<\/li>\n<li>Effektive Entspannung und Regeneration.<\/li>\n<\/ul>\n<h4 style=\"text-align: justify;\">GEGEN<\/h4>\n<ul style=\"text-align: justify;\">\n<li>Wenn Sie krank sind, konsultieren Sie die Verwendung von Infrarot-Saunen mit Ihrem Arzt<\/li>\n<li>Wenn Sie irgendwelche Medikamente sind, fragen Sie Ihren Arzt f\u00fcr jeden m\u00f6glichen Arzneimittelwechselwirkung mit Infrarotstrahlung<\/li>\n<li>Es wird nicht empfohlen, um die Temperatur der K\u00f6rperkern bei Menschen mit der Behandlung mit Epinephrin, systemischer Lupus erythematodes oder Multiple Sklerose erh\u00f6hen<br \/>\nDie W\u00e4rme sollten 48 Stunden nach der akuten Sch\u00e4den an der Gelenkkapsel nicht verwendet werden, oder bis vor eine Temperatur verringert und Schwellungen gelenk. Wenn sind chronische Gelenkschwellung Charakter, eine Behandlung durch Erh\u00f6hen der Temperatur reagiert nicht, sind am besten.<\/li>\n<li>St\u00e4rkerer Erw\u00e4rmung ist streng Infektionen jeglicher Art und an jedem Ort in unserem K\u00f6rper kontraindiziert<br \/>\nMetallmaterial, k\u00fcnstliche Gelenke, Knochen und andere chirurgische Implantate im Allgemeinen auch Infrarotstrahlen, und daher ist dieses System nicht<br \/>\nerw\u00e4rmt. Allerdings wird empfohlen, mit Ihrem Arzt vor der Verwendung von Infrarot-W\u00e4rmesysteme konsultieren. Nat\u00fcrlich, wenn es Schmerzen irgendwo in der N\u00e4he des Implantats, beenden Sie sofort den Gebrauch.<\/li>\n<li>Nat\u00fcrlich kann jede andere Kontraindikation f\u00fcr die Verwendung von Infrarot Menschen, wo ihre Gesundheit sich verschlechtert.<\/li>\n<li>Menschen Verwendung von Infrarot-W\u00e4rmesystem nicht das Gef\u00fchl, Schmerz, und wenn ja, wird die Verwendung kontraindiziert oder vor\u00fcbergehend ungeeignet.<\/li>\n<li>Versuchen Sie nicht, eine Krankheit mit Hilfe von Infrarot-W\u00e4rmesystem pers\u00f6nlich zu behandeln, ohne Aufsicht und Rat von Ihrem Arzt.<\/li>\n<\/ul>\n<p style=\"text-align: justify;\">Weitere Informationen finden Sie auch auf der <a href=\"http:\/\/www.maseri.cz\/katalog\/maseri\/jihomoravsky\/znojmo\/id=44018&amp;m=sport-fyzio-fit.html\" target=\"_blank\">Website<\/a> gefunden werden<\/p>\n<p><\/p>","protected":false},"excerpt":{"rendered":"<p>Infra sauna Infrarot-Sauna funktioniert durch Infrarotstrahlen. Langwellige Infrarot-Strahlung dringt direkt in K\u00f6rpergewebe. Erh\u00e4lt bis zu einer Tiefe von mehr als 4 cm. Alles geschieht ganz nat\u00fcrlich &#8211; die Muskeln entspannen und ruhig, wird der K\u00f6rper nicht belastet. Herstellung der Schwei\u00df infrasaun\u00e1ch dreimal h\u00f6her &#8211; bei Umgebungstemperatur war etwa 45-60 \u00b0 C Saunen erw\u00e4rmen den K\u00f6rper [&hellip;]<\/p>\n","protected":false},"author":2,"featured_media":0,"parent":0,"menu_order":0,"comment_status":"closed","ping_status":"closed","template":"","meta":[],"yoast_head":"<!-- This site is optimized with the Yoast SEO plugin v19.11 - https:\/\/yoast.com\/wordpress\/plugins\/seo\/ -->\n<title>Infra sauna &ndash; sportfyziofit.cz<\/title>\n<meta name=\"description\" content=\"Infra sauna - produkov\u00e1n\u00ed potu v infrasaun\u00e1ch je a\u017e t\u0159ikr\u00e1t vy\u0161\u0161\u00ed, svaly se uvol\u0148uj\u00ed a zklid\u0148uj\u00ed, t\u011blo nen\u00ed zat\u011b\u017eov\u00e1no, zvy\u0161uje se rozp\u00ednavost tk\u00e1n\u011b.\" \/>\n<meta name=\"robots\" content=\"index, follow, max-snippet:-1, max-image-preview:large, max-video-preview:-1\" \/>\n<link rel=\"canonical\" href=\"http:\/\/sportfyziofit.cz\/de\/infra-sauna\/\" \/>\n<meta property=\"og:locale\" content=\"de_DE\" \/>\n<meta property=\"og:type\" content=\"article\" \/>\n<meta property=\"og:title\" content=\"[:cs]Infra Sauna[:en]Infrasauna[:de]Infra sauna[:] &ndash; sportfyziofit.cz\" \/>\n<meta property=\"og:description\" content=\"Infra sauna - produkov\u00e1n\u00ed potu v infrasaun\u00e1ch je a\u017e t\u0159ikr\u00e1t vy\u0161\u0161\u00ed, svaly se uvol\u0148uj\u00ed a zklid\u0148uj\u00ed, t\u011blo nen\u00ed zat\u011b\u017eov\u00e1no, zvy\u0161uje se rozp\u00ednavost tk\u00e1n\u011b.\" \/>\n<meta property=\"og:url\" content=\"http:\/\/sportfyziofit.cz\/de\/infra-sauna\/\" \/>\n<meta property=\"og:site_name\" content=\"sportfyziofit.cz\" \/>\n<meta property=\"article:publisher\" content=\"https:\/\/www.facebook.com\/sportfyziofit\" \/>\n<meta property=\"article:modified_time\" content=\"2015-12-09T10:45:28+00:00\" \/>\n<meta property=\"og:image\" content=\"http:\/\/sportfyziofit.cz\/wp-content\/uploads\/2015\/11\/saunicka-e1448357197988.png\" \/>\n<meta name=\"twitter:card\" content=\"summary_large_image\" \/>\n<meta name=\"twitter:site\" content=\"@SportFyzioFit\" \/>\n<meta name=\"twitter:label1\" content=\"Gesch\u00e4tzte Lesezeit\" \/>\n\t<meta name=\"twitter:data1\" content=\"7\u00a0Minuten\" \/>\n<script type=\"application\/ld+json\" class=\"yoast-schema-graph\">{\"@context\":\"https:\/\/schema.org\",\"@graph\":[{\"@type\":\"WebPage\",\"@id\":\"http:\/\/sportfyziofit.cz\/de\/infra-sauna\/\",\"url\":\"http:\/\/sportfyziofit.cz\/de\/infra-sauna\/\",\"name\":\"[:cs]Infra Sauna[:en]Infrasauna[:de]Infra sauna[:] &ndash; sportfyziofit.cz\",\"isPartOf\":{\"@id\":\"https:\/\/sportfyziofit.cz\/cs\/#website\"},\"datePublished\":\"2015-12-02T08:59:20+00:00\",\"dateModified\":\"2015-12-09T10:45:28+00:00\",\"description\":\"Infra sauna - produkov\u00e1n\u00ed potu v infrasaun\u00e1ch je a\u017e t\u0159ikr\u00e1t vy\u0161\u0161\u00ed, svaly se uvol\u0148uj\u00ed a zklid\u0148uj\u00ed, t\u011blo nen\u00ed zat\u011b\u017eov\u00e1no, zvy\u0161uje se rozp\u00ednavost tk\u00e1n\u011b.\",\"breadcrumb\":{\"@id\":\"http:\/\/sportfyziofit.cz\/de\/infra-sauna\/#breadcrumb\"},\"inLanguage\":\"de\",\"potentialAction\":[{\"@type\":\"ReadAction\",\"target\":[\"http:\/\/sportfyziofit.cz\/de\/infra-sauna\/\"]}]},{\"@type\":\"BreadcrumbList\",\"@id\":\"http:\/\/sportfyziofit.cz\/de\/infra-sauna\/#breadcrumb\",\"itemListElement\":[{\"@type\":\"ListItem\",\"position\":1,\"name\":\"Home\",\"item\":\"https:\/\/sportfyziofit.cz\/cs\/\"},{\"@type\":\"ListItem\",\"position\":2,\"name\":\"Infra sauna\"}]},{\"@type\":\"WebSite\",\"@id\":\"https:\/\/sportfyziofit.cz\/cs\/#website\",\"url\":\"https:\/\/sportfyziofit.cz\/cs\/\",\"name\":\"sportfyziofit.cz\",\"description\":\"... Willkommen auf der Webseite mit Schwerpunkt auf Sport-Massage, Reflexzonenmassage , Entspannungsmassage, Massage-und Muskel-Skelett-Trauma-Beratung ...\",\"potentialAction\":[{\"@type\":\"SearchAction\",\"target\":{\"@type\":\"EntryPoint\",\"urlTemplate\":\"https:\/\/sportfyziofit.cz\/cs\/?s={search_term_string}\"},\"query-input\":\"required name=search_term_string\"}],\"inLanguage\":\"de\"}]}<\/script>\n<!-- \/ Yoast SEO plugin. -->","yoast_head_json":{"title":"[:cs]Infra Sauna[:en]Infrasauna[:de]Infra sauna[:] &ndash; sportfyziofit.cz","description":"Infra sauna - produkov\u00e1n\u00ed potu v infrasaun\u00e1ch je a\u017e t\u0159ikr\u00e1t vy\u0161\u0161\u00ed, svaly se uvol\u0148uj\u00ed a zklid\u0148uj\u00ed, t\u011blo nen\u00ed zat\u011b\u017eov\u00e1no, zvy\u0161uje se rozp\u00ednavost tk\u00e1n\u011b.","robots":{"index":"index","follow":"follow","max-snippet":"max-snippet:-1","max-image-preview":"max-image-preview:large","max-video-preview":"max-video-preview:-1"},"canonical":"http:\/\/sportfyziofit.cz\/de\/infra-sauna\/","og_locale":"de_DE","og_type":"article","og_title":"[:cs]Infra Sauna[:en]Infrasauna[:de]Infra sauna[:] &ndash; sportfyziofit.cz","og_description":"Infra sauna - produkov\u00e1n\u00ed potu v infrasaun\u00e1ch je a\u017e t\u0159ikr\u00e1t vy\u0161\u0161\u00ed, svaly se uvol\u0148uj\u00ed a zklid\u0148uj\u00ed, t\u011blo nen\u00ed zat\u011b\u017eov\u00e1no, zvy\u0161uje se rozp\u00ednavost tk\u00e1n\u011b.","og_url":"http:\/\/sportfyziofit.cz\/de\/infra-sauna\/","og_site_name":"sportfyziofit.cz","article_publisher":"https:\/\/www.facebook.com\/sportfyziofit","article_modified_time":"2015-12-09T10:45:28+00:00","og_image":[{"url":"http:\/\/sportfyziofit.cz\/wp-content\/uploads\/2015\/11\/saunicka-e1448357197988.png"}],"twitter_card":"summary_large_image","twitter_site":"@SportFyzioFit","twitter_misc":{"Gesch\u00e4tzte Lesezeit":"7\u00a0Minuten"},"schema":{"@context":"https:\/\/schema.org","@graph":[{"@type":"WebPage","@id":"http:\/\/sportfyziofit.cz\/de\/infra-sauna\/","url":"http:\/\/sportfyziofit.cz\/de\/infra-sauna\/","name":"[:cs]Infra Sauna[:en]Infrasauna[:de]Infra sauna[:] &ndash; sportfyziofit.cz","isPartOf":{"@id":"https:\/\/sportfyziofit.cz\/cs\/#website"},"datePublished":"2015-12-02T08:59:20+00:00","dateModified":"2015-12-09T10:45:28+00:00","description":"Infra sauna - produkov\u00e1n\u00ed potu v infrasaun\u00e1ch je a\u017e t\u0159ikr\u00e1t vy\u0161\u0161\u00ed, svaly se uvol\u0148uj\u00ed a zklid\u0148uj\u00ed, t\u011blo nen\u00ed zat\u011b\u017eov\u00e1no, zvy\u0161uje se rozp\u00ednavost tk\u00e1n\u011b.","breadcrumb":{"@id":"http:\/\/sportfyziofit.cz\/de\/infra-sauna\/#breadcrumb"},"inLanguage":"de","potentialAction":[{"@type":"ReadAction","target":["http:\/\/sportfyziofit.cz\/de\/infra-sauna\/"]}]},{"@type":"BreadcrumbList","@id":"http:\/\/sportfyziofit.cz\/de\/infra-sauna\/#breadcrumb","itemListElement":[{"@type":"ListItem","position":1,"name":"Home","item":"https:\/\/sportfyziofit.cz\/cs\/"},{"@type":"ListItem","position":2,"name":"Infra sauna"}]},{"@type":"WebSite","@id":"https:\/\/sportfyziofit.cz\/cs\/#website","url":"https:\/\/sportfyziofit.cz\/cs\/","name":"sportfyziofit.cz","description":"... Willkommen auf der Webseite mit Schwerpunkt auf Sport-Massage, Reflexzonenmassage , Entspannungsmassage, Massage-und Muskel-Skelett-Trauma-Beratung ...","potentialAction":[{"@type":"SearchAction","target":{"@type":"EntryPoint","urlTemplate":"https:\/\/sportfyziofit.cz\/cs\/?s={search_term_string}"},"query-input":"required name=search_term_string"}],"inLanguage":"de"}]}},"_links":{"self":[{"href":"https:\/\/sportfyziofit.cz\/de\/wp-json\/wp\/v2\/pages\/320"}],"collection":[{"href":"https:\/\/sportfyziofit.cz\/de\/wp-json\/wp\/v2\/pages"}],"about":[{"href":"https:\/\/sportfyziofit.cz\/de\/wp-json\/wp\/v2\/types\/page"}],"author":[{"embeddable":true,"href":"https:\/\/sportfyziofit.cz\/de\/wp-json\/wp\/v2\/users\/2"}],"replies":[{"embeddable":true,"href":"https:\/\/sportfyziofit.cz\/de\/wp-json\/wp\/v2\/comments?post=320"}],"version-history":[{"count":4,"href":"https:\/\/sportfyziofit.cz\/de\/wp-json\/wp\/v2\/pages\/320\/revisions"}],"predecessor-version":[{"id":562,"href":"https:\/\/sportfyziofit.cz\/de\/wp-json\/wp\/v2\/pages\/320\/revisions\/562"}],"wp:attachment":[{"href":"https:\/\/sportfyziofit.cz\/de\/wp-json\/wp\/v2\/media?parent=320"}],"curies":[{"name":"wp","href":"https:\/\/api.w.org\/{rel}","templated":true}]}}