{"id":337,"date":"2015-12-02T09:36:37","date_gmt":"2015-12-02T09:36:37","guid":{"rendered":"http:\/\/sportfyziofit.cz\/?page_id=337"},"modified":"2015-12-09T10:42:58","modified_gmt":"2015-12-09T10:42:58","slug":"mobilizace-patere-zeber","status":"publish","type":"page","link":"https:\/\/sportfyziofit.cz\/de\/mobilizace-patere-zeber\/","title":{"rendered":"Mobilisierung der Wirbels\u00e4ule"},"content":{"rendered":"<p><div id=\"attachment_342\" style=\"width: 614px\" class=\"wp-caption aligncenter\"><a href=\"http:\/\/sportfyziofit.cz\/wp-content\/uploads\/2015\/12\/spine2.png\"><img aria-describedby=\"caption-attachment-342\" decoding=\"async\" loading=\"lazy\" class=\"wp-image-342 size-full\" src=\"http:\/\/sportfyziofit.cz\/wp-content\/uploads\/2015\/12\/spine2.png\" alt=\"Mobilisierung der Wirbels\u00e4ule\" width=\"604\" height=\"244\" srcset=\"https:\/\/sportfyziofit.cz\/wp-content\/uploads\/2015\/12\/spine2.png 604w, https:\/\/sportfyziofit.cz\/wp-content\/uploads\/2015\/12\/spine2-300x121.png 300w\" sizes=\"(max-width: 604px) 100vw, 604px\" \/><\/a><p id=\"caption-attachment-342\" class=\"wp-caption-text\">Mobilisierung der Wirbels\u00e4ule<\/p><\/div><\/p>\n<h2 style=\"text-align: justify;\">Mobilisierung der Wirbels\u00e4ule<\/h2>\n<p style=\"text-align: justify;\">Mobilisierung der Wirbels\u00e4ule und Rippen zu tun nach der f\u00fcr begrenzte Beweglichkeit der Gelenke und der Wirbels\u00e4ule Bewegungssegment angezeigt. In den meisten F\u00e4llen werden sie mobilisiert Gelenke mit eingeschr\u00e4nkter Mobilit\u00e4t, das hei\u00dft. Die funktionale Blockade.<\/p>\n<p style=\"text-align: justify;\">Mobilisation eliminiert l\u00e4ngeren Schmerzen in der Brust, Kopfschmerzen, Nacken, R\u00fccken, oberen Gliedma\u00dfen, Kopfschmerzen, Atembeschwerden, Schwindel, Benommenheit, Nausea (\u00dcbelkeit), Par\u00e4sthesien, Tachykardie, Angstst\u00f6rung (Angst), Angst vor dem Tod, usw.<\/p>\n<p style=\"text-align: justify;\">Die Kombination von Techniken und zarte Weichteilmobilisation ist in der Regel viel bessere Ergebnisse erzielt als mit Schlagtechniken. Crash-Techniken werden jetzt von vielen Therapeuten und Praxis der Handhabung eine schnelle Absorption empfohlen wurde verzichtet. Sollte vor allem nicht schaden, um den Patienten.<\/p>\n<p style=\"text-align: justify;\">Mobilisierung der Wirbels\u00e4ule und Rippen werden verwendet, um gewaltfreie Verbindungsbl\u00f6cke auf der Basis der genauen Diagnose und Lokalisierung Problem zu beseitigen. Es ist eine sanfte Bewegung und leitete das Bewegungssegment, die die Beweglichkeit der Gelenke wieder her. Diese gemeinsamen Bl\u00f6cke st\u00f6ren Funktion der Wirbels\u00e4ule und andere Gelenke sind oft die Quelle von Schmerzzust\u00e4nden.<\/p>\n<ul style=\"text-align: justify;\">\n<li>In der Halswirbels\u00e4ule sind Gelenkblockade oft mit Kopfschmerzen, Schwindel, \u00dcbelkeit, kann Projektion von Schmerzen und Kribbeln in den Armen und der oberen Extremit\u00e4ten.<\/li>\n<li>In der Brustwirbels\u00e4ule und Rippen kann ein Schmerz in der Brust zu sein, in den Schaufeln, Atembeschwerden mit Angst verbunden.<\/li>\n<li>In der Lendenwirbels\u00e4ule infolge von Verstopfungen Schmerzen im unteren R\u00fcckenbereich lokalisiert, k\u00f6nnen jedoch auch auf das Ges\u00e4\u00df, Beinen, gew\u00f6hnlich Taubheit oder Schwierigkeiten bei Bewegungen abzustrahlen.<\/li>\n<\/ul>\n<p style=\"text-align: justify;\">Mobilisation der Wirbels\u00e4ule, periphere Gelenke und Gelenk Rippen allm\u00e4hlich zeigen die richtige Position durch spontane (im Gegensatz zu Manipulation, bei denen schwere einzelnes Ereignis und wird nun von ihm wegen der Gefahr der Dehnung oder Rei\u00dfen der B\u00e4nder und andere schwere Sch\u00e4den verzichtet) .<\/p>\n<p style=\"text-align: justify;\">Mobilisation eliminiert l\u00e4ngeren Schmerzen in der Brust, Kopfschmerzen, Nacken, R\u00fccken, oberen Gliedma\u00dfen, Kopfschmerzen, Atembeschwerden, Schwindel, Benommenheit, Nausea (\u00dcbelkeit), Par\u00e4sthesien, Tachykardie, Angstst\u00f6rung (Angst), Angst vor dem Tod, usw.<\/p>\n<p style=\"text-align: justify;\">Heute mehr und mehr Menschen klagen \u00fcber R\u00fcckenschmerzen und Gewicht tragenden Gelenke. Eine der Hauptursachen f\u00fcr Schmerzen ist unsere Art zu leben, die zu einer Erkrankung namens f\u00fchrt ver\u00e4ndert. Akinetic Krankheit. Dieses System Symptome, die aus dem Mangel an Bewegung entstehen und die von der gesamten Muskelschw\u00e4chung wider. Akinetischen Krankheit wird durch Einschr\u00e4nkung der k\u00f6rperlichen Aktivit\u00e4t, die zu einer Verminderung der muskul\u00e4ren Funktion des Systems, die dann Einfluss auf die gesamten Stoffwechsels f\u00fchrt unzureichend charakterisiert. Chudost Bewegung bewirkt eine ungleichm\u00e4\u00dfige Belastung der Gelenk- und Muskelsystem. Geringe k\u00f6rperliche Aktivit\u00e4t und k\u00f6rperliche Verarmung kommt in das zentrale Nervensystem (Gehirn) Mangel an Informationen, die zusammen mit anderen Faktoren in der Bildung von falschen Stereotypen und Muskel-Ungleichgewichte beteiligt.<\/p>\n<p style=\"text-align: justify;\">Weitere Informationen finden Sie auch auf der <a href=\"http:\/\/www.maseri.cz\/katalog\/maseri\/jihomoravsky\/znojmo\/id=44018&amp;m=sport-fyzio-fit.html\" target=\"_blank\">Website <\/a>gefunden werden<\/p>\n<p><\/p>","protected":false},"excerpt":{"rendered":"<p>Mobilisierung der Wirbels\u00e4ule Mobilisierung der Wirbels\u00e4ule und Rippen zu tun nach der f\u00fcr begrenzte Beweglichkeit der Gelenke und der Wirbels\u00e4ule Bewegungssegment angezeigt. In den meisten F\u00e4llen werden sie mobilisiert Gelenke mit eingeschr\u00e4nkter Mobilit\u00e4t, das hei\u00dft. Die funktionale Blockade. Mobilisation eliminiert l\u00e4ngeren Schmerzen in der Brust, Kopfschmerzen, Nacken, R\u00fccken, oberen Gliedma\u00dfen, Kopfschmerzen, Atembeschwerden, Schwindel, Benommenheit, Nausea [&hellip;]<\/p>\n","protected":false},"author":2,"featured_media":0,"parent":0,"menu_order":0,"comment_status":"closed","ping_status":"closed","template":"","meta":[],"yoast_head":"<!-- This site is optimized with the Yoast SEO plugin v19.11 - https:\/\/yoast.com\/wordpress\/plugins\/seo\/ -->\n<title>Mobilisierung der Wirbels\u00e4ule &ndash; sportfyziofit.cz<\/title>\n<meta name=\"description\" content=\"Mobilizace p\u00e1te\u0159e a \u017eeber je l\u00e9\u010dba indikov\u00e1na p\u0159i omezen\u00e9 pohyblivosti kloub\u016f nebo pohybov\u00e9ho segmentu p\u00e1te\u0159e. To v\u0161e u profesion\u00e1la ze \u0160atova\" \/>\n<meta name=\"robots\" content=\"index, follow, max-snippet:-1, max-image-preview:large, max-video-preview:-1\" \/>\n<link rel=\"canonical\" href=\"http:\/\/sportfyziofit.cz\/en\/mobilizace-patere-zeber\/\" \/>\n<meta property=\"og:locale\" content=\"de_DE\" \/>\n<meta property=\"og:type\" content=\"article\" \/>\n<meta property=\"og:title\" content=\"[:cs]Mobilizace p\u00e1te\u0159e[:en]Mobilization of spine[:de]Mobilisierung der Wirbels\u00e4ule[:] &ndash; sportfyziofit.cz\" \/>\n<meta property=\"og:description\" content=\"Mobilizace p\u00e1te\u0159e a \u017eeber je l\u00e9\u010dba indikov\u00e1na p\u0159i omezen\u00e9 pohyblivosti kloub\u016f nebo pohybov\u00e9ho segmentu p\u00e1te\u0159e. To v\u0161e u profesion\u00e1la ze \u0160atova\" \/>\n<meta property=\"og:url\" content=\"http:\/\/sportfyziofit.cz\/en\/mobilizace-patere-zeber\/\" \/>\n<meta property=\"og:site_name\" content=\"sportfyziofit.cz\" \/>\n<meta property=\"article:publisher\" content=\"https:\/\/www.facebook.com\/sportfyziofit\" \/>\n<meta property=\"article:modified_time\" content=\"2015-12-09T10:42:58+00:00\" \/>\n<meta property=\"og:image\" content=\"http:\/\/sportfyziofit.cz\/wp-content\/uploads\/2015\/12\/spine2.png\" \/>\n<meta name=\"twitter:card\" content=\"summary_large_image\" \/>\n<meta name=\"twitter:site\" content=\"@SportFyzioFit\" \/>\n<meta name=\"twitter:label1\" content=\"Gesch\u00e4tzte Lesezeit\" \/>\n\t<meta name=\"twitter:data1\" content=\"8\u00a0Minuten\" \/>\n<script type=\"application\/ld+json\" class=\"yoast-schema-graph\">{\"@context\":\"https:\/\/schema.org\",\"@graph\":[{\"@type\":\"WebPage\",\"@id\":\"http:\/\/sportfyziofit.cz\/en\/mobilizace-patere-zeber\/\",\"url\":\"http:\/\/sportfyziofit.cz\/en\/mobilizace-patere-zeber\/\",\"name\":\"[:cs]Mobilizace p\u00e1te\u0159e[:en]Mobilization of spine[:de]Mobilisierung der Wirbels\u00e4ule[:] &ndash; sportfyziofit.cz\",\"isPartOf\":{\"@id\":\"https:\/\/sportfyziofit.cz\/cs\/#website\"},\"datePublished\":\"2015-12-02T09:36:37+00:00\",\"dateModified\":\"2015-12-09T10:42:58+00:00\",\"description\":\"Mobilizace p\u00e1te\u0159e a \u017eeber je l\u00e9\u010dba indikov\u00e1na p\u0159i omezen\u00e9 pohyblivosti kloub\u016f nebo pohybov\u00e9ho segmentu p\u00e1te\u0159e. To v\u0161e u profesion\u00e1la ze \u0160atova\",\"breadcrumb\":{\"@id\":\"http:\/\/sportfyziofit.cz\/en\/mobilizace-patere-zeber\/#breadcrumb\"},\"inLanguage\":\"de\",\"potentialAction\":[{\"@type\":\"ReadAction\",\"target\":[\"http:\/\/sportfyziofit.cz\/en\/mobilizace-patere-zeber\/\"]}]},{\"@type\":\"BreadcrumbList\",\"@id\":\"http:\/\/sportfyziofit.cz\/en\/mobilizace-patere-zeber\/#breadcrumb\",\"itemListElement\":[{\"@type\":\"ListItem\",\"position\":1,\"name\":\"Home\",\"item\":\"https:\/\/sportfyziofit.cz\/cs\/\"},{\"@type\":\"ListItem\",\"position\":2,\"name\":\"Mobilization of spine\"}]},{\"@type\":\"WebSite\",\"@id\":\"https:\/\/sportfyziofit.cz\/cs\/#website\",\"url\":\"https:\/\/sportfyziofit.cz\/cs\/\",\"name\":\"sportfyziofit.cz\",\"description\":\"... Willkommen auf der Webseite mit Schwerpunkt auf Sport-Massage, Reflexzonenmassage , Entspannungsmassage, Massage-und Muskel-Skelett-Trauma-Beratung ...\",\"potentialAction\":[{\"@type\":\"SearchAction\",\"target\":{\"@type\":\"EntryPoint\",\"urlTemplate\":\"https:\/\/sportfyziofit.cz\/cs\/?s={search_term_string}\"},\"query-input\":\"required name=search_term_string\"}],\"inLanguage\":\"de\"}]}<\/script>\n<!-- \/ Yoast SEO plugin. -->","yoast_head_json":{"title":"[:cs]Mobilizace p\u00e1te\u0159e[:en]Mobilization of spine[:de]Mobilisierung der Wirbels\u00e4ule[:] &ndash; sportfyziofit.cz","description":"Mobilizace p\u00e1te\u0159e a \u017eeber je l\u00e9\u010dba indikov\u00e1na p\u0159i omezen\u00e9 pohyblivosti kloub\u016f nebo pohybov\u00e9ho segmentu p\u00e1te\u0159e. To v\u0161e u profesion\u00e1la ze \u0160atova","robots":{"index":"index","follow":"follow","max-snippet":"max-snippet:-1","max-image-preview":"max-image-preview:large","max-video-preview":"max-video-preview:-1"},"canonical":"http:\/\/sportfyziofit.cz\/en\/mobilizace-patere-zeber\/","og_locale":"de_DE","og_type":"article","og_title":"[:cs]Mobilizace p\u00e1te\u0159e[:en]Mobilization of spine[:de]Mobilisierung der Wirbels\u00e4ule[:] &ndash; sportfyziofit.cz","og_description":"Mobilizace p\u00e1te\u0159e a \u017eeber je l\u00e9\u010dba indikov\u00e1na p\u0159i omezen\u00e9 pohyblivosti kloub\u016f nebo pohybov\u00e9ho segmentu p\u00e1te\u0159e. To v\u0161e u profesion\u00e1la ze \u0160atova","og_url":"http:\/\/sportfyziofit.cz\/en\/mobilizace-patere-zeber\/","og_site_name":"sportfyziofit.cz","article_publisher":"https:\/\/www.facebook.com\/sportfyziofit","article_modified_time":"2015-12-09T10:42:58+00:00","og_image":[{"url":"http:\/\/sportfyziofit.cz\/wp-content\/uploads\/2015\/12\/spine2.png"}],"twitter_card":"summary_large_image","twitter_site":"@SportFyzioFit","twitter_misc":{"Gesch\u00e4tzte Lesezeit":"8\u00a0Minuten"},"schema":{"@context":"https:\/\/schema.org","@graph":[{"@type":"WebPage","@id":"http:\/\/sportfyziofit.cz\/en\/mobilizace-patere-zeber\/","url":"http:\/\/sportfyziofit.cz\/en\/mobilizace-patere-zeber\/","name":"[:cs]Mobilizace p\u00e1te\u0159e[:en]Mobilization of spine[:de]Mobilisierung der Wirbels\u00e4ule[:] &ndash; sportfyziofit.cz","isPartOf":{"@id":"https:\/\/sportfyziofit.cz\/cs\/#website"},"datePublished":"2015-12-02T09:36:37+00:00","dateModified":"2015-12-09T10:42:58+00:00","description":"Mobilizace p\u00e1te\u0159e a \u017eeber je l\u00e9\u010dba indikov\u00e1na p\u0159i omezen\u00e9 pohyblivosti kloub\u016f nebo pohybov\u00e9ho segmentu p\u00e1te\u0159e. To v\u0161e u profesion\u00e1la ze \u0160atova","breadcrumb":{"@id":"http:\/\/sportfyziofit.cz\/en\/mobilizace-patere-zeber\/#breadcrumb"},"inLanguage":"de","potentialAction":[{"@type":"ReadAction","target":["http:\/\/sportfyziofit.cz\/en\/mobilizace-patere-zeber\/"]}]},{"@type":"BreadcrumbList","@id":"http:\/\/sportfyziofit.cz\/en\/mobilizace-patere-zeber\/#breadcrumb","itemListElement":[{"@type":"ListItem","position":1,"name":"Home","item":"https:\/\/sportfyziofit.cz\/cs\/"},{"@type":"ListItem","position":2,"name":"Mobilization of spine"}]},{"@type":"WebSite","@id":"https:\/\/sportfyziofit.cz\/cs\/#website","url":"https:\/\/sportfyziofit.cz\/cs\/","name":"sportfyziofit.cz","description":"... Willkommen auf der Webseite mit Schwerpunkt auf Sport-Massage, Reflexzonenmassage , Entspannungsmassage, Massage-und Muskel-Skelett-Trauma-Beratung ...","potentialAction":[{"@type":"SearchAction","target":{"@type":"EntryPoint","urlTemplate":"https:\/\/sportfyziofit.cz\/cs\/?s={search_term_string}"},"query-input":"required name=search_term_string"}],"inLanguage":"de"}]}},"_links":{"self":[{"href":"https:\/\/sportfyziofit.cz\/de\/wp-json\/wp\/v2\/pages\/337"}],"collection":[{"href":"https:\/\/sportfyziofit.cz\/de\/wp-json\/wp\/v2\/pages"}],"about":[{"href":"https:\/\/sportfyziofit.cz\/de\/wp-json\/wp\/v2\/types\/page"}],"author":[{"embeddable":true,"href":"https:\/\/sportfyziofit.cz\/de\/wp-json\/wp\/v2\/users\/2"}],"replies":[{"embeddable":true,"href":"https:\/\/sportfyziofit.cz\/de\/wp-json\/wp\/v2\/comments?post=337"}],"version-history":[{"count":4,"href":"https:\/\/sportfyziofit.cz\/de\/wp-json\/wp\/v2\/pages\/337\/revisions"}],"predecessor-version":[{"id":551,"href":"https:\/\/sportfyziofit.cz\/de\/wp-json\/wp\/v2\/pages\/337\/revisions\/551"}],"wp:attachment":[{"href":"https:\/\/sportfyziofit.cz\/de\/wp-json\/wp\/v2\/media?parent=337"}],"curies":[{"name":"wp","href":"https:\/\/api.w.org\/{rel}","templated":true}]}}