{"id":349,"date":"2015-12-02T10:33:22","date_gmt":"2015-12-02T10:33:22","guid":{"rendered":"http:\/\/sportfyziofit.cz\/?page_id=349"},"modified":"2015-12-09T11:18:18","modified_gmt":"2015-12-09T11:18:18","slug":"darkovy-poukaz","status":"publish","type":"page","link":"https:\/\/sportfyziofit.cz\/de\/darkovy-poukaz\/","title":{"rendered":"Geschenkgutschein"},"content":{"rendered":"<p>Erfreuen Sie Ihre Liebsten und Freunde und geben Sie ihnen ein Geschenk als Geschenkgutschein f\u00fcr Massagen und andere Dienstleistungen.<br \/>\nGeschenk-Gutschein ist die perfekte Sache, wenn Sie Erleichterung, Entspannung zu geben, und zur Verbesserung der Gesundheit Ihrer Lieben m\u00f6chten, ob es ein Geburtstag, ein Jubil\u00e4um oder als Weihnachtsgeschenk Gutschein verwendet werden.<br \/>\nDer Wert des Gutscheins wird von Ihrem ausgew\u00e4hlten Dienste bestimmt werden. Die maximale G\u00fcltigkeitsdauer der Gutschein f\u00fcr 1 Jahr.<\/p>\n<ul>\n<li>Wir geben einen Geschenkgutschein f\u00fcr die angeforderte oder direkt in die Liste der Massage-Service f\u00fcr die erforderliche Anzahl von Personen Betrag<\/li>\n<li>Geschenk-Gutschein ist immer mit einem bestimmten Namen ausgesetzt (oder Namen)<\/li>\n<li>Der Ausdruck Massage ist nicht notwendig, im Voraus zu wissen, kann die Frist nach Erhalt der Beschenkte den Gutschein w\u00e4hlen<\/li>\n<li>Geschenkzertifikate werden nur nach Zahlung ausgestellt<\/li>\n<li>Alternativ k\u00f6nnen Sie den Gutschein und Nachnahme zu versenden<\/li>\n<\/ul>\n<p><a href=\"http:\/\/sportfyziofit.cz\/wp-content\/uploads\/2015\/12\/poukaz.png\"><img decoding=\"async\" loading=\"lazy\" class=\"size-full wp-image-353 alignleft\" src=\"http:\/\/sportfyziofit.cz\/wp-content\/uploads\/2015\/12\/poukaz.png\" alt=\"poukaz\" width=\"511\" height=\"722\" srcset=\"https:\/\/sportfyziofit.cz\/wp-content\/uploads\/2015\/12\/poukaz.png 511w, https:\/\/sportfyziofit.cz\/wp-content\/uploads\/2015\/12\/poukaz-212x300.png 212w\" sizes=\"(max-width: 511px) 100vw, 511px\" \/><\/a><\/p>\n<p>&nbsp;<\/p>\n<p>&nbsp;<\/p>\n<p>&nbsp;<\/p>\n<p>&nbsp;<\/p>\n<p>&nbsp;<\/p>\n<p>&nbsp;<\/p>\n<p>&nbsp;<\/p>\n<p>&nbsp;<\/p>\n<p>&nbsp;<\/p>\n<p>&nbsp;<\/p>\n<p>&nbsp;<\/p>\n<p>&nbsp;<\/p>\n<p>&nbsp;<\/p>\n<p>&nbsp;<\/p>\n<p>&nbsp;<\/p>\n<p>&nbsp;<\/p>\n<p>&nbsp;<\/p>\n<p>&nbsp;<\/p>\n<p>&nbsp;<\/p>\n<hr \/>\n<p>&nbsp;<\/p>\n<p>        <script type=\"text\/javascript\">\n         function cp_contactformtoemail_pform_doValidate_3(form)\n         {\n            document.cp_contactformtoemail_pform_3.cp_ref_page.value = document.location;\n            $dexQuery = jQuery.noConflict();            {\n                var cpefb_error = 0;\n                $dexQuery(\"#cp_contactformtoemail_pform_3\").find(\".cpefb_error\").each(function(index){\n                    if ($dexQuery(this).css(\"display\")!=\"none\")\n                        cpefb_error++;\n                    });\n                if (cpefb_error) return false;\n                if (document.cp_contactformtoemail_pform_3.cp_contactformtoemail_pform_status.value != '0')\n                           return false;\n                document.getElementById(\"refpage_3\").value = document.location;\n                cfte_blink(\".pbSubmit\");\n                document.cp_contactformtoemail_pform_3.cp_contactformtoemail_pform_status.value = '2';return true;            }\n         }\n         function cfte_blink(selector){\n                 try {\n                     $dexQuery = jQuery.noConflict();\n                     $dexQuery(selector).fadeOut(700, function(){\n                         $dexQuery(this).fadeIn(700, function(){\n                             try {\n                                 if (document.cp_contactformtoemail_pform_3.cp_contactformtoemail_pform_status.value != '0')\n                                     cfte_blink(this);\n                             } catch (e) {}\n                         });\n                     });\n                 } catch (e) {}\n         }\n         function cp_contactformtoemail_cerror_3(){$dexQuery = jQuery.noConflict();$dexQuery(\"#hdcaptcha_error_3\").css('top',$dexQuery(\"#hdcaptcha_cp_contactformtoemail_post_3\").outerHeight());$dexQuery(\"#hdcaptcha_error_3\").css(\"display\",\"inline\");}\n        <\/script>\n        <div id=\"cftedialog\" style=\"display:none;\"><\/div>\n        <form class=\"cpp_form\" name=\"cp_contactformtoemail_pform_3\" id=\"cp_contactformtoemail_pform_3\" action=\"\" method=\"post\" enctype=\"multipart\/form-data\" onsubmit=\"return cp_contactformtoemail_pform_doValidate_3(this);\"><input type=\"hidden\" name=\"cp_pform_psequence\" value=\"_3\" \/><input type=\"hidden\" name=\"cp_contactformtoemail_pform_process\" value=\"1\" \/><input type=\"hidden\" name=\"cp_contactformtoemail_id\" value=\"2\" \/><input type=\"hidden\" name=\"cp_ref_page\" value=\"\" \/><input type=\"hidden\" name=\"form_structure_3\" id=\"form_structure_3\" size=\"180\" value=\"[[{&quot;name&quot;:&quot;fieldname1&quot;,&quot;index&quot;:0,&quot;title&quot;:&quot;Jm\\u00e9no a p\\u0159\\u00edjmen\\u00ed kupuj\\u00edc\\u00edho&quot;,&quot;shortlabel&quot;:&quot;&quot;,&quot;ftype&quot;:&quot;ftext&quot;,&quot;userhelp&quot;:&quot;&quot;,&quot;userhelpTooltip&quot;:&quot;&quot;,&quot;csslayout&quot;:&quot;&quot;,&quot;predefined&quot;:&quot;&quot;,&quot;predefinedClick&quot;:false,&quot;required&quot;:true,&quot;size&quot;:&quot;medium&quot;,&quot;minlength&quot;:&quot;&quot;,&quot;maxlength&quot;:&quot;&quot;,&quot;equalTo&quot;:&quot;&quot;},{&quot;name&quot;:&quot;fieldname2&quot;,&quot;index&quot;:1,&quot;title&quot;:&quot;Adresa kupuj\\u00edc\\u00edho&quot;,&quot;shortlabel&quot;:&quot;&quot;,&quot;ftype&quot;:&quot;ftext&quot;,&quot;userhelp&quot;:&quot;&quot;,&quot;userhelpTooltip&quot;:&quot;&quot;,&quot;csslayout&quot;:&quot;&quot;,&quot;predefined&quot;:&quot;&quot;,&quot;predefinedClick&quot;:false,&quot;required&quot;:true,&quot;size&quot;:&quot;medium&quot;,&quot;minlength&quot;:&quot;&quot;,&quot;maxlength&quot;:&quot;&quot;,&quot;equalTo&quot;:&quot;&quot;},{&quot;name&quot;:&quot;email&quot;,&quot;index&quot;:2,&quot;title&quot;:&quot;Emailov\\u00e1 adresa kupuj\\u00edc\\u00edho&quot;,&quot;ftype&quot;:&quot;femail&quot;,&quot;userhelp&quot;:&quot;&quot;,&quot;csslayout&quot;:&quot;&quot;,&quot;required&quot;:true,&quot;predefined&quot;:&quot;@&quot;,&quot;size&quot;:&quot;medium&quot;,&quot;shortlabel&quot;:&quot;&quot;,&quot;userhelpTooltip&quot;:&quot;&quot;,&quot;predefinedClick&quot;:false,&quot;equalTo&quot;:&quot;&quot;},{&quot;name&quot;:&quot;fieldname4&quot;,&quot;index&quot;:3,&quot;title&quot;:&quot;Telefon kupuj\\u00edc\\u00edho&quot;,&quot;required&quot;:true,&quot;predefined&quot;:&quot;+420&quot;,&quot;shortlabel&quot;:&quot;&quot;,&quot;ftype&quot;:&quot;ftext&quot;,&quot;userhelp&quot;:&quot;&quot;,&quot;userhelpTooltip&quot;:&quot;&quot;,&quot;csslayout&quot;:&quot;&quot;,&quot;predefinedClick&quot;:false,&quot;size&quot;:&quot;medium&quot;,&quot;minlength&quot;:&quot;&quot;,&quot;maxlength&quot;:&quot;&quot;,&quot;equalTo&quot;:&quot;&quot;},{&quot;name&quot;:&quot;fieldname5&quot;,&quot;index&quot;:4,&quot;title&quot;:&quot;Jm\\u00e9no hosta pro kter\\u00e9ho je mas\\u00e1\\u017e ur\\u010dena&quot;,&quot;shortlabel&quot;:&quot;&quot;,&quot;ftype&quot;:&quot;ftext&quot;,&quot;userhelp&quot;:&quot;&quot;,&quot;userhelpTooltip&quot;:&quot;&quot;,&quot;csslayout&quot;:&quot;&quot;,&quot;predefined&quot;:&quot;&quot;,&quot;predefinedClick&quot;:false,&quot;required&quot;:false,&quot;size&quot;:&quot;medium&quot;,&quot;minlength&quot;:&quot;&quot;,&quot;maxlength&quot;:&quot;&quot;,&quot;equalTo&quot;:&quot;&quot;},{&quot;name&quot;:&quot;fieldname3&quot;,&quot;index&quot;:5,&quot;title&quot;:&quot;Dopl\\u0148uj\\u00edc\\u00ed \\u00fadaje&quot;,&quot;shortlabel&quot;:&quot;&quot;,&quot;ftype&quot;:&quot;ftextarea&quot;,&quot;userhelp&quot;:&quot;&quot;,&quot;userhelpTooltip&quot;:&quot;&quot;,&quot;csslayout&quot;:&quot;&quot;,&quot;predefined&quot;:&quot;&quot;,&quot;predefinedClick&quot;:false,&quot;required&quot;:false,&quot;size&quot;:&quot;medium&quot;,&quot;minlength&quot;:&quot;&quot;,&quot;maxlength&quot;:&quot;&quot;}],[{&quot;title&quot;:&quot;D\\u00e1rkov\\u00fd poukaz&quot;,&quot;description&quot;:&quot;&quot;,&quot;formlayout&quot;:&quot;top_aligned&quot;}]]\" \/><input type=\"hidden\" name=\"refpage_3\" id=\"refpage_3\" value=\"\"><input type=\"hidden\" name=\"cp_contactformtoemail_pform_status\" value=\"0\" \/><input name=\"anonce\" type=\"hidden\" value=\"3c081e0f28\"\/><input name=\"cftehp\" id=\"cftehp_3\" type=\"hidden\" value=\"1\"\/>\r\n<div id=\"fbuilder\">    \r\n    <div id=\"fbuilder_3\">\r\n        <div id=\"formheader_3\"><\/div>\r\n        <div id=\"fieldlist_3\"><\/div>\r\n    <\/div>\r\n<\/div>    \r\n<div style=\"display:none\">\r\n<input name=\"cftecontrolmessage\" type=\"text\" value=\"\"\/> \r\n<div id=\"cpcaptchalayer_3\" class=\"cpcaptchalayer\">\r\n<\/div>\r\n<\/div>\r\n<div id=\"cp_subbtn_3\" class=\"cp_subbtn\">Odeslat<\/div>\r\n<\/form>\r\n<script>\r\ntry{document.getElementById(\"cftehp_3\").value=\"25\";}catch(e){}\r\n<\/script>\r\n<script>\r\nsetInterval('cfte_3()',2000);\r\nfunction cfte_3() {\r\ndocument.cp_contactformtoemail_pform_3.onsubmit = function(){ return cp_contactformtoemail_pform_doValidate_3(this);};\r\n}\r\n<\/script>\r\n<\/p>","protected":false},"excerpt":{"rendered":"<p>Erfreuen Sie Ihre Liebsten und Freunde und geben Sie ihnen ein Geschenk als Geschenkgutschein f\u00fcr Massagen und andere Dienstleistungen. Geschenk-Gutschein ist die perfekte Sache, wenn Sie Erleichterung, Entspannung zu geben, und zur Verbesserung der Gesundheit Ihrer Lieben m\u00f6chten, ob es ein Geburtstag, ein Jubil\u00e4um oder als Weihnachtsgeschenk Gutschein verwendet werden. Der Wert des Gutscheins wird [&hellip;]<\/p>\n","protected":false},"author":2,"featured_media":0,"parent":0,"menu_order":0,"comment_status":"closed","ping_status":"closed","template":"","meta":[],"yoast_head":"<!-- This site is optimized with the Yoast SEO plugin v19.11 - https:\/\/yoast.com\/wordpress\/plugins\/seo\/ -->\n<title>Geschenkgutschein &ndash; sportfyziofit.cz<\/title>\n<meta name=\"description\" content=\"D\u00e1rkov\u00fd poukaz na mas\u00e1\u017ee ve sport fyzio fit v \u0160atov\u011b - Znojmo od profesion\u00e1ln\u00ed fyzioterapeutky.\" \/>\n<meta name=\"robots\" content=\"index, follow, max-snippet:-1, max-image-preview:large, max-video-preview:-1\" \/>\n<link rel=\"canonical\" href=\"http:\/\/sportfyziofit.cz\/en\/darkovy-poukaz\/\" \/>\n<meta property=\"og:locale\" content=\"de_DE\" \/>\n<meta property=\"og:type\" content=\"article\" \/>\n<meta property=\"og:title\" content=\"[:cs]D\u00e1rkov\u00fd poukaz na mas\u00e1\u017ee[:en]Gift Voucher[:de]Geschenkgutschein[:] &ndash; sportfyziofit.cz\" \/>\n<meta property=\"og:description\" content=\"D\u00e1rkov\u00fd poukaz na mas\u00e1\u017ee ve sport fyzio fit v \u0160atov\u011b - Znojmo od profesion\u00e1ln\u00ed fyzioterapeutky.\" \/>\n<meta property=\"og:url\" content=\"http:\/\/sportfyziofit.cz\/en\/darkovy-poukaz\/\" \/>\n<meta property=\"og:site_name\" content=\"sportfyziofit.cz\" \/>\n<meta property=\"article:publisher\" content=\"https:\/\/www.facebook.com\/sportfyziofit\" \/>\n<meta property=\"article:modified_time\" content=\"2015-12-09T11:18:18+00:00\" \/>\n<meta property=\"og:image\" content=\"http:\/\/sportfyziofit.cz\/wp-content\/uploads\/2015\/12\/poukaz.png\" \/>\n<meta name=\"twitter:card\" content=\"summary_large_image\" \/>\n<meta name=\"twitter:site\" content=\"@SportFyzioFit\" \/>\n<meta name=\"twitter:label1\" content=\"Gesch\u00e4tzte Lesezeit\" \/>\n\t<meta name=\"twitter:data1\" content=\"3\u00a0Minuten\" \/>\n<script type=\"application\/ld+json\" class=\"yoast-schema-graph\">{\"@context\":\"https:\/\/schema.org\",\"@graph\":[{\"@type\":\"WebPage\",\"@id\":\"http:\/\/sportfyziofit.cz\/en\/darkovy-poukaz\/\",\"url\":\"http:\/\/sportfyziofit.cz\/en\/darkovy-poukaz\/\",\"name\":\"[:cs]D\u00e1rkov\u00fd poukaz na mas\u00e1\u017ee[:en]Gift Voucher[:de]Geschenkgutschein[:] &ndash; sportfyziofit.cz\",\"isPartOf\":{\"@id\":\"https:\/\/sportfyziofit.cz\/cs\/#website\"},\"datePublished\":\"2015-12-02T10:33:22+00:00\",\"dateModified\":\"2015-12-09T11:18:18+00:00\",\"description\":\"D\u00e1rkov\u00fd poukaz na mas\u00e1\u017ee ve sport fyzio fit v \u0160atov\u011b - Znojmo od profesion\u00e1ln\u00ed fyzioterapeutky.\",\"breadcrumb\":{\"@id\":\"http:\/\/sportfyziofit.cz\/en\/darkovy-poukaz\/#breadcrumb\"},\"inLanguage\":\"de\",\"potentialAction\":[{\"@type\":\"ReadAction\",\"target\":[\"http:\/\/sportfyziofit.cz\/en\/darkovy-poukaz\/\"]}]},{\"@type\":\"BreadcrumbList\",\"@id\":\"http:\/\/sportfyziofit.cz\/en\/darkovy-poukaz\/#breadcrumb\",\"itemListElement\":[{\"@type\":\"ListItem\",\"position\":1,\"name\":\"Home\",\"item\":\"https:\/\/sportfyziofit.cz\/cs\/\"},{\"@type\":\"ListItem\",\"position\":2,\"name\":\"Gift Voucher\"}]},{\"@type\":\"WebSite\",\"@id\":\"https:\/\/sportfyziofit.cz\/cs\/#website\",\"url\":\"https:\/\/sportfyziofit.cz\/cs\/\",\"name\":\"sportfyziofit.cz\",\"description\":\"... Willkommen auf der Webseite mit Schwerpunkt auf Sport-Massage, Reflexzonenmassage , Entspannungsmassage, Massage-und Muskel-Skelett-Trauma-Beratung ...\",\"potentialAction\":[{\"@type\":\"SearchAction\",\"target\":{\"@type\":\"EntryPoint\",\"urlTemplate\":\"https:\/\/sportfyziofit.cz\/cs\/?s={search_term_string}\"},\"query-input\":\"required name=search_term_string\"}],\"inLanguage\":\"de\"}]}<\/script>\n<!-- \/ Yoast SEO plugin. -->","yoast_head_json":{"title":"[:cs]D\u00e1rkov\u00fd poukaz na mas\u00e1\u017ee[:en]Gift Voucher[:de]Geschenkgutschein[:] &ndash; sportfyziofit.cz","description":"D\u00e1rkov\u00fd poukaz na mas\u00e1\u017ee ve sport fyzio fit v \u0160atov\u011b - Znojmo od profesion\u00e1ln\u00ed fyzioterapeutky.","robots":{"index":"index","follow":"follow","max-snippet":"max-snippet:-1","max-image-preview":"max-image-preview:large","max-video-preview":"max-video-preview:-1"},"canonical":"http:\/\/sportfyziofit.cz\/en\/darkovy-poukaz\/","og_locale":"de_DE","og_type":"article","og_title":"[:cs]D\u00e1rkov\u00fd poukaz na mas\u00e1\u017ee[:en]Gift Voucher[:de]Geschenkgutschein[:] &ndash; sportfyziofit.cz","og_description":"D\u00e1rkov\u00fd poukaz na mas\u00e1\u017ee ve sport fyzio fit v \u0160atov\u011b - Znojmo od profesion\u00e1ln\u00ed fyzioterapeutky.","og_url":"http:\/\/sportfyziofit.cz\/en\/darkovy-poukaz\/","og_site_name":"sportfyziofit.cz","article_publisher":"https:\/\/www.facebook.com\/sportfyziofit","article_modified_time":"2015-12-09T11:18:18+00:00","og_image":[{"url":"http:\/\/sportfyziofit.cz\/wp-content\/uploads\/2015\/12\/poukaz.png"}],"twitter_card":"summary_large_image","twitter_site":"@SportFyzioFit","twitter_misc":{"Gesch\u00e4tzte Lesezeit":"3\u00a0Minuten"},"schema":{"@context":"https:\/\/schema.org","@graph":[{"@type":"WebPage","@id":"http:\/\/sportfyziofit.cz\/en\/darkovy-poukaz\/","url":"http:\/\/sportfyziofit.cz\/en\/darkovy-poukaz\/","name":"[:cs]D\u00e1rkov\u00fd poukaz na mas\u00e1\u017ee[:en]Gift Voucher[:de]Geschenkgutschein[:] &ndash; sportfyziofit.cz","isPartOf":{"@id":"https:\/\/sportfyziofit.cz\/cs\/#website"},"datePublished":"2015-12-02T10:33:22+00:00","dateModified":"2015-12-09T11:18:18+00:00","description":"D\u00e1rkov\u00fd poukaz na mas\u00e1\u017ee ve sport fyzio fit v \u0160atov\u011b - Znojmo od profesion\u00e1ln\u00ed fyzioterapeutky.","breadcrumb":{"@id":"http:\/\/sportfyziofit.cz\/en\/darkovy-poukaz\/#breadcrumb"},"inLanguage":"de","potentialAction":[{"@type":"ReadAction","target":["http:\/\/sportfyziofit.cz\/en\/darkovy-poukaz\/"]}]},{"@type":"BreadcrumbList","@id":"http:\/\/sportfyziofit.cz\/en\/darkovy-poukaz\/#breadcrumb","itemListElement":[{"@type":"ListItem","position":1,"name":"Home","item":"https:\/\/sportfyziofit.cz\/cs\/"},{"@type":"ListItem","position":2,"name":"Gift Voucher"}]},{"@type":"WebSite","@id":"https:\/\/sportfyziofit.cz\/cs\/#website","url":"https:\/\/sportfyziofit.cz\/cs\/","name":"sportfyziofit.cz","description":"... Willkommen auf der Webseite mit Schwerpunkt auf Sport-Massage, Reflexzonenmassage , Entspannungsmassage, Massage-und Muskel-Skelett-Trauma-Beratung ...","potentialAction":[{"@type":"SearchAction","target":{"@type":"EntryPoint","urlTemplate":"https:\/\/sportfyziofit.cz\/cs\/?s={search_term_string}"},"query-input":"required name=search_term_string"}],"inLanguage":"de"}]}},"_links":{"self":[{"href":"https:\/\/sportfyziofit.cz\/de\/wp-json\/wp\/v2\/pages\/349"}],"collection":[{"href":"https:\/\/sportfyziofit.cz\/de\/wp-json\/wp\/v2\/pages"}],"about":[{"href":"https:\/\/sportfyziofit.cz\/de\/wp-json\/wp\/v2\/types\/page"}],"author":[{"embeddable":true,"href":"https:\/\/sportfyziofit.cz\/de\/wp-json\/wp\/v2\/users\/2"}],"replies":[{"embeddable":true,"href":"https:\/\/sportfyziofit.cz\/de\/wp-json\/wp\/v2\/comments?post=349"}],"version-history":[{"count":2,"href":"https:\/\/sportfyziofit.cz\/de\/wp-json\/wp\/v2\/pages\/349\/revisions"}],"predecessor-version":[{"id":586,"href":"https:\/\/sportfyziofit.cz\/de\/wp-json\/wp\/v2\/pages\/349\/revisions\/586"}],"wp:attachment":[{"href":"https:\/\/sportfyziofit.cz\/de\/wp-json\/wp\/v2\/media?parent=349"}],"curies":[{"name":"wp","href":"https:\/\/api.w.org\/{rel}","templated":true}]}}