{"id":472,"date":"2015-12-07T11:21:54","date_gmt":"2015-12-07T11:21:54","guid":{"rendered":"http:\/\/sportfyziofit.cz\/?page_id=472"},"modified":"2015-12-09T10:44:52","modified_gmt":"2015-12-09T10:44:52","slug":"elektroterapie","status":"publish","type":"page","link":"https:\/\/sportfyziofit.cz\/de\/elektroterapie\/","title":{"rendered":"Elektrotherapie"},"content":{"rendered":"<p><div id=\"attachment_476\" style=\"width: 619px\" class=\"wp-caption aligncenter\"><a href=\"http:\/\/sportfyziofit.cz\/wp-content\/uploads\/2015\/12\/elektro3.png\"><img aria-describedby=\"caption-attachment-476\" decoding=\"async\" loading=\"lazy\" class=\"wp-image-476 size-full\" src=\"http:\/\/sportfyziofit.cz\/wp-content\/uploads\/2015\/12\/elektro3.png\" alt=\"Elektrotherapie\" width=\"609\" height=\"243\" srcset=\"https:\/\/sportfyziofit.cz\/wp-content\/uploads\/2015\/12\/elektro3.png 609w, https:\/\/sportfyziofit.cz\/wp-content\/uploads\/2015\/12\/elektro3-300x120.png 300w\" sizes=\"(max-width: 609px) 100vw, 609px\" \/><\/a><p id=\"caption-attachment-476\" class=\"wp-caption-text\">Elektrotherapie<\/p><\/div><\/p>\n<h2 style=\"text-align: justify;\">Elektrotherapie<\/h2>\n<p style=\"text-align: justify;\">Elektrotherapie ist eine beliebte Therapie, die verschiedene Arten von elektrischen Str\u00f6men, die die Durchblutung zu f\u00f6rdern verwendet, zu lindern Muskelverspannungen, oder im Gegenteil, zu st\u00e4rken. Wirkt gegen Schmerzen und Entz\u00fcndungen. Typ Elektrobehandlung nach der herrschenden Art der Erkrankung ausgew\u00e4hlt. Es ist m\u00f6glich, Erkrankungen des Bewegungsapparates, Kreislaufst\u00f6rungen, entz\u00fcndlichen und degenerativen Erkrankungen, postoperativen Zust\u00e4nden, Hautprobleme wie behandeln.<br \/>\nElektrotherapie ist seit der Antike verwendet. Roman \u00c4rzten behandelt Gicht sch\u00fcrt ein Live Zitteraal auf der betroffenen Extremit\u00e4t. Derzeit, Elektrotherapie weit verbreitet Rehabilitationsmethode, die praktiziert wird und in einem Bereich der Rehabilitation und Wellness-Einrichtungen angeboten. Es bietet eine breite Palette von Behandlungsmethoden, mit verschiedenen Formen der elektrischen Strom &#8211; Gleichstrom, Wechselstrom niedriger oder mittlerer Frequenz oder Hochfrequenz-Stromimpulse mit unterschiedlich geformten. Generell ist die elektro handeln insbesondere gegen Schmerz (analgetische Wirkung hat), erh\u00f6hte Muskelspannung (muskelentspannende Wirkung), steigert die Durchblutung und Gewebestoffwechsels, hat eine positive Wirkung auf die Verringerung der \u00d6deme. Elektrotherapie ist daher n\u00fctzlich bei Erkrankungen des Bewegungsapparates, vor allem bei chronischen und degenerativen Erkrankungen, postoperativen, traumatische Zust\u00e4nde, chronische gyn\u00e4kologische und urologische Entz\u00fcndungen, bei Erkrankungen des Verdauungs-und Atemwege, Hauterkrankungen und andere.<\/p>\n<h3 style=\"text-align: justify;\">Arten von Elektrotherapie<\/h3>\n<h4 style=\"text-align: justify;\">TENS (transkutane Nervenstimulation)<\/h4>\n<p style=\"text-align: justify;\">Dieses Verfahren basiert auf der Beobachtung, dass die Beibehaltung sch\u00e4dlichen Empfindungen und die Wahrnehmung von Schmerz gelindert, die Stimulation von Nervenfasern auf den verschiedenen Ebenen des Nervensystems unterdr\u00fcckt werden kann. Diese Methoden beeinflussen Schmerzen und entspannen Muskelkr\u00e4mpfe und Steifigkeit. W\u00e4hrend des eigentlichen elektrischen Stimulation tritt im Hirngewebe Endorphine (Opiat Schmerzen Feucht) absondern. Es wird verwendet, um eine Vielzahl von schmerzhaften Erkrankungen zu behandeln, wie Schmerzen in der Wirbels\u00e4ule, Gelenke und Sehnen, Kopfschmerzen, posttraumatischen Schmerzen, Bewegungsapparat, Phantomschmerzen (Schmerzen nach der Amputation), und andere.<\/p>\n<h4 style=\"text-align: justify;\">Iontophorese<\/h4>\n<p style=\"text-align: justify;\">Iontophorese ist ein Verfahren zur Elektrotherapie, die elektrolytische Wirkung des galvanischen Stroms in die Oberfl\u00e4chenschichten der Haut oder Schleimh\u00e4ute des Arzneimittels mit anderen Elektro erm\u00f6glicht. Sie wirken dann direkt vor Ort nach ihren spezifischen Wirkungen. Somit ist die Einarbeitung in den betroffenen Gebieten, zB Calcium, Kalium, Procain mesocain, Hyaluronidase, Histamin, Salicylate und andere Stoffe, die angewendet werden, zB seine An\u00e4sthetikum, anti-inflammatorische oder eine andere Art der Aktion. Es wird z.B. in allergischen Manifestationen (lokalisierte Urtikaria), zur Behandlung von Hautnarben, darunter Keloide (erhabene Narbe), chronische degenerative Gelenkprozesse, Neuralgien und Wurzelschmerzen, Muskelschmerzen, Lymph\u00f6dem und anderen.<\/p>\n<h4 style=\"text-align: justify;\">Galvanisierung<\/h4>\n<p style=\"text-align: justify;\">Die Galvanotechnik ist Elektrotherapie und die therapeutische Verwendung von Gleichstrom, zum Beispiel. Galvanischer Strom mit konstanter Intensit\u00e4t. In Geweben Austausch von Kationen und Anionen zwischen den Elektroden, die Auslaugung von Ionen aus den Zellen und erh\u00f6hen den lokalen Stoffwechsels in der Haut, Unterhaut und andere Gewebe, Stauung des Bereichs mit einer Erh\u00f6hung der Kapillarpermeabilit\u00e4t, mobilisieren \u00d6dem, Verstauchungen und entz\u00fcndlichen Exsudat mit Beschleunigung ihrer Absorption, Auslaugen Verbrennungsprodukte des Stoffwechsels, anregend normalen Regulationsmechanismen und Reparatur, zu unterdr\u00fccken Schmerzen, reduzieren Muskelverspannungen. Diese Anwendung dauert etwa 20 Minuten jeden zweiten Tag Behandlung ist 6x-10x. Anwendung kann der Patient Kribbeln, Kribbeln und leichte W\u00e4rme sp\u00fcren.<br \/>\nBei der Behandlung von diesen Bedingungen am h\u00e4ufigsten verwendeten: traumatischen Zust\u00e4nden der lokalen Gewebe Schock, Entz\u00fcndung des Bindegewebes Erkrankungen des Bewegungsapparates, Entz\u00fcndungen der Sehnen, Sehnenans\u00e4tze (entesopathy), Sehnenscheiden, Faszien, Gelenkkapseln, Neuralgie (einschlie\u00dflich Neuralgie nach Herpes zoster) , Neuritis (Entz\u00fcndung Nerv), Myalgie (Muskelschmerzen), Wurzelsyndrome, Durchblutungsst\u00f6rungen (Raynaud-Syndrom, Akrozyanose), Arthritis, Sudeck-Syndrom und andere.<\/p>\n<h4 style=\"text-align: justify;\">Diadynamik<\/h4>\n<p style=\"text-align: justify;\">Sie haben analgetische Wirkungen, wenn dieses Verfahren angewendet, um das elektrische Niederfrequenzstrom durch die Elektroden auf die betroffene Stelle befestigt zu lenken. Zwischen der Elektrode und dem K\u00f6rper des Patienten ist ein Kontaktwerkstoff durchstr\u00f6mten erfolgt. Die Intensit\u00e4t wird entsprechend subjektive Vertr\u00e4glichkeit des Patienten ausgew\u00e4hlt. Diese Behandlung erh\u00f6ht die Blutzirkulation im betroffenen Bereich, entspannt die Muskeln, ist in einer Reihe von Schmerzzust\u00e4nden eingesetzt. Die wichtigsten Indikationen sind die traumatischen Zust\u00e4nden (Bluterg\u00fcsse und Muskelzerrung, Dislokation von Gelenken, etc.), Muskel-Skelett-Erkrankungen (R\u00fcckenschmerzen, zervikokranialen und Zervikobrachialsyndrom, Arthritis), Neuralgien, Nervenentz\u00fcndungen, Durchblutungsst\u00f6rungen (Raynaud-Syndrom, Krampfadern, Venenentz\u00fcndungen, Frostbeulen , peripheren arteriellen Verschlusskrankheit). Die h\u00e4ufigste Anwendung Zeit an einem Ort ist ca. 3-5 min. Gesamtanwendungszeit jedoch 12 Minuten nicht \u00fcberschreiten. Generell ist das Verfahren noch akuter, je k\u00fcrzer die aktuelle Anwendung. Dauer steigt abh\u00e4ngig von dem Bereich Sie versuchen, den Prozess und in der Tiefe im Gewebe zu beeinflussen. Akute Bedingungen gilt meist 1x t\u00e4glichen Erhaltungstherapie w\u00e4hrend 1 Woche. Insgesamt 5-10 Anwendungen.<\/p>\n<h4 style=\"text-align: justify;\">St\u00f6rstr\u00f6me<\/h4>\n<p style=\"text-align: justify;\">Elektrotherapie als ein Verfahren, das die Anwendung von Strom \u00fcber Elektroden. Behandlung basiert auf der Interferenz zweier st\u0159edn\u011bfrekven\u010dn\u00edch Str\u00f6me innerhalb des Gewebes beruht. Um den Effekt wird so verwendet, zu erh\u00f6hen. Vakuumelektroden ist Anlegezeit dann k\u00fcrzer ist, wird die Intensit\u00e4t des Stroms wird nach subjektive Vertr\u00e4glichkeit des Patienten ausgew\u00e4hlt. Die Behandlung wirkt sich auf die Durchblutung des betroffenen Gebietes, verbessert die Ern\u00e4hrung Feld bewirkt, dass die Muskeln zu entspannen und lindert Schmerzen. Es wirkt direkt auf die Muskeln, Nerven und beeinflusst den Stoffwechsel von Zellen. Interfere\u010dn\u00ed Jets sind h\u00e4ufiger bei chronischen Prozessen aufgebracht, w\u00e4hrend Diadynamik bei akuten Erkrankungen. Die Indikationen sind vor allem chronische entz\u00fcndliche und degenerative Erkrankungen des Bewegungsapparates, Erkrankungen der Muskeln, Sehnen und Schleimbeutel, Knochenbr\u00fcchen und anderen Knochenerkrankungen, Prellungen, Verstauchungen, Gelenkschmerzen, Arthritis, Spondylose, Morbus Bechterew, R\u00fcckenschmerzen, Neuralgie, Neuritis, Gef\u00e4\u00dferkrankungen, gyn\u00e4kologischen Entz\u00fcndungen, Verwachsungen, Asthma und andere. Anwendung dauert h\u00f6chstens 15 Minuten, bei akuter Reizbedingungen und die Anwendungszeit ist bei chronischen Krankheiten und bei Patienten, weniger empfindlich auf aktuelle Anwendung verl\u00e4ngert k\u00fcrzer. Im allgemeinen wird die Einsatzdauer im Bereich von 3-20 Minuten. Die Anzahl der Behandlungen ist in der Regel 9 bis 12 w\u00e4hrend 3 Wochen.<\/p>\n<h4 style=\"text-align: justify;\">Tr\u00e4bert Str\u00f6me<\/h4>\n<p style=\"text-align: justify;\">Niederfrequenzimpulsstr\u00f6men mit einem ausgepr\u00e4gte analgetische Wirkung, sind in \u00e4hnlicher Weise auf das obige Verfahren besonders nach Traumata verwendet, Schmerzen der Wirbels\u00e4ule, sind n\u00fctzlich bei degenerativen Erkrankungen der kleinen und gro\u00dfen Gelenken, chronische entz\u00fcndliche rheumatische Erkrankungen der Gelenke, zur Linderung von Nerven und Muskelschmerzen.<\/p>\n<h4 style=\"text-align: justify;\">Elektrostimulation (impulzoterapie)<\/h4>\n<p style=\"text-align: justify;\">Dieses Verfahren nutzt die reizenden Wirkungen von niederfrequenten Str\u00f6me. Die Indikation f\u00fcr die Anwendung ist es, Muskelschw\u00e4che von Inaktivit\u00e4t (Frakturen, postoperative Zust\u00e4nde), die Stimulation der Muskeln der Beine und Bauch f\u00fcr bettl\u00e4gerige Patienten zu verhindern.<\/p>\n<p style=\"text-align: justify;\">Weitere Informationen finden Sie auch auf der <a href=\"http:\/\/www.maseri.cz\/katalog\/maseri\/jihomoravsky\/znojmo\/id=44018&amp;m=sport-fyzio-fit.html\" target=\"_blank\">Website<\/a> gefunden werden<\/p>\n<p><\/p>","protected":false},"excerpt":{"rendered":"<p>Elektrotherapie Elektrotherapie ist eine beliebte Therapie, die verschiedene Arten von elektrischen Str\u00f6men, die die Durchblutung zu f\u00f6rdern verwendet, zu lindern Muskelverspannungen, oder im Gegenteil, zu st\u00e4rken. Wirkt gegen Schmerzen und Entz\u00fcndungen. Typ Elektrobehandlung nach der herrschenden Art der Erkrankung ausgew\u00e4hlt. Es ist m\u00f6glich, Erkrankungen des Bewegungsapparates, Kreislaufst\u00f6rungen, entz\u00fcndlichen und degenerativen Erkrankungen, postoperativen Zust\u00e4nden, Hautprobleme wie [&hellip;]<\/p>\n","protected":false},"author":2,"featured_media":0,"parent":0,"menu_order":0,"comment_status":"closed","ping_status":"closed","template":"","meta":[],"yoast_head":"<!-- This site is optimized with the Yoast SEO plugin v19.11 - https:\/\/yoast.com\/wordpress\/plugins\/seo\/ -->\n<title>Elektrotherapie &ndash; sportfyziofit.cz<\/title>\n<meta name=\"description\" content=\"Elektroterapie je obl\u00edben\u00e1 terapie, jen\u017e vyu\u017e\u00edv\u00e1 r\u016fzn\u00e9 druhy elektrick\u00fdch proud\u016f, kter\u00e9 zlep\u0161uj\u00ed prokrven\u00ed tk\u00e1n\u00ed, uvol\u0148uj\u00ed nap\u011bt\u00ed sval\u016f nebo je posiluj\u00ed\" \/>\n<meta name=\"robots\" content=\"index, follow, max-snippet:-1, max-image-preview:large, max-video-preview:-1\" \/>\n<link rel=\"canonical\" href=\"http:\/\/sportfyziofit.cz\/en\/elektroterapie\/\" \/>\n<meta property=\"og:locale\" content=\"de_DE\" \/>\n<meta property=\"og:type\" content=\"article\" \/>\n<meta property=\"og:title\" content=\"[:cs]Elektroterapie[:en]Electrotherapy[:de]Elektrotherapie[:] &ndash; sportfyziofit.cz\" \/>\n<meta property=\"og:description\" content=\"Elektroterapie je obl\u00edben\u00e1 terapie, jen\u017e vyu\u017e\u00edv\u00e1 r\u016fzn\u00e9 druhy elektrick\u00fdch proud\u016f, kter\u00e9 zlep\u0161uj\u00ed prokrven\u00ed tk\u00e1n\u00ed, uvol\u0148uj\u00ed nap\u011bt\u00ed sval\u016f nebo je posiluj\u00ed\" \/>\n<meta property=\"og:url\" content=\"http:\/\/sportfyziofit.cz\/en\/elektroterapie\/\" \/>\n<meta property=\"og:site_name\" content=\"sportfyziofit.cz\" \/>\n<meta property=\"article:publisher\" content=\"https:\/\/www.facebook.com\/sportfyziofit\" \/>\n<meta property=\"article:modified_time\" content=\"2015-12-09T10:44:52+00:00\" \/>\n<meta property=\"og:image\" content=\"http:\/\/sportfyziofit.cz\/wp-content\/uploads\/2015\/12\/elektro3.png\" \/>\n<meta name=\"twitter:card\" content=\"summary_large_image\" \/>\n<meta name=\"twitter:site\" content=\"@SportFyzioFit\" \/>\n<meta name=\"twitter:label1\" content=\"Gesch\u00e4tzte Lesezeit\" \/>\n\t<meta name=\"twitter:data1\" content=\"17\u00a0Minuten\" \/>\n<script type=\"application\/ld+json\" class=\"yoast-schema-graph\">{\"@context\":\"https:\/\/schema.org\",\"@graph\":[{\"@type\":\"WebPage\",\"@id\":\"http:\/\/sportfyziofit.cz\/en\/elektroterapie\/\",\"url\":\"http:\/\/sportfyziofit.cz\/en\/elektroterapie\/\",\"name\":\"[:cs]Elektroterapie[:en]Electrotherapy[:de]Elektrotherapie[:] &ndash; sportfyziofit.cz\",\"isPartOf\":{\"@id\":\"http:\/\/sportfyziofit.cz\/cs\/#website\"},\"datePublished\":\"2015-12-07T11:21:54+00:00\",\"dateModified\":\"2015-12-09T10:44:52+00:00\",\"description\":\"Elektroterapie je obl\u00edben\u00e1 terapie, jen\u017e vyu\u017e\u00edv\u00e1 r\u016fzn\u00e9 druhy elektrick\u00fdch proud\u016f, kter\u00e9 zlep\u0161uj\u00ed prokrven\u00ed tk\u00e1n\u00ed, uvol\u0148uj\u00ed nap\u011bt\u00ed sval\u016f nebo je posiluj\u00ed\",\"breadcrumb\":{\"@id\":\"http:\/\/sportfyziofit.cz\/en\/elektroterapie\/#breadcrumb\"},\"inLanguage\":\"de\",\"potentialAction\":[{\"@type\":\"ReadAction\",\"target\":[\"http:\/\/sportfyziofit.cz\/en\/elektroterapie\/\"]}]},{\"@type\":\"BreadcrumbList\",\"@id\":\"http:\/\/sportfyziofit.cz\/en\/elektroterapie\/#breadcrumb\",\"itemListElement\":[{\"@type\":\"ListItem\",\"position\":1,\"name\":\"Home\",\"item\":\"http:\/\/sportfyziofit.cz\/cs\/\"},{\"@type\":\"ListItem\",\"position\":2,\"name\":\"Electrotherapy\"}]},{\"@type\":\"WebSite\",\"@id\":\"http:\/\/sportfyziofit.cz\/cs\/#website\",\"url\":\"http:\/\/sportfyziofit.cz\/cs\/\",\"name\":\"sportfyziofit.cz\",\"description\":\"... Willkommen auf der Webseite mit Schwerpunkt auf Sport-Massage, Reflexzonenmassage , Entspannungsmassage, Massage-und Muskel-Skelett-Trauma-Beratung ...\",\"potentialAction\":[{\"@type\":\"SearchAction\",\"target\":{\"@type\":\"EntryPoint\",\"urlTemplate\":\"http:\/\/sportfyziofit.cz\/cs\/?s={search_term_string}\"},\"query-input\":\"required name=search_term_string\"}],\"inLanguage\":\"de\"}]}<\/script>\n<!-- \/ Yoast SEO plugin. -->","yoast_head_json":{"title":"[:cs]Elektroterapie[:en]Electrotherapy[:de]Elektrotherapie[:] &ndash; sportfyziofit.cz","description":"Elektroterapie je obl\u00edben\u00e1 terapie, jen\u017e vyu\u017e\u00edv\u00e1 r\u016fzn\u00e9 druhy elektrick\u00fdch proud\u016f, kter\u00e9 zlep\u0161uj\u00ed prokrven\u00ed tk\u00e1n\u00ed, uvol\u0148uj\u00ed nap\u011bt\u00ed sval\u016f nebo je posiluj\u00ed","robots":{"index":"index","follow":"follow","max-snippet":"max-snippet:-1","max-image-preview":"max-image-preview:large","max-video-preview":"max-video-preview:-1"},"canonical":"http:\/\/sportfyziofit.cz\/en\/elektroterapie\/","og_locale":"de_DE","og_type":"article","og_title":"[:cs]Elektroterapie[:en]Electrotherapy[:de]Elektrotherapie[:] &ndash; sportfyziofit.cz","og_description":"Elektroterapie je obl\u00edben\u00e1 terapie, jen\u017e vyu\u017e\u00edv\u00e1 r\u016fzn\u00e9 druhy elektrick\u00fdch proud\u016f, kter\u00e9 zlep\u0161uj\u00ed prokrven\u00ed tk\u00e1n\u00ed, uvol\u0148uj\u00ed nap\u011bt\u00ed sval\u016f nebo je posiluj\u00ed","og_url":"http:\/\/sportfyziofit.cz\/en\/elektroterapie\/","og_site_name":"sportfyziofit.cz","article_publisher":"https:\/\/www.facebook.com\/sportfyziofit","article_modified_time":"2015-12-09T10:44:52+00:00","og_image":[{"url":"http:\/\/sportfyziofit.cz\/wp-content\/uploads\/2015\/12\/elektro3.png"}],"twitter_card":"summary_large_image","twitter_site":"@SportFyzioFit","twitter_misc":{"Gesch\u00e4tzte Lesezeit":"17\u00a0Minuten"},"schema":{"@context":"https:\/\/schema.org","@graph":[{"@type":"WebPage","@id":"http:\/\/sportfyziofit.cz\/en\/elektroterapie\/","url":"http:\/\/sportfyziofit.cz\/en\/elektroterapie\/","name":"[:cs]Elektroterapie[:en]Electrotherapy[:de]Elektrotherapie[:] &ndash; sportfyziofit.cz","isPartOf":{"@id":"http:\/\/sportfyziofit.cz\/cs\/#website"},"datePublished":"2015-12-07T11:21:54+00:00","dateModified":"2015-12-09T10:44:52+00:00","description":"Elektroterapie je obl\u00edben\u00e1 terapie, jen\u017e vyu\u017e\u00edv\u00e1 r\u016fzn\u00e9 druhy elektrick\u00fdch proud\u016f, kter\u00e9 zlep\u0161uj\u00ed prokrven\u00ed tk\u00e1n\u00ed, uvol\u0148uj\u00ed nap\u011bt\u00ed sval\u016f nebo je posiluj\u00ed","breadcrumb":{"@id":"http:\/\/sportfyziofit.cz\/en\/elektroterapie\/#breadcrumb"},"inLanguage":"de","potentialAction":[{"@type":"ReadAction","target":["http:\/\/sportfyziofit.cz\/en\/elektroterapie\/"]}]},{"@type":"BreadcrumbList","@id":"http:\/\/sportfyziofit.cz\/en\/elektroterapie\/#breadcrumb","itemListElement":[{"@type":"ListItem","position":1,"name":"Home","item":"http:\/\/sportfyziofit.cz\/cs\/"},{"@type":"ListItem","position":2,"name":"Electrotherapy"}]},{"@type":"WebSite","@id":"http:\/\/sportfyziofit.cz\/cs\/#website","url":"http:\/\/sportfyziofit.cz\/cs\/","name":"sportfyziofit.cz","description":"... Willkommen auf der Webseite mit Schwerpunkt auf Sport-Massage, Reflexzonenmassage , Entspannungsmassage, Massage-und Muskel-Skelett-Trauma-Beratung ...","potentialAction":[{"@type":"SearchAction","target":{"@type":"EntryPoint","urlTemplate":"http:\/\/sportfyziofit.cz\/cs\/?s={search_term_string}"},"query-input":"required name=search_term_string"}],"inLanguage":"de"}]}},"_links":{"self":[{"href":"https:\/\/sportfyziofit.cz\/de\/wp-json\/wp\/v2\/pages\/472"}],"collection":[{"href":"https:\/\/sportfyziofit.cz\/de\/wp-json\/wp\/v2\/pages"}],"about":[{"href":"https:\/\/sportfyziofit.cz\/de\/wp-json\/wp\/v2\/types\/page"}],"author":[{"embeddable":true,"href":"https:\/\/sportfyziofit.cz\/de\/wp-json\/wp\/v2\/users\/2"}],"replies":[{"embeddable":true,"href":"https:\/\/sportfyziofit.cz\/de\/wp-json\/wp\/v2\/comments?post=472"}],"version-history":[{"count":4,"href":"https:\/\/sportfyziofit.cz\/de\/wp-json\/wp\/v2\/pages\/472\/revisions"}],"predecessor-version":[{"id":559,"href":"https:\/\/sportfyziofit.cz\/de\/wp-json\/wp\/v2\/pages\/472\/revisions\/559"}],"wp:attachment":[{"href":"https:\/\/sportfyziofit.cz\/de\/wp-json\/wp\/v2\/media?parent=472"}],"curies":[{"name":"wp","href":"https:\/\/api.w.org\/{rel}","templated":true}]}}