{"id":80,"date":"2015-11-16T10:05:33","date_gmt":"2015-11-16T10:05:33","guid":{"rendered":"http:\/\/sportfyziofit.cz\/?page_id=80"},"modified":"2016-01-10T15:25:23","modified_gmt":"2016-01-10T15:25:23","slug":"certifikaty","status":"publish","type":"page","link":"https:\/\/sportfyziofit.cz\/de\/certifikaty\/","title":{"rendered":"Zertifikate"},"content":{"rendered":"<p><div id=\"attachment_32\" style=\"width: 490px\" class=\"wp-caption aligncenter\"><a href=\"http:\/\/sportfyziofit.cz\/wp-content\/uploads\/2015\/11\/fyzio_1-e1448358464813.jpg\"><img aria-describedby=\"caption-attachment-32\" decoding=\"async\" loading=\"lazy\" class=\"wp-image-32 size-full\" src=\"http:\/\/sportfyziofit.cz\/wp-content\/uploads\/2015\/11\/fyzio_1-e1448358464813.jpg\" alt=\"Zertifizierte Physiotherapie\" width=\"480\" height=\"337\" \/><\/a><p id=\"caption-attachment-32\" class=\"wp-caption-text\">Zertifizierte Physiotherapie<\/p><\/div><\/p>\n<p style=\"text-align: justify;\">Physiotherapie &#8211; eine Studie in der Slowakischen Republik zwischen 2001 und 2004, nach diesem Zeitraum habe ich Berufserfahrung auf dem Gebiet der Physiotherapie in allen Abteilungen des Kreiskrankenhauses in Trnava in der Kinderheilanstalt, Physiotherapie Krankenhaus in Galanta Grafschaft-Abteilung der Physiotherapie gewonnen, , Orthop\u00e4die und Prothetik. W\u00e4hrend dieser Zeit entwickelte ich eine tiefe Expertise in passive und aktive \u00dcbungen, manuelle Techniken und weiche Techniken, Grundlagen der Kinesiologie, Biomechanik, Physiologie und Regenerationsprozesse. An jedem Krankenhausabteilungen haben andere Rehabilitationspl\u00e4ne und -verfahren Vorschau auf die Individualit\u00e4t des Patienten und seine aktuellen Bed\u00fcrfnisse verwendet.<\/p>\n<hr \/>\n<div id=\"attachment_131\" style=\"width: 293px\" class=\"wp-caption aligncenter\"><a href=\"http:\/\/sportfyziofit.cz\/wp-content\/uploads\/2015\/11\/care_0.jpg\"><img aria-describedby=\"caption-attachment-131\" decoding=\"async\" loading=\"lazy\" class=\"wp-image-131 size-full\" src=\"http:\/\/sportfyziofit.cz\/wp-content\/uploads\/2015\/11\/care_0.jpg\" alt=\"Erste-Hilfe-Spezialisten-Zertifikat\" width=\"283\" height=\"400\" srcset=\"https:\/\/sportfyziofit.cz\/wp-content\/uploads\/2015\/11\/care_0.jpg 283w, https:\/\/sportfyziofit.cz\/wp-content\/uploads\/2015\/11\/care_0-212x300.jpg 212w\" sizes=\"(max-width: 283px) 100vw, 283px\" \/><\/a><p id=\"caption-attachment-131\" class=\"wp-caption-text\">Erste-Hilfe-Spezialisten-Zertifikat<\/p><\/div>\n<p style=\"orphans: auto; text-align: justify; widows: 1; -webkit-text-stroke-width: 0px; word-spacing: 0px;\">RFU &#8211; eine gewaltige Erste-Hilfe-Zertifikat, das von Spezialisten aus dem Royal College of Edinburgh. Die Trainer waren sehr von professionellen \u00c4rzten f\u00fcr die schnelle Soforthilfe f\u00fcr Patienten, die an erster Stelle bewertet, und sie oft auf das \u00dcberleben der Patienten \/ Sportler. F\u00fcr meine Erfahrung in der Sportrehabilitation, war es ein gro\u00dfer Vorteil, und jede Menge Informationen, wie Sie einen verwundeten Mann, Profi oder Freizeitsportler, die Szene des Unfalls oder der Krankenstation behandeln. In diesen beiden F\u00e4llen wird ein anderer Ansatz immer den Zustand des Probanden anpasst.<\/p>\n<hr \/>\n<div id=\"attachment_132\" style=\"width: 293px\" class=\"wp-caption aligncenter\"><a href=\"http:\/\/sportfyziofit.cz\/wp-content\/uploads\/2015\/11\/university-1-e1447674566994.jpg\"><img aria-describedby=\"caption-attachment-132\" decoding=\"async\" loading=\"lazy\" class=\"wp-image-132 size-full\" src=\"http:\/\/sportfyziofit.cz\/wp-content\/uploads\/2015\/11\/university-1-e1447674566994.jpg\" alt=\"Bachelor of Science - Sport Rehabilitation\" width=\"283\" height=\"389\" \/><\/a><p id=\"caption-attachment-132\" class=\"wp-caption-text\">Bachelor of Science &#8211; Sport Rehabilitation<\/p><\/div>\n<p>Sportrehabilitation &#8211; im Jahr 2015, wurde ich den Titel des BC im Sport Rehabilitation an der Universit\u00e4t von Bolton (Manchester) ausgezeichnet. Der Titel beinhaltet umfangreiche Kenntnisse in der menschlichen Anatomie, Physiologie, Biomechanik, therapeutischen Modalit\u00e4ten, Neurologie und Therapie der Wirbels\u00e4ule. Die Studios waren st\u00e4ndig der klinischen Praxis in der Klinik von Sportverletzungen und Verletzungen der Wirbels\u00e4ule, Praktika in Sportvereine, wie Fu\u00dfballspieler, Rugby-Clubs, Sportvereine, und viele andere. Professionelle Athleten nahmen ebenfalls an unserer Universit\u00e4t an Laboratorien zur Untersuchung und Pr\u00fcfung ihrer k\u00f6rperlichen F\u00e4higkeiten. University of Bolton ist f\u00fcr die Durchf\u00fchrung der klinischen Praxis Center mit modernsten Pr\u00fcfeinrichtungen auf dem Gebiet der Sportrehabilitation ausgestattet Zentrum.<\/p>\n<p>Dieser Kurs wird von der British Association of Sport-Reha Mitarbeiter und professionellen Trainern (Basra), was bedeutet, dass diejenigen, die odpromuj\u00ed sind automatisch qualifiziert, um seine Erfahrungen als Profi in Sportrehabilitation durchf\u00fchren akkreditiert.<\/p>\n<p>Es gibt Kurse in Verbindung mit Top-Fu\u00dfball und Rugby Clubs in England, zum Beispiel. Leeds Rhinos RLFC, Wigan Krieger RLFC, Bolton Wanderers FC, FC Bury, Wigan Athletic FC, Stoke City FC, Oldham Athletic FC und andere Clubs quer durch Nordengland sowie musculoskelet\u00e1ln\u00edmi Orthop\u00e4die und Physiotherapie Kliniken, wo die Studenten interagieren mit den besten orthop\u00e4dischen Chirurgen in England.<\/p>\n<hr \/>\n<p><div id=\"attachment_314\" style=\"width: 293px\" class=\"wp-caption aligncenter\"><a href=\"http:\/\/sportfyziofit.cz\/wp-content\/uploads\/2015\/11\/first_aid.jpg\"><img aria-describedby=\"caption-attachment-314\" decoding=\"async\" loading=\"lazy\" class=\"wp-image-314 size-full\" src=\"http:\/\/sportfyziofit.cz\/wp-content\/uploads\/2015\/11\/first_aid.jpg\" alt=\"Erste Hilfe bei Verletzungen Athleten\" width=\"283\" height=\"400\" srcset=\"https:\/\/sportfyziofit.cz\/wp-content\/uploads\/2015\/11\/first_aid.jpg 283w, https:\/\/sportfyziofit.cz\/wp-content\/uploads\/2015\/11\/first_aid-212x300.jpg 212w\" sizes=\"(max-width: 283px) 100vw, 283px\" \/><\/a><p id=\"caption-attachment-314\" class=\"wp-caption-text\">Erste Hilfe bei Verletzungen Athleten<\/p><\/div><\/p>","protected":false},"excerpt":{"rendered":"<p>Physiotherapie &#8211; eine Studie in der Slowakischen Republik zwischen 2001 und 2004, nach diesem Zeitraum habe ich Berufserfahrung auf dem Gebiet der Physiotherapie in allen Abteilungen des Kreiskrankenhauses in Trnava in der Kinderheilanstalt, Physiotherapie Krankenhaus in Galanta Grafschaft-Abteilung der Physiotherapie gewonnen, , Orthop\u00e4die und Prothetik. W\u00e4hrend dieser Zeit entwickelte ich eine tiefe Expertise in passive [&hellip;]<\/p>\n","protected":false},"author":2,"featured_media":0,"parent":0,"menu_order":0,"comment_status":"closed","ping_status":"closed","template":"","meta":[],"yoast_head":"<!-- This site is optimized with the Yoast SEO plugin v19.11 - https:\/\/yoast.com\/wordpress\/plugins\/seo\/ -->\n<title>Zertifikate &ndash; sportfyziofit.cz<\/title>\n<meta name=\"description\" content=\"Certifik\u00e1ty z sportovn\u00ed rehabilitace, prvn\u00ed pomoci, diplomovan\u00e9ho fyzioterapeuta, bakal\u00e1\u0159 z anglick\u00e9 univerzity Bolton Manchester.\" \/>\n<meta name=\"robots\" content=\"index, follow, max-snippet:-1, max-image-preview:large, max-video-preview:-1\" \/>\n<link rel=\"canonical\" href=\"http:\/\/sportfyziofit.cz\/de\/certifikaty\/\" \/>\n<meta property=\"og:locale\" content=\"de_DE\" \/>\n<meta property=\"og:type\" content=\"article\" \/>\n<meta property=\"og:title\" content=\"[:cs]Certifik\u00e1ty[:en]Certificates[:de]Zertifikate[:] &ndash; sportfyziofit.cz\" \/>\n<meta property=\"og:description\" content=\"Certifik\u00e1ty z sportovn\u00ed rehabilitace, prvn\u00ed pomoci, diplomovan\u00e9ho fyzioterapeuta, bakal\u00e1\u0159 z anglick\u00e9 univerzity Bolton Manchester.\" \/>\n<meta property=\"og:url\" content=\"http:\/\/sportfyziofit.cz\/de\/certifikaty\/\" \/>\n<meta property=\"og:site_name\" content=\"sportfyziofit.cz\" \/>\n<meta property=\"article:publisher\" content=\"https:\/\/www.facebook.com\/sportfyziofit\" \/>\n<meta property=\"article:modified_time\" content=\"2016-01-10T15:25:23+00:00\" \/>\n<meta property=\"og:image\" content=\"http:\/\/sportfyziofit.cz\/wp-content\/uploads\/2015\/11\/fyzio_1-e1448358464813.jpg\" \/>\n<meta name=\"twitter:card\" content=\"summary_large_image\" \/>\n<meta name=\"twitter:site\" content=\"@SportFyzioFit\" \/>\n<meta name=\"twitter:label1\" content=\"Gesch\u00e4tzte Lesezeit\" \/>\n\t<meta name=\"twitter:data1\" content=\"7\u00a0Minuten\" \/>\n<script type=\"application\/ld+json\" class=\"yoast-schema-graph\">{\"@context\":\"https:\/\/schema.org\",\"@graph\":[{\"@type\":\"WebPage\",\"@id\":\"http:\/\/sportfyziofit.cz\/de\/certifikaty\/\",\"url\":\"http:\/\/sportfyziofit.cz\/de\/certifikaty\/\",\"name\":\"[:cs]Certifik\u00e1ty[:en]Certificates[:de]Zertifikate[:] &ndash; sportfyziofit.cz\",\"isPartOf\":{\"@id\":\"https:\/\/sportfyziofit.cz\/cs\/#website\"},\"datePublished\":\"2015-11-16T10:05:33+00:00\",\"dateModified\":\"2016-01-10T15:25:23+00:00\",\"description\":\"Certifik\u00e1ty z sportovn\u00ed rehabilitace, prvn\u00ed pomoci, diplomovan\u00e9ho fyzioterapeuta, bakal\u00e1\u0159 z anglick\u00e9 univerzity Bolton Manchester.\",\"breadcrumb\":{\"@id\":\"http:\/\/sportfyziofit.cz\/de\/certifikaty\/#breadcrumb\"},\"inLanguage\":\"de\",\"potentialAction\":[{\"@type\":\"ReadAction\",\"target\":[\"http:\/\/sportfyziofit.cz\/de\/certifikaty\/\"]}]},{\"@type\":\"BreadcrumbList\",\"@id\":\"http:\/\/sportfyziofit.cz\/de\/certifikaty\/#breadcrumb\",\"itemListElement\":[{\"@type\":\"ListItem\",\"position\":1,\"name\":\"Home\",\"item\":\"https:\/\/sportfyziofit.cz\/cs\/\"},{\"@type\":\"ListItem\",\"position\":2,\"name\":\"Zertifikate\"}]},{\"@type\":\"WebSite\",\"@id\":\"https:\/\/sportfyziofit.cz\/cs\/#website\",\"url\":\"https:\/\/sportfyziofit.cz\/cs\/\",\"name\":\"sportfyziofit.cz\",\"description\":\"... Willkommen auf der Webseite mit Schwerpunkt auf Sport-Massage, Reflexzonenmassage , Entspannungsmassage, Massage-und Muskel-Skelett-Trauma-Beratung ...\",\"potentialAction\":[{\"@type\":\"SearchAction\",\"target\":{\"@type\":\"EntryPoint\",\"urlTemplate\":\"https:\/\/sportfyziofit.cz\/cs\/?s={search_term_string}\"},\"query-input\":\"required name=search_term_string\"}],\"inLanguage\":\"de\"}]}<\/script>\n<!-- \/ Yoast SEO plugin. -->","yoast_head_json":{"title":"[:cs]Certifik\u00e1ty[:en]Certificates[:de]Zertifikate[:] &ndash; sportfyziofit.cz","description":"Certifik\u00e1ty z sportovn\u00ed rehabilitace, prvn\u00ed pomoci, diplomovan\u00e9ho fyzioterapeuta, bakal\u00e1\u0159 z anglick\u00e9 univerzity Bolton Manchester.","robots":{"index":"index","follow":"follow","max-snippet":"max-snippet:-1","max-image-preview":"max-image-preview:large","max-video-preview":"max-video-preview:-1"},"canonical":"http:\/\/sportfyziofit.cz\/de\/certifikaty\/","og_locale":"de_DE","og_type":"article","og_title":"[:cs]Certifik\u00e1ty[:en]Certificates[:de]Zertifikate[:] &ndash; sportfyziofit.cz","og_description":"Certifik\u00e1ty z sportovn\u00ed rehabilitace, prvn\u00ed pomoci, diplomovan\u00e9ho fyzioterapeuta, bakal\u00e1\u0159 z anglick\u00e9 univerzity Bolton Manchester.","og_url":"http:\/\/sportfyziofit.cz\/de\/certifikaty\/","og_site_name":"sportfyziofit.cz","article_publisher":"https:\/\/www.facebook.com\/sportfyziofit","article_modified_time":"2016-01-10T15:25:23+00:00","og_image":[{"url":"http:\/\/sportfyziofit.cz\/wp-content\/uploads\/2015\/11\/fyzio_1-e1448358464813.jpg"}],"twitter_card":"summary_large_image","twitter_site":"@SportFyzioFit","twitter_misc":{"Gesch\u00e4tzte Lesezeit":"7\u00a0Minuten"},"schema":{"@context":"https:\/\/schema.org","@graph":[{"@type":"WebPage","@id":"http:\/\/sportfyziofit.cz\/de\/certifikaty\/","url":"http:\/\/sportfyziofit.cz\/de\/certifikaty\/","name":"[:cs]Certifik\u00e1ty[:en]Certificates[:de]Zertifikate[:] &ndash; sportfyziofit.cz","isPartOf":{"@id":"https:\/\/sportfyziofit.cz\/cs\/#website"},"datePublished":"2015-11-16T10:05:33+00:00","dateModified":"2016-01-10T15:25:23+00:00","description":"Certifik\u00e1ty z sportovn\u00ed rehabilitace, prvn\u00ed pomoci, diplomovan\u00e9ho fyzioterapeuta, bakal\u00e1\u0159 z anglick\u00e9 univerzity Bolton Manchester.","breadcrumb":{"@id":"http:\/\/sportfyziofit.cz\/de\/certifikaty\/#breadcrumb"},"inLanguage":"de","potentialAction":[{"@type":"ReadAction","target":["http:\/\/sportfyziofit.cz\/de\/certifikaty\/"]}]},{"@type":"BreadcrumbList","@id":"http:\/\/sportfyziofit.cz\/de\/certifikaty\/#breadcrumb","itemListElement":[{"@type":"ListItem","position":1,"name":"Home","item":"https:\/\/sportfyziofit.cz\/cs\/"},{"@type":"ListItem","position":2,"name":"Zertifikate"}]},{"@type":"WebSite","@id":"https:\/\/sportfyziofit.cz\/cs\/#website","url":"https:\/\/sportfyziofit.cz\/cs\/","name":"sportfyziofit.cz","description":"... Willkommen auf der Webseite mit Schwerpunkt auf Sport-Massage, Reflexzonenmassage , Entspannungsmassage, Massage-und Muskel-Skelett-Trauma-Beratung ...","potentialAction":[{"@type":"SearchAction","target":{"@type":"EntryPoint","urlTemplate":"https:\/\/sportfyziofit.cz\/cs\/?s={search_term_string}"},"query-input":"required name=search_term_string"}],"inLanguage":"de"}]}},"_links":{"self":[{"href":"https:\/\/sportfyziofit.cz\/de\/wp-json\/wp\/v2\/pages\/80"}],"collection":[{"href":"https:\/\/sportfyziofit.cz\/de\/wp-json\/wp\/v2\/pages"}],"about":[{"href":"https:\/\/sportfyziofit.cz\/de\/wp-json\/wp\/v2\/types\/page"}],"author":[{"embeddable":true,"href":"https:\/\/sportfyziofit.cz\/de\/wp-json\/wp\/v2\/users\/2"}],"replies":[{"embeddable":true,"href":"https:\/\/sportfyziofit.cz\/de\/wp-json\/wp\/v2\/comments?post=80"}],"version-history":[{"count":22,"href":"https:\/\/sportfyziofit.cz\/de\/wp-json\/wp\/v2\/pages\/80\/revisions"}],"predecessor-version":[{"id":640,"href":"https:\/\/sportfyziofit.cz\/de\/wp-json\/wp\/v2\/pages\/80\/revisions\/640"}],"wp:attachment":[{"href":"https:\/\/sportfyziofit.cz\/de\/wp-json\/wp\/v2\/media?parent=80"}],"curies":[{"name":"wp","href":"https:\/\/api.w.org\/{rel}","templated":true}]}}