{"id":84,"date":"2015-11-16T10:06:33","date_gmt":"2015-11-16T10:06:33","guid":{"rendered":"http:\/\/sportfyziofit.cz\/?page_id=84"},"modified":"2016-01-13T10:17:03","modified_gmt":"2016-01-13T10:17:03","slug":"o-mne","status":"publish","type":"page","link":"https:\/\/sportfyziofit.cz\/de\/o-mne\/","title":{"rendered":"\u00dcber mich"},"content":{"rendered":"<p><div id=\"attachment_220\" style=\"width: 266px\" class=\"wp-caption aligncenter\"><a href=\"http:\/\/sportfyziofit.cz\/wp-content\/uploads\/2015\/11\/zuzka.jpg\"><img aria-describedby=\"caption-attachment-220\" decoding=\"async\" loading=\"lazy\" class=\"wp-image-220 size-full\" src=\"http:\/\/sportfyziofit.cz\/wp-content\/uploads\/2015\/11\/zuzka.jpg\" alt=\"Zuzana Koh\u00facikov\u00e1\" width=\"256\" height=\"229\" \/><\/a><p id=\"caption-attachment-220\" class=\"wp-caption-text\">Zuzana Koh\u00facikov\u00e1<\/p><\/div><\/p>\n<p>Ich entwickle meine Berufspraxis seit 2004, als ich ein Zertifikat in der Physiotherapie. Unmittelbar nach dem Studium begann ich in Staatsb\u00e4der Jansk\u00e9 Spa im Kinderkrankenhaus Vesna. Kinder von Atemwegserkrankungen wie Microsoft bewegungs wie Wiederherstellen. Asthma, Skoliose, Zerebralparese, L\u00e4hmungen, Muskelerkrankungen, posttraumatische Zust\u00e4nde und viele andere Diagnosen. W\u00e4hrend meines 3-Jahres-Aktion kam ich in Kontakt mit verschiedenen Diagnosen und ihre Behandlungsm\u00f6glichkeiten sowie viele Patienten und ihre individuellen Reaktionen auf die Therapie.<\/p>\n<p>Nach der Diplomarbeit von drei Jahren begann ich in Zypern als Trainer von Wellness in einem der besten in der Gegend. Hier f\u00fchre ich einen Fitnessraum, Massagen, Saunen, Dampfk\u00e4sten und ich war Verantwortlich f\u00fcr den Betrieb der gesamten Abteilung in einem vollen internationalen Hotels.<br \/>\nNach dieser Erfahrung zog ich nach England und die mit Erfahrung in der Sport-Reha zu erwerben begann. W\u00e4hrend der seine Studien waren unsere Kenntnisse Praktika bei Profivereinen und<\/p>\n<p>Kliniken, posttraumatische Rehabilitation und Regeneration entwickelt. Arbeiten mit professionellen Athleten ist eine schnelle und anspruchsvolle Wissens Da jeder Athlet will bald wieder voll im Training und wenn m\u00f6glich in einem besseren Zustand als vor der Verletzung. Bei meinem Praktikum bei Burnley FC K\u00f6nnte ich verschiedene Verletzungen von den einfachsten Kratzer zu schweren Verletzungen an den Extremit\u00e4ten, Muskel- und Gelenkschmerzen sowie Wirbels\u00e4ulenverletzungen zu sanieren.<br \/>\nDie Erteilung einer BA-Abschluss in Sportrehabilitation, zog ich dauerhaft in die Tschechische Republik Aktuelle Wo Sie laufen eine Praxis in der Region Znojmo.<\/p>","protected":false},"excerpt":{"rendered":"<p>Ich entwickle meine Berufspraxis seit 2004, als ich ein Zertifikat in der Physiotherapie. Unmittelbar nach dem Studium begann ich in Staatsb\u00e4der Jansk\u00e9 Spa im Kinderkrankenhaus Vesna. Kinder von Atemwegserkrankungen wie Microsoft bewegungs wie Wiederherstellen. Asthma, Skoliose, Zerebralparese, L\u00e4hmungen, Muskelerkrankungen, posttraumatische Zust\u00e4nde und viele andere Diagnosen. W\u00e4hrend meines 3-Jahres-Aktion kam ich in Kontakt mit verschiedenen Diagnosen [&hellip;]<\/p>\n","protected":false},"author":2,"featured_media":0,"parent":0,"menu_order":0,"comment_status":"closed","ping_status":"closed","template":"","meta":[],"yoast_head":"<!-- This site is optimized with the Yoast SEO plugin v19.11 - https:\/\/yoast.com\/wordpress\/plugins\/seo\/ -->\n<title>\u00dcber mich &ndash; sportfyziofit.cz<\/title>\n<meta name=\"description\" content=\"Sportovn\u00ed a relaxa\u010dn\u00ed mas\u00e1\u017ee\" \/>\n<meta name=\"robots\" content=\"index, follow, max-snippet:-1, max-image-preview:large, max-video-preview:-1\" \/>\n<link rel=\"canonical\" href=\"http:\/\/sportfyziofit.cz\/de\/o-mne\/\" \/>\n<meta property=\"og:locale\" content=\"de_DE\" \/>\n<meta property=\"og:type\" content=\"article\" \/>\n<meta property=\"og:title\" content=\"[:cs]O mn\u011b[:en]About me[:de]\u00dcber mich[:] &ndash; sportfyziofit.cz\" \/>\n<meta property=\"og:description\" content=\"Sportovn\u00ed a relaxa\u010dn\u00ed mas\u00e1\u017ee\" \/>\n<meta property=\"og:url\" content=\"http:\/\/sportfyziofit.cz\/de\/o-mne\/\" \/>\n<meta property=\"og:site_name\" content=\"sportfyziofit.cz\" \/>\n<meta property=\"article:publisher\" content=\"https:\/\/www.facebook.com\/sportfyziofit\" \/>\n<meta property=\"article:modified_time\" content=\"2016-01-13T10:17:03+00:00\" \/>\n<meta property=\"og:image\" content=\"http:\/\/sportfyziofit.cz\/wp-content\/uploads\/2015\/11\/zuzka.jpg\" \/>\n<meta name=\"twitter:card\" content=\"summary_large_image\" \/>\n<meta name=\"twitter:site\" content=\"@SportFyzioFit\" \/>\n<meta name=\"twitter:label1\" content=\"Gesch\u00e4tzte Lesezeit\" \/>\n\t<meta name=\"twitter:data1\" content=\"4\u00a0Minuten\" \/>\n<script type=\"application\/ld+json\" class=\"yoast-schema-graph\">{\"@context\":\"https:\/\/schema.org\",\"@graph\":[{\"@type\":\"WebPage\",\"@id\":\"http:\/\/sportfyziofit.cz\/de\/o-mne\/\",\"url\":\"http:\/\/sportfyziofit.cz\/de\/o-mne\/\",\"name\":\"[:cs]O mn\u011b[:en]About me[:de]\u00dcber mich[:] &ndash; sportfyziofit.cz\",\"isPartOf\":{\"@id\":\"http:\/\/sportfyziofit.cz\/cs\/#website\"},\"datePublished\":\"2015-11-16T10:06:33+00:00\",\"dateModified\":\"2016-01-13T10:17:03+00:00\",\"description\":\"Sportovn\u00ed a relaxa\u010dn\u00ed mas\u00e1\u017ee\",\"breadcrumb\":{\"@id\":\"http:\/\/sportfyziofit.cz\/de\/o-mne\/#breadcrumb\"},\"inLanguage\":\"de\",\"potentialAction\":[{\"@type\":\"ReadAction\",\"target\":[\"http:\/\/sportfyziofit.cz\/de\/o-mne\/\"]}]},{\"@type\":\"BreadcrumbList\",\"@id\":\"http:\/\/sportfyziofit.cz\/de\/o-mne\/#breadcrumb\",\"itemListElement\":[{\"@type\":\"ListItem\",\"position\":1,\"name\":\"Home\",\"item\":\"http:\/\/sportfyziofit.cz\/cs\/\"},{\"@type\":\"ListItem\",\"position\":2,\"name\":\"\u00dcber mich\"}]},{\"@type\":\"WebSite\",\"@id\":\"http:\/\/sportfyziofit.cz\/cs\/#website\",\"url\":\"http:\/\/sportfyziofit.cz\/cs\/\",\"name\":\"sportfyziofit.cz\",\"description\":\"... Willkommen auf der Webseite mit Schwerpunkt auf Sport-Massage, Reflexzonenmassage , Entspannungsmassage, Massage-und Muskel-Skelett-Trauma-Beratung ...\",\"potentialAction\":[{\"@type\":\"SearchAction\",\"target\":{\"@type\":\"EntryPoint\",\"urlTemplate\":\"http:\/\/sportfyziofit.cz\/cs\/?s={search_term_string}\"},\"query-input\":\"required name=search_term_string\"}],\"inLanguage\":\"de\"}]}<\/script>\n<!-- \/ Yoast SEO plugin. -->","yoast_head_json":{"title":"[:cs]O mn\u011b[:en]About me[:de]\u00dcber mich[:] &ndash; sportfyziofit.cz","description":"Sportovn\u00ed a relaxa\u010dn\u00ed mas\u00e1\u017ee","robots":{"index":"index","follow":"follow","max-snippet":"max-snippet:-1","max-image-preview":"max-image-preview:large","max-video-preview":"max-video-preview:-1"},"canonical":"http:\/\/sportfyziofit.cz\/de\/o-mne\/","og_locale":"de_DE","og_type":"article","og_title":"[:cs]O mn\u011b[:en]About me[:de]\u00dcber mich[:] &ndash; sportfyziofit.cz","og_description":"Sportovn\u00ed a relaxa\u010dn\u00ed mas\u00e1\u017ee","og_url":"http:\/\/sportfyziofit.cz\/de\/o-mne\/","og_site_name":"sportfyziofit.cz","article_publisher":"https:\/\/www.facebook.com\/sportfyziofit","article_modified_time":"2016-01-13T10:17:03+00:00","og_image":[{"url":"http:\/\/sportfyziofit.cz\/wp-content\/uploads\/2015\/11\/zuzka.jpg"}],"twitter_card":"summary_large_image","twitter_site":"@SportFyzioFit","twitter_misc":{"Gesch\u00e4tzte Lesezeit":"4\u00a0Minuten"},"schema":{"@context":"https:\/\/schema.org","@graph":[{"@type":"WebPage","@id":"http:\/\/sportfyziofit.cz\/de\/o-mne\/","url":"http:\/\/sportfyziofit.cz\/de\/o-mne\/","name":"[:cs]O mn\u011b[:en]About me[:de]\u00dcber mich[:] &ndash; sportfyziofit.cz","isPartOf":{"@id":"http:\/\/sportfyziofit.cz\/cs\/#website"},"datePublished":"2015-11-16T10:06:33+00:00","dateModified":"2016-01-13T10:17:03+00:00","description":"Sportovn\u00ed a relaxa\u010dn\u00ed mas\u00e1\u017ee","breadcrumb":{"@id":"http:\/\/sportfyziofit.cz\/de\/o-mne\/#breadcrumb"},"inLanguage":"de","potentialAction":[{"@type":"ReadAction","target":["http:\/\/sportfyziofit.cz\/de\/o-mne\/"]}]},{"@type":"BreadcrumbList","@id":"http:\/\/sportfyziofit.cz\/de\/o-mne\/#breadcrumb","itemListElement":[{"@type":"ListItem","position":1,"name":"Home","item":"http:\/\/sportfyziofit.cz\/cs\/"},{"@type":"ListItem","position":2,"name":"\u00dcber mich"}]},{"@type":"WebSite","@id":"http:\/\/sportfyziofit.cz\/cs\/#website","url":"http:\/\/sportfyziofit.cz\/cs\/","name":"sportfyziofit.cz","description":"... Willkommen auf der Webseite mit Schwerpunkt auf Sport-Massage, Reflexzonenmassage , Entspannungsmassage, Massage-und Muskel-Skelett-Trauma-Beratung ...","potentialAction":[{"@type":"SearchAction","target":{"@type":"EntryPoint","urlTemplate":"http:\/\/sportfyziofit.cz\/cs\/?s={search_term_string}"},"query-input":"required name=search_term_string"}],"inLanguage":"de"}]}},"_links":{"self":[{"href":"https:\/\/sportfyziofit.cz\/de\/wp-json\/wp\/v2\/pages\/84"}],"collection":[{"href":"https:\/\/sportfyziofit.cz\/de\/wp-json\/wp\/v2\/pages"}],"about":[{"href":"https:\/\/sportfyziofit.cz\/de\/wp-json\/wp\/v2\/types\/page"}],"author":[{"embeddable":true,"href":"https:\/\/sportfyziofit.cz\/de\/wp-json\/wp\/v2\/users\/2"}],"replies":[{"embeddable":true,"href":"https:\/\/sportfyziofit.cz\/de\/wp-json\/wp\/v2\/comments?post=84"}],"version-history":[{"count":12,"href":"https:\/\/sportfyziofit.cz\/de\/wp-json\/wp\/v2\/pages\/84\/revisions"}],"predecessor-version":[{"id":646,"href":"https:\/\/sportfyziofit.cz\/de\/wp-json\/wp\/v2\/pages\/84\/revisions\/646"}],"wp:attachment":[{"href":"https:\/\/sportfyziofit.cz\/de\/wp-json\/wp\/v2\/media?parent=84"}],"curies":[{"name":"wp","href":"https:\/\/api.w.org\/{rel}","templated":true}]}}