{"id":90,"date":"2015-11-16T10:09:04","date_gmt":"2015-11-16T10:09:04","guid":{"rendered":"http:\/\/sportfyziofit.cz\/?page_id=90"},"modified":"2016-01-10T15:37:23","modified_gmt":"2016-01-10T15:37:23","slug":"muskuloskeletalni-poradenstvi","status":"publish","type":"page","link":"https:\/\/sportfyziofit.cz\/de\/muskuloskeletalni-poradenstvi\/","title":{"rendered":"Muskel-Skelett-Beratung"},"content":{"rendered":"<p><div id=\"attachment_153\" style=\"width: 310px\" class=\"wp-caption aligncenter\"><a href=\"http:\/\/sportfyziofit.cz\/wp-content\/uploads\/2015\/11\/uvod.jpg\"><img aria-describedby=\"caption-attachment-153\" decoding=\"async\" loading=\"lazy\" class=\"wp-image-153 size-medium\" src=\"http:\/\/sportfyziofit.cz\/wp-content\/uploads\/2015\/11\/uvod-300x295.jpg\" alt=\"Muskel-Skelett-Beratung\" width=\"300\" height=\"295\" srcset=\"https:\/\/sportfyziofit.cz\/wp-content\/uploads\/2015\/11\/uvod-300x295.jpg 300w, https:\/\/sportfyziofit.cz\/wp-content\/uploads\/2015\/11\/uvod.jpg 449w\" sizes=\"(max-width: 300px) 100vw, 300px\" \/><\/a><p id=\"caption-attachment-153\" class=\"wp-caption-text\">Muskel-Skelett-Beratung<\/p><\/div><\/p>\n<h2 style=\"text-align: justify;\">Muskel-Skelett-Beratung<\/h2>\n<p style=\"text-align: justify;\">Muskel-Skelett-Beratung, Schmerzen des Bewegungsapparates und Beratung sind Erkrankungen des MS-Systems, die meist sind Schmerzen von den Berufen, wie R\u00fcckenschmerzen, Wirbels\u00e4ule und oberen und unteren Gliedma\u00dfen. Auf der Grundlage einer umfassenden Pr\u00fcfung, unter Verwendung von Bewegungstests, ist es m\u00f6glich, diese Schmerzen zu lokalisieren und starten Sie eine geeignete Therapie. Nat\u00fcrlich ist eine individuelle Therapie mit den Bed\u00fcrfnissen des Kunden und seine t\u00e4glichen aktiven Modus. Zentralisierung und Eliminierung von Schmerz ist ein prim\u00e4res Ziel sowie eine baldige R\u00fcckkehr zu einem voll funktionsf\u00e4higen Zustand.<\/p>\n<p style=\"text-align: justify;\">Muskel- und Skeletterkrankungen sind eine der h\u00e4ufigsten Probleme mit Arbeit verbunden. Millionen von Arbeitnehmern betroffen in ganz Europa und Ursache die Arbeitgeber, um Milliarden von Euro kosten. Angreifen MSDs tr\u00e4gt dazu bei, das Leben der Arbeitnehmer zu verbessern, aber es ist auch wichtig, aus betriebswirtschaftlicher Sicht.<br \/>\nErkrankungen des Bewegungsapparats in der Regel Auswirkungen auf die R\u00fccken, Nacken, Schultern und oberen Extremit\u00e4ten, sondern kann auch die Beine bedecken. Dieser Begriff bezieht sich auf jede Besch\u00e4digung oder Erkrankung der Gelenke und anderer Gewebe. Gesundheitsprobleme reichen von geringf\u00fcgigen Schmerzen nach schweren gesundheitlichen Problemen, die Abwesenheit von der Arbeit und behandelt werden m\u00fcssen. In chronischen F\u00e4llen kann auf Behinderung und der Notwendigkeit, den Job zu verlassen zu f\u00fchren.<\/p>\n<p style=\"text-align: justify;\">Die beiden wichtigsten Formen von Erkrankungen des Bewegungsapparats Schmerzen \/ R\u00fcckenverletzung und Erkrankungen der oberen Gliedma\u00dfen aus der Arbeitswelt (allgemein als &#8222;Sch\u00e4digung durch Dauerbelastung&#8220; bekannt).<\/p>\n<p style=\"text-align: justify;\">Nach R\u00fccksprache mit der Zeit, um falsche Stereotypen (statisch oder Bewegung), die zu Schmerzen, Fehlhaltungen des K\u00f6rpers bzw. Ausgleichsmechanismen in Bewegung oder statische Komponente normalen t\u00e4glichen Aktivit\u00e4ten aufzudecken.<\/p>\n<p style=\"text-align: justify;\">Die meisten Erkrankungen des Bewegungsapparats, um der Arbeit entwickelt sich im Laufe der Zeit. In der Regel gibt es nur eine Ursache f\u00fcr Erkrankungen des Bewegungsapparats. Oft wird eine Kombination von verschiedenen Faktoren ab.<\/p>\n<h4 style=\"text-align: justify;\">K\u00f6rperliche Ursachen und organisatorische Risikofaktoren sind:<\/h4>\n<ul style=\"text-align: justify;\">\n<li>Handhabung von Lasten, vor allem w\u00e4hrend des Kippens und warf Oberk\u00f6rper<\/li>\n<li>Sich wiederholenden oder pl\u00f6tzliche Bewegungen<\/li>\n<li>Ungeschickt oder statische Position<\/li>\n<li>Vibrationen, schlechte Beleuchtung oder kalte Arbeitsumgebungen<\/li>\n<li>Arbeiten Sie in einem schnellen Tempo<\/li>\n<li>Lange Sitzen oder Stehen in der gleichen Position<\/li>\n<\/ul>\n<p style=\"text-align: justify;\">Es wird immer deutlicher, dass Erkrankungen des Bewegungsapparats mit psychosozialen Risikofaktoren (insbesondere in Kombination mit physischen Risiken) als, insbesondere:<\/p>\n<ul style=\"text-align: justify;\">\n<li>Hohen Arbeitsanforderungen und niedrigen Grad an Autonomie<\/li>\n<li>Niedrige Arbeitszufriedenheit<\/li>\n<\/ul>\n<p style=\"text-align: justify;\">Basierend auf diesen Ergebnissen, lernen wir entweder korrigieren Stereotypen und mit der Aktivierung bestimmter Muskelgruppen, die inaktiv ist und verursacht Schmerzen wurden korrigiert. Das Programm kann leicht angepasst werden, um diese Probleme zu beheben, aber nur, wenn die \u00dcbungen richtig gemacht. Jede solche Bewegung ist auch der Therapie.<\/p>\n<p style=\"text-align: justify;\">Weitere Informationen finden Sie auch auf der <a href=\"http:\/\/www.maseri.cz\/katalog\/maseri\/jihomoravsky\/znojmo\/id=44018&amp;m=sport-fyzio-fit.html\" target=\"_blank\">Website<\/a> gefunden werden<\/p>\n<p><\/p>","protected":false},"excerpt":{"rendered":"<p>Muskel-Skelett-Beratung Muskel-Skelett-Beratung, Schmerzen des Bewegungsapparates und Beratung sind Erkrankungen des MS-Systems, die meist sind Schmerzen von den Berufen, wie R\u00fcckenschmerzen, Wirbels\u00e4ule und oberen und unteren Gliedma\u00dfen. Auf der Grundlage einer umfassenden Pr\u00fcfung, unter Verwendung von Bewegungstests, ist es m\u00f6glich, diese Schmerzen zu lokalisieren und starten Sie eine geeignete Therapie. Nat\u00fcrlich ist eine individuelle Therapie mit [&hellip;]<\/p>\n","protected":false},"author":2,"featured_media":0,"parent":0,"menu_order":0,"comment_status":"closed","ping_status":"closed","template":"","meta":[],"yoast_head":"<!-- This site is optimized with the Yoast SEO plugin v19.11 - https:\/\/yoast.com\/wordpress\/plugins\/seo\/ -->\n<title>Muskel-Skelett-Beratung &ndash; sportfyziofit.cz<\/title>\n<meta name=\"description\" content=\"Muskuloskelet\u00e1ln\u00ed poradenstv\u00ed jsou bolesti a onemocn\u011bn\u00ed MS syst\u00e9mu kter\u00e9 z nejv\u011bt\u0161\u00ed \u010d\u00e1sti zahrnuj\u00ed bolesti z povol\u00e1n\u00ed, jako jsou bolesti zad a p\u00e1te\u0159e\" \/>\n<meta name=\"robots\" content=\"index, follow, max-snippet:-1, max-image-preview:large, max-video-preview:-1\" \/>\n<link rel=\"canonical\" href=\"https:\/\/sportfyziofit.cz\/cs\/muskuloskeletalni-poradenstvi\/\" \/>\n<meta property=\"og:locale\" content=\"de_DE\" \/>\n<meta property=\"og:type\" content=\"article\" \/>\n<meta property=\"og:title\" content=\"[:cs]Muskuloskelet\u00e1ln\u00ed poradenstv\u00ed[:en]Musculoskeletal counseling[:de]Muskel-Skelett-Beratung[:] &ndash; sportfyziofit.cz\" \/>\n<meta property=\"og:description\" content=\"Muskuloskelet\u00e1ln\u00ed poradenstv\u00ed jsou bolesti a onemocn\u011bn\u00ed MS syst\u00e9mu kter\u00e9 z nejv\u011bt\u0161\u00ed \u010d\u00e1sti zahrnuj\u00ed bolesti z povol\u00e1n\u00ed, jako jsou bolesti zad a p\u00e1te\u0159e\" \/>\n<meta property=\"og:url\" content=\"https:\/\/sportfyziofit.cz\/cs\/muskuloskeletalni-poradenstvi\/\" \/>\n<meta property=\"og:site_name\" content=\"sportfyziofit.cz\" \/>\n<meta property=\"article:publisher\" content=\"https:\/\/www.facebook.com\/sportfyziofit\" \/>\n<meta property=\"article:modified_time\" content=\"2016-01-10T15:37:23+00:00\" \/>\n<meta property=\"og:image\" content=\"http:\/\/sportfyziofit.cz\/wp-content\/uploads\/2015\/11\/uvod-300x295.jpg\" \/>\n<meta name=\"twitter:card\" content=\"summary_large_image\" \/>\n<meta name=\"twitter:site\" content=\"@SportFyzioFit\" \/>\n<meta name=\"twitter:label1\" content=\"Gesch\u00e4tzte Lesezeit\" \/>\n\t<meta name=\"twitter:data1\" content=\"7\u00a0Minuten\" \/>\n<script type=\"application\/ld+json\" class=\"yoast-schema-graph\">{\"@context\":\"https:\/\/schema.org\",\"@graph\":[{\"@type\":\"WebPage\",\"@id\":\"https:\/\/sportfyziofit.cz\/cs\/muskuloskeletalni-poradenstvi\/\",\"url\":\"https:\/\/sportfyziofit.cz\/cs\/muskuloskeletalni-poradenstvi\/\",\"name\":\"[:cs]Muskuloskelet\u00e1ln\u00ed poradenstv\u00ed[:en]Musculoskeletal counseling[:de]Muskel-Skelett-Beratung[:] &ndash; sportfyziofit.cz\",\"isPartOf\":{\"@id\":\"https:\/\/sportfyziofit.cz\/cs\/#website\"},\"datePublished\":\"2015-11-16T10:09:04+00:00\",\"dateModified\":\"2016-01-10T15:37:23+00:00\",\"description\":\"Muskuloskelet\u00e1ln\u00ed poradenstv\u00ed jsou bolesti a onemocn\u011bn\u00ed MS syst\u00e9mu kter\u00e9 z nejv\u011bt\u0161\u00ed \u010d\u00e1sti zahrnuj\u00ed bolesti z povol\u00e1n\u00ed, jako jsou bolesti zad a p\u00e1te\u0159e\",\"breadcrumb\":{\"@id\":\"https:\/\/sportfyziofit.cz\/cs\/muskuloskeletalni-poradenstvi\/#breadcrumb\"},\"inLanguage\":\"de\",\"potentialAction\":[{\"@type\":\"ReadAction\",\"target\":[\"https:\/\/sportfyziofit.cz\/cs\/muskuloskeletalni-poradenstvi\/\"]}]},{\"@type\":\"BreadcrumbList\",\"@id\":\"https:\/\/sportfyziofit.cz\/cs\/muskuloskeletalni-poradenstvi\/#breadcrumb\",\"itemListElement\":[{\"@type\":\"ListItem\",\"position\":1,\"name\":\"Home\",\"item\":\"https:\/\/sportfyziofit.cz\/cs\/\"},{\"@type\":\"ListItem\",\"position\":2,\"name\":\"Muskuloskelet\u00e1ln\u00ed poradenstv\u00ed\"}]},{\"@type\":\"WebSite\",\"@id\":\"https:\/\/sportfyziofit.cz\/cs\/#website\",\"url\":\"https:\/\/sportfyziofit.cz\/cs\/\",\"name\":\"sportfyziofit.cz\",\"description\":\"... Willkommen auf der Webseite mit Schwerpunkt auf Sport-Massage, Reflexzonenmassage , Entspannungsmassage, Massage-und Muskel-Skelett-Trauma-Beratung ...\",\"potentialAction\":[{\"@type\":\"SearchAction\",\"target\":{\"@type\":\"EntryPoint\",\"urlTemplate\":\"https:\/\/sportfyziofit.cz\/cs\/?s={search_term_string}\"},\"query-input\":\"required name=search_term_string\"}],\"inLanguage\":\"de\"}]}<\/script>\n<!-- \/ Yoast SEO plugin. -->","yoast_head_json":{"title":"[:cs]Muskuloskelet\u00e1ln\u00ed poradenstv\u00ed[:en]Musculoskeletal counseling[:de]Muskel-Skelett-Beratung[:] &ndash; sportfyziofit.cz","description":"Muskuloskelet\u00e1ln\u00ed poradenstv\u00ed jsou bolesti a onemocn\u011bn\u00ed MS syst\u00e9mu kter\u00e9 z nejv\u011bt\u0161\u00ed \u010d\u00e1sti zahrnuj\u00ed bolesti z povol\u00e1n\u00ed, jako jsou bolesti zad a p\u00e1te\u0159e","robots":{"index":"index","follow":"follow","max-snippet":"max-snippet:-1","max-image-preview":"max-image-preview:large","max-video-preview":"max-video-preview:-1"},"canonical":"https:\/\/sportfyziofit.cz\/cs\/muskuloskeletalni-poradenstvi\/","og_locale":"de_DE","og_type":"article","og_title":"[:cs]Muskuloskelet\u00e1ln\u00ed poradenstv\u00ed[:en]Musculoskeletal counseling[:de]Muskel-Skelett-Beratung[:] &ndash; sportfyziofit.cz","og_description":"Muskuloskelet\u00e1ln\u00ed poradenstv\u00ed jsou bolesti a onemocn\u011bn\u00ed MS syst\u00e9mu kter\u00e9 z nejv\u011bt\u0161\u00ed \u010d\u00e1sti zahrnuj\u00ed bolesti z povol\u00e1n\u00ed, jako jsou bolesti zad a p\u00e1te\u0159e","og_url":"https:\/\/sportfyziofit.cz\/cs\/muskuloskeletalni-poradenstvi\/","og_site_name":"sportfyziofit.cz","article_publisher":"https:\/\/www.facebook.com\/sportfyziofit","article_modified_time":"2016-01-10T15:37:23+00:00","og_image":[{"url":"http:\/\/sportfyziofit.cz\/wp-content\/uploads\/2015\/11\/uvod-300x295.jpg"}],"twitter_card":"summary_large_image","twitter_site":"@SportFyzioFit","twitter_misc":{"Gesch\u00e4tzte Lesezeit":"7\u00a0Minuten"},"schema":{"@context":"https:\/\/schema.org","@graph":[{"@type":"WebPage","@id":"https:\/\/sportfyziofit.cz\/cs\/muskuloskeletalni-poradenstvi\/","url":"https:\/\/sportfyziofit.cz\/cs\/muskuloskeletalni-poradenstvi\/","name":"[:cs]Muskuloskelet\u00e1ln\u00ed poradenstv\u00ed[:en]Musculoskeletal counseling[:de]Muskel-Skelett-Beratung[:] &ndash; sportfyziofit.cz","isPartOf":{"@id":"https:\/\/sportfyziofit.cz\/cs\/#website"},"datePublished":"2015-11-16T10:09:04+00:00","dateModified":"2016-01-10T15:37:23+00:00","description":"Muskuloskelet\u00e1ln\u00ed poradenstv\u00ed jsou bolesti a onemocn\u011bn\u00ed MS syst\u00e9mu kter\u00e9 z nejv\u011bt\u0161\u00ed \u010d\u00e1sti zahrnuj\u00ed bolesti z povol\u00e1n\u00ed, jako jsou bolesti zad a p\u00e1te\u0159e","breadcrumb":{"@id":"https:\/\/sportfyziofit.cz\/cs\/muskuloskeletalni-poradenstvi\/#breadcrumb"},"inLanguage":"de","potentialAction":[{"@type":"ReadAction","target":["https:\/\/sportfyziofit.cz\/cs\/muskuloskeletalni-poradenstvi\/"]}]},{"@type":"BreadcrumbList","@id":"https:\/\/sportfyziofit.cz\/cs\/muskuloskeletalni-poradenstvi\/#breadcrumb","itemListElement":[{"@type":"ListItem","position":1,"name":"Home","item":"https:\/\/sportfyziofit.cz\/cs\/"},{"@type":"ListItem","position":2,"name":"Muskuloskelet\u00e1ln\u00ed poradenstv\u00ed"}]},{"@type":"WebSite","@id":"https:\/\/sportfyziofit.cz\/cs\/#website","url":"https:\/\/sportfyziofit.cz\/cs\/","name":"sportfyziofit.cz","description":"... Willkommen auf der Webseite mit Schwerpunkt auf Sport-Massage, Reflexzonenmassage , Entspannungsmassage, Massage-und Muskel-Skelett-Trauma-Beratung ...","potentialAction":[{"@type":"SearchAction","target":{"@type":"EntryPoint","urlTemplate":"https:\/\/sportfyziofit.cz\/cs\/?s={search_term_string}"},"query-input":"required name=search_term_string"}],"inLanguage":"de"}]}},"_links":{"self":[{"href":"https:\/\/sportfyziofit.cz\/de\/wp-json\/wp\/v2\/pages\/90"}],"collection":[{"href":"https:\/\/sportfyziofit.cz\/de\/wp-json\/wp\/v2\/pages"}],"about":[{"href":"https:\/\/sportfyziofit.cz\/de\/wp-json\/wp\/v2\/types\/page"}],"author":[{"embeddable":true,"href":"https:\/\/sportfyziofit.cz\/de\/wp-json\/wp\/v2\/users\/2"}],"replies":[{"embeddable":true,"href":"https:\/\/sportfyziofit.cz\/de\/wp-json\/wp\/v2\/comments?post=90"}],"version-history":[{"count":18,"href":"https:\/\/sportfyziofit.cz\/de\/wp-json\/wp\/v2\/pages\/90\/revisions"}],"predecessor-version":[{"id":644,"href":"https:\/\/sportfyziofit.cz\/de\/wp-json\/wp\/v2\/pages\/90\/revisions\/644"}],"wp:attachment":[{"href":"https:\/\/sportfyziofit.cz\/de\/wp-json\/wp\/v2\/media?parent=90"}],"curies":[{"name":"wp","href":"https:\/\/api.w.org\/{rel}","templated":true}]}}