{"id":94,"date":"2015-11-16T10:09:46","date_gmt":"2015-11-16T10:09:46","guid":{"rendered":"http:\/\/sportfyziofit.cz\/?page_id=94"},"modified":"2015-12-09T10:44:07","modified_gmt":"2015-12-09T10:44:07","slug":"bankove-masaze","status":"publish","type":"page","link":"https:\/\/sportfyziofit.cz\/de\/bankove-masaze\/","title":{"rendered":"Flask Massage"},"content":{"rendered":"<p><div id=\"attachment_166\" style=\"width: 434px\" class=\"wp-caption aligncenter\"><a href=\"http:\/\/sportfyziofit.cz\/wp-content\/uploads\/2015\/11\/banky.png\"><img aria-describedby=\"caption-attachment-166\" decoding=\"async\" loading=\"lazy\" class=\"wp-image-166\" src=\"http:\/\/sportfyziofit.cz\/wp-content\/uploads\/2015\/11\/banky.png\" alt=\"Flask Massage\" width=\"424\" height=\"293\" srcset=\"https:\/\/sportfyziofit.cz\/wp-content\/uploads\/2015\/11\/banky.png 475w, https:\/\/sportfyziofit.cz\/wp-content\/uploads\/2015\/11\/banky-300x207.png 300w\" sizes=\"(max-width: 424px) 100vw, 424px\" \/><\/a><p id=\"caption-attachment-166\" class=\"wp-caption-text\">Flask Massage<\/p><\/div><\/p>\n<h2 style=\"text-align: justify;\">Flask Massage<\/h2>\n<p style=\"text-align: justify;\">Schr\u00f6pfen oder vakuoterapie auch ist eine Methode, mit Schmerzen in Muskeln und Gelenken hilft, f\u00f6rdert die Regeneration der Haut und stimuliert die inneren Organe. Mit dem Erfolg von Schr\u00f6pfen kann f\u00fcr Cellulite, Menstruationsbeschwerden, Migr\u00e4ne, Verdauungsprobleme, Schwellung und so weiter verwendet werden. Es ist ein Verfahren der 5000 Jahre alt. Basierend auf der traditionellen chinesischen Medizin und im alten \u00c4gypten stammt. In der Regel in der Medizin eingesetzt. Diese spezielle Massagetechnik basiert auf dem Aderlass basiert. Anfangs verwendeten Tierh\u00f6rnern, Fl\u00e4schchen Bambus-Kolben Metalllegierung aus Gold, Silber und dergleichen. Derzeit am weitesten verbreitete Glas. Sie erw\u00e4rmt und heften sich an die entsprechenden Meridiane und Vakuumunterst\u00fctzung gegen die Haut gehalten wird. In den Kolben wurden dann zusammen mit der Haut und des subkutanen Gewebes eingeschlossen saugt und damit freigegeben und abgelegt tiefen Muskelgewebe, das normalerweise erreicht Massageger\u00e4t.<\/p>\n<p style=\"text-align: justify;\">Es ist eine wirksame Methode, um die Reflexzonen, die zum Entzug von Gewebe in den Kolben, in dem es erstellt wurde Vakuum liegt stimulieren.<\/p>\n<p style=\"text-align: justify;\">Ba\u0148kov\u00e1n\u00edm kann eine Menge Probleme zu lindern.<\/p>\n<p style=\"text-align: justify;\">Die Haut wird durch einen speziellen Leuchtmittel, die ein Vakuum, das entweder durch Erhitzen oder Luftabsaugung entsteht, ist beigef\u00fcgt. Die Oberfl\u00e4chenschicht der Haut, subkutanes Gewebe und Muskel nach innen gezogen. Aufgrund der Unterdruck f\u00fchrt zu einer signifikanten Perfusion von Strukturen und Beseitigung unerw\u00fcnschter Metaboliten und wodurch folglich der Verbesserung der Gesundheit. K\u00f6nnen lokale Gewebe beeintr\u00e4chtigen oder reflexartig zog den gesamten Organismus.<\/p>\n<p style=\"text-align: justify;\">Alternativ Lampen k\u00f6nnen eine Massage durchzuf\u00fchren. In diesem Fall wird auf der Haut belassen F\u00e4rbung und der Effekt ist verschieden.<\/p>\n<p style=\"text-align: justify;\">Indem der Kolben auf den K\u00f6rper des Klienten wird, um intensiven \u00dcberlastung des Spiels behandelt werden. Anschlie\u00dfend regt den Stoffwechsel an und in der Regel f\u00f6rdern die Durchblutung. Es stimuliert das Immunsystem.<\/p>\n<h4 style=\"text-align: justify;\">Schr\u00f6pfen Techniken<\/h4>\n<ul style=\"text-align: justify;\">\n<li>Schwache Schr\u00f6pfen &#8211; Banken legen zu einem ausgew\u00e4hlten Bereich f\u00fcr ca. 5-10 Minuten. Wir verwenden nur schwacher Saug- Refill Energie<\/li>\n<li>Medium Schr\u00f6pfen &#8211; verwendet etwas st\u00e4rkeren Unterdruck als im Stand der Technik, sollte die Behandlung Zeit 20 Minuten nicht \u00fcberschreiten<\/li>\n<li>Starkes Schr\u00f6pfen &#8211; das ist eine sehr intensive Methode, die Emissionsenergie. Behandlungszeit 20-30 Minuten<\/li>\n<li>Schr\u00f6pfmassage &#8211; im niedrigen bis mittleren Vakuumflasche langsam geradlinig oder kreisf\u00f6rmig \u00fcber eine gr\u00f6\u00dfere Fl\u00e4che in Richtung der gew\u00e4hlten Spur.<\/li>\n<\/ul>\n<h4 style=\"text-align: justify;\">Anzeige<\/h4>\n<ul style=\"text-align: justify;\">\n<li>Hals: Verringern Sie Kopfschmerzen, Muskelentspannung, verz\u00f6gern Migr\u00e4ne<\/li>\n<li>Die Lendenwirbels\u00e4ule: Lockerung der R\u00fcckenschmerzen und Muskelschmerzen, eine Verringerung der schmerzhaften Regelblutungen, verminderte Nierenschmerzen<\/li>\n<li>Brustwirbels\u00e4ule: Linderung von Asthma, trockener Husten, Bronchitis, Muskelentspannung<\/li>\n<li>Ellenbogen: Indikationen f\u00fcr Tennisarm<\/li>\n<li>H\u00fcfte: Angabe von Entz\u00fcndungen, Schmerzlinderung<\/li>\n<li>Knie: Reduzierung Gelenkschmerzen<\/li>\n<li>Fu\u00df und Sprunggelenk: die Verbesserung der Herzfunktion, verbessern die Durchblutung Fu\u00df<\/li>\n<li>Es hilft auch, Thrombose, Krampfadern oder Wundbrand.<\/li>\n<\/ul>\n<p style=\"text-align: justify;\">Weitere Informationen finden Sie auch auf der <a href=\"http:\/\/www.maseri.cz\/katalog\/maseri\/jihomoravsky\/znojmo\/id=44018&amp;m=sport-fyzio-fit.html\" target=\"_blank\">Website<\/a> gefunden werden<\/p>\n<p><\/p>","protected":false},"excerpt":{"rendered":"<p>Flask Massage Schr\u00f6pfen oder vakuoterapie auch ist eine Methode, mit Schmerzen in Muskeln und Gelenken hilft, f\u00f6rdert die Regeneration der Haut und stimuliert die inneren Organe. Mit dem Erfolg von Schr\u00f6pfen kann f\u00fcr Cellulite, Menstruationsbeschwerden, Migr\u00e4ne, Verdauungsprobleme, Schwellung und so weiter verwendet werden. Es ist ein Verfahren der 5000 Jahre alt. Basierend auf der traditionellen [&hellip;]<\/p>\n","protected":false},"author":2,"featured_media":0,"parent":0,"menu_order":0,"comment_status":"closed","ping_status":"closed","template":"","meta":[],"yoast_head":"<!-- This site is optimized with the Yoast SEO plugin v19.11 - https:\/\/yoast.com\/wordpress\/plugins\/seo\/ -->\n<title>Flask Massage &ndash; sportfyziofit.cz<\/title>\n<meta name=\"description\" content=\"Ba\u0148kov\u00e9 mas\u00e1\u017ee jsou techniky zp\u016fsobuj\u00edc\u00ed v\u00fdrazn\u00e9 prokrven\u00ed struktur a odbour\u00e1n\u00ed ne\u017e\u00e1douc\u00edch metabolit\u016f a t\u00edm n\u00e1sledn\u011b zlep\u0161en\u00edm zdravotn\u00edho stavu.\" \/>\n<meta name=\"robots\" content=\"index, follow, max-snippet:-1, max-image-preview:large, max-video-preview:-1\" \/>\n<link rel=\"canonical\" href=\"http:\/\/sportfyziofit.cz\/de\/bankove-masaze\/\" \/>\n<meta property=\"og:locale\" content=\"de_DE\" \/>\n<meta property=\"og:type\" content=\"article\" \/>\n<meta property=\"og:title\" content=\"[:cs]Ba\u0148kov\u00e9 mas\u00e1\u017ee[:en]Flask massage[:de]Flask Massage[:] &ndash; sportfyziofit.cz\" \/>\n<meta property=\"og:description\" content=\"Ba\u0148kov\u00e9 mas\u00e1\u017ee jsou techniky zp\u016fsobuj\u00edc\u00ed v\u00fdrazn\u00e9 prokrven\u00ed struktur a odbour\u00e1n\u00ed ne\u017e\u00e1douc\u00edch metabolit\u016f a t\u00edm n\u00e1sledn\u011b zlep\u0161en\u00edm zdravotn\u00edho stavu.\" \/>\n<meta property=\"og:url\" content=\"http:\/\/sportfyziofit.cz\/de\/bankove-masaze\/\" \/>\n<meta property=\"og:site_name\" content=\"sportfyziofit.cz\" \/>\n<meta property=\"article:publisher\" content=\"https:\/\/www.facebook.com\/sportfyziofit\" \/>\n<meta property=\"article:modified_time\" content=\"2015-12-09T10:44:07+00:00\" \/>\n<meta property=\"og:image\" content=\"http:\/\/sportfyziofit.cz\/wp-content\/uploads\/2015\/11\/banky.png\" \/>\n<meta name=\"twitter:card\" content=\"summary_large_image\" \/>\n<meta name=\"twitter:site\" content=\"@SportFyzioFit\" \/>\n<meta name=\"twitter:label1\" content=\"Gesch\u00e4tzte Lesezeit\" \/>\n\t<meta name=\"twitter:data1\" content=\"8\u00a0Minuten\" \/>\n<script type=\"application\/ld+json\" class=\"yoast-schema-graph\">{\"@context\":\"https:\/\/schema.org\",\"@graph\":[{\"@type\":\"WebPage\",\"@id\":\"http:\/\/sportfyziofit.cz\/de\/bankove-masaze\/\",\"url\":\"http:\/\/sportfyziofit.cz\/de\/bankove-masaze\/\",\"name\":\"[:cs]Ba\u0148kov\u00e9 mas\u00e1\u017ee[:en]Flask massage[:de]Flask Massage[:] &ndash; sportfyziofit.cz\",\"isPartOf\":{\"@id\":\"https:\/\/sportfyziofit.cz\/cs\/#website\"},\"datePublished\":\"2015-11-16T10:09:46+00:00\",\"dateModified\":\"2015-12-09T10:44:07+00:00\",\"description\":\"Ba\u0148kov\u00e9 mas\u00e1\u017ee jsou techniky zp\u016fsobuj\u00edc\u00ed v\u00fdrazn\u00e9 prokrven\u00ed struktur a odbour\u00e1n\u00ed ne\u017e\u00e1douc\u00edch metabolit\u016f a t\u00edm n\u00e1sledn\u011b zlep\u0161en\u00edm zdravotn\u00edho stavu.\",\"breadcrumb\":{\"@id\":\"http:\/\/sportfyziofit.cz\/de\/bankove-masaze\/#breadcrumb\"},\"inLanguage\":\"de\",\"potentialAction\":[{\"@type\":\"ReadAction\",\"target\":[\"http:\/\/sportfyziofit.cz\/de\/bankove-masaze\/\"]}]},{\"@type\":\"BreadcrumbList\",\"@id\":\"http:\/\/sportfyziofit.cz\/de\/bankove-masaze\/#breadcrumb\",\"itemListElement\":[{\"@type\":\"ListItem\",\"position\":1,\"name\":\"Home\",\"item\":\"https:\/\/sportfyziofit.cz\/cs\/\"},{\"@type\":\"ListItem\",\"position\":2,\"name\":\"Flask Massage\"}]},{\"@type\":\"WebSite\",\"@id\":\"https:\/\/sportfyziofit.cz\/cs\/#website\",\"url\":\"https:\/\/sportfyziofit.cz\/cs\/\",\"name\":\"sportfyziofit.cz\",\"description\":\"... Willkommen auf der Webseite mit Schwerpunkt auf Sport-Massage, Reflexzonenmassage , Entspannungsmassage, Massage-und Muskel-Skelett-Trauma-Beratung ...\",\"potentialAction\":[{\"@type\":\"SearchAction\",\"target\":{\"@type\":\"EntryPoint\",\"urlTemplate\":\"https:\/\/sportfyziofit.cz\/cs\/?s={search_term_string}\"},\"query-input\":\"required name=search_term_string\"}],\"inLanguage\":\"de\"}]}<\/script>\n<!-- \/ Yoast SEO plugin. -->","yoast_head_json":{"title":"[:cs]Ba\u0148kov\u00e9 mas\u00e1\u017ee[:en]Flask massage[:de]Flask Massage[:] &ndash; sportfyziofit.cz","description":"Ba\u0148kov\u00e9 mas\u00e1\u017ee jsou techniky zp\u016fsobuj\u00edc\u00ed v\u00fdrazn\u00e9 prokrven\u00ed struktur a odbour\u00e1n\u00ed ne\u017e\u00e1douc\u00edch metabolit\u016f a t\u00edm n\u00e1sledn\u011b zlep\u0161en\u00edm zdravotn\u00edho stavu.","robots":{"index":"index","follow":"follow","max-snippet":"max-snippet:-1","max-image-preview":"max-image-preview:large","max-video-preview":"max-video-preview:-1"},"canonical":"http:\/\/sportfyziofit.cz\/de\/bankove-masaze\/","og_locale":"de_DE","og_type":"article","og_title":"[:cs]Ba\u0148kov\u00e9 mas\u00e1\u017ee[:en]Flask massage[:de]Flask Massage[:] &ndash; sportfyziofit.cz","og_description":"Ba\u0148kov\u00e9 mas\u00e1\u017ee jsou techniky zp\u016fsobuj\u00edc\u00ed v\u00fdrazn\u00e9 prokrven\u00ed struktur a odbour\u00e1n\u00ed ne\u017e\u00e1douc\u00edch metabolit\u016f a t\u00edm n\u00e1sledn\u011b zlep\u0161en\u00edm zdravotn\u00edho stavu.","og_url":"http:\/\/sportfyziofit.cz\/de\/bankove-masaze\/","og_site_name":"sportfyziofit.cz","article_publisher":"https:\/\/www.facebook.com\/sportfyziofit","article_modified_time":"2015-12-09T10:44:07+00:00","og_image":[{"url":"http:\/\/sportfyziofit.cz\/wp-content\/uploads\/2015\/11\/banky.png"}],"twitter_card":"summary_large_image","twitter_site":"@SportFyzioFit","twitter_misc":{"Gesch\u00e4tzte Lesezeit":"8\u00a0Minuten"},"schema":{"@context":"https:\/\/schema.org","@graph":[{"@type":"WebPage","@id":"http:\/\/sportfyziofit.cz\/de\/bankove-masaze\/","url":"http:\/\/sportfyziofit.cz\/de\/bankove-masaze\/","name":"[:cs]Ba\u0148kov\u00e9 mas\u00e1\u017ee[:en]Flask massage[:de]Flask Massage[:] &ndash; sportfyziofit.cz","isPartOf":{"@id":"https:\/\/sportfyziofit.cz\/cs\/#website"},"datePublished":"2015-11-16T10:09:46+00:00","dateModified":"2015-12-09T10:44:07+00:00","description":"Ba\u0148kov\u00e9 mas\u00e1\u017ee jsou techniky zp\u016fsobuj\u00edc\u00ed v\u00fdrazn\u00e9 prokrven\u00ed struktur a odbour\u00e1n\u00ed ne\u017e\u00e1douc\u00edch metabolit\u016f a t\u00edm n\u00e1sledn\u011b zlep\u0161en\u00edm zdravotn\u00edho stavu.","breadcrumb":{"@id":"http:\/\/sportfyziofit.cz\/de\/bankove-masaze\/#breadcrumb"},"inLanguage":"de","potentialAction":[{"@type":"ReadAction","target":["http:\/\/sportfyziofit.cz\/de\/bankove-masaze\/"]}]},{"@type":"BreadcrumbList","@id":"http:\/\/sportfyziofit.cz\/de\/bankove-masaze\/#breadcrumb","itemListElement":[{"@type":"ListItem","position":1,"name":"Home","item":"https:\/\/sportfyziofit.cz\/cs\/"},{"@type":"ListItem","position":2,"name":"Flask Massage"}]},{"@type":"WebSite","@id":"https:\/\/sportfyziofit.cz\/cs\/#website","url":"https:\/\/sportfyziofit.cz\/cs\/","name":"sportfyziofit.cz","description":"... Willkommen auf der Webseite mit Schwerpunkt auf Sport-Massage, Reflexzonenmassage , Entspannungsmassage, Massage-und Muskel-Skelett-Trauma-Beratung ...","potentialAction":[{"@type":"SearchAction","target":{"@type":"EntryPoint","urlTemplate":"https:\/\/sportfyziofit.cz\/cs\/?s={search_term_string}"},"query-input":"required name=search_term_string"}],"inLanguage":"de"}]}},"_links":{"self":[{"href":"https:\/\/sportfyziofit.cz\/de\/wp-json\/wp\/v2\/pages\/94"}],"collection":[{"href":"https:\/\/sportfyziofit.cz\/de\/wp-json\/wp\/v2\/pages"}],"about":[{"href":"https:\/\/sportfyziofit.cz\/de\/wp-json\/wp\/v2\/types\/page"}],"author":[{"embeddable":true,"href":"https:\/\/sportfyziofit.cz\/de\/wp-json\/wp\/v2\/users\/2"}],"replies":[{"embeddable":true,"href":"https:\/\/sportfyziofit.cz\/de\/wp-json\/wp\/v2\/comments?post=94"}],"version-history":[{"count":15,"href":"https:\/\/sportfyziofit.cz\/de\/wp-json\/wp\/v2\/pages\/94\/revisions"}],"predecessor-version":[{"id":556,"href":"https:\/\/sportfyziofit.cz\/de\/wp-json\/wp\/v2\/pages\/94\/revisions\/556"}],"wp:attachment":[{"href":"https:\/\/sportfyziofit.cz\/de\/wp-json\/wp\/v2\/media?parent=94"}],"curies":[{"name":"wp","href":"https:\/\/api.w.org\/{rel}","templated":true}]}}