{"id":272,"date":"2015-12-02T07:02:45","date_gmt":"2015-12-02T07:02:45","guid":{"rendered":"http:\/\/sportfyziofit.cz\/?page_id=272"},"modified":"2015-12-09T10:40:12","modified_gmt":"2015-12-09T10:40:12","slug":"fyzioterapeuticka-masaz","status":"publish","type":"page","link":"https:\/\/sportfyziofit.cz\/en\/fyzioterapeuticka-masaz\/","title":{"rendered":"Physiotherapy massage"},"content":{"rendered":"<p><div id=\"attachment_299\" style=\"width: 500px\" class=\"wp-caption aligncenter\"><a href=\"http:\/\/sportfyziofit.cz\/wp-content\/uploads\/2015\/12\/physioone.png\"><img aria-describedby=\"caption-attachment-299\" decoding=\"async\" loading=\"lazy\" class=\"wp-image-299 size-full\" src=\"http:\/\/sportfyziofit.cz\/wp-content\/uploads\/2015\/12\/physioone.png\" alt=\"Physiotherapy massage\" width=\"490\" height=\"333\" srcset=\"https:\/\/sportfyziofit.cz\/wp-content\/uploads\/2015\/12\/physioone.png 490w, https:\/\/sportfyziofit.cz\/wp-content\/uploads\/2015\/12\/physioone-300x204.png 300w\" sizes=\"(max-width: 490px) 100vw, 490px\" \/><\/a><p id=\"caption-attachment-299\" class=\"wp-caption-text\">Physiotherapy massage<\/p><\/div><\/p>\n<h2 style=\"text-align: justify;\">Physiotherapy massage<\/h2>\n<p style=\"text-align: justify;\">Physiotherapy massage compared to conventional, well-known massage (relaxation, regeneration, sports, Swedish) it is a very deep massage. When working with troubled parts of you may feel a lot of pressure on problem areas, you can feel the pain. In many cases, the need for cooperation klienty- prod\u00fdch\u00e1n\u00ed, targeted relaxation game with which therapist works. Pain perceives and tolerates everyone else, teamwork therapist with the client to ensure that any pain was pleasant, Sighs, bearable.<br \/>\nPhysiotherapy massage is used as a preventive measure before the occurrence of spinal pain, muscle and joint pain, as well as other health problems. Can compensate any overload or unilateral load individual.<\/p>\n<p style=\"text-align: justify;\">The structure of the massage began to penetrate up to 11 years of personal experience with massages like reflexology massage, sports massage, rejuvenating massage, physiotherapy and rehabilitation for professional athletes.<br \/>\nMassage is individual, is always momentary tailored to the specific problems of the client, his lifestyle and the actual motion stereotypes client.<br \/>\nWhen we take into account the state of physiotherapy massage muscles, joints, vascular and lymphatic system, the state of internal organs, any other health concerns of an individual, a history of trauma, surgery, mental state of the client.<\/p>\n<p style=\"text-align: justify;\">Physiotherapy massage given a clear structure and process &#8211; that is gradually works with all tissues. Yet performed individually. It is always tailored to the specific pain and problems, which the client suffers.<br \/>\nPhysiotherapy massage is targeted anatomic massage that relaxes muscles, which can be overloaded motion stereotypes, pulled muscles nerve root irritation, injury, or a somatic manifestation of the individual psyche.<\/p>\n<p style=\"text-align: justify;\">Compared to conventional massage works not only with superficial muscles, but we are working with three layers of muscle. It relaxes the muscles withdrawn as a result of irritation of the nerve root. Or withdrawals due to nerve imlups\u016f that are transmitted from the brain, thus any mental stress and traumatic experiences of the individual.<br \/>\nIt also works with joint connections. Intentionally releasing all sinew and muscle insertions affecting the function of the joints. In addition, we use massage to relax the muscles in this therapeutic massage, traction, mobilization and reflection methods. Then there may be painless movement of joints and spine and can also help with problems with arthritis of the joints which increases the traction between the articular space and relieves pain.<\/p>\n<p style=\"text-align: justify;\">More information can be found also on the <a href=\"http:\/\/www.maseri.cz\/katalog\/maseri\/jihomoravsky\/znojmo\/id=44018&amp;m=sport-fyzio-fit.html\" target=\"_blank\">website<\/a><\/p>\n<p><\/p>","protected":false},"excerpt":{"rendered":"<p>Physiotherapy massage Physiotherapy massage compared to conventional, well-known massage (relaxation, regeneration, sports, Swedish) it is a very deep massage. When working with troubled parts of you may feel a lot of pressure on problem areas, you can feel the pain. In many cases, the need for cooperation klienty- prod\u00fdch\u00e1n\u00ed, targeted relaxation game with which therapist [&hellip;]<\/p>\n","protected":false},"author":2,"featured_media":0,"parent":0,"menu_order":0,"comment_status":"closed","ping_status":"closed","template":"","meta":[],"yoast_head":"<!-- This site is optimized with the Yoast SEO plugin v19.11 - https:\/\/yoast.com\/wordpress\/plugins\/seo\/ -->\n<title>Physiotherapy massage &ndash; sportfyziofit.cz<\/title>\n<meta name=\"description\" content=\"Fyzioterapeutick\u00e1 mas\u00e1\u017e v \u0160atove u Znojma prob\u00edh\u00e1 individu\u00e1ln\u011b, je v\u017edy p\u0159izp\u016fsobena moment\u00e1ln\u00edm specifick\u00fdm obt\u00ed\u017e\u00edm klienta.\u00a0\" \/>\n<meta name=\"robots\" content=\"index, follow, max-snippet:-1, max-image-preview:large, max-video-preview:-1\" \/>\n<link rel=\"canonical\" href=\"http:\/\/sportfyziofit.cz\/de\/fyzioterapeuticka-masaz\/\" \/>\n<meta property=\"og:locale\" content=\"en_US\" \/>\n<meta property=\"og:type\" content=\"article\" \/>\n<meta property=\"og:title\" content=\"[:cs]Fyzioterapeutick\u00e1 mas\u00e1\u017e[:en]Physiotherapy massage[:de]Physiotherapie Massage[:] &ndash; sportfyziofit.cz\" \/>\n<meta property=\"og:description\" content=\"Fyzioterapeutick\u00e1 mas\u00e1\u017e v \u0160atove u Znojma prob\u00edh\u00e1 individu\u00e1ln\u011b, je v\u017edy p\u0159izp\u016fsobena moment\u00e1ln\u00edm specifick\u00fdm obt\u00ed\u017e\u00edm klienta.\u00a0\" \/>\n<meta property=\"og:url\" content=\"http:\/\/sportfyziofit.cz\/de\/fyzioterapeuticka-masaz\/\" \/>\n<meta property=\"og:site_name\" content=\"sportfyziofit.cz\" \/>\n<meta property=\"article:publisher\" content=\"https:\/\/www.facebook.com\/sportfyziofit\" \/>\n<meta property=\"article:modified_time\" content=\"2015-12-09T10:40:12+00:00\" \/>\n<meta property=\"og:image\" content=\"http:\/\/sportfyziofit.cz\/wp-content\/uploads\/2015\/12\/physioone.png\" \/>\n<meta name=\"twitter:card\" content=\"summary_large_image\" \/>\n<meta name=\"twitter:site\" content=\"@SportFyzioFit\" \/>\n<meta name=\"twitter:label1\" content=\"Est. reading time\" \/>\n\t<meta name=\"twitter:data1\" content=\"6 minutes\" \/>\n<script type=\"application\/ld+json\" class=\"yoast-schema-graph\">{\"@context\":\"https:\/\/schema.org\",\"@graph\":[{\"@type\":\"WebPage\",\"@id\":\"http:\/\/sportfyziofit.cz\/de\/fyzioterapeuticka-masaz\/\",\"url\":\"http:\/\/sportfyziofit.cz\/de\/fyzioterapeuticka-masaz\/\",\"name\":\"[:cs]Fyzioterapeutick\u00e1 mas\u00e1\u017e[:en]Physiotherapy massage[:de]Physiotherapie Massage[:] &ndash; sportfyziofit.cz\",\"isPartOf\":{\"@id\":\"https:\/\/sportfyziofit.cz\/cs\/#website\"},\"datePublished\":\"2015-12-02T07:02:45+00:00\",\"dateModified\":\"2015-12-09T10:40:12+00:00\",\"description\":\"Fyzioterapeutick\u00e1 mas\u00e1\u017e v \u0160atove u Znojma prob\u00edh\u00e1 individu\u00e1ln\u011b, je v\u017edy p\u0159izp\u016fsobena moment\u00e1ln\u00edm specifick\u00fdm obt\u00ed\u017e\u00edm klienta.\u00a0\",\"breadcrumb\":{\"@id\":\"http:\/\/sportfyziofit.cz\/de\/fyzioterapeuticka-masaz\/#breadcrumb\"},\"inLanguage\":\"en-US\",\"potentialAction\":[{\"@type\":\"ReadAction\",\"target\":[\"http:\/\/sportfyziofit.cz\/de\/fyzioterapeuticka-masaz\/\"]}]},{\"@type\":\"BreadcrumbList\",\"@id\":\"http:\/\/sportfyziofit.cz\/de\/fyzioterapeuticka-masaz\/#breadcrumb\",\"itemListElement\":[{\"@type\":\"ListItem\",\"position\":1,\"name\":\"Home\",\"item\":\"https:\/\/sportfyziofit.cz\/cs\/\"},{\"@type\":\"ListItem\",\"position\":2,\"name\":\"Physiotherapie Massage\"}]},{\"@type\":\"WebSite\",\"@id\":\"https:\/\/sportfyziofit.cz\/cs\/#website\",\"url\":\"https:\/\/sportfyziofit.cz\/cs\/\",\"name\":\"sportfyziofit.cz\",\"description\":\"... Welcome to the site focusing on sports massage, reflexology massage, relaxation massage, massage and musculoskeletal trauma counseling ...\",\"potentialAction\":[{\"@type\":\"SearchAction\",\"target\":{\"@type\":\"EntryPoint\",\"urlTemplate\":\"https:\/\/sportfyziofit.cz\/cs\/?s={search_term_string}\"},\"query-input\":\"required name=search_term_string\"}],\"inLanguage\":\"en-US\"}]}<\/script>\n<!-- \/ Yoast SEO plugin. -->","yoast_head_json":{"title":"[:cs]Fyzioterapeutick\u00e1 mas\u00e1\u017e[:en]Physiotherapy massage[:de]Physiotherapie Massage[:] &ndash; sportfyziofit.cz","description":"Fyzioterapeutick\u00e1 mas\u00e1\u017e v \u0160atove u Znojma prob\u00edh\u00e1 individu\u00e1ln\u011b, je v\u017edy p\u0159izp\u016fsobena moment\u00e1ln\u00edm specifick\u00fdm obt\u00ed\u017e\u00edm klienta.\u00a0","robots":{"index":"index","follow":"follow","max-snippet":"max-snippet:-1","max-image-preview":"max-image-preview:large","max-video-preview":"max-video-preview:-1"},"canonical":"http:\/\/sportfyziofit.cz\/de\/fyzioterapeuticka-masaz\/","og_locale":"en_US","og_type":"article","og_title":"[:cs]Fyzioterapeutick\u00e1 mas\u00e1\u017e[:en]Physiotherapy massage[:de]Physiotherapie Massage[:] &ndash; sportfyziofit.cz","og_description":"Fyzioterapeutick\u00e1 mas\u00e1\u017e v \u0160atove u Znojma prob\u00edh\u00e1 individu\u00e1ln\u011b, je v\u017edy p\u0159izp\u016fsobena moment\u00e1ln\u00edm specifick\u00fdm obt\u00ed\u017e\u00edm klienta.\u00a0","og_url":"http:\/\/sportfyziofit.cz\/de\/fyzioterapeuticka-masaz\/","og_site_name":"sportfyziofit.cz","article_publisher":"https:\/\/www.facebook.com\/sportfyziofit","article_modified_time":"2015-12-09T10:40:12+00:00","og_image":[{"url":"http:\/\/sportfyziofit.cz\/wp-content\/uploads\/2015\/12\/physioone.png"}],"twitter_card":"summary_large_image","twitter_site":"@SportFyzioFit","twitter_misc":{"Est. reading time":"6 minutes"},"schema":{"@context":"https:\/\/schema.org","@graph":[{"@type":"WebPage","@id":"http:\/\/sportfyziofit.cz\/de\/fyzioterapeuticka-masaz\/","url":"http:\/\/sportfyziofit.cz\/de\/fyzioterapeuticka-masaz\/","name":"[:cs]Fyzioterapeutick\u00e1 mas\u00e1\u017e[:en]Physiotherapy massage[:de]Physiotherapie Massage[:] &ndash; sportfyziofit.cz","isPartOf":{"@id":"https:\/\/sportfyziofit.cz\/cs\/#website"},"datePublished":"2015-12-02T07:02:45+00:00","dateModified":"2015-12-09T10:40:12+00:00","description":"Fyzioterapeutick\u00e1 mas\u00e1\u017e v \u0160atove u Znojma prob\u00edh\u00e1 individu\u00e1ln\u011b, je v\u017edy p\u0159izp\u016fsobena moment\u00e1ln\u00edm specifick\u00fdm obt\u00ed\u017e\u00edm klienta.\u00a0","breadcrumb":{"@id":"http:\/\/sportfyziofit.cz\/de\/fyzioterapeuticka-masaz\/#breadcrumb"},"inLanguage":"en-US","potentialAction":[{"@type":"ReadAction","target":["http:\/\/sportfyziofit.cz\/de\/fyzioterapeuticka-masaz\/"]}]},{"@type":"BreadcrumbList","@id":"http:\/\/sportfyziofit.cz\/de\/fyzioterapeuticka-masaz\/#breadcrumb","itemListElement":[{"@type":"ListItem","position":1,"name":"Home","item":"https:\/\/sportfyziofit.cz\/cs\/"},{"@type":"ListItem","position":2,"name":"Physiotherapie Massage"}]},{"@type":"WebSite","@id":"https:\/\/sportfyziofit.cz\/cs\/#website","url":"https:\/\/sportfyziofit.cz\/cs\/","name":"sportfyziofit.cz","description":"... Welcome to the site focusing on sports massage, reflexology massage, relaxation massage, massage and musculoskeletal trauma counseling ...","potentialAction":[{"@type":"SearchAction","target":{"@type":"EntryPoint","urlTemplate":"https:\/\/sportfyziofit.cz\/cs\/?s={search_term_string}"},"query-input":"required name=search_term_string"}],"inLanguage":"en-US"}]}},"_links":{"self":[{"href":"https:\/\/sportfyziofit.cz\/en\/wp-json\/wp\/v2\/pages\/272"}],"collection":[{"href":"https:\/\/sportfyziofit.cz\/en\/wp-json\/wp\/v2\/pages"}],"about":[{"href":"https:\/\/sportfyziofit.cz\/en\/wp-json\/wp\/v2\/types\/page"}],"author":[{"embeddable":true,"href":"https:\/\/sportfyziofit.cz\/en\/wp-json\/wp\/v2\/users\/2"}],"replies":[{"embeddable":true,"href":"https:\/\/sportfyziofit.cz\/en\/wp-json\/wp\/v2\/comments?post=272"}],"version-history":[{"count":8,"href":"https:\/\/sportfyziofit.cz\/en\/wp-json\/wp\/v2\/pages\/272\/revisions"}],"predecessor-version":[{"id":541,"href":"https:\/\/sportfyziofit.cz\/en\/wp-json\/wp\/v2\/pages\/272\/revisions\/541"}],"wp:attachment":[{"href":"https:\/\/sportfyziofit.cz\/en\/wp-json\/wp\/v2\/media?parent=272"}],"curies":[{"name":"wp","href":"https:\/\/api.w.org\/{rel}","templated":true}]}}