{"id":290,"date":"2015-12-02T07:49:15","date_gmt":"2015-12-02T07:49:15","guid":{"rendered":"http:\/\/sportfyziofit.cz\/?page_id=290"},"modified":"2015-12-09T10:40:55","modified_gmt":"2015-12-09T10:40:55","slug":"trigger-points-masaz","status":"publish","type":"page","link":"https:\/\/sportfyziofit.cz\/en\/trigger-points-masaz\/","title":{"rendered":"Trigger points massage"},"content":{"rendered":"<p><div id=\"attachment_293\" style=\"width: 644px\" class=\"wp-caption aligncenter\"><a href=\"http:\/\/sportfyziofit.cz\/wp-content\/uploads\/2015\/12\/triggersss.png\"><img aria-describedby=\"caption-attachment-293\" decoding=\"async\" loading=\"lazy\" class=\"wp-image-293 size-full\" src=\"http:\/\/sportfyziofit.cz\/wp-content\/uploads\/2015\/12\/triggersss.png\" alt=\"Trigger points massage\" width=\"634\" height=\"267\" srcset=\"https:\/\/sportfyziofit.cz\/wp-content\/uploads\/2015\/12\/triggersss.png 634w, https:\/\/sportfyziofit.cz\/wp-content\/uploads\/2015\/12\/triggersss-300x126.png 300w\" sizes=\"(max-width: 634px) 100vw, 634px\" \/><\/a><p id=\"caption-attachment-293\" class=\"wp-caption-text\">Trigger points massage<\/p><\/div><\/p>\n<h2 style=\"text-align: justify;\">Trigger points massage<\/h2>\n<p style=\"text-align: justify;\">Massage trigger points (trigger points) are small solid nodules in the muscles, which can be very painful on palpation. They are caused by the local muscle tension of the muscle fibers with minor biochemical changes in the surroundings. Reflexology &#8211; the label includes a large number of techniques that have evolved since time immemorial.<\/p>\n<p style=\"text-align: justify;\">These biochemical changes lead to a breakdown of muscle function and development of the <strong>so-called. Delegated pain.<\/strong><\/p>\n<p style=\"text-align: justify;\">Given that istenceex trigger point is associated with muscle disorder, it is necessarily work with the muscle itself. The therapy may therefore establish massage to release the fibers, but at the muscle insertions. Further exercises that will work on the release of muscle, this leads to a gradual healing muscle.<\/p>\n<p style=\"text-align: justify;\"><strong>The emergence of Trp:<\/strong><\/p>\n<ul style=\"text-align: justify;\">\n<li>Physical overload the muscle<\/li>\n<li>Muscle injury<\/li>\n<li>Increased impulses coming into the muscle along the nerve fibers<\/li>\n<li>The long-term continuous or repeated mechanical irritation of nerve fibers (blockade of spinal disc herniation, osteophytes etc.)<\/li>\n<li>Psychological impulses emanating from the brain (fear, \u00faskost, panic, depression, nervousness and even other serious mental illnesses)<\/li>\n<li>Referred pain may occur often very far from the location of the trigger point.<\/li>\n<\/ul>\n<p style=\"text-align: justify;\">For some, the presence of muscle referred pain readily demonstrated by pressing the trigger point. Pain signals are mixed in the intricate network of neural pathways. Lanes sensory perceptions from different points converge to a single neurons in the spinal cord, which are combined and adapted before it reaches the brain. Under these conditions, it is possible that electrical signals to the nerve-level influence each other, resulting in a distorted or transferred idea about the source of pain.<\/p>\n<p style=\"text-align: justify;\">For effective effect therapy must focus directly on the trigger point. The easiest and safest method is deep or reflexology massage specific trigger points. It is important to find the right spot. Develops such pressure on him to take the pain on a scale of 1-10 was around seventh Initially, it&#8217;s not very pleasant, but after a very short period of time occurs relief<\/p>\n<p style=\"text-align: justify;\">They are probably also TrP that mere reflexology and deep massage improves. And there is a place deep friction or grinding. Doctors also use a method of dry needles when the TrP to introduce a strong needle. Great pain during surgery but very reflectively can heal itself TrP.<\/p>\n<p style=\"text-align: justify;\">This massage can be recommended to all who complain of headaches, back pain, joint pain and others that relate to musculoskeletal.<\/p>\n<p style=\"text-align: justify;\">Furthermore, all who are experiencing anxiety, hopelessness, restlessness, depression or have a psychiatric disorder. Expressions of pain on the body can be somatization of these mental states.<\/p>\n<p style=\"text-align: justify;\">More information can be found also on the <a href=\"http:\/\/www.maseri.cz\/katalog\/maseri\/jihomoravsky\/znojmo\/id=44018&amp;m=sport-fyzio-fit.html\" target=\"_blank\">website<\/a><\/p>\n<p><\/p>","protected":false},"excerpt":{"rendered":"<p>Trigger points massage Massage trigger points (trigger points) are small solid nodules in the muscles, which can be very painful on palpation. They are caused by the local muscle tension of the muscle fibers with minor biochemical changes in the surroundings. Reflexology &#8211; the label includes a large number of techniques that have evolved since [&hellip;]<\/p>\n","protected":false},"author":2,"featured_media":0,"parent":0,"menu_order":0,"comment_status":"closed","ping_status":"closed","template":"","meta":[],"yoast_head":"<!-- This site is optimized with the Yoast SEO plugin v19.11 - https:\/\/yoast.com\/wordpress\/plugins\/seo\/ -->\n<title>Trigger points massage &ndash; sportfyziofit.cz<\/title>\n<meta name=\"description\" content=\"Trigger points mas\u00e1\u017e je zam\u011b\u0159ena odbourat mal\u00e9 tuh\u00e9 uzl\u00edky ve svalech, kter\u00e9 mohou b\u00fdt na pohmat siln\u011b bolestiv\u00e9 to d\u00edky spr\u00e1vn\u00e9 diagn\u00f3ze a technice.\" \/>\n<meta name=\"robots\" content=\"index, follow, max-snippet:-1, max-image-preview:large, max-video-preview:-1\" \/>\n<link rel=\"canonical\" href=\"http:\/\/sportfyziofit.cz\/cs\/trigger-points-masaz\/\" \/>\n<meta property=\"og:locale\" content=\"en_US\" \/>\n<meta property=\"og:type\" content=\"article\" \/>\n<meta property=\"og:title\" content=\"[:cs]Trigger points mas\u00e1\u017e[:en]Trigger points massage[:de]Triggerpunkte Massage[:] &ndash; sportfyziofit.cz\" \/>\n<meta property=\"og:description\" content=\"Trigger points mas\u00e1\u017e je zam\u011b\u0159ena odbourat mal\u00e9 tuh\u00e9 uzl\u00edky ve svalech, kter\u00e9 mohou b\u00fdt na pohmat siln\u011b bolestiv\u00e9 to d\u00edky spr\u00e1vn\u00e9 diagn\u00f3ze a technice.\" \/>\n<meta property=\"og:url\" content=\"http:\/\/sportfyziofit.cz\/cs\/trigger-points-masaz\/\" \/>\n<meta property=\"og:site_name\" content=\"sportfyziofit.cz\" \/>\n<meta property=\"article:publisher\" content=\"https:\/\/www.facebook.com\/sportfyziofit\" \/>\n<meta property=\"article:modified_time\" content=\"2015-12-09T10:40:55+00:00\" \/>\n<meta property=\"og:image\" content=\"http:\/\/sportfyziofit.cz\/wp-content\/uploads\/2015\/12\/triggersss.png\" \/>\n<meta name=\"twitter:card\" content=\"summary_large_image\" \/>\n<meta name=\"twitter:site\" content=\"@SportFyzioFit\" \/>\n<meta name=\"twitter:label1\" content=\"Est. reading time\" \/>\n\t<meta name=\"twitter:data1\" content=\"7 minutes\" \/>\n<script type=\"application\/ld+json\" class=\"yoast-schema-graph\">{\"@context\":\"https:\/\/schema.org\",\"@graph\":[{\"@type\":\"WebPage\",\"@id\":\"http:\/\/sportfyziofit.cz\/cs\/trigger-points-masaz\/\",\"url\":\"http:\/\/sportfyziofit.cz\/cs\/trigger-points-masaz\/\",\"name\":\"[:cs]Trigger points mas\u00e1\u017e[:en]Trigger points massage[:de]Triggerpunkte Massage[:] &ndash; sportfyziofit.cz\",\"isPartOf\":{\"@id\":\"https:\/\/sportfyziofit.cz\/cs\/#website\"},\"datePublished\":\"2015-12-02T07:49:15+00:00\",\"dateModified\":\"2015-12-09T10:40:55+00:00\",\"description\":\"Trigger points mas\u00e1\u017e je zam\u011b\u0159ena odbourat mal\u00e9 tuh\u00e9 uzl\u00edky ve svalech, kter\u00e9 mohou b\u00fdt na pohmat siln\u011b bolestiv\u00e9 to d\u00edky spr\u00e1vn\u00e9 diagn\u00f3ze a technice.\",\"breadcrumb\":{\"@id\":\"http:\/\/sportfyziofit.cz\/cs\/trigger-points-masaz\/#breadcrumb\"},\"inLanguage\":\"en-US\",\"potentialAction\":[{\"@type\":\"ReadAction\",\"target\":[\"http:\/\/sportfyziofit.cz\/cs\/trigger-points-masaz\/\"]}]},{\"@type\":\"BreadcrumbList\",\"@id\":\"http:\/\/sportfyziofit.cz\/cs\/trigger-points-masaz\/#breadcrumb\",\"itemListElement\":[{\"@type\":\"ListItem\",\"position\":1,\"name\":\"Home\",\"item\":\"https:\/\/sportfyziofit.cz\/cs\/\"},{\"@type\":\"ListItem\",\"position\":2,\"name\":\"Trigger points mas\u00e1\u017e\"}]},{\"@type\":\"WebSite\",\"@id\":\"https:\/\/sportfyziofit.cz\/cs\/#website\",\"url\":\"https:\/\/sportfyziofit.cz\/cs\/\",\"name\":\"sportfyziofit.cz\",\"description\":\"... Welcome to the site focusing on sports massage, reflexology massage, relaxation massage, massage and musculoskeletal trauma counseling ...\",\"potentialAction\":[{\"@type\":\"SearchAction\",\"target\":{\"@type\":\"EntryPoint\",\"urlTemplate\":\"https:\/\/sportfyziofit.cz\/cs\/?s={search_term_string}\"},\"query-input\":\"required name=search_term_string\"}],\"inLanguage\":\"en-US\"}]}<\/script>\n<!-- \/ Yoast SEO plugin. -->","yoast_head_json":{"title":"[:cs]Trigger points mas\u00e1\u017e[:en]Trigger points massage[:de]Triggerpunkte Massage[:] &ndash; sportfyziofit.cz","description":"Trigger points mas\u00e1\u017e je zam\u011b\u0159ena odbourat mal\u00e9 tuh\u00e9 uzl\u00edky ve svalech, kter\u00e9 mohou b\u00fdt na pohmat siln\u011b bolestiv\u00e9 to d\u00edky spr\u00e1vn\u00e9 diagn\u00f3ze a technice.","robots":{"index":"index","follow":"follow","max-snippet":"max-snippet:-1","max-image-preview":"max-image-preview:large","max-video-preview":"max-video-preview:-1"},"canonical":"http:\/\/sportfyziofit.cz\/cs\/trigger-points-masaz\/","og_locale":"en_US","og_type":"article","og_title":"[:cs]Trigger points mas\u00e1\u017e[:en]Trigger points massage[:de]Triggerpunkte Massage[:] &ndash; sportfyziofit.cz","og_description":"Trigger points mas\u00e1\u017e je zam\u011b\u0159ena odbourat mal\u00e9 tuh\u00e9 uzl\u00edky ve svalech, kter\u00e9 mohou b\u00fdt na pohmat siln\u011b bolestiv\u00e9 to d\u00edky spr\u00e1vn\u00e9 diagn\u00f3ze a technice.","og_url":"http:\/\/sportfyziofit.cz\/cs\/trigger-points-masaz\/","og_site_name":"sportfyziofit.cz","article_publisher":"https:\/\/www.facebook.com\/sportfyziofit","article_modified_time":"2015-12-09T10:40:55+00:00","og_image":[{"url":"http:\/\/sportfyziofit.cz\/wp-content\/uploads\/2015\/12\/triggersss.png"}],"twitter_card":"summary_large_image","twitter_site":"@SportFyzioFit","twitter_misc":{"Est. reading time":"7 minutes"},"schema":{"@context":"https:\/\/schema.org","@graph":[{"@type":"WebPage","@id":"http:\/\/sportfyziofit.cz\/cs\/trigger-points-masaz\/","url":"http:\/\/sportfyziofit.cz\/cs\/trigger-points-masaz\/","name":"[:cs]Trigger points mas\u00e1\u017e[:en]Trigger points massage[:de]Triggerpunkte Massage[:] &ndash; sportfyziofit.cz","isPartOf":{"@id":"https:\/\/sportfyziofit.cz\/cs\/#website"},"datePublished":"2015-12-02T07:49:15+00:00","dateModified":"2015-12-09T10:40:55+00:00","description":"Trigger points mas\u00e1\u017e je zam\u011b\u0159ena odbourat mal\u00e9 tuh\u00e9 uzl\u00edky ve svalech, kter\u00e9 mohou b\u00fdt na pohmat siln\u011b bolestiv\u00e9 to d\u00edky spr\u00e1vn\u00e9 diagn\u00f3ze a technice.","breadcrumb":{"@id":"http:\/\/sportfyziofit.cz\/cs\/trigger-points-masaz\/#breadcrumb"},"inLanguage":"en-US","potentialAction":[{"@type":"ReadAction","target":["http:\/\/sportfyziofit.cz\/cs\/trigger-points-masaz\/"]}]},{"@type":"BreadcrumbList","@id":"http:\/\/sportfyziofit.cz\/cs\/trigger-points-masaz\/#breadcrumb","itemListElement":[{"@type":"ListItem","position":1,"name":"Home","item":"https:\/\/sportfyziofit.cz\/cs\/"},{"@type":"ListItem","position":2,"name":"Trigger points mas\u00e1\u017e"}]},{"@type":"WebSite","@id":"https:\/\/sportfyziofit.cz\/cs\/#website","url":"https:\/\/sportfyziofit.cz\/cs\/","name":"sportfyziofit.cz","description":"... Welcome to the site focusing on sports massage, reflexology massage, relaxation massage, massage and musculoskeletal trauma counseling ...","potentialAction":[{"@type":"SearchAction","target":{"@type":"EntryPoint","urlTemplate":"https:\/\/sportfyziofit.cz\/cs\/?s={search_term_string}"},"query-input":"required name=search_term_string"}],"inLanguage":"en-US"}]}},"_links":{"self":[{"href":"https:\/\/sportfyziofit.cz\/en\/wp-json\/wp\/v2\/pages\/290"}],"collection":[{"href":"https:\/\/sportfyziofit.cz\/en\/wp-json\/wp\/v2\/pages"}],"about":[{"href":"https:\/\/sportfyziofit.cz\/en\/wp-json\/wp\/v2\/types\/page"}],"author":[{"embeddable":true,"href":"https:\/\/sportfyziofit.cz\/en\/wp-json\/wp\/v2\/users\/2"}],"replies":[{"embeddable":true,"href":"https:\/\/sportfyziofit.cz\/en\/wp-json\/wp\/v2\/comments?post=290"}],"version-history":[{"count":7,"href":"https:\/\/sportfyziofit.cz\/en\/wp-json\/wp\/v2\/pages\/290\/revisions"}],"predecessor-version":[{"id":543,"href":"https:\/\/sportfyziofit.cz\/en\/wp-json\/wp\/v2\/pages\/290\/revisions\/543"}],"wp:attachment":[{"href":"https:\/\/sportfyziofit.cz\/en\/wp-json\/wp\/v2\/media?parent=290"}],"curies":[{"name":"wp","href":"https:\/\/api.w.org\/{rel}","templated":true}]}}