{"id":302,"date":"2015-12-02T08:28:12","date_gmt":"2015-12-02T08:28:12","guid":{"rendered":"http:\/\/sportfyziofit.cz\/?page_id=302"},"modified":"2015-12-09T10:46:04","modified_gmt":"2015-12-09T10:46:04","slug":"masaze-pro-sportovce","status":"publish","type":"page","link":"https:\/\/sportfyziofit.cz\/en\/masaze-pro-sportovce\/","title":{"rendered":"Massage for Athletes"},"content":{"rendered":"<p><div id=\"attachment_306\" style=\"width: 657px\" class=\"wp-caption aligncenter\"><a href=\"http:\/\/sportfyziofit.cz\/wp-content\/uploads\/2015\/12\/sportovci.png\"><img aria-describedby=\"caption-attachment-306\" decoding=\"async\" loading=\"lazy\" class=\"wp-image-306 size-full\" title=\"Massages for cyklists and athletes\" src=\"http:\/\/sportfyziofit.cz\/wp-content\/uploads\/2015\/12\/sportovci.png\" alt=\"Massage for Athletes\" width=\"647\" height=\"322\" srcset=\"https:\/\/sportfyziofit.cz\/wp-content\/uploads\/2015\/12\/sportovci.png 647w, https:\/\/sportfyziofit.cz\/wp-content\/uploads\/2015\/12\/sportovci-300x149.png 300w\" sizes=\"(max-width: 647px) 100vw, 647px\" \/><\/a><p id=\"caption-attachment-306\" class=\"wp-caption-text\">Massage for Athletes<\/p><\/div><\/p>\n<h2 style=\"text-align: justify;\">Massage for Athletes<\/h2>\n<p style=\"text-align: justify;\">Massage for Athletes is a technology tailor-made for the athlete&#8217;s body, which is subjected to one-sided physical demands, has without good fitness, compensation and regeneration program, resulting in a malfunction of the muscular system. Among the sports where the body unilaterally law burdens include golf and tennis. Other sports such as eg. Hockey, squash, floorball.<\/p>\n<p style=\"text-align: justify;\">If you bother to unilaterally still the same muscle groups, not regenerate them (do not release it), and we lack compensation exercises, these muscle groups are then continue in everyday life overloaded. These muscle groups that do not involve simplex load, while the decline. There is a muscle dysharmonii, dysstabilizaci athletes and movement coordination is suboptimal. Which leads to poor performance and back and joint pain.,<\/p>\n<p style=\"text-align: justify;\">Freedom of movement is controlled by the cerebral cortex and is relatively slow. It can be consciously controlled and repaired. Rapid movement may be carried out only as a learned and fully automated. Arises from the movement pattern formation. Locomotor pattern is formed on the basis of regular repetition. Sport requires optimal, fast, ie automatic coordination of movement. We achieved the previous regular training for all positions and motions that the sport requires. We train at first slowly, thoughtfully with perfect control. Only then we are accelerating movement. In sports training is necessary to achieve optimal coordination and further stabilize the pelvis torso and head, and leave only the free movement of limbs. To achieve this, we need good compensation and restoration program.<\/p>\n<h4 style=\"text-align: justify;\">Improve your performance<\/h4>\n<p style=\"text-align: justify;\">We will create individual regeneration, good compensation and conditioning program, depending on your load sports and lifestyle. The regeneration program consists of manual therapy (massage and techniques), which focuses on soft tissue, joints and spine.<br \/>\nTechniques that use in therapy aimed relax tense muscle fibers, which prevents movement of the fibers in the area. Tense releasing fibers and facilitates weakened. We also use the release of the spine and joints traction and mobilization techniques. By breaking down the muscle you are able to optimum coordination of movement that sport requires and thus grow and your athletic performance.<\/p>\n<p style=\"text-align: justify;\">As a fitness and compensatory training to improve athletic performance and to prevent overloading and degeneration of the spine and large joints in sport, particularly in sports with unilateral loads &#8211; eg. Golf, tennis, cycling, athletics.<\/p>\n<p style=\"text-align: justify;\">Many athletes use this exercise as fitness training in order to prevent overloading and degeneration of the spine and large joints in sport and improve athletic performance! Exercise unilaterally overtaxed muscles stretched and teaches them to relax both body spiral stabilizes. Which allows relaxed and precise movement, alleviates back pain and improves performance.<\/p>\n<p style=\"text-align: justify;\">More information can be found also on the following <a href=\"http:\/\/www.maseri.cz\/katalog\/maseri\/jihomoravsky\/znojmo\/id=44018&amp;m=sport-fyzio-fit.html\" target=\"_blank\">website<\/a><\/p>\n<p><\/p>","protected":false},"excerpt":{"rendered":"<p>Massage for Athletes Massage for Athletes is a technology tailor-made for the athlete&#8217;s body, which is subjected to one-sided physical demands, has without good fitness, compensation and regeneration program, resulting in a malfunction of the muscular system. Among the sports where the body unilaterally law burdens include golf and tennis. Other sports such as eg. [&hellip;]<\/p>\n","protected":false},"author":2,"featured_media":0,"parent":0,"menu_order":0,"comment_status":"closed","ping_status":"closed","template":"","meta":[],"yoast_head":"<!-- This site is optimized with the Yoast SEO plugin v19.11 - https:\/\/yoast.com\/wordpress\/plugins\/seo\/ -->\n<title>Massage for Athletes &ndash; sportfyziofit.cz<\/title>\n<meta name=\"description\" content=\"Mas\u00e1\u017ee pro sportovce je technika \u0161it\u00e1 na m\u00edru pro t\u011blo, kter\u00e9 je vystaveno jednostrann\u00e9mu fyzick\u00e9mu zat\u00ed\u017een\u00ed.\u00a0Zlep\u0161en\u00ed v\u00fdkonu a regenerace sval\u016f.\" \/>\n<meta name=\"robots\" content=\"index, follow, max-snippet:-1, max-image-preview:large, max-video-preview:-1\" \/>\n<link rel=\"canonical\" href=\"https:\/\/sportfyziofit.cz\/en\/masaze-pro-sportovce\/\" \/>\n<meta property=\"og:locale\" content=\"en_US\" \/>\n<meta property=\"og:type\" content=\"article\" \/>\n<meta property=\"og:title\" content=\"[:cs]Mas\u00e1\u017ee pro sportovce[:en]Massage for Athletes[:de]Massage f\u00fcr Sportler[:] &ndash; sportfyziofit.cz\" \/>\n<meta property=\"og:description\" content=\"Mas\u00e1\u017ee pro sportovce je technika \u0161it\u00e1 na m\u00edru pro t\u011blo, kter\u00e9 je vystaveno jednostrann\u00e9mu fyzick\u00e9mu zat\u00ed\u017een\u00ed.\u00a0Zlep\u0161en\u00ed v\u00fdkonu a regenerace sval\u016f.\" \/>\n<meta property=\"og:url\" content=\"https:\/\/sportfyziofit.cz\/en\/masaze-pro-sportovce\/\" \/>\n<meta property=\"og:site_name\" content=\"sportfyziofit.cz\" \/>\n<meta property=\"article:publisher\" content=\"https:\/\/www.facebook.com\/sportfyziofit\" \/>\n<meta property=\"article:modified_time\" content=\"2015-12-09T10:46:04+00:00\" \/>\n<meta property=\"og:image\" content=\"http:\/\/sportfyziofit.cz\/wp-content\/uploads\/2015\/12\/sportovci.png\" \/>\n<meta name=\"twitter:card\" content=\"summary_large_image\" \/>\n<meta name=\"twitter:site\" content=\"@SportFyzioFit\" \/>\n<meta name=\"twitter:label1\" content=\"Est. reading time\" \/>\n\t<meta name=\"twitter:data1\" content=\"8 minutes\" \/>\n<script type=\"application\/ld+json\" class=\"yoast-schema-graph\">{\"@context\":\"https:\/\/schema.org\",\"@graph\":[{\"@type\":\"WebPage\",\"@id\":\"https:\/\/sportfyziofit.cz\/en\/masaze-pro-sportovce\/\",\"url\":\"https:\/\/sportfyziofit.cz\/en\/masaze-pro-sportovce\/\",\"name\":\"[:cs]Mas\u00e1\u017ee pro sportovce[:en]Massage for Athletes[:de]Massage f\u00fcr Sportler[:] &ndash; sportfyziofit.cz\",\"isPartOf\":{\"@id\":\"http:\/\/sportfyziofit.cz\/cs\/#website\"},\"datePublished\":\"2015-12-02T08:28:12+00:00\",\"dateModified\":\"2015-12-09T10:46:04+00:00\",\"description\":\"Mas\u00e1\u017ee pro sportovce je technika \u0161it\u00e1 na m\u00edru pro t\u011blo, kter\u00e9 je vystaveno jednostrann\u00e9mu fyzick\u00e9mu zat\u00ed\u017een\u00ed.\u00a0Zlep\u0161en\u00ed v\u00fdkonu a regenerace sval\u016f.\",\"breadcrumb\":{\"@id\":\"https:\/\/sportfyziofit.cz\/en\/masaze-pro-sportovce\/#breadcrumb\"},\"inLanguage\":\"en-US\",\"potentialAction\":[{\"@type\":\"ReadAction\",\"target\":[\"https:\/\/sportfyziofit.cz\/en\/masaze-pro-sportovce\/\"]}]},{\"@type\":\"BreadcrumbList\",\"@id\":\"https:\/\/sportfyziofit.cz\/en\/masaze-pro-sportovce\/#breadcrumb\",\"itemListElement\":[{\"@type\":\"ListItem\",\"position\":1,\"name\":\"Home\",\"item\":\"http:\/\/sportfyziofit.cz\/cs\/\"},{\"@type\":\"ListItem\",\"position\":2,\"name\":\"Massage for Athletes\"}]},{\"@type\":\"WebSite\",\"@id\":\"http:\/\/sportfyziofit.cz\/cs\/#website\",\"url\":\"http:\/\/sportfyziofit.cz\/cs\/\",\"name\":\"sportfyziofit.cz\",\"description\":\"... Welcome to the site focusing on sports massage, reflexology massage, relaxation massage, massage and musculoskeletal trauma counseling ...\",\"potentialAction\":[{\"@type\":\"SearchAction\",\"target\":{\"@type\":\"EntryPoint\",\"urlTemplate\":\"http:\/\/sportfyziofit.cz\/cs\/?s={search_term_string}\"},\"query-input\":\"required name=search_term_string\"}],\"inLanguage\":\"en-US\"}]}<\/script>\n<!-- \/ Yoast SEO plugin. -->","yoast_head_json":{"title":"[:cs]Mas\u00e1\u017ee pro sportovce[:en]Massage for Athletes[:de]Massage f\u00fcr Sportler[:] &ndash; sportfyziofit.cz","description":"Mas\u00e1\u017ee pro sportovce je technika \u0161it\u00e1 na m\u00edru pro t\u011blo, kter\u00e9 je vystaveno jednostrann\u00e9mu fyzick\u00e9mu zat\u00ed\u017een\u00ed.\u00a0Zlep\u0161en\u00ed v\u00fdkonu a regenerace sval\u016f.","robots":{"index":"index","follow":"follow","max-snippet":"max-snippet:-1","max-image-preview":"max-image-preview:large","max-video-preview":"max-video-preview:-1"},"canonical":"https:\/\/sportfyziofit.cz\/en\/masaze-pro-sportovce\/","og_locale":"en_US","og_type":"article","og_title":"[:cs]Mas\u00e1\u017ee pro sportovce[:en]Massage for Athletes[:de]Massage f\u00fcr Sportler[:] &ndash; sportfyziofit.cz","og_description":"Mas\u00e1\u017ee pro sportovce je technika \u0161it\u00e1 na m\u00edru pro t\u011blo, kter\u00e9 je vystaveno jednostrann\u00e9mu fyzick\u00e9mu zat\u00ed\u017een\u00ed.\u00a0Zlep\u0161en\u00ed v\u00fdkonu a regenerace sval\u016f.","og_url":"https:\/\/sportfyziofit.cz\/en\/masaze-pro-sportovce\/","og_site_name":"sportfyziofit.cz","article_publisher":"https:\/\/www.facebook.com\/sportfyziofit","article_modified_time":"2015-12-09T10:46:04+00:00","og_image":[{"url":"http:\/\/sportfyziofit.cz\/wp-content\/uploads\/2015\/12\/sportovci.png"}],"twitter_card":"summary_large_image","twitter_site":"@SportFyzioFit","twitter_misc":{"Est. reading time":"8 minutes"},"schema":{"@context":"https:\/\/schema.org","@graph":[{"@type":"WebPage","@id":"https:\/\/sportfyziofit.cz\/en\/masaze-pro-sportovce\/","url":"https:\/\/sportfyziofit.cz\/en\/masaze-pro-sportovce\/","name":"[:cs]Mas\u00e1\u017ee pro sportovce[:en]Massage for Athletes[:de]Massage f\u00fcr Sportler[:] &ndash; sportfyziofit.cz","isPartOf":{"@id":"http:\/\/sportfyziofit.cz\/cs\/#website"},"datePublished":"2015-12-02T08:28:12+00:00","dateModified":"2015-12-09T10:46:04+00:00","description":"Mas\u00e1\u017ee pro sportovce je technika \u0161it\u00e1 na m\u00edru pro t\u011blo, kter\u00e9 je vystaveno jednostrann\u00e9mu fyzick\u00e9mu zat\u00ed\u017een\u00ed.\u00a0Zlep\u0161en\u00ed v\u00fdkonu a regenerace sval\u016f.","breadcrumb":{"@id":"https:\/\/sportfyziofit.cz\/en\/masaze-pro-sportovce\/#breadcrumb"},"inLanguage":"en-US","potentialAction":[{"@type":"ReadAction","target":["https:\/\/sportfyziofit.cz\/en\/masaze-pro-sportovce\/"]}]},{"@type":"BreadcrumbList","@id":"https:\/\/sportfyziofit.cz\/en\/masaze-pro-sportovce\/#breadcrumb","itemListElement":[{"@type":"ListItem","position":1,"name":"Home","item":"http:\/\/sportfyziofit.cz\/cs\/"},{"@type":"ListItem","position":2,"name":"Massage for Athletes"}]},{"@type":"WebSite","@id":"http:\/\/sportfyziofit.cz\/cs\/#website","url":"http:\/\/sportfyziofit.cz\/cs\/","name":"sportfyziofit.cz","description":"... Welcome to the site focusing on sports massage, reflexology massage, relaxation massage, massage and musculoskeletal trauma counseling ...","potentialAction":[{"@type":"SearchAction","target":{"@type":"EntryPoint","urlTemplate":"http:\/\/sportfyziofit.cz\/cs\/?s={search_term_string}"},"query-input":"required name=search_term_string"}],"inLanguage":"en-US"}]}},"_links":{"self":[{"href":"https:\/\/sportfyziofit.cz\/en\/wp-json\/wp\/v2\/pages\/302"}],"collection":[{"href":"https:\/\/sportfyziofit.cz\/en\/wp-json\/wp\/v2\/pages"}],"about":[{"href":"https:\/\/sportfyziofit.cz\/en\/wp-json\/wp\/v2\/types\/page"}],"author":[{"embeddable":true,"href":"https:\/\/sportfyziofit.cz\/en\/wp-json\/wp\/v2\/users\/2"}],"replies":[{"embeddable":true,"href":"https:\/\/sportfyziofit.cz\/en\/wp-json\/wp\/v2\/comments?post=302"}],"version-history":[{"count":17,"href":"https:\/\/sportfyziofit.cz\/en\/wp-json\/wp\/v2\/pages\/302\/revisions"}],"predecessor-version":[{"id":564,"href":"https:\/\/sportfyziofit.cz\/en\/wp-json\/wp\/v2\/pages\/302\/revisions\/564"}],"wp:attachment":[{"href":"https:\/\/sportfyziofit.cz\/en\/wp-json\/wp\/v2\/media?parent=302"}],"curies":[{"name":"wp","href":"https:\/\/api.w.org\/{rel}","templated":true}]}}