{"id":349,"date":"2015-12-02T10:33:22","date_gmt":"2015-12-02T10:33:22","guid":{"rendered":"http:\/\/sportfyziofit.cz\/?page_id=349"},"modified":"2015-12-09T11:18:18","modified_gmt":"2015-12-09T11:18:18","slug":"darkovy-poukaz","status":"publish","type":"page","link":"https:\/\/sportfyziofit.cz\/en\/darkovy-poukaz\/","title":{"rendered":"Gift Voucher"},"content":{"rendered":"<p>Delight your loved ones and friends and give them a present as a gift voucher for massages and other services.<br \/>\nGift Voucher is the perfect thing if you want to give\u00a0relief, relaxation, and improve the health of your loved ones, whether it&#8217;s a birthday, an anniversary, or to be used as a Christmas gift voucher.<br \/>\nThe value of the voucher will be determined by your selected services. The maximum validity of the voucher is for 1 year.<\/p>\n<ul>\n<li>We issue a gift voucher for the amount requested, or directly to the list of massage services for the required number of persons<\/li>\n<li>Gift Voucher is always exposed to a particular name (or names)<\/li>\n<li>The term massage is not necessary to know in advance, the deadline may choose donee after receiving the voucher<\/li>\n<li>Gift certificates are issued only after payment<\/li>\n<li>Alternatively, you can send the gift voucher and cash on delivery.<\/li>\n<\/ul>\n<p><a href=\"http:\/\/sportfyziofit.cz\/wp-content\/uploads\/2015\/12\/poukaz.png\"><img decoding=\"async\" loading=\"lazy\" class=\"size-full wp-image-353 alignleft\" src=\"http:\/\/sportfyziofit.cz\/wp-content\/uploads\/2015\/12\/poukaz.png\" alt=\"poukaz\" width=\"511\" height=\"722\" srcset=\"https:\/\/sportfyziofit.cz\/wp-content\/uploads\/2015\/12\/poukaz.png 511w, https:\/\/sportfyziofit.cz\/wp-content\/uploads\/2015\/12\/poukaz-212x300.png 212w\" sizes=\"(max-width: 511px) 100vw, 511px\" \/><\/a><\/p>\n<p>&nbsp;<\/p>\n<p>&nbsp;<\/p>\n<p>&nbsp;<\/p>\n<p>&nbsp;<\/p>\n<p>&nbsp;<\/p>\n<p>&nbsp;<\/p>\n<p>&nbsp;<\/p>\n<p>&nbsp;<\/p>\n<p>&nbsp;<\/p>\n<p>&nbsp;<\/p>\n<p>&nbsp;<\/p>\n<p>&nbsp;<\/p>\n<p>&nbsp;<\/p>\n<p>&nbsp;<\/p>\n<p>&nbsp;<\/p>\n<p>&nbsp;<\/p>\n<p>&nbsp;<\/p>\n<p>&nbsp;<\/p>\n<p>&nbsp;<\/p>\n<hr \/>\n<p>        <script type=\"text\/javascript\">\n         function cp_contactformtoemail_pform_doValidate_2(form)\n         {\n            document.cp_contactformtoemail_pform_2.cp_ref_page.value = document.location;\n            $dexQuery = jQuery.noConflict();            {\n                var cpefb_error = 0;\n                $dexQuery(\"#cp_contactformtoemail_pform_2\").find(\".cpefb_error\").each(function(index){\n                    if ($dexQuery(this).css(\"display\")!=\"none\")\n                        cpefb_error++;\n                    });\n                if (cpefb_error) return false;\n                if (document.cp_contactformtoemail_pform_2.cp_contactformtoemail_pform_status.value != '0')\n                           return false;\n                document.getElementById(\"refpage_2\").value = document.location;\n                cfte_blink(\".pbSubmit\");\n                document.cp_contactformtoemail_pform_2.cp_contactformtoemail_pform_status.value = '2';return true;            }\n         }\n         function cfte_blink(selector){\n                 try {\n                     $dexQuery = jQuery.noConflict();\n                     $dexQuery(selector).fadeOut(700, function(){\n                         $dexQuery(this).fadeIn(700, function(){\n                             try {\n                                 if (document.cp_contactformtoemail_pform_2.cp_contactformtoemail_pform_status.value != '0')\n                                     cfte_blink(this);\n                             } catch (e) {}\n                         });\n                     });\n                 } catch (e) {}\n         }\n         function cp_contactformtoemail_cerror_2(){$dexQuery = jQuery.noConflict();$dexQuery(\"#hdcaptcha_error_2\").css('top',$dexQuery(\"#hdcaptcha_cp_contactformtoemail_post_2\").outerHeight());$dexQuery(\"#hdcaptcha_error_2\").css(\"display\",\"inline\");}\n        <\/script>\n        <div id=\"cftedialog\" style=\"display:none;\"><\/div>\n        <form class=\"cpp_form\" name=\"cp_contactformtoemail_pform_2\" id=\"cp_contactformtoemail_pform_2\" action=\"\" method=\"post\" enctype=\"multipart\/form-data\" onsubmit=\"return cp_contactformtoemail_pform_doValidate_2(this);\"><input type=\"hidden\" name=\"cp_pform_psequence\" value=\"_2\" \/><input type=\"hidden\" name=\"cp_contactformtoemail_pform_process\" value=\"1\" \/><input type=\"hidden\" name=\"cp_contactformtoemail_id\" value=\"2\" \/><input type=\"hidden\" name=\"cp_ref_page\" value=\"\" \/><input type=\"hidden\" name=\"form_structure_2\" id=\"form_structure_2\" size=\"180\" value=\"[[{&quot;name&quot;:&quot;fieldname1&quot;,&quot;index&quot;:0,&quot;title&quot;:&quot;Jm\\u00e9no a p\\u0159\\u00edjmen\\u00ed kupuj\\u00edc\\u00edho&quot;,&quot;shortlabel&quot;:&quot;&quot;,&quot;ftype&quot;:&quot;ftext&quot;,&quot;userhelp&quot;:&quot;&quot;,&quot;userhelpTooltip&quot;:&quot;&quot;,&quot;csslayout&quot;:&quot;&quot;,&quot;predefined&quot;:&quot;&quot;,&quot;predefinedClick&quot;:false,&quot;required&quot;:true,&quot;size&quot;:&quot;medium&quot;,&quot;minlength&quot;:&quot;&quot;,&quot;maxlength&quot;:&quot;&quot;,&quot;equalTo&quot;:&quot;&quot;},{&quot;name&quot;:&quot;fieldname2&quot;,&quot;index&quot;:1,&quot;title&quot;:&quot;Adresa kupuj\\u00edc\\u00edho&quot;,&quot;shortlabel&quot;:&quot;&quot;,&quot;ftype&quot;:&quot;ftext&quot;,&quot;userhelp&quot;:&quot;&quot;,&quot;userhelpTooltip&quot;:&quot;&quot;,&quot;csslayout&quot;:&quot;&quot;,&quot;predefined&quot;:&quot;&quot;,&quot;predefinedClick&quot;:false,&quot;required&quot;:true,&quot;size&quot;:&quot;medium&quot;,&quot;minlength&quot;:&quot;&quot;,&quot;maxlength&quot;:&quot;&quot;,&quot;equalTo&quot;:&quot;&quot;},{&quot;name&quot;:&quot;email&quot;,&quot;index&quot;:2,&quot;title&quot;:&quot;Emailov\\u00e1 adresa kupuj\\u00edc\\u00edho&quot;,&quot;ftype&quot;:&quot;femail&quot;,&quot;userhelp&quot;:&quot;&quot;,&quot;csslayout&quot;:&quot;&quot;,&quot;required&quot;:true,&quot;predefined&quot;:&quot;@&quot;,&quot;size&quot;:&quot;medium&quot;,&quot;shortlabel&quot;:&quot;&quot;,&quot;userhelpTooltip&quot;:&quot;&quot;,&quot;predefinedClick&quot;:false,&quot;equalTo&quot;:&quot;&quot;},{&quot;name&quot;:&quot;fieldname4&quot;,&quot;index&quot;:3,&quot;title&quot;:&quot;Telefon kupuj\\u00edc\\u00edho&quot;,&quot;required&quot;:true,&quot;predefined&quot;:&quot;+420&quot;,&quot;shortlabel&quot;:&quot;&quot;,&quot;ftype&quot;:&quot;ftext&quot;,&quot;userhelp&quot;:&quot;&quot;,&quot;userhelpTooltip&quot;:&quot;&quot;,&quot;csslayout&quot;:&quot;&quot;,&quot;predefinedClick&quot;:false,&quot;size&quot;:&quot;medium&quot;,&quot;minlength&quot;:&quot;&quot;,&quot;maxlength&quot;:&quot;&quot;,&quot;equalTo&quot;:&quot;&quot;},{&quot;name&quot;:&quot;fieldname5&quot;,&quot;index&quot;:4,&quot;title&quot;:&quot;Jm\\u00e9no hosta pro kter\\u00e9ho je mas\\u00e1\\u017e ur\\u010dena&quot;,&quot;shortlabel&quot;:&quot;&quot;,&quot;ftype&quot;:&quot;ftext&quot;,&quot;userhelp&quot;:&quot;&quot;,&quot;userhelpTooltip&quot;:&quot;&quot;,&quot;csslayout&quot;:&quot;&quot;,&quot;predefined&quot;:&quot;&quot;,&quot;predefinedClick&quot;:false,&quot;required&quot;:false,&quot;size&quot;:&quot;medium&quot;,&quot;minlength&quot;:&quot;&quot;,&quot;maxlength&quot;:&quot;&quot;,&quot;equalTo&quot;:&quot;&quot;},{&quot;name&quot;:&quot;fieldname3&quot;,&quot;index&quot;:5,&quot;title&quot;:&quot;Dopl\\u0148uj\\u00edc\\u00ed \\u00fadaje&quot;,&quot;shortlabel&quot;:&quot;&quot;,&quot;ftype&quot;:&quot;ftextarea&quot;,&quot;userhelp&quot;:&quot;&quot;,&quot;userhelpTooltip&quot;:&quot;&quot;,&quot;csslayout&quot;:&quot;&quot;,&quot;predefined&quot;:&quot;&quot;,&quot;predefinedClick&quot;:false,&quot;required&quot;:false,&quot;size&quot;:&quot;medium&quot;,&quot;minlength&quot;:&quot;&quot;,&quot;maxlength&quot;:&quot;&quot;}],[{&quot;title&quot;:&quot;D\\u00e1rkov\\u00fd poukaz&quot;,&quot;description&quot;:&quot;&quot;,&quot;formlayout&quot;:&quot;top_aligned&quot;}]]\" \/><input type=\"hidden\" name=\"refpage_2\" id=\"refpage_2\" value=\"\"><input type=\"hidden\" name=\"cp_contactformtoemail_pform_status\" value=\"0\" \/><input name=\"anonce\" type=\"hidden\" value=\"b173eb06a3\"\/><input name=\"cftehp\" id=\"cftehp_2\" type=\"hidden\" value=\"1\"\/>\r\n<div id=\"fbuilder\">    \r\n    <div id=\"fbuilder_2\">\r\n        <div id=\"formheader_2\"><\/div>\r\n        <div id=\"fieldlist_2\"><\/div>\r\n    <\/div>\r\n<\/div>    \r\n<div style=\"display:none\">\r\n<input name=\"cftecontrolmessage\" type=\"text\" value=\"\"\/> \r\n<div id=\"cpcaptchalayer_2\" class=\"cpcaptchalayer\">\r\n<\/div>\r\n<\/div>\r\n<div id=\"cp_subbtn_2\" class=\"cp_subbtn\">Odeslat<\/div>\r\n<\/form>\r\n<script>\r\ntry{document.getElementById(\"cftehp_2\").value=\"25\";}catch(e){}\r\n<\/script>\r\n<script>\r\nsetInterval('cfte_2()',2000);\r\nfunction cfte_2() {\r\ndocument.cp_contactformtoemail_pform_2.onsubmit = function(){ return cp_contactformtoemail_pform_doValidate_2(this);};\r\n}\r\n<\/script>\r\n<\/p>","protected":false},"excerpt":{"rendered":"<p>Delight your loved ones and friends and give them a present as a gift voucher for massages and other services. Gift Voucher is the perfect thing if you want to give\u00a0relief, relaxation, and improve the health of your loved ones, whether it&#8217;s a birthday, an anniversary, or to be used as a Christmas gift voucher. [&hellip;]<\/p>\n","protected":false},"author":2,"featured_media":0,"parent":0,"menu_order":0,"comment_status":"closed","ping_status":"closed","template":"","meta":[],"yoast_head":"<!-- This site is optimized with the Yoast SEO plugin v19.11 - https:\/\/yoast.com\/wordpress\/plugins\/seo\/ -->\n<title>Gift Voucher &ndash; sportfyziofit.cz<\/title>\n<meta name=\"description\" content=\"D\u00e1rkov\u00fd poukaz na mas\u00e1\u017ee ve sport fyzio fit v \u0160atov\u011b - Znojmo od profesion\u00e1ln\u00ed fyzioterapeutky.\" \/>\n<meta name=\"robots\" content=\"index, follow, max-snippet:-1, max-image-preview:large, max-video-preview:-1\" \/>\n<link rel=\"canonical\" href=\"http:\/\/sportfyziofit.cz\/de\/darkovy-poukaz\/\" \/>\n<meta property=\"og:locale\" content=\"en_US\" \/>\n<meta property=\"og:type\" content=\"article\" \/>\n<meta property=\"og:title\" content=\"[:cs]D\u00e1rkov\u00fd poukaz na mas\u00e1\u017ee[:en]Gift Voucher[:de]Geschenkgutschein[:] &ndash; sportfyziofit.cz\" \/>\n<meta property=\"og:description\" content=\"D\u00e1rkov\u00fd poukaz na mas\u00e1\u017ee ve sport fyzio fit v \u0160atov\u011b - Znojmo od profesion\u00e1ln\u00ed fyzioterapeutky.\" \/>\n<meta property=\"og:url\" content=\"http:\/\/sportfyziofit.cz\/de\/darkovy-poukaz\/\" \/>\n<meta property=\"og:site_name\" content=\"sportfyziofit.cz\" \/>\n<meta property=\"article:publisher\" content=\"https:\/\/www.facebook.com\/sportfyziofit\" \/>\n<meta property=\"article:modified_time\" content=\"2015-12-09T11:18:18+00:00\" \/>\n<meta property=\"og:image\" content=\"http:\/\/sportfyziofit.cz\/wp-content\/uploads\/2015\/12\/poukaz.png\" \/>\n<meta name=\"twitter:card\" content=\"summary_large_image\" \/>\n<meta name=\"twitter:site\" content=\"@SportFyzioFit\" \/>\n<meta name=\"twitter:label1\" content=\"Est. reading time\" \/>\n\t<meta name=\"twitter:data1\" content=\"3 minutes\" \/>\n<script type=\"application\/ld+json\" class=\"yoast-schema-graph\">{\"@context\":\"https:\/\/schema.org\",\"@graph\":[{\"@type\":\"WebPage\",\"@id\":\"http:\/\/sportfyziofit.cz\/de\/darkovy-poukaz\/\",\"url\":\"http:\/\/sportfyziofit.cz\/de\/darkovy-poukaz\/\",\"name\":\"[:cs]D\u00e1rkov\u00fd poukaz na mas\u00e1\u017ee[:en]Gift Voucher[:de]Geschenkgutschein[:] &ndash; sportfyziofit.cz\",\"isPartOf\":{\"@id\":\"http:\/\/sportfyziofit.cz\/cs\/#website\"},\"datePublished\":\"2015-12-02T10:33:22+00:00\",\"dateModified\":\"2015-12-09T11:18:18+00:00\",\"description\":\"D\u00e1rkov\u00fd poukaz na mas\u00e1\u017ee ve sport fyzio fit v \u0160atov\u011b - Znojmo od profesion\u00e1ln\u00ed fyzioterapeutky.\",\"breadcrumb\":{\"@id\":\"http:\/\/sportfyziofit.cz\/de\/darkovy-poukaz\/#breadcrumb\"},\"inLanguage\":\"en-US\",\"potentialAction\":[{\"@type\":\"ReadAction\",\"target\":[\"http:\/\/sportfyziofit.cz\/de\/darkovy-poukaz\/\"]}]},{\"@type\":\"BreadcrumbList\",\"@id\":\"http:\/\/sportfyziofit.cz\/de\/darkovy-poukaz\/#breadcrumb\",\"itemListElement\":[{\"@type\":\"ListItem\",\"position\":1,\"name\":\"Home\",\"item\":\"http:\/\/sportfyziofit.cz\/cs\/\"},{\"@type\":\"ListItem\",\"position\":2,\"name\":\"Geschenkgutschein\"}]},{\"@type\":\"WebSite\",\"@id\":\"http:\/\/sportfyziofit.cz\/cs\/#website\",\"url\":\"http:\/\/sportfyziofit.cz\/cs\/\",\"name\":\"sportfyziofit.cz\",\"description\":\"... Welcome to the site focusing on sports massage, reflexology massage, relaxation massage, massage and musculoskeletal trauma counseling ...\",\"potentialAction\":[{\"@type\":\"SearchAction\",\"target\":{\"@type\":\"EntryPoint\",\"urlTemplate\":\"http:\/\/sportfyziofit.cz\/cs\/?s={search_term_string}\"},\"query-input\":\"required name=search_term_string\"}],\"inLanguage\":\"en-US\"}]}<\/script>\n<!-- \/ Yoast SEO plugin. -->","yoast_head_json":{"title":"[:cs]D\u00e1rkov\u00fd poukaz na mas\u00e1\u017ee[:en]Gift Voucher[:de]Geschenkgutschein[:] &ndash; sportfyziofit.cz","description":"D\u00e1rkov\u00fd poukaz na mas\u00e1\u017ee ve sport fyzio fit v \u0160atov\u011b - Znojmo od profesion\u00e1ln\u00ed fyzioterapeutky.","robots":{"index":"index","follow":"follow","max-snippet":"max-snippet:-1","max-image-preview":"max-image-preview:large","max-video-preview":"max-video-preview:-1"},"canonical":"http:\/\/sportfyziofit.cz\/de\/darkovy-poukaz\/","og_locale":"en_US","og_type":"article","og_title":"[:cs]D\u00e1rkov\u00fd poukaz na mas\u00e1\u017ee[:en]Gift Voucher[:de]Geschenkgutschein[:] &ndash; sportfyziofit.cz","og_description":"D\u00e1rkov\u00fd poukaz na mas\u00e1\u017ee ve sport fyzio fit v \u0160atov\u011b - Znojmo od profesion\u00e1ln\u00ed fyzioterapeutky.","og_url":"http:\/\/sportfyziofit.cz\/de\/darkovy-poukaz\/","og_site_name":"sportfyziofit.cz","article_publisher":"https:\/\/www.facebook.com\/sportfyziofit","article_modified_time":"2015-12-09T11:18:18+00:00","og_image":[{"url":"http:\/\/sportfyziofit.cz\/wp-content\/uploads\/2015\/12\/poukaz.png"}],"twitter_card":"summary_large_image","twitter_site":"@SportFyzioFit","twitter_misc":{"Est. reading time":"3 minutes"},"schema":{"@context":"https:\/\/schema.org","@graph":[{"@type":"WebPage","@id":"http:\/\/sportfyziofit.cz\/de\/darkovy-poukaz\/","url":"http:\/\/sportfyziofit.cz\/de\/darkovy-poukaz\/","name":"[:cs]D\u00e1rkov\u00fd poukaz na mas\u00e1\u017ee[:en]Gift Voucher[:de]Geschenkgutschein[:] &ndash; sportfyziofit.cz","isPartOf":{"@id":"http:\/\/sportfyziofit.cz\/cs\/#website"},"datePublished":"2015-12-02T10:33:22+00:00","dateModified":"2015-12-09T11:18:18+00:00","description":"D\u00e1rkov\u00fd poukaz na mas\u00e1\u017ee ve sport fyzio fit v \u0160atov\u011b - Znojmo od profesion\u00e1ln\u00ed fyzioterapeutky.","breadcrumb":{"@id":"http:\/\/sportfyziofit.cz\/de\/darkovy-poukaz\/#breadcrumb"},"inLanguage":"en-US","potentialAction":[{"@type":"ReadAction","target":["http:\/\/sportfyziofit.cz\/de\/darkovy-poukaz\/"]}]},{"@type":"BreadcrumbList","@id":"http:\/\/sportfyziofit.cz\/de\/darkovy-poukaz\/#breadcrumb","itemListElement":[{"@type":"ListItem","position":1,"name":"Home","item":"http:\/\/sportfyziofit.cz\/cs\/"},{"@type":"ListItem","position":2,"name":"Geschenkgutschein"}]},{"@type":"WebSite","@id":"http:\/\/sportfyziofit.cz\/cs\/#website","url":"http:\/\/sportfyziofit.cz\/cs\/","name":"sportfyziofit.cz","description":"... Welcome to the site focusing on sports massage, reflexology massage, relaxation massage, massage and musculoskeletal trauma counseling ...","potentialAction":[{"@type":"SearchAction","target":{"@type":"EntryPoint","urlTemplate":"http:\/\/sportfyziofit.cz\/cs\/?s={search_term_string}"},"query-input":"required name=search_term_string"}],"inLanguage":"en-US"}]}},"_links":{"self":[{"href":"https:\/\/sportfyziofit.cz\/en\/wp-json\/wp\/v2\/pages\/349"}],"collection":[{"href":"https:\/\/sportfyziofit.cz\/en\/wp-json\/wp\/v2\/pages"}],"about":[{"href":"https:\/\/sportfyziofit.cz\/en\/wp-json\/wp\/v2\/types\/page"}],"author":[{"embeddable":true,"href":"https:\/\/sportfyziofit.cz\/en\/wp-json\/wp\/v2\/users\/2"}],"replies":[{"embeddable":true,"href":"https:\/\/sportfyziofit.cz\/en\/wp-json\/wp\/v2\/comments?post=349"}],"version-history":[{"count":5,"href":"https:\/\/sportfyziofit.cz\/en\/wp-json\/wp\/v2\/pages\/349\/revisions"}],"predecessor-version":[{"id":586,"href":"https:\/\/sportfyziofit.cz\/en\/wp-json\/wp\/v2\/pages\/349\/revisions\/586"}],"wp:attachment":[{"href":"https:\/\/sportfyziofit.cz\/en\/wp-json\/wp\/v2\/media?parent=349"}],"curies":[{"name":"wp","href":"https:\/\/api.w.org\/{rel}","templated":true}]}}