{"id":623,"date":"2015-12-10T13:49:40","date_gmt":"2015-12-10T13:49:40","guid":{"rendered":"http:\/\/sportfyziofit.cz\/?page_id=623"},"modified":"2015-12-10T13:49:40","modified_gmt":"2015-12-10T13:49:40","slug":"partneri","status":"publish","type":"page","link":"https:\/\/sportfyziofit.cz\/en\/partneri\/","title":{"rendered":"(Czech) Partne\u0159i"},"content":{"rendered":"<p class=\"qtranxs-available-languages-message qtranxs-available-languages-message-en\">Sorry, this entry is only available in <a href=\"https:\/\/sportfyziofit.cz\/cs\/wp-json\/wp\/v2\/pages\/623\" class=\"qtranxs-available-language-link qtranxs-available-language-link-cs\" title=\"Czech\">Czech<\/a>.<\/p>","protected":false},"excerpt":{"rendered":"<p>Sorry, this entry is only available in Czech.<\/p>\n","protected":false},"author":2,"featured_media":0,"parent":0,"menu_order":0,"comment_status":"closed","ping_status":"closed","template":"","meta":[],"yoast_head":"<!-- This site is optimized with the Yoast SEO plugin v19.11 - https:\/\/yoast.com\/wordpress\/plugins\/seo\/ -->\n<title><\/title>\n<meta name=\"description\" content=\"Sportovn\u00ed a relaxa\u010dn\u00ed mas\u00e1\u017ee\" \/>\n<meta name=\"robots\" content=\"index, follow, max-snippet:-1, max-image-preview:large, max-video-preview:-1\" \/>\n<link rel=\"canonical\" href=\"http:\/\/sportfyziofit.cz\/de\/partneri\/\" \/>\n<meta property=\"og:locale\" content=\"en_US\" \/>\n<meta property=\"og:type\" content=\"article\" \/>\n<meta property=\"og:title\" content=\"[:cs]Partne\u0159i[:] &ndash; sportfyziofit.cz\" \/>\n<meta property=\"og:description\" content=\"Sportovn\u00ed a relaxa\u010dn\u00ed mas\u00e1\u017ee\" \/>\n<meta property=\"og:url\" content=\"http:\/\/sportfyziofit.cz\/de\/partneri\/\" \/>\n<meta property=\"og:site_name\" content=\"sportfyziofit.cz\" \/>\n<meta property=\"article:publisher\" content=\"https:\/\/www.facebook.com\/sportfyziofit\" \/>\n<meta name=\"twitter:card\" content=\"summary_large_image\" \/>\n<meta name=\"twitter:site\" content=\"@SportFyzioFit\" \/>\n<script type=\"application\/ld+json\" class=\"yoast-schema-graph\">{\"@context\":\"https:\/\/schema.org\",\"@graph\":[{\"@type\":\"WebPage\",\"@id\":\"http:\/\/sportfyziofit.cz\/de\/partneri\/\",\"url\":\"http:\/\/sportfyziofit.cz\/de\/partneri\/\",\"name\":\"[:cs]Partne\u0159i[:] &ndash; sportfyziofit.cz\",\"isPartOf\":{\"@id\":\"http:\/\/sportfyziofit.cz\/cs\/#website\"},\"datePublished\":\"2015-12-10T13:49:40+00:00\",\"dateModified\":\"2015-12-10T13:49:40+00:00\",\"description\":\"Sportovn\u00ed a relaxa\u010dn\u00ed mas\u00e1\u017ee\",\"breadcrumb\":{\"@id\":\"http:\/\/sportfyziofit.cz\/de\/partneri\/#breadcrumb\"},\"inLanguage\":\"en-US\",\"potentialAction\":[{\"@type\":\"ReadAction\",\"target\":[\"http:\/\/sportfyziofit.cz\/de\/partneri\/\"]}]},{\"@type\":\"BreadcrumbList\",\"@id\":\"http:\/\/sportfyziofit.cz\/de\/partneri\/#breadcrumb\",\"itemListElement\":[{\"@type\":\"ListItem\",\"position\":1,\"name\":\"Home\",\"item\":\"http:\/\/sportfyziofit.cz\/cs\/\"},{\"@type\":\"ListItem\",\"position\":2,\"name\":\"(Czech) Partne\u0159i\"}]},{\"@type\":\"WebSite\",\"@id\":\"http:\/\/sportfyziofit.cz\/cs\/#website\",\"url\":\"http:\/\/sportfyziofit.cz\/cs\/\",\"name\":\"sportfyziofit.cz\",\"description\":\"... Welcome to the site focusing on sports massage, reflexology massage, relaxation massage, massage and musculoskeletal trauma counseling ...\",\"potentialAction\":[{\"@type\":\"SearchAction\",\"target\":{\"@type\":\"EntryPoint\",\"urlTemplate\":\"http:\/\/sportfyziofit.cz\/cs\/?s={search_term_string}\"},\"query-input\":\"required name=search_term_string\"}],\"inLanguage\":\"en-US\"}]}<\/script>\n<!-- \/ Yoast SEO plugin. -->","yoast_head_json":{"title":"[:cs]Partne\u0159i[:] &ndash; sportfyziofit.cz","description":"Sportovn\u00ed a relaxa\u010dn\u00ed mas\u00e1\u017ee","robots":{"index":"index","follow":"follow","max-snippet":"max-snippet:-1","max-image-preview":"max-image-preview:large","max-video-preview":"max-video-preview:-1"},"canonical":"http:\/\/sportfyziofit.cz\/de\/partneri\/","og_locale":"en_US","og_type":"article","og_title":"[:cs]Partne\u0159i[:] &ndash; sportfyziofit.cz","og_description":"Sportovn\u00ed a relaxa\u010dn\u00ed mas\u00e1\u017ee","og_url":"http:\/\/sportfyziofit.cz\/de\/partneri\/","og_site_name":"sportfyziofit.cz","article_publisher":"https:\/\/www.facebook.com\/sportfyziofit","twitter_card":"summary_large_image","twitter_site":"@SportFyzioFit","schema":{"@context":"https:\/\/schema.org","@graph":[{"@type":"WebPage","@id":"http:\/\/sportfyziofit.cz\/de\/partneri\/","url":"http:\/\/sportfyziofit.cz\/de\/partneri\/","name":"[:cs]Partne\u0159i[:] &ndash; sportfyziofit.cz","isPartOf":{"@id":"http:\/\/sportfyziofit.cz\/cs\/#website"},"datePublished":"2015-12-10T13:49:40+00:00","dateModified":"2015-12-10T13:49:40+00:00","description":"Sportovn\u00ed a relaxa\u010dn\u00ed mas\u00e1\u017ee","breadcrumb":{"@id":"http:\/\/sportfyziofit.cz\/de\/partneri\/#breadcrumb"},"inLanguage":"en-US","potentialAction":[{"@type":"ReadAction","target":["http:\/\/sportfyziofit.cz\/de\/partneri\/"]}]},{"@type":"BreadcrumbList","@id":"http:\/\/sportfyziofit.cz\/de\/partneri\/#breadcrumb","itemListElement":[{"@type":"ListItem","position":1,"name":"Home","item":"http:\/\/sportfyziofit.cz\/cs\/"},{"@type":"ListItem","position":2,"name":"(Czech) Partne\u0159i"}]},{"@type":"WebSite","@id":"http:\/\/sportfyziofit.cz\/cs\/#website","url":"http:\/\/sportfyziofit.cz\/cs\/","name":"sportfyziofit.cz","description":"... Welcome to the site focusing on sports massage, reflexology massage, relaxation massage, massage and musculoskeletal trauma counseling ...","potentialAction":[{"@type":"SearchAction","target":{"@type":"EntryPoint","urlTemplate":"http:\/\/sportfyziofit.cz\/cs\/?s={search_term_string}"},"query-input":"required name=search_term_string"}],"inLanguage":"en-US"}]}},"_links":{"self":[{"href":"https:\/\/sportfyziofit.cz\/en\/wp-json\/wp\/v2\/pages\/623"}],"collection":[{"href":"https:\/\/sportfyziofit.cz\/en\/wp-json\/wp\/v2\/pages"}],"about":[{"href":"https:\/\/sportfyziofit.cz\/en\/wp-json\/wp\/v2\/types\/page"}],"author":[{"embeddable":true,"href":"https:\/\/sportfyziofit.cz\/en\/wp-json\/wp\/v2\/users\/2"}],"replies":[{"embeddable":true,"href":"https:\/\/sportfyziofit.cz\/en\/wp-json\/wp\/v2\/comments?post=623"}],"version-history":[{"count":0,"href":"https:\/\/sportfyziofit.cz\/en\/wp-json\/wp\/v2\/pages\/623\/revisions"}],"wp:attachment":[{"href":"https:\/\/sportfyziofit.cz\/en\/wp-json\/wp\/v2\/media?parent=623"}],"curies":[{"name":"wp","href":"https:\/\/api.w.org\/{rel}","templated":true}]}}