{"id":80,"date":"2015-11-16T10:05:33","date_gmt":"2015-11-16T10:05:33","guid":{"rendered":"http:\/\/sportfyziofit.cz\/?page_id=80"},"modified":"2016-01-10T15:25:23","modified_gmt":"2016-01-10T15:25:23","slug":"certifikaty","status":"publish","type":"page","link":"https:\/\/sportfyziofit.cz\/en\/certifikaty\/","title":{"rendered":"Certificates"},"content":{"rendered":"<p><div id=\"attachment_32\" style=\"width: 490px\" class=\"wp-caption aligncenter\"><a href=\"http:\/\/sportfyziofit.cz\/wp-content\/uploads\/2015\/11\/fyzio_1-e1448358464813.jpg\"><img aria-describedby=\"caption-attachment-32\" decoding=\"async\" loading=\"lazy\" class=\"wp-image-32 size-full\" src=\"http:\/\/sportfyziofit.cz\/wp-content\/uploads\/2015\/11\/fyzio_1-e1448358464813.jpg\" alt=\"Certified Physiotherapy\" width=\"480\" height=\"337\" \/><\/a><p id=\"caption-attachment-32\" class=\"wp-caption-text\">Certified Physiotherapy<\/p><\/div><\/p>\n<p style=\"text-align: justify;\">Physiotherapy &#8211; a study in the Slovak Republic between 2001 and 2004, after this time period I have gained professional experience in the field of physiotherapy in all departments of the district hospital in Trnava, in the children&#8217;s sanatorium, Physiotherapy Hospital in Galanta county department of physiotherapy, orthopedics and prosthetics. During this time I developed a deep expertise in passive and active exercises, manual techniques and soft techniques, fundamentals of kinesiology, biomechanics, physiology and regeneration processes. At each hospital departments have used other rehabilitation plans and procedures preview to the individuality of the patient and his current needs.<\/p>\n<hr \/>\n<div id=\"attachment_131\" style=\"width: 293px\" class=\"wp-caption aligncenter\"><a href=\"http:\/\/sportfyziofit.cz\/wp-content\/uploads\/2015\/11\/care_0.jpg\"><img aria-describedby=\"caption-attachment-131\" decoding=\"async\" loading=\"lazy\" class=\"wp-image-131 size-full\" src=\"http:\/\/sportfyziofit.cz\/wp-content\/uploads\/2015\/11\/care_0.jpg\" alt=\"First-aid specialists certificate\" width=\"283\" height=\"400\" srcset=\"https:\/\/sportfyziofit.cz\/wp-content\/uploads\/2015\/11\/care_0.jpg 283w, https:\/\/sportfyziofit.cz\/wp-content\/uploads\/2015\/11\/care_0-212x300.jpg 212w\" sizes=\"(max-width: 283px) 100vw, 283px\" \/><\/a><p id=\"caption-attachment-131\" class=\"wp-caption-text\">First-aid specialists certificate<\/p><\/div>\n<p style=\"orphans: auto; text-align: justify; widows: 1; -webkit-text-stroke-width: 0px; word-spacing: 0px;\">RFU &#8211; a formidable first-aid certificate by specialists from the Royal College of Edinburgh. The trainers were highly evaluated by professional doctors working for the Rapid emergency assistance to patients who come first, and they often depend on the survival of the patient \/ athlete. For my experience in sports rehabilitation, it was a huge benefit, and plenty of information on how to treat a wounded man, a professional or recreational athletes, the scene of the accident or the infirmary. In both these cases, another approach is always adapted to the client&#8217;s condition.<\/p>\n<hr \/>\n<div id=\"attachment_132\" style=\"width: 293px\" class=\"wp-caption aligncenter\"><a href=\"http:\/\/sportfyziofit.cz\/wp-content\/uploads\/2015\/11\/university-1-e1447674566994.jpg\"><img aria-describedby=\"caption-attachment-132\" decoding=\"async\" loading=\"lazy\" class=\"wp-image-132 size-full\" src=\"http:\/\/sportfyziofit.cz\/wp-content\/uploads\/2015\/11\/university-1-e1447674566994.jpg\" alt=\"Bachelor of Science - Sport rehabilitation\" width=\"283\" height=\"389\" \/><\/a><p id=\"caption-attachment-132\" class=\"wp-caption-text\">Bachelor of Science &#8211; Sport rehabilitation<\/p><\/div>\n<p style=\"text-align: justify;\">Sports rehabilitation &#8211; in 2015, I was awarded the title of BC in sports rehabilitation at the University of Bolton (Manchester). The title includes extensive knowledge in human anatomy, physiology, biomechanics, therapeutic modalities, neurology and therapy of the spine. The studios were constantly clinical practice at the clinic of sports injuries and spinal injuries, internships in sports clubs such as football players, rugby clubs, athletic clubs, and many others. Professional athletes also attended our university to laboratories for examination and testing their physical prowess. University of Bolton is well equipped center for performing clinical practice center equipped with the latest testing equipment in the field of sports rehabilitation.<\/p>\n<p style=\"text-align: justify;\">This course is accredited by the British Association of sports rehabilitation staff and professional trainers (Basra) which means that those who odpromuj\u00ed are automatically qualified to perform his experience as a professional in sports rehabilitation.<\/p>\n<p style=\"text-align: justify;\">There are courses in conjunction with top football and rugby clubs in England, for example. Leeds Rhinos RLFC, Wigan Warriors RLFC, Bolton Wanderers FC, Bury FC, Wigan Athletic FC, Stoke City FC, Oldham Athletic FC and other clubs across northern England, as well as musculoskelet\u00e1ln\u00edmi orthopedic and physiotherapy clinics where students interact with the best orthopedic surgeons in England.<\/p>\n<hr \/>\n<p><div id=\"attachment_314\" style=\"width: 293px\" class=\"wp-caption aligncenter\"><a href=\"http:\/\/sportfyziofit.cz\/wp-content\/uploads\/2015\/11\/first_aid.jpg\"><img aria-describedby=\"caption-attachment-314\" decoding=\"async\" loading=\"lazy\" class=\"wp-image-314 size-full\" src=\"http:\/\/sportfyziofit.cz\/wp-content\/uploads\/2015\/11\/first_aid.jpg\" alt=\"First aid for injured athletes\" width=\"283\" height=\"400\" srcset=\"https:\/\/sportfyziofit.cz\/wp-content\/uploads\/2015\/11\/first_aid.jpg 283w, https:\/\/sportfyziofit.cz\/wp-content\/uploads\/2015\/11\/first_aid-212x300.jpg 212w\" sizes=\"(max-width: 283px) 100vw, 283px\" \/><\/a><p id=\"caption-attachment-314\" class=\"wp-caption-text\">First aid for injured athletes<\/p><\/div><\/p>","protected":false},"excerpt":{"rendered":"<p>Physiotherapy &#8211; a study in the Slovak Republic between 2001 and 2004, after this time period I have gained professional experience in the field of physiotherapy in all departments of the district hospital in Trnava, in the children&#8217;s sanatorium, Physiotherapy Hospital in Galanta county department of physiotherapy, orthopedics and prosthetics. During this time I developed [&hellip;]<\/p>\n","protected":false},"author":2,"featured_media":0,"parent":0,"menu_order":0,"comment_status":"closed","ping_status":"closed","template":"","meta":[],"yoast_head":"<!-- This site is optimized with the Yoast SEO plugin v19.11 - https:\/\/yoast.com\/wordpress\/plugins\/seo\/ -->\n<title>Certificates &ndash; sportfyziofit.cz<\/title>\n<meta name=\"description\" content=\"Certifik\u00e1ty z sportovn\u00ed rehabilitace, prvn\u00ed pomoci, diplomovan\u00e9ho fyzioterapeuta, bakal\u00e1\u0159 z anglick\u00e9 univerzity Bolton Manchester.\" \/>\n<meta name=\"robots\" content=\"index, follow, max-snippet:-1, max-image-preview:large, max-video-preview:-1\" \/>\n<link rel=\"canonical\" href=\"http:\/\/sportfyziofit.cz\/cs\/certifikaty\/\" \/>\n<meta property=\"og:locale\" content=\"en_US\" \/>\n<meta property=\"og:type\" content=\"article\" \/>\n<meta property=\"og:title\" content=\"[:cs]Certifik\u00e1ty[:en]Certificates[:de]Zertifikate[:] &ndash; sportfyziofit.cz\" \/>\n<meta property=\"og:description\" content=\"Certifik\u00e1ty z sportovn\u00ed rehabilitace, prvn\u00ed pomoci, diplomovan\u00e9ho fyzioterapeuta, bakal\u00e1\u0159 z anglick\u00e9 univerzity Bolton Manchester.\" \/>\n<meta property=\"og:url\" content=\"http:\/\/sportfyziofit.cz\/cs\/certifikaty\/\" \/>\n<meta property=\"og:site_name\" content=\"sportfyziofit.cz\" \/>\n<meta property=\"article:publisher\" content=\"https:\/\/www.facebook.com\/sportfyziofit\" \/>\n<meta property=\"article:modified_time\" content=\"2016-01-10T15:25:23+00:00\" \/>\n<meta property=\"og:image\" content=\"http:\/\/sportfyziofit.cz\/wp-content\/uploads\/2015\/11\/fyzio_1-e1448358464813.jpg\" \/>\n<meta name=\"twitter:card\" content=\"summary_large_image\" \/>\n<meta name=\"twitter:site\" content=\"@SportFyzioFit\" \/>\n<meta name=\"twitter:label1\" content=\"Est. reading time\" \/>\n\t<meta name=\"twitter:data1\" content=\"7 minutes\" \/>\n<script type=\"application\/ld+json\" class=\"yoast-schema-graph\">{\"@context\":\"https:\/\/schema.org\",\"@graph\":[{\"@type\":\"WebPage\",\"@id\":\"http:\/\/sportfyziofit.cz\/cs\/certifikaty\/\",\"url\":\"http:\/\/sportfyziofit.cz\/cs\/certifikaty\/\",\"name\":\"[:cs]Certifik\u00e1ty[:en]Certificates[:de]Zertifikate[:] &ndash; sportfyziofit.cz\",\"isPartOf\":{\"@id\":\"http:\/\/sportfyziofit.cz\/cs\/#website\"},\"datePublished\":\"2015-11-16T10:05:33+00:00\",\"dateModified\":\"2016-01-10T15:25:23+00:00\",\"description\":\"Certifik\u00e1ty z sportovn\u00ed rehabilitace, prvn\u00ed pomoci, diplomovan\u00e9ho fyzioterapeuta, bakal\u00e1\u0159 z anglick\u00e9 univerzity Bolton Manchester.\",\"breadcrumb\":{\"@id\":\"http:\/\/sportfyziofit.cz\/cs\/certifikaty\/#breadcrumb\"},\"inLanguage\":\"en-US\",\"potentialAction\":[{\"@type\":\"ReadAction\",\"target\":[\"http:\/\/sportfyziofit.cz\/cs\/certifikaty\/\"]}]},{\"@type\":\"BreadcrumbList\",\"@id\":\"http:\/\/sportfyziofit.cz\/cs\/certifikaty\/#breadcrumb\",\"itemListElement\":[{\"@type\":\"ListItem\",\"position\":1,\"name\":\"Home\",\"item\":\"http:\/\/sportfyziofit.cz\/cs\/\"},{\"@type\":\"ListItem\",\"position\":2,\"name\":\"Certifik\u00e1ty\"}]},{\"@type\":\"WebSite\",\"@id\":\"http:\/\/sportfyziofit.cz\/cs\/#website\",\"url\":\"http:\/\/sportfyziofit.cz\/cs\/\",\"name\":\"sportfyziofit.cz\",\"description\":\"... Welcome to the site focusing on sports massage, reflexology massage, relaxation massage, massage and musculoskeletal trauma counseling ...\",\"potentialAction\":[{\"@type\":\"SearchAction\",\"target\":{\"@type\":\"EntryPoint\",\"urlTemplate\":\"http:\/\/sportfyziofit.cz\/cs\/?s={search_term_string}\"},\"query-input\":\"required name=search_term_string\"}],\"inLanguage\":\"en-US\"}]}<\/script>\n<!-- \/ Yoast SEO plugin. -->","yoast_head_json":{"title":"[:cs]Certifik\u00e1ty[:en]Certificates[:de]Zertifikate[:] &ndash; sportfyziofit.cz","description":"Certifik\u00e1ty z sportovn\u00ed rehabilitace, prvn\u00ed pomoci, diplomovan\u00e9ho fyzioterapeuta, bakal\u00e1\u0159 z anglick\u00e9 univerzity Bolton Manchester.","robots":{"index":"index","follow":"follow","max-snippet":"max-snippet:-1","max-image-preview":"max-image-preview:large","max-video-preview":"max-video-preview:-1"},"canonical":"http:\/\/sportfyziofit.cz\/cs\/certifikaty\/","og_locale":"en_US","og_type":"article","og_title":"[:cs]Certifik\u00e1ty[:en]Certificates[:de]Zertifikate[:] &ndash; sportfyziofit.cz","og_description":"Certifik\u00e1ty z sportovn\u00ed rehabilitace, prvn\u00ed pomoci, diplomovan\u00e9ho fyzioterapeuta, bakal\u00e1\u0159 z anglick\u00e9 univerzity Bolton Manchester.","og_url":"http:\/\/sportfyziofit.cz\/cs\/certifikaty\/","og_site_name":"sportfyziofit.cz","article_publisher":"https:\/\/www.facebook.com\/sportfyziofit","article_modified_time":"2016-01-10T15:25:23+00:00","og_image":[{"url":"http:\/\/sportfyziofit.cz\/wp-content\/uploads\/2015\/11\/fyzio_1-e1448358464813.jpg"}],"twitter_card":"summary_large_image","twitter_site":"@SportFyzioFit","twitter_misc":{"Est. reading time":"7 minutes"},"schema":{"@context":"https:\/\/schema.org","@graph":[{"@type":"WebPage","@id":"http:\/\/sportfyziofit.cz\/cs\/certifikaty\/","url":"http:\/\/sportfyziofit.cz\/cs\/certifikaty\/","name":"[:cs]Certifik\u00e1ty[:en]Certificates[:de]Zertifikate[:] &ndash; sportfyziofit.cz","isPartOf":{"@id":"http:\/\/sportfyziofit.cz\/cs\/#website"},"datePublished":"2015-11-16T10:05:33+00:00","dateModified":"2016-01-10T15:25:23+00:00","description":"Certifik\u00e1ty z sportovn\u00ed rehabilitace, prvn\u00ed pomoci, diplomovan\u00e9ho fyzioterapeuta, bakal\u00e1\u0159 z anglick\u00e9 univerzity Bolton Manchester.","breadcrumb":{"@id":"http:\/\/sportfyziofit.cz\/cs\/certifikaty\/#breadcrumb"},"inLanguage":"en-US","potentialAction":[{"@type":"ReadAction","target":["http:\/\/sportfyziofit.cz\/cs\/certifikaty\/"]}]},{"@type":"BreadcrumbList","@id":"http:\/\/sportfyziofit.cz\/cs\/certifikaty\/#breadcrumb","itemListElement":[{"@type":"ListItem","position":1,"name":"Home","item":"http:\/\/sportfyziofit.cz\/cs\/"},{"@type":"ListItem","position":2,"name":"Certifik\u00e1ty"}]},{"@type":"WebSite","@id":"http:\/\/sportfyziofit.cz\/cs\/#website","url":"http:\/\/sportfyziofit.cz\/cs\/","name":"sportfyziofit.cz","description":"... Welcome to the site focusing on sports massage, reflexology massage, relaxation massage, massage and musculoskeletal trauma counseling ...","potentialAction":[{"@type":"SearchAction","target":{"@type":"EntryPoint","urlTemplate":"http:\/\/sportfyziofit.cz\/cs\/?s={search_term_string}"},"query-input":"required name=search_term_string"}],"inLanguage":"en-US"}]}},"_links":{"self":[{"href":"https:\/\/sportfyziofit.cz\/en\/wp-json\/wp\/v2\/pages\/80"}],"collection":[{"href":"https:\/\/sportfyziofit.cz\/en\/wp-json\/wp\/v2\/pages"}],"about":[{"href":"https:\/\/sportfyziofit.cz\/en\/wp-json\/wp\/v2\/types\/page"}],"author":[{"embeddable":true,"href":"https:\/\/sportfyziofit.cz\/en\/wp-json\/wp\/v2\/users\/2"}],"replies":[{"embeddable":true,"href":"https:\/\/sportfyziofit.cz\/en\/wp-json\/wp\/v2\/comments?post=80"}],"version-history":[{"count":37,"href":"https:\/\/sportfyziofit.cz\/en\/wp-json\/wp\/v2\/pages\/80\/revisions"}],"predecessor-version":[{"id":640,"href":"https:\/\/sportfyziofit.cz\/en\/wp-json\/wp\/v2\/pages\/80\/revisions\/640"}],"wp:attachment":[{"href":"https:\/\/sportfyziofit.cz\/en\/wp-json\/wp\/v2\/media?parent=80"}],"curies":[{"name":"wp","href":"https:\/\/api.w.org\/{rel}","templated":true}]}}