{"id":84,"date":"2015-11-16T10:06:33","date_gmt":"2015-11-16T10:06:33","guid":{"rendered":"http:\/\/sportfyziofit.cz\/?page_id=84"},"modified":"2016-01-13T10:17:03","modified_gmt":"2016-01-13T10:17:03","slug":"o-mne","status":"publish","type":"page","link":"https:\/\/sportfyziofit.cz\/en\/o-mne\/","title":{"rendered":"About me"},"content":{"rendered":"<p><div id=\"attachment_220\" style=\"width: 266px\" class=\"wp-caption aligncenter\"><a href=\"http:\/\/sportfyziofit.cz\/wp-content\/uploads\/2015\/11\/zuzka.jpg\"><img aria-describedby=\"caption-attachment-220\" decoding=\"async\" loading=\"lazy\" class=\"wp-image-220 size-full\" src=\"http:\/\/sportfyziofit.cz\/wp-content\/uploads\/2015\/11\/zuzka.jpg\" alt=\"Zuzana Koh\u00facikov\u00e1\" width=\"256\" height=\"229\" \/><\/a><p id=\"caption-attachment-220\" class=\"wp-caption-text\">Zuzana Koh\u00facikov\u00e1<\/p><\/div><\/p>\n<p>I develop my professional practice since 2004 when I received a certificate in physiotherapy. Immediately after graduation, I started working in state-owned spas Jansk\u00e9 Spa at Children&#8217;s Hospital Vesna. Children&#8217;s recovering from respiratory diseases such as motion-such. Asthma, scoliosis, cerebral palsy, paralysis, myopathies, posttraumatic conditions and many other diagnoses. During my 3-year action I came into contact with different diagnoses and their treatment options as well as plenty of patients and their individual responses to therapy.<\/p>\n<p>After these three years, I started working in Cyprus as manager of wellness in one of the best in the area. Here I am leading a gym, massages, saunas, steam boxes and I was responsible for running the entire department in a full international hotel.<\/p>\n<p>After this experience, I moved to England and began to acquire experience in sports rehabilitation. During his studies were developed our skills internships at professional clubs and clinics, post-traumatic rehabilitation and regeneration. Working with professional athletes is a fast and challenging knowledge because every athlete wants to soon be back in full training and, if possible in better shape than before the injury. At my internship at Burnley FC I could rehabilitate various injuries from the simplest scratches to serious injury to the extremities, muscle and joint pain as well as spinal injuries.<\/p>\n<p>Obtaining a BA degree in sports rehabilitation, I permanently moved to the Czech Republic where they currently run a practice in the Znojmo region.<\/p>","protected":false},"excerpt":{"rendered":"<p>I develop my professional practice since 2004 when I received a certificate in physiotherapy. Immediately after graduation, I started working in state-owned spas Jansk\u00e9 Spa at Children&#8217;s Hospital Vesna. Children&#8217;s recovering from respiratory diseases such as motion-such. Asthma, scoliosis, cerebral palsy, paralysis, myopathies, posttraumatic conditions and many other diagnoses. During my 3-year action I came [&hellip;]<\/p>\n","protected":false},"author":2,"featured_media":0,"parent":0,"menu_order":0,"comment_status":"closed","ping_status":"closed","template":"","meta":[],"yoast_head":"<!-- This site is optimized with the Yoast SEO plugin v19.11 - https:\/\/yoast.com\/wordpress\/plugins\/seo\/ -->\n<title>About me &ndash; sportfyziofit.cz<\/title>\n<meta name=\"description\" content=\"Sportovn\u00ed a relaxa\u010dn\u00ed mas\u00e1\u017ee\" \/>\n<meta name=\"robots\" content=\"index, follow, max-snippet:-1, max-image-preview:large, max-video-preview:-1\" \/>\n<link rel=\"canonical\" href=\"http:\/\/sportfyziofit.cz\/de\/o-mne\/\" \/>\n<meta property=\"og:locale\" content=\"en_US\" \/>\n<meta property=\"og:type\" content=\"article\" \/>\n<meta property=\"og:title\" content=\"[:cs]O mn\u011b[:en]About me[:de]\u00dcber mich[:] &ndash; sportfyziofit.cz\" \/>\n<meta property=\"og:description\" content=\"Sportovn\u00ed a relaxa\u010dn\u00ed mas\u00e1\u017ee\" \/>\n<meta property=\"og:url\" content=\"http:\/\/sportfyziofit.cz\/de\/o-mne\/\" \/>\n<meta property=\"og:site_name\" content=\"sportfyziofit.cz\" \/>\n<meta property=\"article:publisher\" content=\"https:\/\/www.facebook.com\/sportfyziofit\" \/>\n<meta property=\"article:modified_time\" content=\"2016-01-13T10:17:03+00:00\" \/>\n<meta property=\"og:image\" content=\"http:\/\/sportfyziofit.cz\/wp-content\/uploads\/2015\/11\/zuzka.jpg\" \/>\n<meta name=\"twitter:card\" content=\"summary_large_image\" \/>\n<meta name=\"twitter:site\" content=\"@SportFyzioFit\" \/>\n<meta name=\"twitter:label1\" content=\"Est. reading time\" \/>\n\t<meta name=\"twitter:data1\" content=\"4 minutes\" \/>\n<script type=\"application\/ld+json\" class=\"yoast-schema-graph\">{\"@context\":\"https:\/\/schema.org\",\"@graph\":[{\"@type\":\"WebPage\",\"@id\":\"http:\/\/sportfyziofit.cz\/de\/o-mne\/\",\"url\":\"http:\/\/sportfyziofit.cz\/de\/o-mne\/\",\"name\":\"[:cs]O mn\u011b[:en]About me[:de]\u00dcber mich[:] &ndash; sportfyziofit.cz\",\"isPartOf\":{\"@id\":\"https:\/\/sportfyziofit.cz\/cs\/#website\"},\"datePublished\":\"2015-11-16T10:06:33+00:00\",\"dateModified\":\"2016-01-13T10:17:03+00:00\",\"description\":\"Sportovn\u00ed a relaxa\u010dn\u00ed mas\u00e1\u017ee\",\"breadcrumb\":{\"@id\":\"http:\/\/sportfyziofit.cz\/de\/o-mne\/#breadcrumb\"},\"inLanguage\":\"en-US\",\"potentialAction\":[{\"@type\":\"ReadAction\",\"target\":[\"http:\/\/sportfyziofit.cz\/de\/o-mne\/\"]}]},{\"@type\":\"BreadcrumbList\",\"@id\":\"http:\/\/sportfyziofit.cz\/de\/o-mne\/#breadcrumb\",\"itemListElement\":[{\"@type\":\"ListItem\",\"position\":1,\"name\":\"Home\",\"item\":\"https:\/\/sportfyziofit.cz\/cs\/\"},{\"@type\":\"ListItem\",\"position\":2,\"name\":\"\u00dcber mich\"}]},{\"@type\":\"WebSite\",\"@id\":\"https:\/\/sportfyziofit.cz\/cs\/#website\",\"url\":\"https:\/\/sportfyziofit.cz\/cs\/\",\"name\":\"sportfyziofit.cz\",\"description\":\"... Welcome to the site focusing on sports massage, reflexology massage, relaxation massage, massage and musculoskeletal trauma counseling ...\",\"potentialAction\":[{\"@type\":\"SearchAction\",\"target\":{\"@type\":\"EntryPoint\",\"urlTemplate\":\"https:\/\/sportfyziofit.cz\/cs\/?s={search_term_string}\"},\"query-input\":\"required name=search_term_string\"}],\"inLanguage\":\"en-US\"}]}<\/script>\n<!-- \/ Yoast SEO plugin. -->","yoast_head_json":{"title":"[:cs]O mn\u011b[:en]About me[:de]\u00dcber mich[:] &ndash; sportfyziofit.cz","description":"Sportovn\u00ed a relaxa\u010dn\u00ed mas\u00e1\u017ee","robots":{"index":"index","follow":"follow","max-snippet":"max-snippet:-1","max-image-preview":"max-image-preview:large","max-video-preview":"max-video-preview:-1"},"canonical":"http:\/\/sportfyziofit.cz\/de\/o-mne\/","og_locale":"en_US","og_type":"article","og_title":"[:cs]O mn\u011b[:en]About me[:de]\u00dcber mich[:] &ndash; sportfyziofit.cz","og_description":"Sportovn\u00ed a relaxa\u010dn\u00ed mas\u00e1\u017ee","og_url":"http:\/\/sportfyziofit.cz\/de\/o-mne\/","og_site_name":"sportfyziofit.cz","article_publisher":"https:\/\/www.facebook.com\/sportfyziofit","article_modified_time":"2016-01-13T10:17:03+00:00","og_image":[{"url":"http:\/\/sportfyziofit.cz\/wp-content\/uploads\/2015\/11\/zuzka.jpg"}],"twitter_card":"summary_large_image","twitter_site":"@SportFyzioFit","twitter_misc":{"Est. reading time":"4 minutes"},"schema":{"@context":"https:\/\/schema.org","@graph":[{"@type":"WebPage","@id":"http:\/\/sportfyziofit.cz\/de\/o-mne\/","url":"http:\/\/sportfyziofit.cz\/de\/o-mne\/","name":"[:cs]O mn\u011b[:en]About me[:de]\u00dcber mich[:] &ndash; sportfyziofit.cz","isPartOf":{"@id":"https:\/\/sportfyziofit.cz\/cs\/#website"},"datePublished":"2015-11-16T10:06:33+00:00","dateModified":"2016-01-13T10:17:03+00:00","description":"Sportovn\u00ed a relaxa\u010dn\u00ed mas\u00e1\u017ee","breadcrumb":{"@id":"http:\/\/sportfyziofit.cz\/de\/o-mne\/#breadcrumb"},"inLanguage":"en-US","potentialAction":[{"@type":"ReadAction","target":["http:\/\/sportfyziofit.cz\/de\/o-mne\/"]}]},{"@type":"BreadcrumbList","@id":"http:\/\/sportfyziofit.cz\/de\/o-mne\/#breadcrumb","itemListElement":[{"@type":"ListItem","position":1,"name":"Home","item":"https:\/\/sportfyziofit.cz\/cs\/"},{"@type":"ListItem","position":2,"name":"\u00dcber mich"}]},{"@type":"WebSite","@id":"https:\/\/sportfyziofit.cz\/cs\/#website","url":"https:\/\/sportfyziofit.cz\/cs\/","name":"sportfyziofit.cz","description":"... Welcome to the site focusing on sports massage, reflexology massage, relaxation massage, massage and musculoskeletal trauma counseling ...","potentialAction":[{"@type":"SearchAction","target":{"@type":"EntryPoint","urlTemplate":"https:\/\/sportfyziofit.cz\/cs\/?s={search_term_string}"},"query-input":"required name=search_term_string"}],"inLanguage":"en-US"}]}},"_links":{"self":[{"href":"https:\/\/sportfyziofit.cz\/en\/wp-json\/wp\/v2\/pages\/84"}],"collection":[{"href":"https:\/\/sportfyziofit.cz\/en\/wp-json\/wp\/v2\/pages"}],"about":[{"href":"https:\/\/sportfyziofit.cz\/en\/wp-json\/wp\/v2\/types\/page"}],"author":[{"embeddable":true,"href":"https:\/\/sportfyziofit.cz\/en\/wp-json\/wp\/v2\/users\/2"}],"replies":[{"embeddable":true,"href":"https:\/\/sportfyziofit.cz\/en\/wp-json\/wp\/v2\/comments?post=84"}],"version-history":[{"count":15,"href":"https:\/\/sportfyziofit.cz\/en\/wp-json\/wp\/v2\/pages\/84\/revisions"}],"predecessor-version":[{"id":646,"href":"https:\/\/sportfyziofit.cz\/en\/wp-json\/wp\/v2\/pages\/84\/revisions\/646"}],"wp:attachment":[{"href":"https:\/\/sportfyziofit.cz\/en\/wp-json\/wp\/v2\/media?parent=84"}],"curies":[{"name":"wp","href":"https:\/\/api.w.org\/{rel}","templated":true}]}}