{"id":92,"date":"2015-11-16T10:09:27","date_gmt":"2015-11-16T10:09:27","guid":{"rendered":"http:\/\/sportfyziofit.cz\/?page_id=92"},"modified":"2015-12-09T10:39:37","modified_gmt":"2015-12-09T10:39:37","slug":"relaxacni-masaz","status":"publish","type":"page","link":"https:\/\/sportfyziofit.cz\/en\/relaxacni-masaz\/","title":{"rendered":"Relax massage"},"content":{"rendered":"<p><div id=\"attachment_163\" style=\"width: 526px\" class=\"wp-caption aligncenter\"><a href=\"http:\/\/sportfyziofit.cz\/wp-content\/uploads\/2015\/11\/lkjs.png\"><img aria-describedby=\"caption-attachment-163\" decoding=\"async\" loading=\"lazy\" class=\"wp-image-163 \" src=\"http:\/\/sportfyziofit.cz\/wp-content\/uploads\/2015\/11\/lkjs.png\" alt=\"Relax massage\" width=\"516\" height=\"260\" srcset=\"https:\/\/sportfyziofit.cz\/wp-content\/uploads\/2015\/11\/lkjs.png 661w, https:\/\/sportfyziofit.cz\/wp-content\/uploads\/2015\/11\/lkjs-300x151.png 300w\" sizes=\"(max-width: 516px) 100vw, 516px\" \/><\/a><p id=\"caption-attachment-163\" class=\"wp-caption-text\">Relax massage<\/p><\/div><\/p>\n<h2 style=\"text-align: justify;\">Relax massage<\/h2>\n<p style=\"text-align: justify;\">Relax massage is especially important in today&#8217;s fast-paced world, where stress is considered a major cause of many physical and psychological problems. The technique of massage can help the pain, tension stiff and aching muscles and helps promote blood circulation and lymphatic system and eliminate toxic substances from the body. They are used in the delicate and slow touches evoke peace and quiet.<\/p>\n<p style=\"text-align: justify;\">It is a relaxation of body and soul. Long and slow touches give the client the possibility to relieve unwanted stress of everyday life. This massage helps reduce pressure (at least temporarily), improves circulation in suburbs, improves skin tightness and appearance. Some touches help the tension around the spine and thereby reduce headaches. Furthermore, it results in improvement in the symptoms associated with stress and helps to activate the immune system by regular application of the massage.<\/p>\n<p style=\"text-align: justify;\">Touch is one of the senses, which is the first we perceive the world and even before birth. It&#8217;s very important sensation during stressful tension because we operate on a touch nervous system and is the main significance of massages. Massage can &#8220;caress&#8221; not only the body but also the soul.<\/p>\n<p style=\"text-align: justify;\">The human body needs a human touch, the healing power reduces stress and gives a feeling of beneficial health. Classic massage relieves fatigue, stress, insomnia and pain.<\/p>\n<p style=\"text-align: justify;\">Classical relaxation (regeneration) massaged massage relaxes muscles, stimulates blood circulation, the blood is enriched with oxygen, improves nutrition of cells and increases muscle elasticity. At the level of mental massage has a beneficial effect on the nervous system and the overall positive effect on the mental state of a person.<\/p>\n<p style=\"text-align: justify;\">Removes fatigue, stress, insomnia, headache, evokes pleasant feelings and looks very relaxing. Classic massage is performed on the entire body or only on selected parts (back, neck, neck, arms and legs &#8230;). Classic massage is suitable for overwork, stress and back pain.<br \/>\nDuring this massage uses a large variety of techniques and moves that have a beneficial effect on the massaged. Contributes mainly to restore health and proper functioning of muscles and joints.<\/p>\n<p style=\"text-align: justify;\">Relaxation massage is recommended as a regular application (1-2 times per week), because there is very stimulating effect on blood circulation, metabolism, excretory system and central nervous system.<br \/>\nClassical massage plays a particularly important role in the prevention of many diseases of motion, but also during influenza. It has a very beneficial relaxing effect as a massage is massaged very pleasantly loose and thus acts on the psyche massaged. We highly recommend regular use of massage.<\/p>\n<p style=\"text-align: justify;\">More information can be found also on the <a href=\"http:\/\/www.maseri.cz\/katalog\/maseri\/jihomoravsky\/znojmo\/id=44018&amp;m=sport-fyzio-fit.html\" target=\"_blank\">website<\/a> with regards to massages<\/p>\n<p><\/p>","protected":false},"excerpt":{"rendered":"<p>Relax massage Relax massage is especially important in today&#8217;s fast-paced world, where stress is considered a major cause of many physical and psychological problems. The technique of massage can help the pain, tension stiff and aching muscles and helps promote blood circulation and lymphatic system and eliminate toxic substances from the body. They are used [&hellip;]<\/p>\n","protected":false},"author":2,"featured_media":0,"parent":0,"menu_order":0,"comment_status":"closed","ping_status":"closed","template":"","meta":[],"yoast_head":"<!-- This site is optimized with the Yoast SEO plugin v19.11 - https:\/\/yoast.com\/wordpress\/plugins\/seo\/ -->\n<title>Relax massage &ndash; sportfyziofit.cz<\/title>\n<meta name=\"description\" content=\"Relaxa\u010dn\u00ed mas\u00e1\u017e v \u0160atov u Znojma, od profesion\u00e1la s v\u00edce ne\u017e 11 letou odbornou prax\u00ed. pomoci od bolesti, nap\u011bt\u00ed ztuhl\u00fdch a bolav\u00fdch sval\u016f.\" \/>\n<meta name=\"robots\" content=\"index, follow, max-snippet:-1, max-image-preview:large, max-video-preview:-1\" \/>\n<link rel=\"canonical\" href=\"https:\/\/sportfyziofit.cz\/cs\/relaxacni-masaz\/\" \/>\n<meta property=\"og:locale\" content=\"en_US\" \/>\n<meta property=\"og:type\" content=\"article\" \/>\n<meta property=\"og:title\" content=\"[:cs]Relaxa\u010dn\u00ed mas\u00e1\u017e[:en]Relax massage[:de]Relax Massage[:] &ndash; sportfyziofit.cz\" \/>\n<meta property=\"og:description\" content=\"Relaxa\u010dn\u00ed mas\u00e1\u017e v \u0160atov u Znojma, od profesion\u00e1la s v\u00edce ne\u017e 11 letou odbornou prax\u00ed. pomoci od bolesti, nap\u011bt\u00ed ztuhl\u00fdch a bolav\u00fdch sval\u016f.\" \/>\n<meta property=\"og:url\" content=\"https:\/\/sportfyziofit.cz\/cs\/relaxacni-masaz\/\" \/>\n<meta property=\"og:site_name\" content=\"sportfyziofit.cz\" \/>\n<meta property=\"article:publisher\" content=\"https:\/\/www.facebook.com\/sportfyziofit\" \/>\n<meta property=\"article:modified_time\" content=\"2015-12-09T10:39:37+00:00\" \/>\n<meta property=\"og:image\" content=\"http:\/\/sportfyziofit.cz\/wp-content\/uploads\/2015\/11\/lkjs.png\" \/>\n<meta name=\"twitter:card\" content=\"summary_large_image\" \/>\n<meta name=\"twitter:site\" content=\"@SportFyzioFit\" \/>\n<meta name=\"twitter:label1\" content=\"Est. reading time\" \/>\n\t<meta name=\"twitter:data1\" content=\"7 minutes\" \/>\n<script type=\"application\/ld+json\" class=\"yoast-schema-graph\">{\"@context\":\"https:\/\/schema.org\",\"@graph\":[{\"@type\":\"WebPage\",\"@id\":\"https:\/\/sportfyziofit.cz\/cs\/relaxacni-masaz\/\",\"url\":\"https:\/\/sportfyziofit.cz\/cs\/relaxacni-masaz\/\",\"name\":\"[:cs]Relaxa\u010dn\u00ed mas\u00e1\u017e[:en]Relax massage[:de]Relax Massage[:] &ndash; sportfyziofit.cz\",\"isPartOf\":{\"@id\":\"https:\/\/sportfyziofit.cz\/cs\/#website\"},\"datePublished\":\"2015-11-16T10:09:27+00:00\",\"dateModified\":\"2015-12-09T10:39:37+00:00\",\"description\":\"Relaxa\u010dn\u00ed mas\u00e1\u017e v \u0160atov u Znojma, od profesion\u00e1la s v\u00edce ne\u017e 11 letou odbornou prax\u00ed. pomoci od bolesti, nap\u011bt\u00ed ztuhl\u00fdch a bolav\u00fdch sval\u016f.\",\"breadcrumb\":{\"@id\":\"https:\/\/sportfyziofit.cz\/cs\/relaxacni-masaz\/#breadcrumb\"},\"inLanguage\":\"en-US\",\"potentialAction\":[{\"@type\":\"ReadAction\",\"target\":[\"https:\/\/sportfyziofit.cz\/cs\/relaxacni-masaz\/\"]}]},{\"@type\":\"BreadcrumbList\",\"@id\":\"https:\/\/sportfyziofit.cz\/cs\/relaxacni-masaz\/#breadcrumb\",\"itemListElement\":[{\"@type\":\"ListItem\",\"position\":1,\"name\":\"Home\",\"item\":\"https:\/\/sportfyziofit.cz\/cs\/\"},{\"@type\":\"ListItem\",\"position\":2,\"name\":\"Relaxa\u010dn\u00ed mas\u00e1\u017e\"}]},{\"@type\":\"WebSite\",\"@id\":\"https:\/\/sportfyziofit.cz\/cs\/#website\",\"url\":\"https:\/\/sportfyziofit.cz\/cs\/\",\"name\":\"sportfyziofit.cz\",\"description\":\"... Welcome to the site focusing on sports massage, reflexology massage, relaxation massage, massage and musculoskeletal trauma counseling ...\",\"potentialAction\":[{\"@type\":\"SearchAction\",\"target\":{\"@type\":\"EntryPoint\",\"urlTemplate\":\"https:\/\/sportfyziofit.cz\/cs\/?s={search_term_string}\"},\"query-input\":\"required name=search_term_string\"}],\"inLanguage\":\"en-US\"}]}<\/script>\n<!-- \/ Yoast SEO plugin. -->","yoast_head_json":{"title":"[:cs]Relaxa\u010dn\u00ed mas\u00e1\u017e[:en]Relax massage[:de]Relax Massage[:] &ndash; sportfyziofit.cz","description":"Relaxa\u010dn\u00ed mas\u00e1\u017e v \u0160atov u Znojma, od profesion\u00e1la s v\u00edce ne\u017e 11 letou odbornou prax\u00ed. pomoci od bolesti, nap\u011bt\u00ed ztuhl\u00fdch a bolav\u00fdch sval\u016f.","robots":{"index":"index","follow":"follow","max-snippet":"max-snippet:-1","max-image-preview":"max-image-preview:large","max-video-preview":"max-video-preview:-1"},"canonical":"https:\/\/sportfyziofit.cz\/cs\/relaxacni-masaz\/","og_locale":"en_US","og_type":"article","og_title":"[:cs]Relaxa\u010dn\u00ed mas\u00e1\u017e[:en]Relax massage[:de]Relax Massage[:] &ndash; sportfyziofit.cz","og_description":"Relaxa\u010dn\u00ed mas\u00e1\u017e v \u0160atov u Znojma, od profesion\u00e1la s v\u00edce ne\u017e 11 letou odbornou prax\u00ed. pomoci od bolesti, nap\u011bt\u00ed ztuhl\u00fdch a bolav\u00fdch sval\u016f.","og_url":"https:\/\/sportfyziofit.cz\/cs\/relaxacni-masaz\/","og_site_name":"sportfyziofit.cz","article_publisher":"https:\/\/www.facebook.com\/sportfyziofit","article_modified_time":"2015-12-09T10:39:37+00:00","og_image":[{"url":"http:\/\/sportfyziofit.cz\/wp-content\/uploads\/2015\/11\/lkjs.png"}],"twitter_card":"summary_large_image","twitter_site":"@SportFyzioFit","twitter_misc":{"Est. reading time":"7 minutes"},"schema":{"@context":"https:\/\/schema.org","@graph":[{"@type":"WebPage","@id":"https:\/\/sportfyziofit.cz\/cs\/relaxacni-masaz\/","url":"https:\/\/sportfyziofit.cz\/cs\/relaxacni-masaz\/","name":"[:cs]Relaxa\u010dn\u00ed mas\u00e1\u017e[:en]Relax massage[:de]Relax Massage[:] &ndash; sportfyziofit.cz","isPartOf":{"@id":"https:\/\/sportfyziofit.cz\/cs\/#website"},"datePublished":"2015-11-16T10:09:27+00:00","dateModified":"2015-12-09T10:39:37+00:00","description":"Relaxa\u010dn\u00ed mas\u00e1\u017e v \u0160atov u Znojma, od profesion\u00e1la s v\u00edce ne\u017e 11 letou odbornou prax\u00ed. pomoci od bolesti, nap\u011bt\u00ed ztuhl\u00fdch a bolav\u00fdch sval\u016f.","breadcrumb":{"@id":"https:\/\/sportfyziofit.cz\/cs\/relaxacni-masaz\/#breadcrumb"},"inLanguage":"en-US","potentialAction":[{"@type":"ReadAction","target":["https:\/\/sportfyziofit.cz\/cs\/relaxacni-masaz\/"]}]},{"@type":"BreadcrumbList","@id":"https:\/\/sportfyziofit.cz\/cs\/relaxacni-masaz\/#breadcrumb","itemListElement":[{"@type":"ListItem","position":1,"name":"Home","item":"https:\/\/sportfyziofit.cz\/cs\/"},{"@type":"ListItem","position":2,"name":"Relaxa\u010dn\u00ed mas\u00e1\u017e"}]},{"@type":"WebSite","@id":"https:\/\/sportfyziofit.cz\/cs\/#website","url":"https:\/\/sportfyziofit.cz\/cs\/","name":"sportfyziofit.cz","description":"... Welcome to the site focusing on sports massage, reflexology massage, relaxation massage, massage and musculoskeletal trauma counseling ...","potentialAction":[{"@type":"SearchAction","target":{"@type":"EntryPoint","urlTemplate":"https:\/\/sportfyziofit.cz\/cs\/?s={search_term_string}"},"query-input":"required name=search_term_string"}],"inLanguage":"en-US"}]}},"_links":{"self":[{"href":"https:\/\/sportfyziofit.cz\/en\/wp-json\/wp\/v2\/pages\/92"}],"collection":[{"href":"https:\/\/sportfyziofit.cz\/en\/wp-json\/wp\/v2\/pages"}],"about":[{"href":"https:\/\/sportfyziofit.cz\/en\/wp-json\/wp\/v2\/types\/page"}],"author":[{"embeddable":true,"href":"https:\/\/sportfyziofit.cz\/en\/wp-json\/wp\/v2\/users\/2"}],"replies":[{"embeddable":true,"href":"https:\/\/sportfyziofit.cz\/en\/wp-json\/wp\/v2\/comments?post=92"}],"version-history":[{"count":27,"href":"https:\/\/sportfyziofit.cz\/en\/wp-json\/wp\/v2\/pages\/92\/revisions"}],"predecessor-version":[{"id":538,"href":"https:\/\/sportfyziofit.cz\/en\/wp-json\/wp\/v2\/pages\/92\/revisions\/538"}],"wp:attachment":[{"href":"https:\/\/sportfyziofit.cz\/en\/wp-json\/wp\/v2\/media?parent=92"}],"curies":[{"name":"wp","href":"https:\/\/api.w.org\/{rel}","templated":true}]}}